{"id":631,"date":"2024-01-09T16:38:51","date_gmt":"2024-01-09T15:38:51","guid":{"rendered":"https:\/\/rivoli.dev.hayloft-it.ch\/?post_type=product&#038;p=631"},"modified":"2025-06-18T12:22:48","modified_gmt":"2025-06-18T10:22:48","slug":"rivoli-tote","status":"publish","type":"product","link":"https:\/\/rivoli.ch\/it\/prodotti\/rivoli-tote\/","title":{"rendered":"RIVOLI Tote Bag"},"content":{"rendered":"<p>Concepita per contenere tutti gli oggetti essenziali della vostra quotidianit\u00e0, la borsa \u00e8 interamente decorata da righe classiche ed eleganti e si abbina a qualsiasi look.<\/p>","protected":false},"excerpt":{"rendered":"<p class=\"product-title\">Nostra borsa in cotone organico dal design senza tempo.<\/p>","protected":false},"featured_media":1476,"comment_status":"closed","ping_status":"closed","template":"","meta":{"_seopress_robots_primary_cat":"none","_seopress_titles_title":"Tote Bag cosm\u00e9tique | Rivoli Gen\u00e8ve bag","_seopress_titles_desc":"Notre Tote bag en coton bio pour ranger tous vos soins anti-\u00e2ge au design intemporel. Un sac \u00e9quip\u00e9 d'anses renforc\u00e9es et d\u2019une poche int\u00e9rieure.","_seopress_robots_index":""},"product_cat":[29],"product_tag":[],"woo-feed-brand":[],"acf":[],"_links":{"self":[{"href":"https:\/\/rivoli.ch\/it\/wp-json\/wp\/v2\/product\/631"}],"collection":[{"href":"https:\/\/rivoli.ch\/it\/wp-json\/wp\/v2\/product"}],"about":[{"href":"https:\/\/rivoli.ch\/it\/wp-json\/wp\/v2\/types\/product"}],"replies":[{"embeddable":true,"href":"https:\/\/rivoli.ch\/it\/wp-json\/wp\/v2\/comments?post=631"}],"wp:featuredmedia":[{"embeddable":true,"href":"https:\/\/rivoli.ch\/it\/wp-json\/wp\/v2\/media\/1476"}],"wp:attachment":[{"href":"https:\/\/rivoli.ch\/it\/wp-json\/wp\/v2\/media?parent=631"}],"wp:term":[{"taxonomy":"product_cat","embeddable":true,"href":"https:\/\/rivoli.ch\/it\/wp-json\/wp\/v2\/product_cat?post=631"},{"taxonomy":"product_tag","embeddable":true,"href":"https:\/\/rivoli.ch\/it\/wp-json\/wp\/v2\/product_tag?post=631"},{"taxonomy":"woo-feed-brand","embeddable":true,"href":"https:\/\/rivoli.ch\/it\/wp-json\/wp\/v2\/woo-feed-brand?post=631"}],"curies":[{"name":"wp","href":"https:\/\/api.w.org\/{rel}","templated":true}]}}