{"id":4470,"date":"2026-04-27T09:24:15","date_gmt":"2026-04-27T07:24:15","guid":{"rendered":"https:\/\/rivoli.ch\/?post_type=product&#038;p=4470"},"modified":"2026-04-27T15:39:03","modified_gmt":"2026-04-27T13:39:03","slug":"le-privilege-base-traitante-n02","status":"publish","type":"product","link":"https:\/\/rivoli.ch\/it\/prodotti\/le-privilege-base-traitante-n02\/","title":{"rendered":"Le Privil\u00e8ge Base Traitante N\u00b002"},"content":{"rendered":"<p class=\"translation-block\">Le Privil\u00e8ge Base Trattante N\u00b002 non \u00e8 una semplice riformulazione; proposta in due tonalit\u00e0: LIGHT BEIGE &amp; MEDIUM BEIGE, rappresenta un miglioramento scientifico per una pelle pi\u00f9 protetta dai danni dei raggi UV e dallo stress ossidativo. La pelle risulta rafforzata contro le aggressioni esterne. I pori sono affinati e la pelle pi\u00f9 idratata.<\/p>\n<p class=\"translation-block\">La sua texture leggera e non occlusiva si integra perfettamente in qualsiasi routine mattutina di bellezza.<\/p>\n<p class=\"translation-block\">Le due nuove tonalit\u00e0 LIGHT BEIGE &amp; MEDIUM BEIGE rendono questo prodotto adatto sia alle pelli chiare che a quelle pi\u00f9 scure.<\/p>\n<p>La sua filosofia: non mascherare la pelle, ma sostenerla.<\/p>\n<p>Certificata vegan, senza siliconi n\u00e9 parabeni.<\/p>","protected":false},"excerpt":{"rendered":"<p>Un trattamento 4 in 1: Difesa della pelle, Protezione della barriera cutanea, Effetto opacizzante &amp; idratante.<\/p>\n<p>Uniforma e valorizza l\u2019incarnato. Disponibile in due tonalit\u00e0.<\/p>","protected":false},"featured_media":4481,"comment_status":"closed","ping_status":"closed","template":"","meta":{"_seopress_robots_primary_cat":"none","_seopress_titles_title":"Base maquillage, primer soin traitant | Rivoli Gen\u00e8ve","_seopress_titles_desc":"D\u00e9couvrez \"Le Privil\u00e8ge\", une Base de Maquillage, mais aussi un soin anti-\u00e2ge 4-en-1 pour un teint liss\u00e9. \u2b50 Livraison Gratuite !","_seopress_robots_index":""},"product_cat":[21],"product_tag":[],"woo-feed-brand":[],"acf":[],"_links":{"self":[{"href":"https:\/\/rivoli.ch\/it\/wp-json\/wp\/v2\/product\/4470"}],"collection":[{"href":"https:\/\/rivoli.ch\/it\/wp-json\/wp\/v2\/product"}],"about":[{"href":"https:\/\/rivoli.ch\/it\/wp-json\/wp\/v2\/types\/product"}],"replies":[{"embeddable":true,"href":"https:\/\/rivoli.ch\/it\/wp-json\/wp\/v2\/comments?post=4470"}],"wp:featuredmedia":[{"embeddable":true,"href":"https:\/\/rivoli.ch\/it\/wp-json\/wp\/v2\/media\/4481"}],"wp:attachment":[{"href":"https:\/\/rivoli.ch\/it\/wp-json\/wp\/v2\/media?parent=4470"}],"wp:term":[{"taxonomy":"product_cat","embeddable":true,"href":"https:\/\/rivoli.ch\/it\/wp-json\/wp\/v2\/product_cat?post=4470"},{"taxonomy":"product_tag","embeddable":true,"href":"https:\/\/rivoli.ch\/it\/wp-json\/wp\/v2\/product_tag?post=4470"},{"taxonomy":"woo-feed-brand","embeddable":true,"href":"https:\/\/rivoli.ch\/it\/wp-json\/wp\/v2\/woo-feed-brand?post=4470"}],"curies":[{"name":"wp","href":"https:\/\/api.w.org\/{rel}","templated":true}]}}