{"id":432,"date":"2024-04-04T20:59:25","date_gmt":"2024-04-04T18:59:25","guid":{"rendered":"https:\/\/rivoli.dev.hayloft-it.ch\/?post_type=product&#038;p=432"},"modified":"2026-04-07T10:17:51","modified_gmt":"2026-04-07T08:17:51","slug":"le-regard-2-0-traitement-ultra-correctif","status":"publish","type":"product","link":"https:\/\/rivoli.ch\/it\/prodotti\/le-regard-2-0-traitement-ultra-correctif\/","title":{"rendered":"Le Regard 2.0 Traitement Ultra Correctif"},"content":{"rendered":"<p><strong>RIVOLI Gen\u00e8ve<\/strong> sublima lo sguardo con un trattamento d'eccezione. Frutto dell'unione tra <strong>medicine tradizionali millenarie<\/strong>\u00a0e innovazione scientifica, <strong>Trattamento Ultra Correttivo<\/strong> \u00e8 molto pi\u00f9 di una crema per gli occhi: \u00e8 un concentrato rigenerante dalle propriet\u00e0 antirughe, anti-occhiaie e decongestionanti.<\/p>\n<p><strong>Efficacia vegetale:<\/strong> il <strong>suo complesso 100%  naturale<\/strong> agisce sui principali segni di stanchezza del contorno occhi. Lenisce, decongestiona e rivitalizza la zona fragile dello sguardo con notevole precisione.<\/p>\n<p><strong>Tecnologia esclusiva ASPRivoli\u00ae:<\/strong> al centro della sua formula, la tecnologia brevettata <strong>ASPRivoli\u00ae<\/strong> attiva i meccanismi naturali di rigenerazione cutanea. Favorisce la riparazione cellulare, riduce visibilmente i segni dell'invecchiamento e rivela uno sguardo riposato, luminoso e visibilmente pi\u00f9 giovane.<\/p>\n<p>La sua <strong>texture leggera e fondente<\/strong> penetra rapidamente senza lasciare alcuna pellicola grassa, per uno sguardo sublimato fin dalle prime applicazioni.<\/p>","protected":false},"excerpt":{"rendered":"<p>Crema altamente correttiva per il contorno occhi: antirughe, antiocchiaie e antiborse.<\/p>","protected":false},"featured_media":1082,"comment_status":"closed","ping_status":"closed","template":"","meta":{"_seopress_robots_primary_cat":"none","_seopress_titles_title":"Cr\u00e8me pour les yeux anti-\u00e2ge, anti-cernes | Rivoli Gen\u00e8ve","_seopress_titles_desc":"D\u00e9couvrez la cr\u00e8me globale anti-\u00e2ge pour le contour des yeux\u00a0: anti-rides, anti-cernes et anti-poches Rivoli Gen\u00e8ve \u2b50 Livraison Gratuite\u00a0","_seopress_robots_index":""},"product_cat":[22],"product_tag":[],"woo-feed-brand":[],"acf":[],"_links":{"self":[{"href":"https:\/\/rivoli.ch\/it\/wp-json\/wp\/v2\/product\/432"}],"collection":[{"href":"https:\/\/rivoli.ch\/it\/wp-json\/wp\/v2\/product"}],"about":[{"href":"https:\/\/rivoli.ch\/it\/wp-json\/wp\/v2\/types\/product"}],"replies":[{"embeddable":true,"href":"https:\/\/rivoli.ch\/it\/wp-json\/wp\/v2\/comments?post=432"}],"wp:featuredmedia":[{"embeddable":true,"href":"https:\/\/rivoli.ch\/it\/wp-json\/wp\/v2\/media\/1082"}],"wp:attachment":[{"href":"https:\/\/rivoli.ch\/it\/wp-json\/wp\/v2\/media?parent=432"}],"wp:term":[{"taxonomy":"product_cat","embeddable":true,"href":"https:\/\/rivoli.ch\/it\/wp-json\/wp\/v2\/product_cat?post=432"},{"taxonomy":"product_tag","embeddable":true,"href":"https:\/\/rivoli.ch\/it\/wp-json\/wp\/v2\/product_tag?post=432"},{"taxonomy":"woo-feed-brand","embeddable":true,"href":"https:\/\/rivoli.ch\/it\/wp-json\/wp\/v2\/woo-feed-brand?post=432"}],"curies":[{"name":"wp","href":"https:\/\/api.w.org\/{rel}","templated":true}]}}