{"id":417,"date":"2024-04-04T20:26:43","date_gmt":"2024-04-04T18:26:43","guid":{"rendered":"https:\/\/rivoli.dev.hayloft-it.ch\/?post_type=product&#038;p=417"},"modified":"2026-01-29T09:16:37","modified_gmt":"2026-01-29T08:16:37","slug":"le-demaquillant-gel-nettoyant","status":"publish","type":"product","link":"https:\/\/rivoli.ch\/it\/prodotti\/le-demaquillant-gel-nettoyant\/","title":{"rendered":"Le D\u00e9maquillant Gel Nettoyant"},"content":{"rendered":"<p class=\"translation-block\"><em>Gel Nettoyant<\/em> RIVOLI \u00e8 la soluzione ideale per una detersione delicata e completa di viso e occhi. \u00c8 particolarmente adatto alle pelli sensibili e secche.<\/p>\n<p class=\"translation-block\"><em>Gel Nettoyant<\/em> RIVOLI  elimina perfettamente il makeup, anche waterproof e di lunga durata, cos\u00ec come le impurit\u00e0 e le particelle inquinanti accumulate sul viso durante la giornata (-97%*).<\/p>\n<p class=\"translation-block\">Rispettoso del microbiota cutaneo, <em>Gel Nettoyant<\/em> RIVOLI promuove inoltre un\u2019azione detossinante e rigenerante.<\/p>\n<p class=\"translation-block\"><em>Gel Nettoyant<\/em> RIVOLI rappresenta il modo migliore per preparare quotidianamente la pelle al rituale di bellezza serale.<\/p>","protected":false},"excerpt":{"rendered":"<p>Gel detergente per pelli sensibili che rimuove le tracce di makeup e gli agenti inquinanti.<\/p>","protected":false},"featured_media":1504,"comment_status":"closed","ping_status":"closed","template":"","meta":{"_seopress_robots_primary_cat":"none","_seopress_titles_title":"Gel nettoyant d\u00e9maquillant doux | Rivoli Gen\u00e8ve","_seopress_titles_desc":"Gel nettoyant d\u00e9maquillant : \u00e9limine impuret\u00e9s et maquillage waterproof en douceur, id\u00e9al pour les peaux sensibles \u2b50 Livraison Gratuite !","_seopress_robots_index":""},"product_cat":[21],"product_tag":[],"woo-feed-brand":[],"acf":[],"_links":{"self":[{"href":"https:\/\/rivoli.ch\/it\/wp-json\/wp\/v2\/product\/417"}],"collection":[{"href":"https:\/\/rivoli.ch\/it\/wp-json\/wp\/v2\/product"}],"about":[{"href":"https:\/\/rivoli.ch\/it\/wp-json\/wp\/v2\/types\/product"}],"replies":[{"embeddable":true,"href":"https:\/\/rivoli.ch\/it\/wp-json\/wp\/v2\/comments?post=417"}],"wp:featuredmedia":[{"embeddable":true,"href":"https:\/\/rivoli.ch\/it\/wp-json\/wp\/v2\/media\/1504"}],"wp:attachment":[{"href":"https:\/\/rivoli.ch\/it\/wp-json\/wp\/v2\/media?parent=417"}],"wp:term":[{"taxonomy":"product_cat","embeddable":true,"href":"https:\/\/rivoli.ch\/it\/wp-json\/wp\/v2\/product_cat?post=417"},{"taxonomy":"product_tag","embeddable":true,"href":"https:\/\/rivoli.ch\/it\/wp-json\/wp\/v2\/product_tag?post=417"},{"taxonomy":"woo-feed-brand","embeddable":true,"href":"https:\/\/rivoli.ch\/it\/wp-json\/wp\/v2\/woo-feed-brand?post=417"}],"curies":[{"name":"wp","href":"https:\/\/api.w.org\/{rel}","templated":true}]}}