{"id":410,"date":"2024-04-04T19:50:56","date_gmt":"2024-04-04T17:50:56","guid":{"rendered":"https:\/\/rivoli.dev.hayloft-it.ch\/?post_type=product&#038;p=410"},"modified":"2026-04-11T10:17:19","modified_gmt":"2026-04-11T08:17:19","slug":"le-visage-creme-nutrition-intense","status":"publish","type":"product","link":"https:\/\/rivoli.ch\/it\/prodotti\/le-visage-creme-nutrition-intense\/","title":{"rendered":"Le Visage Cr\u00e8me Nutrition Intense"},"content":{"rendered":"<p class=\"translation-block\"><em>Cr\u00e8me Nutrition Intense<\/em> RIVOLI \u00e8 un trattamento nutriente specialmente concepito per pelli secche, stressate e in mancanza di compattezza e comfort.<\/p>\n<p class=\"translation-block\"><em>Cr\u00e8me Nutrition Intense<\/em> RIVOLI stimola i naturali meccanismi cutanei antiet\u00e0 (-20% di rughe dopo 2 mesi) e d\u2019idratazione dell\u2019epidermide (+27%). Inoltre, consente alla pelle di riguadagnare in compattezza cutanea (+12%)*.<\/p>","protected":false},"excerpt":{"rendered":"<p>Notre cr\u00e8me nourrisante anti-rides pour les peaux s\u00e8ches et stress\u00e9es.<\/p>","protected":false},"featured_media":1096,"comment_status":"closed","ping_status":"closed","template":"","meta":{"_seopress_robots_primary_cat":"none","_seopress_titles_title":"Cr\u00e8me pour visage nourrissante et anti-rides | Rivoli Gen\u00e8ve","_seopress_titles_desc":"D\u00e9couvrez la Cr\u00e8me Nutrition Intense pour visage de chez Rivoli Gen\u00e8ve\u00a0: soin anti-rides et nourrissant pour peaux s\u00e8ches \u2b50 Livraison Gratuite\u00a0","_seopress_robots_index":""},"product_cat":[21],"product_tag":[],"woo-feed-brand":[],"acf":[],"_links":{"self":[{"href":"https:\/\/rivoli.ch\/it\/wp-json\/wp\/v2\/product\/410"}],"collection":[{"href":"https:\/\/rivoli.ch\/it\/wp-json\/wp\/v2\/product"}],"about":[{"href":"https:\/\/rivoli.ch\/it\/wp-json\/wp\/v2\/types\/product"}],"replies":[{"embeddable":true,"href":"https:\/\/rivoli.ch\/it\/wp-json\/wp\/v2\/comments?post=410"}],"wp:featuredmedia":[{"embeddable":true,"href":"https:\/\/rivoli.ch\/it\/wp-json\/wp\/v2\/media\/1096"}],"wp:attachment":[{"href":"https:\/\/rivoli.ch\/it\/wp-json\/wp\/v2\/media?parent=410"}],"wp:term":[{"taxonomy":"product_cat","embeddable":true,"href":"https:\/\/rivoli.ch\/it\/wp-json\/wp\/v2\/product_cat?post=410"},{"taxonomy":"product_tag","embeddable":true,"href":"https:\/\/rivoli.ch\/it\/wp-json\/wp\/v2\/product_tag?post=410"},{"taxonomy":"woo-feed-brand","embeddable":true,"href":"https:\/\/rivoli.ch\/it\/wp-json\/wp\/v2\/woo-feed-brand?post=410"}],"curies":[{"name":"wp","href":"https:\/\/api.w.org\/{rel}","templated":true}]}}