{"id":392,"date":"2024-04-04T19:19:27","date_gmt":"2024-04-04T17:19:27","guid":{"rendered":"https:\/\/rivoli.dev.hayloft-it.ch\/?post_type=product&#038;p=392"},"modified":"2026-04-23T19:17:36","modified_gmt":"2026-04-23T17:17:36","slug":"le-visage-creme-de-jour-jeunesse-n02","status":"publish","type":"product","link":"https:\/\/rivoli.ch\/it\/prodotti\/le-visage-creme-de-jour-jeunesse-n02\/","title":{"rendered":"Le Visage Cr\u00e8me de Jour Jeunesse N\u00b002"},"content":{"rendered":"<p class=\"translation-block\"><em>Cr\u00e8me de Jour Jeunesse RIVOLI N\u00b002<\/em> \u00e8 un\u2019autentica alleata per avere una pelle giovane.<\/p>\n<p class=\"translation-block\">Concentrato di vitalit\u00e0, <em>Cr\u00e8me de Jour Jeunesse RIVOLI N\u00b002<\/em> RIVOLI leviga visibilmente le rughe (-33%*).<\/p>\n<p class=\"translation-block\"><em>Cr\u00e8me de Jour Jeunesse RIVOLI N\u00b002<\/em> protegge la pelle dalle aggressioni che essa subisce quotidianamente in contesto urbano, preservandola dagli effetti dannosi combinati di UV, ozono, luce blu e inquinanti.<\/p>","protected":false},"excerpt":{"rendered":"<p>Crema giorno per la vita urbana: anti-et\u00e0 e difesa globale.<\/p>","protected":false},"featured_media":1094,"comment_status":"closed","ping_status":"closed","template":"","meta":{"_seopress_robots_primary_cat":"none","_seopress_titles_title":"Cr\u00e8me de Jour Anti-\u00c2ge pour le Visage | Rivoli Gen\u00e8ve","_seopress_titles_desc":"Cr\u00e8me de jour anti-\u00e2ge Le Visage Rivoli Gen\u00e8ve, protection urbaine 2 en 1 contre UV, lumi\u00e8re bleue, pollution et agressions. \u2b50 Livraison Gratuite","_seopress_robots_index":""},"product_cat":[21],"product_tag":[],"woo-feed-brand":[],"acf":[],"_links":{"self":[{"href":"https:\/\/rivoli.ch\/it\/wp-json\/wp\/v2\/product\/392"}],"collection":[{"href":"https:\/\/rivoli.ch\/it\/wp-json\/wp\/v2\/product"}],"about":[{"href":"https:\/\/rivoli.ch\/it\/wp-json\/wp\/v2\/types\/product"}],"replies":[{"embeddable":true,"href":"https:\/\/rivoli.ch\/it\/wp-json\/wp\/v2\/comments?post=392"}],"wp:featuredmedia":[{"embeddable":true,"href":"https:\/\/rivoli.ch\/it\/wp-json\/wp\/v2\/media\/1094"}],"wp:attachment":[{"href":"https:\/\/rivoli.ch\/it\/wp-json\/wp\/v2\/media?parent=392"}],"wp:term":[{"taxonomy":"product_cat","embeddable":true,"href":"https:\/\/rivoli.ch\/it\/wp-json\/wp\/v2\/product_cat?post=392"},{"taxonomy":"product_tag","embeddable":true,"href":"https:\/\/rivoli.ch\/it\/wp-json\/wp\/v2\/product_tag?post=392"},{"taxonomy":"woo-feed-brand","embeddable":true,"href":"https:\/\/rivoli.ch\/it\/wp-json\/wp\/v2\/woo-feed-brand?post=392"}],"curies":[{"name":"wp","href":"https:\/\/api.w.org\/{rel}","templated":true}]}}