{"id":384,"date":"2024-04-04T19:04:36","date_gmt":"2024-04-04T17:04:36","guid":{"rendered":"https:\/\/rivoli.dev.hayloft-it.ch\/?post_type=product&#038;p=384"},"modified":"2026-04-21T09:17:09","modified_gmt":"2026-04-21T07:17:09","slug":"le-visage-serum-lumiere-n02","status":"publish","type":"product","link":"https:\/\/rivoli.ch\/it\/prodotti\/le-visage-serum-lumiere-n02\/","title":{"rendered":"Le Visage S\u00e9rum Lumi\u00e8re N\u00b002"},"content":{"rendered":"<p class=\"translation-block\"><em>S\u00e9rum Lumi\u00e8re<\/em>, che ravviva la luminosit\u00e0 della pelle, \u00e8 riproposto con una nuova formula ( (N\u00b002) ancora pi\u00f9 efficace.<\/p>\n<p class=\"translation-block\">Dotato di nuove propriet\u00e0 correttrici, <em>S\u00e9rum Lumi\u00e8re N\u00b002 <\/em> N\u00b002 RIVOLI dona alla pelle un\u2019istantanea luminosit\u00e0 (+29%* in 30 minuti) e uniforma l\u2019incarnato (attenuazione di rossori e macchie scure nel 70%* delle donne dopo 28 giorni di applicazione).<\/p>\n<p class=\"translation-block\">Vincitore del Prix de Beaut\u00e9 Annabelle 2022, <em>S\u00e9rum Lumi\u00e8re N\u00b002 <\/em> RIVOLI  \u00e8 un concentrato antiet\u00e0 dal potere perfezionatore. Ricco in principi attivi antiet\u00e0, leviga le rughe e le linee sottili e rinforza la barriera cutanea.<\/p>\n<p class=\"translation-block\"><em>S\u00e9rum Lumi\u00e8re N\u00b002 <\/em> RIVOLI \u00e8 certificato vegano e formulato senza parabeni, siliconi, n\u00e9 MICA.<\/p>","protected":false},"excerpt":{"rendered":"<p>Siero altamente performante per un viso fresco e luminoso.<\/p>","protected":false},"featured_media":1093,"comment_status":"closed","ping_status":"closed","template":"","meta":{"_seopress_robots_primary_cat":"none","_seopress_titles_title":"Serum pour un visage \u00e9clatant et radiant | Rivoli Gen\u00e8ve","_seopress_titles_desc":"S\u00e9rum visage : ravivez l\u2019\u00e9clat de votre peau et obtenez un teint lumineux et uniforme avec le S\u00e9rum Lumi\u00e8re N\u00b002 Le Visage. \u2b50 Livraison Gratuite","_seopress_robots_index":""},"product_cat":[21],"product_tag":[],"woo-feed-brand":[],"acf":[],"_links":{"self":[{"href":"https:\/\/rivoli.ch\/it\/wp-json\/wp\/v2\/product\/384"}],"collection":[{"href":"https:\/\/rivoli.ch\/it\/wp-json\/wp\/v2\/product"}],"about":[{"href":"https:\/\/rivoli.ch\/it\/wp-json\/wp\/v2\/types\/product"}],"replies":[{"embeddable":true,"href":"https:\/\/rivoli.ch\/it\/wp-json\/wp\/v2\/comments?post=384"}],"wp:featuredmedia":[{"embeddable":true,"href":"https:\/\/rivoli.ch\/it\/wp-json\/wp\/v2\/media\/1093"}],"wp:attachment":[{"href":"https:\/\/rivoli.ch\/it\/wp-json\/wp\/v2\/media?parent=384"}],"wp:term":[{"taxonomy":"product_cat","embeddable":true,"href":"https:\/\/rivoli.ch\/it\/wp-json\/wp\/v2\/product_cat?post=384"},{"taxonomy":"product_tag","embeddable":true,"href":"https:\/\/rivoli.ch\/it\/wp-json\/wp\/v2\/product_tag?post=384"},{"taxonomy":"woo-feed-brand","embeddable":true,"href":"https:\/\/rivoli.ch\/it\/wp-json\/wp\/v2\/woo-feed-brand?post=384"}],"curies":[{"name":"wp","href":"https:\/\/api.w.org\/{rel}","templated":true}]}}