{"id":374,"date":"2024-04-04T18:52:37","date_gmt":"2024-04-04T16:52:37","guid":{"rendered":"https:\/\/rivoli.dev.hayloft-it.ch\/?post_type=product&#038;p=374"},"modified":"2026-04-16T09:17:34","modified_gmt":"2026-04-16T07:17:34","slug":"le-visage-masque-reparateur-n02","status":"publish","type":"product","link":"https:\/\/rivoli.ch\/it\/prodotti\/le-visage-masque-reparateur-n02\/","title":{"rendered":"Le Visage Masque R\u00e9parateur N\u00b002"},"content":{"rendered":"<p class=\"translation-block\"><em>Le Masque R\u00e9parateur, <\/em> la maschera multifunzionale iconica di RIVOLI, \u00e8 disponibile in una nuova formula migliorata (N\u00b002).<\/p>\n<p>Come un personal trainer, agisce per ringiovanire la pelle, stimolandone i meccanismi naturali.<\/p>\n<p class=\"translation-block\"><em>Le Masque R\u00e9parateur N\u00b002 <\/em> RIVOLI migliora l\u2019idratazione della pelle del 70% nelle 2 ore successive all\u2019applicazione. In aggiunta, riduce visibilmente le rughe, nutre e dona alla pelle una ritrovata elasticit\u00e0.<\/p>","protected":false},"excerpt":{"rendered":"<p>Maschera per il viso dalla texture ultra ricca dotata di propriet\u00e0 antiet\u00e0, idratanti e nutrienti<\/p>","protected":false},"featured_media":1100,"comment_status":"closed","ping_status":"closed","template":"","meta":{"_seopress_robots_primary_cat":"none","_seopress_titles_title":"Masque r\u00e9parateur nourrissant pour le visage | Rivoli Gen\u00e8ve","_seopress_titles_desc":"R\u00e9parez et nourrissez votre peau gr\u00e2ce au masque Le Visage N\u00b002, un masque ultra-riche r\u00e9parateur et nourrissant \u2b50 Livraison Gratuite","_seopress_robots_index":""},"product_cat":[21],"product_tag":[],"woo-feed-brand":[],"acf":[],"_links":{"self":[{"href":"https:\/\/rivoli.ch\/it\/wp-json\/wp\/v2\/product\/374"}],"collection":[{"href":"https:\/\/rivoli.ch\/it\/wp-json\/wp\/v2\/product"}],"about":[{"href":"https:\/\/rivoli.ch\/it\/wp-json\/wp\/v2\/types\/product"}],"replies":[{"embeddable":true,"href":"https:\/\/rivoli.ch\/it\/wp-json\/wp\/v2\/comments?post=374"}],"wp:featuredmedia":[{"embeddable":true,"href":"https:\/\/rivoli.ch\/it\/wp-json\/wp\/v2\/media\/1100"}],"wp:attachment":[{"href":"https:\/\/rivoli.ch\/it\/wp-json\/wp\/v2\/media?parent=374"}],"wp:term":[{"taxonomy":"product_cat","embeddable":true,"href":"https:\/\/rivoli.ch\/it\/wp-json\/wp\/v2\/product_cat?post=374"},{"taxonomy":"product_tag","embeddable":true,"href":"https:\/\/rivoli.ch\/it\/wp-json\/wp\/v2\/product_tag?post=374"},{"taxonomy":"woo-feed-brand","embeddable":true,"href":"https:\/\/rivoli.ch\/it\/wp-json\/wp\/v2\/woo-feed-brand?post=374"}],"curies":[{"name":"wp","href":"https:\/\/api.w.org\/{rel}","templated":true}]}}