{"id":353,"date":"2024-04-04T17:25:01","date_gmt":"2024-04-04T15:25:01","guid":{"rendered":"https:\/\/rivoli.dev.hayloft-it.ch\/?post_type=product&#038;p=353"},"modified":"2026-04-22T01:17:38","modified_gmt":"2026-04-21T23:17:38","slug":"le-privilege-la-creme","status":"publish","type":"product","link":"https:\/\/rivoli.ch\/it\/prodotti\/le-privilege-la-creme\/","title":{"rendered":"Le Privil\u00e8ge La Cr\u00e8me"},"content":{"rendered":"<p class=\"translation-block\">Rivoli ha sviluppato una crema antiet\u00e0 di ultima generazione: <em>Le Privil\u00e8ge La Cr\u00e8me<\/em>.<\/p>\n<p class=\"translation-block\">Composta da estratti vegetali accuratamente selezionati e ingredienti altamente efficaci, <em>La Cr\u00e8me<\/em> RIVOLI \u00e8 un concentrato di giovinezza per la pelle.<\/p>\n<p>Ha il potere di aumentare l\u2019idratazione (+31% in 12 settimane), ridurre l\u2019aspetto delle rughe (-11%*), migliorare l\u2019elasticit\u00e0 (+17,2%*) e il volume cutanei (+0,49\u202fmm* del volume della prominenza degli zigomi).<\/p>\n<p class=\"translation-block\">Certificata vegana, <em>La Cr\u00e8me<\/em> RIVOLI non contiene siliconi, parabeni, PEG, n\u00e9 microplastiche.<\/p>\n<p class=\"translation-block\">Giorno dopo giorno, <em>La Cr\u00e8me<\/em> contrasta i segni del tempo.<\/p>","protected":false},"excerpt":{"rendered":"<p>Crema antiet\u00e0 dalla texture ricca. Ideata per le pelli mature, ridefinisce l'ovale del viso, rassoda e riempie le rughe.<\/p>","protected":false},"featured_media":1107,"comment_status":"closed","ping_status":"closed","template":"","meta":{"_seopress_robots_primary_cat":"none","_seopress_titles_title":"Cr\u00e8me anti-\u00e2ge hydratante, haute performance | Rivoli Gen\u00e8ve","_seopress_titles_desc":"D\u00e9couvrez La Cr\u00e8me de Rivoli Gen\u00e8ve, un puissant soin anti-\u00e2ge qui remod\u00e8le, raffermit, comble et hydrate intens\u00e9ment. \u2b50 Livraison Gratuite","_seopress_robots_index":""},"product_cat":[21],"product_tag":[],"woo-feed-brand":[],"acf":[],"_links":{"self":[{"href":"https:\/\/rivoli.ch\/it\/wp-json\/wp\/v2\/product\/353"}],"collection":[{"href":"https:\/\/rivoli.ch\/it\/wp-json\/wp\/v2\/product"}],"about":[{"href":"https:\/\/rivoli.ch\/it\/wp-json\/wp\/v2\/types\/product"}],"replies":[{"embeddable":true,"href":"https:\/\/rivoli.ch\/it\/wp-json\/wp\/v2\/comments?post=353"}],"wp:featuredmedia":[{"embeddable":true,"href":"https:\/\/rivoli.ch\/it\/wp-json\/wp\/v2\/media\/1107"}],"wp:attachment":[{"href":"https:\/\/rivoli.ch\/it\/wp-json\/wp\/v2\/media?parent=353"}],"wp:term":[{"taxonomy":"product_cat","embeddable":true,"href":"https:\/\/rivoli.ch\/it\/wp-json\/wp\/v2\/product_cat?post=353"},{"taxonomy":"product_tag","embeddable":true,"href":"https:\/\/rivoli.ch\/it\/wp-json\/wp\/v2\/product_tag?post=353"},{"taxonomy":"woo-feed-brand","embeddable":true,"href":"https:\/\/rivoli.ch\/it\/wp-json\/wp\/v2\/woo-feed-brand?post=353"}],"curies":[{"name":"wp","href":"https:\/\/api.w.org\/{rel}","templated":true}]}}