{"id":3480,"date":"2025-09-01T16:03:53","date_gmt":"2025-09-01T14:03:53","guid":{"rendered":"https:\/\/rivoli.ch\/?post_type=product&#038;p=3480"},"modified":"2026-04-07T17:17:17","modified_gmt":"2026-04-07T15:17:17","slug":"le-visage-emulsion-re-equilibrante-n02","status":"publish","type":"product","link":"https:\/\/rivoli.ch\/it\/prodotti\/le-visage-emulsion-re-equilibrante-n02\/","title":{"rendered":"Le Visage \u00c9mulsion R\u00e9-\u00e9quilibrante N\u00b002"},"content":{"rendered":"<p>Scoprite la nuova versione N\u00b002 della nostra Emulsione Riequilibrante.<\/p>\n<p>La sua nuova formula, ancora pi\u00f9 performante, lenisce le pelli sensibili e stressate riequilibrando il microbiota indebolito dagli stress quotidiani.<\/p>\n<p>La pelle ritrova salute ottimale, un incarnato luminoso e un\u2019idratazione duratura.<\/p>\n<p><strong>Una risposta mirata agli squilibri cutanei<\/strong><\/p>\n<p>Aggressioni esterne, fluttuazioni ormonali o uno stile di vita frenetico sono tutti fattori di stress che possono destabilizzare la pelle.<\/p>\n<p>Questa versione N\u00b002 della nostra Emulsione Riequilibrante \u00e8 stata ripensata per contrastare con precisione ed efficacia i segni visibili dello stress cutaneo, come rossori, sensazioni di disagio o irritazioni.<\/p>\n<p>Dopo 28 giorni di applicazione mattina e sera, il 100% del panel ha constatato una riduzione dei rossori e delle sensazioni di disagio.<\/p>\n<p><strong>Efficacia provata gi\u00e0 dopo 4 settimane<\/strong> :<\/p>\n<ul>\n<li>-12.6% riduzione dei rossori cutanei<\/li>\n<li>+17,8 % aumento della luminosit\u00e0<\/li>\n<li>-18.7% riduzione della perdita d\u2019acqua (TEWL)<\/li>\n<\/ul>\n<p class=\"translation-block\"><a href=\"https:\/\/rivoli.ch\/it\/cosmetici-vegani\/\" target=\"_self\">Certificata VEGAN<\/a>, l\u2019Emulsione Riequilibrante N\u00b002 \u00e8 stata formulata secondo la nostra <a href=\"https:\/\/rivoli.ch\/wp-content\/uploads\/2024\/08\/RIVOLI_Blacklist-2024.pdf?srsltid=AfmBOoqw6NhsRi2zvgAEYI84VFmn1CvZm4Hx0isKRRjgg_65iNkYZt0J\" target=\"_self\">blacklist<\/a>, quindi priva di siliconi, parabeni, PEG e microplastiche.<\/p>","protected":false},"excerpt":{"rendered":"<p>Notre cr\u00e8me apaisante pour les peaux sensibles et stress\u00e9es. Elle r\u00e9duit les rougeurs, les inflammations et r\u00e9-\u00e9quilibre le microbiome.<\/p>","protected":false},"featured_media":3570,"comment_status":"closed","ping_status":"closed","template":"","meta":{"_seopress_robots_primary_cat":"none","_seopress_titles_title":"\u00c9mulsion visage : notre soin apaisant pour peau sensible | Rivoli Gen\u00e8ve","_seopress_titles_desc":"D\u00e9couvrez l\u2019\u00e9mulsion visage r\u00e9-\u00e9quilibrante Le Visage, pour un microbiote cutan\u00e9 sain, une peau apais\u00e9e et un teint frais. \u2b50 Livraison Gratuite","_seopress_robots_index":""},"product_cat":[21],"product_tag":[],"woo-feed-brand":[],"acf":[],"_links":{"self":[{"href":"https:\/\/rivoli.ch\/it\/wp-json\/wp\/v2\/product\/3480"}],"collection":[{"href":"https:\/\/rivoli.ch\/it\/wp-json\/wp\/v2\/product"}],"about":[{"href":"https:\/\/rivoli.ch\/it\/wp-json\/wp\/v2\/types\/product"}],"replies":[{"embeddable":true,"href":"https:\/\/rivoli.ch\/it\/wp-json\/wp\/v2\/comments?post=3480"}],"wp:featuredmedia":[{"embeddable":true,"href":"https:\/\/rivoli.ch\/it\/wp-json\/wp\/v2\/media\/3570"}],"wp:attachment":[{"href":"https:\/\/rivoli.ch\/it\/wp-json\/wp\/v2\/media?parent=3480"}],"wp:term":[{"taxonomy":"product_cat","embeddable":true,"href":"https:\/\/rivoli.ch\/it\/wp-json\/wp\/v2\/product_cat?post=3480"},{"taxonomy":"product_tag","embeddable":true,"href":"https:\/\/rivoli.ch\/it\/wp-json\/wp\/v2\/product_tag?post=3480"},{"taxonomy":"woo-feed-brand","embeddable":true,"href":"https:\/\/rivoli.ch\/it\/wp-json\/wp\/v2\/woo-feed-brand?post=3480"}],"curies":[{"name":"wp","href":"https:\/\/api.w.org\/{rel}","templated":true}]}}