{"id":322,"date":"2024-04-04T16:23:06","date_gmt":"2024-04-04T14:23:06","guid":{"rendered":"https:\/\/rivoli.dev.hayloft-it.ch\/?post_type=product&#038;p=322"},"modified":"2026-04-29T18:17:13","modified_gmt":"2026-04-29T16:17:13","slug":"le-privilege-leau-de-jour-n02-anti-age-protection","status":"publish","type":"product","link":"https:\/\/rivoli.ch\/it\/prodotti\/le-privilege-leau-de-jour-n02-anti-age-protection\/","title":{"rendered":"Le Privil\u00e8ge L\u2019Eau de Jour N\u00b002"},"content":{"rendered":"<h2>Anti-\u00c2ge &amp; Protection<\/h2>\n<p class=\"translation-block\"><em>L\u2019Eau de Jour<\/em>, trattamento iconico di Rivoli, si rif\u00e0 il look con una nuova formula migliorata (N\u00b002).<\/p>\n<p class=\"translation-block\">Vaporizzato sul viso con un solo gesto, <em>L\u2019Eau de Jour N\u00b002<\/em> \u00e8 un concentrato di efficacia. \u00c8  l\u2019ideale come prima fase di qualsiasi routine di skincare o durante la giornata applicato sopra il makeup.<\/p>\n<p class=\"translation-block\">Altamente efficace, <em>L\u2019Eau de Jour N\u00b002<\/em> RIVOLI combina diverse azioni sulla pelle: effetto antiet\u00e0 (-18,7% di rughe*), idratazione (+27%*), compattezza (+13,5%*) e protezione contro l\u2019inquinamento urbano e la luce blu. I risultati completi, ottenuti dai test eseguiti da un laboratorio indipendente, sono consultabili alla Sezione <strong>I risultati provati<\/strong>.<\/p>\n<p class=\"translation-block\">Certificato vegano, <em>L\u2019Eau de Jour N\u00b002<\/em>  RIVOLI \u00e8 dotato di una formula \u00ab pulita \u00bb, priva di siliconi, parabeni, PEG.<\/p>\n<p class=\"translation-block\">Alleato del vostro benessere, <em>L\u2019Eau de Jour N\u00b002<\/em> RIVOLI rappresenta il trattamento di ultima generazione contro i segni del tempo e le aggressioni quotidiane.<\/p>","protected":false},"excerpt":{"rendered":"<p>Prodotto spray iconico. Mist multifunzionale, che protegge, idrata, rimpolpa e tonifica.<\/p>","protected":false},"featured_media":1066,"comment_status":"closed","ping_status":"closed","template":"","meta":{"_seopress_robots_primary_cat":"none","_seopress_titles_title":"Eau tonique de jour pour le visage Anti-\u00c2ge | Rivoli Gen\u00e8ve","_seopress_titles_desc":"Retrouvez un visage rajeuni avec L'Eau de Jour, brume anti-\u00e2ge. Protection urbaine, activateur de collag\u00e8ne et d\u2019acide hyaluronique \u2b50 Livraison Gratuite\u00a0","_seopress_robots_index":""},"product_cat":[21],"product_tag":[],"woo-feed-brand":[],"acf":[],"_links":{"self":[{"href":"https:\/\/rivoli.ch\/it\/wp-json\/wp\/v2\/product\/322"}],"collection":[{"href":"https:\/\/rivoli.ch\/it\/wp-json\/wp\/v2\/product"}],"about":[{"href":"https:\/\/rivoli.ch\/it\/wp-json\/wp\/v2\/types\/product"}],"replies":[{"embeddable":true,"href":"https:\/\/rivoli.ch\/it\/wp-json\/wp\/v2\/comments?post=322"}],"wp:featuredmedia":[{"embeddable":true,"href":"https:\/\/rivoli.ch\/it\/wp-json\/wp\/v2\/media\/1066"}],"wp:attachment":[{"href":"https:\/\/rivoli.ch\/it\/wp-json\/wp\/v2\/media?parent=322"}],"wp:term":[{"taxonomy":"product_cat","embeddable":true,"href":"https:\/\/rivoli.ch\/it\/wp-json\/wp\/v2\/product_cat?post=322"},{"taxonomy":"product_tag","embeddable":true,"href":"https:\/\/rivoli.ch\/it\/wp-json\/wp\/v2\/product_tag?post=322"},{"taxonomy":"woo-feed-brand","embeddable":true,"href":"https:\/\/rivoli.ch\/it\/wp-json\/wp\/v2\/woo-feed-brand?post=322"}],"curies":[{"name":"wp","href":"https:\/\/api.w.org\/{rel}","templated":true}]}}