{"id":304,"date":"2024-04-04T14:36:30","date_gmt":"2024-04-04T12:36:30","guid":{"rendered":"https:\/\/rivoli.dev.hayloft-it.ch\/?post_type=product&#038;p=304"},"modified":"2026-04-05T00:17:11","modified_gmt":"2026-04-04T22:17:11","slug":"le-privilege-leau-de-nuit-n02-anti-age-et-regeneration","status":"publish","type":"product","link":"https:\/\/rivoli.ch\/it\/prodotti\/le-privilege-leau-de-nuit-n02-anti-age-et-regeneration\/","title":{"rendered":"Le Privil\u00e8ge L\u2019Eau de Nuit N\u00b002"},"content":{"rendered":"<h2>Anti-\u00c2ge &amp; R\u00e9g\u00e9n\u00e9ration<\/h2>\n<p><em>L\u2019Eau de Nuit<\/em> RIVOLI, il trattamento notte dalle propriet\u00e0 rigeneranti e antiet\u00e0, \u00e8 disponibile per tutti i tipi di pelle in una nuova formula migliorata (N\u00b002).<\/p>\n<p><em>L\u2019Eau de Nuit N\u00b002<\/em> RIVOLI agisce durante il sonno, fase del ritmo circadiano in cui la pelle approfitta di una migliore ricettivit\u00e0. Tale fase favorisce una migliore rigenerazione cutanea e contrasta i segni di invecchiamento, in particolare la formazione delle rughe di espressione.<\/p>\n<p>Dotato di propriet\u00e0 filmogene e regolatrici dell\u2019umidit\u00e0, <em>L\u2019Eau de Nuit N\u00b002<\/em> raddoppia l\u2019azione idratante (+28,3% dopo 12 ore*), fattore essenziale per la buona salute della pelle.<\/p>\n<p>Certificato vegano e \u00abpulito\u00bb, <em>L\u2019Eau de Nuit N\u00b002<\/em> RIVOLI \u00e8 privo di siliconi, parabeni, PEG.<\/p>\n<p>&nbsp;<\/p>","protected":false},"excerpt":{"rendered":"<p>Trattamento notte in spray per un viso perfettamente riposato il giorno seguente.<\/p>","protected":false},"featured_media":1073,"comment_status":"closed","ping_status":"closed","template":"","meta":{"_seopress_robots_primary_cat":"none","_seopress_titles_title":"Eau tonique de nuit pour le visage Anti-\u00c2ge | Rivoli Gen\u00e8ve","_seopress_titles_desc":"Eau tonique visage de nuit : L'Eau de Nuit N\u00b002, une brume anti-\u00e2ge et d\u00e9toxifiante pour le visage afin d'am\u00e9liorer le processus de r\u00e9g\u00e9n\u00e9ration nocturne de votre peau.","_seopress_robots_index":""},"product_cat":[21],"product_tag":[],"woo-feed-brand":[],"acf":[],"_links":{"self":[{"href":"https:\/\/rivoli.ch\/it\/wp-json\/wp\/v2\/product\/304"}],"collection":[{"href":"https:\/\/rivoli.ch\/it\/wp-json\/wp\/v2\/product"}],"about":[{"href":"https:\/\/rivoli.ch\/it\/wp-json\/wp\/v2\/types\/product"}],"replies":[{"embeddable":true,"href":"https:\/\/rivoli.ch\/it\/wp-json\/wp\/v2\/comments?post=304"}],"wp:featuredmedia":[{"embeddable":true,"href":"https:\/\/rivoli.ch\/it\/wp-json\/wp\/v2\/media\/1073"}],"wp:attachment":[{"href":"https:\/\/rivoli.ch\/it\/wp-json\/wp\/v2\/media?parent=304"}],"wp:term":[{"taxonomy":"product_cat","embeddable":true,"href":"https:\/\/rivoli.ch\/it\/wp-json\/wp\/v2\/product_cat?post=304"},{"taxonomy":"product_tag","embeddable":true,"href":"https:\/\/rivoli.ch\/it\/wp-json\/wp\/v2\/product_tag?post=304"},{"taxonomy":"woo-feed-brand","embeddable":true,"href":"https:\/\/rivoli.ch\/it\/wp-json\/wp\/v2\/woo-feed-brand?post=304"}],"curies":[{"name":"wp","href":"https:\/\/api.w.org\/{rel}","templated":true}]}}