{"id":2440,"date":"2024-10-29T11:05:37","date_gmt":"2024-10-29T10:05:37","guid":{"rendered":"https:\/\/rivoli.ch\/?post_type=product&#038;p=2440"},"modified":"2026-04-27T23:18:01","modified_gmt":"2026-04-27T21:18:01","slug":"les-mains-2-0-soin-total-anti-age","status":"publish","type":"product","link":"https:\/\/rivoli.ch\/it\/prodotti\/les-mains-2-0-soin-total-anti-age\/","title":{"rendered":"Les Mains 2.0 \u2013 Cura totale antiet\u00e0"},"content":{"rendered":"<div>\n<div>\n<p class=\"Body\"><span lang=\"FR\">Il trattamento anti-et\u00e0 globale per le mani.<\/span><\/p>\n<\/div>\n<p class=\"Body\"><span lang=\"FR\">Costantemente sollecitata, spesso trascurata e sottoposta alle aggressioni quotidiane (esposizione ai raggi UV, pulizia frequente), la pelle delle nostre mani \u00e8 particolarmente soggetta agli effetti dell'invecchiamento.<\/span><\/p>\n<\/div>\n<div>\n<p class=\"Body\"><span lang=\"FR\">Les Mains 2.0 - Soin Total Anti-\u00c2ge \u00e8 concepito per ripristinare un aspetto pi\u00f9 giovane ed elegante. Protetta dai danni UV, la pelle \u00e8 ridensificata, ben idratata e le macchie scure sono ridotte.<\/span><\/p>\n<\/div>\n<div>\n<p class=\"Body\"><span lang=\"FR\">I risultati eccezionali di questo trattamento per le mani sono clinicamente provati.<\/span><\/p>\n<\/div>\n<div>\n<p class=\"Body translation-block\">Certificato VEGAN, il trattamento Les Mains 2.0 \u00e8 stato formulato secondo la nostra <a href=\"https:\/\/rivoli.ch\/wp-content\/uploads\/2024\/08\/RIVOLI_Blacklist-2024.pdf\" target=\"_self\">Blacklist<\/a> e in particolare senza siliconi, parabeni, PEG o microplastiche.<\/p>\n<\/div>\n<div>\n<p class=\"Default\"><span lang=\"FR-CH\">\u00a0<\/span><\/p>\n<\/div>","protected":false},"excerpt":{"rendered":"<div><span lang=\"FR-CH\">Notre traitement anti-\u00e2ge, anti-taches, super hydratant pour les mains.<\/span><\/div>","protected":false},"featured_media":2538,"comment_status":"closed","ping_status":"closed","template":"","meta":{"_seopress_robots_primary_cat":"none","_seopress_titles_title":"Cr\u00e8me anti-\u00e2ge, anti-taches pour Les Mains | Rivoli Gen\u00e8ve","_seopress_titles_desc":"Cr\u00e8me pour les mains \"Les Mains 2.0\" : offrez \u00e0 votre peau jeunesse et soin total anti-\u00e2ge. \u2b50 Livraison Gratuite !","_seopress_robots_index":""},"product_cat":[23],"product_tag":[],"woo-feed-brand":[],"acf":[],"_links":{"self":[{"href":"https:\/\/rivoli.ch\/it\/wp-json\/wp\/v2\/product\/2440"}],"collection":[{"href":"https:\/\/rivoli.ch\/it\/wp-json\/wp\/v2\/product"}],"about":[{"href":"https:\/\/rivoli.ch\/it\/wp-json\/wp\/v2\/types\/product"}],"replies":[{"embeddable":true,"href":"https:\/\/rivoli.ch\/it\/wp-json\/wp\/v2\/comments?post=2440"}],"wp:featuredmedia":[{"embeddable":true,"href":"https:\/\/rivoli.ch\/it\/wp-json\/wp\/v2\/media\/2538"}],"wp:attachment":[{"href":"https:\/\/rivoli.ch\/it\/wp-json\/wp\/v2\/media?parent=2440"}],"wp:term":[{"taxonomy":"product_cat","embeddable":true,"href":"https:\/\/rivoli.ch\/it\/wp-json\/wp\/v2\/product_cat?post=2440"},{"taxonomy":"product_tag","embeddable":true,"href":"https:\/\/rivoli.ch\/it\/wp-json\/wp\/v2\/product_tag?post=2440"},{"taxonomy":"woo-feed-brand","embeddable":true,"href":"https:\/\/rivoli.ch\/it\/wp-json\/wp\/v2\/woo-feed-brand?post=2440"}],"curies":[{"name":"wp","href":"https:\/\/api.w.org\/{rel}","templated":true}]}}