{"id":1776,"date":"2024-08-23T11:31:19","date_gmt":"2024-08-23T09:31:19","guid":{"rendered":"https:\/\/rivoli.ch\/?post_type=product&#038;p=1776"},"modified":"2026-04-07T17:17:18","modified_gmt":"2026-04-07T15:17:18","slug":"le-visage-creme-de-nuit-jeunesse-n02","status":"publish","type":"product","link":"https:\/\/rivoli.ch\/it\/prodotti\/le-visage-creme-de-nuit-jeunesse-n02\/","title":{"rendered":"Le Visage Cr\u00e8me de Nuit Jeunesse N\u00b002"},"content":{"rendered":"<p><strong>R\u00e9g\u00e9n\u00e9ration nocturne pour un r\u00e9veil tout en \u00e9clat et une peau repos\u00e9e !<\/strong><\/p>\n<p>Ispirata alle neuroscienze, la nuova Cr\u00e8me de Nuit Jeunesse N\u00b002, arricchita con principi attivi specifici, stimola efficacemente la rigenerazione notturna della pelle. Agisce in modo mirato sui meccanismi di rigenerazione cellulare, tra cui l'azione antiossidante, la riduzione della perdita d\u2019acqua trans epidermica e la stimolazione della sintesi di collagene.<\/p>\n<p>La sua fragranza unica, studiata per migliorare la qualit\u00e0 del sonno, favorisce un ottimale rinnovamento cellulare.<\/p>\n<p>Certificata VEGAN, Cr\u00e8me de Nuit Jeunesse N\u00b002 \u00e8 stata formulata secondo la nostra Blacklist e in particolare senza siliconi, parabeni, PEG e microplastiche.<\/p>\n<p>&nbsp;<\/p>\n<p>&nbsp;<\/p>","protected":false},"excerpt":{"rendered":"<div>\n<p class=\"Body\"><span lang=\"FR\">La nostra nuova crema notte: rigenerazione notturna stimolata grazie a un sonno migliore.\u00a0<\/span><\/p>\n<\/div>","protected":false},"featured_media":1777,"comment_status":"closed","ping_status":"closed","template":"","meta":{"_seopress_robots_primary_cat":"none","_seopress_titles_title":"Cr\u00e8me de Nuit Anti-\u00c2ge pour Le Visage | Rivoli Gen\u00e8ve","_seopress_titles_desc":"Cr\u00e8me de nuit visage anti-\u00e2ge et r\u00e9g\u00e9n\u00e9rante, pour une peau repos\u00e9e, r\u00e9par\u00e9e et un teint \u00e9clatant d\u00e8s le r\u00e9veil. \u2b50 Livraison Gratuite !","_seopress_robots_index":""},"product_cat":[21],"product_tag":[],"woo-feed-brand":[],"acf":[],"_links":{"self":[{"href":"https:\/\/rivoli.ch\/it\/wp-json\/wp\/v2\/product\/1776"}],"collection":[{"href":"https:\/\/rivoli.ch\/it\/wp-json\/wp\/v2\/product"}],"about":[{"href":"https:\/\/rivoli.ch\/it\/wp-json\/wp\/v2\/types\/product"}],"replies":[{"embeddable":true,"href":"https:\/\/rivoli.ch\/it\/wp-json\/wp\/v2\/comments?post=1776"}],"wp:featuredmedia":[{"embeddable":true,"href":"https:\/\/rivoli.ch\/it\/wp-json\/wp\/v2\/media\/1777"}],"wp:attachment":[{"href":"https:\/\/rivoli.ch\/it\/wp-json\/wp\/v2\/media?parent=1776"}],"wp:term":[{"taxonomy":"product_cat","embeddable":true,"href":"https:\/\/rivoli.ch\/it\/wp-json\/wp\/v2\/product_cat?post=1776"},{"taxonomy":"product_tag","embeddable":true,"href":"https:\/\/rivoli.ch\/it\/wp-json\/wp\/v2\/product_tag?post=1776"},{"taxonomy":"woo-feed-brand","embeddable":true,"href":"https:\/\/rivoli.ch\/it\/wp-json\/wp\/v2\/woo-feed-brand?post=1776"}],"curies":[{"name":"wp","href":"https:\/\/api.w.org\/{rel}","templated":true}]}}