{"id":501,"date":"2024-04-09T10:28:01","date_gmt":"2024-04-09T08:28:01","guid":{"rendered":"https:\/\/rivoli.dev.hayloft-it.ch\/?page_id=501"},"modified":"2026-02-03T10:10:38","modified_gmt":"2026-02-03T09:10:38","slug":"la-marque-rivoli-2","status":"publish","type":"page","link":"https:\/\/rivoli.ch\/it\/la-marque-rivoli-2\/","title":{"rendered":"Il marca RIVOLI"},"content":{"rendered":"<div class=\"wp-block-group alignwide is-layout-flow wp-block-group-is-layout-flow\">\n<h1 class=\"wp-block-heading has-text-align-center has-base-color has-text-color has-link-color has-serif-font-family wp-elements-23b5768581fbcf15ba7c552dfa4684f9\">La marca<\/h1>\n\n\n\n<p><\/p>\n\n\n\n<figure data-no-zoom=\"true\" class=\"wp-block-image alignfull size-large\"><img loading=\"lazy\" decoding=\"async\" width=\"1024\" height=\"359\" src=\"https:\/\/rivoli.ch\/wp-content\/uploads\/2025\/10\/Screenshot-2025-10-06-at-12.14.05-1024x359.webp\" alt=\"screenshot 2025 10 06 at 12.14.05\" class=\"wp-image-3999\" srcset=\"https:\/\/rivoli.ch\/wp-content\/uploads\/2025\/10\/Screenshot-2025-10-06-at-12.14.05-1024x359.webp 1024w, https:\/\/rivoli.ch\/wp-content\/uploads\/2025\/10\/Screenshot-2025-10-06-at-12.14.05-300x105.webp 300w, https:\/\/rivoli.ch\/wp-content\/uploads\/2025\/10\/Screenshot-2025-10-06-at-12.14.05-768x269.webp 768w, https:\/\/rivoli.ch\/wp-content\/uploads\/2025\/10\/Screenshot-2025-10-06-at-12.14.05-18x6.webp 18w, https:\/\/rivoli.ch\/wp-content\/uploads\/2025\/10\/Screenshot-2025-10-06-at-12.14.05-600x210.webp 600w, https:\/\/rivoli.ch\/wp-content\/uploads\/2025\/10\/Screenshot-2025-10-06-at-12.14.05.png 1322w\" sizes=\"(max-width: 1024px) 100vw, 1024px\" \/><\/figure>\n<\/div>\n\n\n\n<div class=\"wp-block-group is-layout-constrained wp-block-group-is-layout-constrained\">\n<h2 class=\"wp-block-heading has-text-align-center\">Rivoli, la \u00ab\u00a0Beaut\u00e9 Intelligente\u00a0\u00bb<\/h2>\n\n\n\n<p class=\"has-text-align-center has-normal-font-size translation-block\"><br>La pelle \u00e8 l'organo pi\u00f9 grande del nostro corpo e si rigenera ogni 3-4 settimane.<br> \u00c8 il nostro scudo contro le aggressioni esterne. L' \u201cintelligenza\u201d della pelle risiede nella sua capacit\u00e0 di adattare continuamente le proprie risposte in base alle risorse di cui dispone per mantenersi sana e quindi bella.<\/p>\n\n\n\n<p class=\"has-text-align-center has-normal-font-size\">Grazie ad una meticolosa selezione degli ingredienti utilizzati, le nostre formule sono studiate per fornire alla pelle, in tutta sicurezza, gli ingredienti necessari al suo equilibrio e cos\u00ec sostenere e migliorare la sua innata capacit\u00e0 di rigenerarsi, aspetto particolarmente importante per le pelli mature e sensibili.<\/p>\n<\/div>\n\n\n\n<p><\/p>\n\n\n\n<p class=\"has-text-align-center\"><\/p>\n\n\n\n<div class=\"wp-block-group alignfull has-light-blue-background-color has-background is-layout-constrained wp-block-group-is-layout-constrained\">\n<div class=\"wp-block-group bloc-beauty-la-marque has-white-background-color has-background is-layout-constrained wp-block-group-is-layout-constrained\">\n<p class=\"has-text-align-center has-medium-large-font-size translation-block\">Per noi, \u201cBellezza Intelligente\u201d, significa dare priorit\u00e0 all\u2019 \u201cintelligenza\u201d del processo di rigenerazione naturale della pelle, nella creazione dei nostri prodotti.<\/p>\n\n\n\n<div class=\"wp-block-buttons is-content-justification-center is-layout-flex wp-container-core-buttons-is-layout-1 wp-block-buttons-is-layout-flex\">\n<div class=\"wp-block-button\"><a class=\"wp-block-button__link wp-element-button\" href=\"#\">SCOPRI DI PI\u00d9<\/a><\/div>\n<\/div>\n<\/div>\n<\/div>\n\n\n\n<div class=\"wp-block-media-text alignwide has-media-on-the-right is-stacked-on-mobile marque-bloc-1 la-marque-grid\"><div class=\"wp-block-media-text__content\">\n<h2 class=\"la-marque-grid-title\">RIVOLI \u00e8...<br><span>efficacia provata<\/span><\/h2>\n\n\n\n<p>Andiamo ben oltre la valutazione soggettiva del prodotto da parte di un panel di consumatori: tutti i nostri prodotti sono soggetti a rigorosi test clinici, effettuati da laboratori indipendenti, per misurarne la reale efficacia.<br><br>Gli ottimi risultati ottenuti durante i test sul prodotto finito si spiegano con una scelta molto attenta degli ingredienti e con l'uso sistematico di precursori e strutture lamellari.<\/p>\n\n\n\n<div class=\"wp-block-buttons is-layout-flex wp-block-buttons-is-layout-flex\">\n<div class=\"wp-block-button\"><a class=\"wp-block-button__link wp-element-button\" href=\"https:\/\/rivoli.ch\/it\/il-marca-rivoli\/efficacia-provata\/\">Saperne di pi\u00f9<\/a><\/div>\n<\/div>\n<\/div><figure class=\"wp-block-media-text__media\" data-no-zoom=\"true\"><img loading=\"lazy\" decoding=\"async\" width=\"586\" height=\"586\" src=\"https:\/\/rivoli.ch\/wp-content\/uploads\/2025\/10\/1dec99ecb21afe9a3ad5987b0577b633.png\" alt=\"1dec99ecb21afe9a3ad5987b0577b633\" class=\"wp-image-4000 size-full\" srcset=\"https:\/\/rivoli.ch\/wp-content\/uploads\/2025\/10\/1dec99ecb21afe9a3ad5987b0577b633.png 586w, https:\/\/rivoli.ch\/wp-content\/uploads\/2025\/10\/1dec99ecb21afe9a3ad5987b0577b633-300x300.webp 300w, https:\/\/rivoli.ch\/wp-content\/uploads\/2025\/10\/1dec99ecb21afe9a3ad5987b0577b633-150x150.webp 150w, https:\/\/rivoli.ch\/wp-content\/uploads\/2025\/10\/1dec99ecb21afe9a3ad5987b0577b633-12x12.webp 12w\" sizes=\"(max-width: 586px) 100vw, 586px\" \/><\/figure><\/div>\n\n\n\n<div class=\"wp-block-media-text alignwide is-stacked-on-mobile marque-bloc-2 la-marque-grid\"><figure class=\"wp-block-media-text__media\" data-no-zoom=\"true\"><img loading=\"lazy\" decoding=\"async\" width=\"474\" height=\"633\" src=\"https:\/\/rivoli.ch\/wp-content\/uploads\/2025\/10\/105081b18dc37161f3a7c548841f2aa9.png\" alt=\"105081b18dc37161f3a7c548841f2aa9\" class=\"wp-image-4001 size-full\" srcset=\"https:\/\/rivoli.ch\/wp-content\/uploads\/2025\/10\/105081b18dc37161f3a7c548841f2aa9.png 474w, https:\/\/rivoli.ch\/wp-content\/uploads\/2025\/10\/105081b18dc37161f3a7c548841f2aa9-225x300.webp 225w, https:\/\/rivoli.ch\/wp-content\/uploads\/2025\/10\/105081b18dc37161f3a7c548841f2aa9-9x12.webp 9w\" sizes=\"(max-width: 474px) 100vw, 474px\" \/><\/figure><div class=\"wp-block-media-text__content\">\n<h2 class=\"la-marque-grid-title translation-block\">RIVOLI \u00e8\u2026<br><span>il rispetto della pelle<\/span><\/h2>\n\n\n\n<p>Gli ingredienti che utilizziamo nei nostri prodotti sono selezionati secondo criteri estremamente rigorosi. Ci assicuriamo che i nostri prodotti rispettino l'equilibrio del microbioma cutaneo, condizione essenziale per la salute della pelle.<\/p>\n\n\n\n<div class=\"wp-block-buttons is-layout-flex wp-block-buttons-is-layout-flex\">\n<div class=\"wp-block-button\"><a class=\"wp-block-button__link wp-element-button\" href=\"https:\/\/rivoli.ch\/it\/il-marca-rivoli\/rispetto-della-pelle\/\">Saperne di pi\u00f9<\/a><\/div>\n<\/div>\n<\/div><\/div>\n\n\n\n<div class=\"wp-block-group alignfull has-light-blue-background-color has-background is-layout-constrained wp-block-group-is-layout-constrained\">\n<div class=\"wp-block-media-text alignwide has-media-on-the-right is-stacked-on-mobile marque-bloc-3 la-marque-grid\"><div class=\"wp-block-media-text__content\">\n<h2 class=\"la-marque-grid-title translation-block\">RIVOLI \u00e8\u2026<br><span>eco-responsabilit\u00e0 <\/span><\/h2>\n\n\n\n<p>Privilegiamo l'utilizzo di ingredienti di origine naturale o di biosintesi. I nostri prodotti sono certificati Vegan.<br><br>Miglioriamo costantemente la riciclabilit\u00e0 dei nostri imballaggi, utilizzando materiali che sono riciclati e\/o riciclabili.&nbsp;<\/p>\n\n\n\n<div class=\"wp-block-buttons is-layout-flex wp-block-buttons-is-layout-flex\">\n<div class=\"wp-block-button\"><a class=\"wp-block-button__link wp-element-button\" href=\"https:\/\/rivoli.ch\/it\/il-marca-rivoli\/eco-responsabilita\/\">Saperne di pi\u00f9<\/a><\/div>\n<\/div>\n<\/div><figure class=\"wp-block-media-text__media\" data-no-zoom=\"true\"><img loading=\"lazy\" decoding=\"async\" width=\"620\" height=\"474\" src=\"https:\/\/rivoli.ch\/wp-content\/uploads\/2025\/10\/vegan.jpg\" alt=\"vegan\" class=\"wp-image-4005 size-full\" srcset=\"https:\/\/rivoli.ch\/wp-content\/uploads\/2025\/10\/vegan.jpg 620w, https:\/\/rivoli.ch\/wp-content\/uploads\/2025\/10\/vegan-300x229.webp 300w, https:\/\/rivoli.ch\/wp-content\/uploads\/2025\/10\/vegan-16x12.webp 16w, https:\/\/rivoli.ch\/wp-content\/uploads\/2025\/10\/vegan-600x459.webp 600w\" sizes=\"(max-width: 620px) 100vw, 620px\" \/><\/figure><\/div>\n<\/div>\n\n\n\n<div class=\"wp-block-media-text alignwide is-stacked-on-mobile marque-bloc-4 la-marque-grid\"><figure class=\"wp-block-media-text__media\" data-no-zoom=\"true\"><img loading=\"lazy\" decoding=\"async\" width=\"578\" height=\"578\" src=\"https:\/\/rivoli.ch\/wp-content\/uploads\/2025\/10\/0686efbba2d173d1c186cace3271f1e5.png\" alt=\"0686efbba2d173d1c186cace3271f1e5\" class=\"wp-image-4003 size-full\" srcset=\"https:\/\/rivoli.ch\/wp-content\/uploads\/2025\/10\/0686efbba2d173d1c186cace3271f1e5.png 578w, https:\/\/rivoli.ch\/wp-content\/uploads\/2025\/10\/0686efbba2d173d1c186cace3271f1e5-300x300.webp 300w, https:\/\/rivoli.ch\/wp-content\/uploads\/2025\/10\/0686efbba2d173d1c186cace3271f1e5-150x150.webp 150w, https:\/\/rivoli.ch\/wp-content\/uploads\/2025\/10\/0686efbba2d173d1c186cace3271f1e5-12x12.webp 12w\" sizes=\"(max-width: 578px) 100vw, 578px\" \/><\/figure><div class=\"wp-block-media-text__content\">\n<h2 class=\"la-marque-grid-title translation-block\">RIVOLI \u00e8\u2026<br><span>la qualit\u00e0 svizzera<\/span><\/h2>\n\n\n\n<p>La nostra fabbrica \u00e8 certificata ISO-9001 e ISO-14001, lo standard internazionale per la responsabilit\u00e0 ambientale. Dal 2016, inoltre, \u00e8 stato integrato, nella nostra gestione quotidiana, il programma nazionale di riduzione dei consumi energetici denominato \u201cAct\u201d.<\/p>\n\n\n\n<div class=\"wp-block-buttons is-layout-flex wp-block-buttons-is-layout-flex\">\n<div class=\"wp-block-button\"><a class=\"wp-block-button__link wp-element-button\" href=\"https:\/\/rivoli.ch\/it\/il-marca-rivoli\/qualita-svizzera\/\">Saperne di pi\u00f9<\/a><\/div>\n<\/div>\n<\/div><\/div>\n\n\n\n<div class=\"wp-block-media-text alignwide has-media-on-the-right is-stacked-on-mobile la-marque-grid\"><div class=\"wp-block-media-text__content\">\n<h2 class=\"la-marque-grid-title translation-block\">RIVOLI \u00e8\u2026<br><span>una storia di famiglia<\/span><\/h2>\n\n\n\n<p>RIVOLI \u00e8 una marca di prodotti di cura per la pelle, creata da due fratelli : Kuno e Peter Schweikert. <\/p>\n\n\n\n<p>Grazie ad una lunghissima esperienza nel campo della cosmesi, negli ultimi vent'anni hanno sviluppato ingredienti e prodotti dalle alte prestazioni per soddisfare le aspettative di una clientela esigente, alla ricerca di prodotti veramente efficaci, rispettosi della pelle ed eco-responsabili .<\/p>\n\n\n\n<p>\u00c8 sulla base della loro esperienza e del loro successo che hanno creato il loro marchio di prodotti per la cura della pelle RIVOLI.<\/p>\n<\/div><figure class=\"wp-block-media-text__media\" data-no-zoom=\"true\"><img loading=\"lazy\" decoding=\"async\" width=\"620\" height=\"461\" src=\"https:\/\/rivoli.ch\/wp-content\/uploads\/2025\/10\/Groupe-de-masques-40.png\" alt=\"groupe de masques 40\" class=\"wp-image-4004 size-full\" srcset=\"https:\/\/rivoli.ch\/wp-content\/uploads\/2025\/10\/Groupe-de-masques-40.png 620w, https:\/\/rivoli.ch\/wp-content\/uploads\/2025\/10\/Groupe-de-masques-40-300x223.webp 300w, https:\/\/rivoli.ch\/wp-content\/uploads\/2025\/10\/Groupe-de-masques-40-16x12.webp 16w, https:\/\/rivoli.ch\/wp-content\/uploads\/2025\/10\/Groupe-de-masques-40-600x446.webp 600w\" sizes=\"(max-width: 620px) 100vw, 620px\" \/><\/figure><\/div>","protected":false},"excerpt":{"rendered":"<p>La marque Rivoli, la \u00ab\u00a0Beaut\u00e9 Intelligente\u00a0\u00bb La peau est l\u2019organe le plus grand de notre corps et se r\u00e9g\u00e9n\u00e8re tous les 3-4 semaines. C\u2019est notre bouclier contre les agressions externes. L\u2019\u201cintelligence\u201d de la peau r\u00e9side dans sa capacit\u00e9 \u00e0 adapter continuellement ses r\u00e9ponses en fonction des ressources dont elle dispose afin de se maintenir en [&hellip;]<\/p>","protected":false},"author":11816,"featured_media":0,"parent":0,"menu_order":0,"comment_status":"closed","ping_status":"closed","template":"","meta":{"_seopress_robots_primary_cat":"","_seopress_titles_title":"","_seopress_titles_desc":"","_seopress_robots_index":"","footnotes":""},"acf":[],"_links":{"self":[{"href":"https:\/\/rivoli.ch\/it\/wp-json\/wp\/v2\/pages\/501"}],"collection":[{"href":"https:\/\/rivoli.ch\/it\/wp-json\/wp\/v2\/pages"}],"about":[{"href":"https:\/\/rivoli.ch\/it\/wp-json\/wp\/v2\/types\/page"}],"author":[{"embeddable":true,"href":"https:\/\/rivoli.ch\/it\/wp-json\/wp\/v2\/users\/11816"}],"replies":[{"embeddable":true,"href":"https:\/\/rivoli.ch\/it\/wp-json\/wp\/v2\/comments?post=501"}],"version-history":[{"count":58,"href":"https:\/\/rivoli.ch\/it\/wp-json\/wp\/v2\/pages\/501\/revisions"}],"predecessor-version":[{"id":4264,"href":"https:\/\/rivoli.ch\/it\/wp-json\/wp\/v2\/pages\/501\/revisions\/4264"}],"wp:attachment":[{"href":"https:\/\/rivoli.ch\/it\/wp-json\/wp\/v2\/media?parent=501"}],"curies":[{"name":"wp","href":"https:\/\/api.w.org\/{rel}","templated":true}]}}