{"id":493,"date":"2024-04-09T10:27:13","date_gmt":"2024-04-09T08:27:13","guid":{"rendered":"https:\/\/rivoli.dev.hayloft-it.ch\/?page_id=493"},"modified":"2024-09-06T17:24:12","modified_gmt":"2024-09-06T15:24:12","slug":"eco-responsabilita","status":"publish","type":"page","link":"https:\/\/rivoli.ch\/it\/la-marque-rivoli-2\/eco-responsabilita\/","title":{"rendered":"RIVOLI \u00e8 eco-responsabilit\u00e0\u00a0"},"content":{"rendered":"<div class=\"wp-block-cover alignfull is-light\" style=\"min-height:500px;aspect-ratio:unset;\"><span aria-hidden=\"true\" class=\"wp-block-cover__background has-background-dim-0 has-background-dim\" style=\"background-color:#c6c6c6\"><\/span><img loading=\"lazy\" decoding=\"async\" width=\"2040\" height=\"758\" class=\"wp-block-cover__image-background wp-image-1251\" alt=\"rivoli eco responsabilite header\" src=\"https:\/\/rivoli.ch\/wp-content\/uploads\/2024\/06\/rivoli-eco-responsabilite-header.jpg\" data-object-fit=\"cover\" srcset=\"https:\/\/rivoli.ch\/wp-content\/uploads\/2024\/06\/rivoli-eco-responsabilite-header.jpg 2040w, https:\/\/rivoli.ch\/wp-content\/uploads\/2024\/06\/rivoli-eco-responsabilite-header-300x111.webp 300w, https:\/\/rivoli.ch\/wp-content\/uploads\/2024\/06\/rivoli-eco-responsabilite-header-1024x380.webp 1024w, https:\/\/rivoli.ch\/wp-content\/uploads\/2024\/06\/rivoli-eco-responsabilite-header-768x285.webp 768w, https:\/\/rivoli.ch\/wp-content\/uploads\/2024\/06\/rivoli-eco-responsabilite-header-1536x571.webp 1536w, https:\/\/rivoli.ch\/wp-content\/uploads\/2024\/06\/rivoli-eco-responsabilite-header-18x7.webp 18w, https:\/\/rivoli.ch\/wp-content\/uploads\/2024\/06\/rivoli-eco-responsabilite-header-600x223.webp 600w\" sizes=\"(max-width: 2040px) 100vw, 2040px\" \/><div class=\"wp-block-cover__inner-container is-layout-constrained wp-block-cover-is-layout-constrained\">\n<p class=\"has-text-align-center has-large-font-size\"><\/p>\n<\/div><\/div>\n\n\n\n<div class=\"wp-block-group is-layout-constrained wp-block-group-is-layout-constrained\">\n<h1 class=\"wp-block-heading has-text-align-left has-base-color has-text-color has-link-color has-large-font-size wp-elements-a37046ee09ea49e0d56266a1a67ced78\">RIVOLI \u00e8 eco-responsabilit\u00e0&nbsp;<\/h1>\n\n\n\n<p class=\"has-text-align-left has-base-color has-text-color has-link-color has-normal-font-size wp-elements-2063ea72f88e2ea04c0fb011913b9054\">Per Rivoli, lusso significa offrire un trattamento che rispetti la pelle.<\/p>\n<\/div>\n\n\n\n<div class=\"alignwide wp-block-rivoli-overlapping-images\">\n            <div class=\"image-container\">\n            <img decoding=\"async\" src=\"https:\/\/rivoli.ch\/wp-content\/uploads\/2024\/06\/rivoli-eco-responsabilite-1.jpg\">\n        <\/div>\n            <div class=\"image-container\">\n            <img decoding=\"async\" src=\"https:\/\/rivoli.ch\/wp-content\/uploads\/2024\/06\/rivoli-eco-responsabilite-2.jpg\">\n        <\/div>\n    <\/div>\n\n\n<h2 class=\"wp-block-heading has-primary-color has-text-color has-link-color has-medium-large-font-size wp-elements-47f4bcaaee3e1b7141bed70973ab75ac\">Delle formule eco-responsabili<\/h2>\n\n\n\n<p>Nello sviluppo dei nostri prodotti, privilegiamo l'utilizzo di ingredienti di origine naturale (vegetali o minerali o biosintetici), certificati \u201cfair-trade\u201d, e ci asteniamo dall'utilizzare materie prime note per avere un impatto negativo sull'ambiente, provenienti da risorse limitate e non riproducibili.<\/p>\n\n\n\n<p>Le nostre formule sono certificate Vegan.<\/p>\n\n\n\n<h2 class=\"wp-block-heading has-primary-color has-text-color has-link-color has-medium-large-font-size wp-elements-4dd902f628d63d23744954f0e78aa5f2\">Degli imballaggi responsabili<\/h2>\n\n\n\n<p>Privilegiamo l'utilizzo di vetro per i nostri imballaggi primari; qualora, per ragioni legate all\u2019utilizzo del prodotto,\u00a0fosse necessario un tubo, questo sar\u00e0 almeno parzialmente realizzato con plastica riciclata e riciclabile.&nbsp;<\/p>\n\n\n\n<p>L'imballaggio secondario \u00e8 costituito da cartone\/carta etichettata FSC o da materiale riciclato. Le confezioni non sono pi\u00f9 cellofanate, per renderle completamente reciclabili.<\/p>\n\n\n\n<h2 class=\"wp-block-heading has-primary-color has-text-color has-link-color has-medium-large-font-size wp-elements-a6a6b8cb1d30f1919ecde3935c3c3fa7\">Una fabbricazione responsabile<\/h2>\n\n\n\n<p>Ci impegniamo ad agire in modo sostenibile ed etico, dallo sviluppo al prodotto finale.<\/p>\n\n\n\n<p>Immerso nel cuore delle colline e dei boschi della regione dell'Emmental (cantone di Berna, Svizzera), il nostro sito produttivo ha le seguenti certificazioni:<\/p>\n\n\n\n<ul>\n<li>Buone Pratiche di Fabbricazione cosmetica (GM) ISO-22716<\/li>\n\n\n\n<li>Gestione di processo ISO-9001<\/li>\n\n\n\n<li>Gestione ambientale ISO-14001&nbsp;<\/li>\n<\/ul>\n\n\n\n<div class=\"wp-block-buttons is-layout-flex wp-block-buttons-is-layout-flex\">\n<div class=\"wp-block-button\"><a class=\"wp-block-button__link wp-element-button\" href=\"https:\/\/rivoli.ch\/it\/il-marca-rivoli\/\">Torna alla pagina del marchio<\/a><\/div>\n<\/div>","protected":false},"excerpt":{"rendered":"<p>RIVOLI c\u2019est l\u2019\u00e9co-responsabilit\u00e9&nbsp; Pour Rivoli, le luxe c\u2019est d\u2019offrir des soins qui respectent la peau. Des formules responsables Dans l&rsquo;\u00e9laboration de nos produits, nous privil\u00e9gions l&rsquo;utilisation d\u2019ingr\u00e9dients d&rsquo;origine naturelle (v\u00e9g\u00e9tale ou min\u00e9rale ou de biosynth\u00e8se) et nous renon\u00e7ons \u00e0 utiliser des mati\u00e8res premi\u00e8res soit connues pour avoir un impact n\u00e9gatif sur l\u2019environnement,&nbsp; soit parce que [&hellip;]<\/p>","protected":false},"author":11816,"featured_media":0,"parent":501,"menu_order":0,"comment_status":"closed","ping_status":"closed","template":"","meta":{"_seopress_robots_primary_cat":"","_seopress_titles_title":"","_seopress_titles_desc":"","_seopress_robots_index":"","footnotes":""},"acf":[],"_links":{"self":[{"href":"https:\/\/rivoli.ch\/it\/wp-json\/wp\/v2\/pages\/493"}],"collection":[{"href":"https:\/\/rivoli.ch\/it\/wp-json\/wp\/v2\/pages"}],"about":[{"href":"https:\/\/rivoli.ch\/it\/wp-json\/wp\/v2\/types\/page"}],"author":[{"embeddable":true,"href":"https:\/\/rivoli.ch\/it\/wp-json\/wp\/v2\/users\/11816"}],"replies":[{"embeddable":true,"href":"https:\/\/rivoli.ch\/it\/wp-json\/wp\/v2\/comments?post=493"}],"version-history":[{"count":22,"href":"https:\/\/rivoli.ch\/it\/wp-json\/wp\/v2\/pages\/493\/revisions"}],"predecessor-version":[{"id":1984,"href":"https:\/\/rivoli.ch\/it\/wp-json\/wp\/v2\/pages\/493\/revisions\/1984"}],"up":[{"embeddable":true,"href":"https:\/\/rivoli.ch\/it\/wp-json\/wp\/v2\/pages\/501"}],"wp:attachment":[{"href":"https:\/\/rivoli.ch\/it\/wp-json\/wp\/v2\/media?parent=493"}],"curies":[{"name":"wp","href":"https:\/\/api.w.org\/{rel}","templated":true}]}}