{"id":451,"date":"2024-04-09T10:01:59","date_gmt":"2024-04-09T08:01:59","guid":{"rendered":"https:\/\/rivoli.dev.hayloft-it.ch\/?page_id=451"},"modified":"2024-08-29T11:45:55","modified_gmt":"2024-08-29T09:45:55","slug":"qualita-svizzera","status":"publish","type":"page","link":"https:\/\/rivoli.ch\/it\/la-marque-rivoli-2\/qualita-svizzera\/","title":{"rendered":"RIVOLI \u00e8 la qualit\u00e0 svizzera"},"content":{"rendered":"<div class=\"wp-block-group alignfull is-style-cover-with-legend is-layout-flow wp-block-group-is-layout-flow\">\n<div class=\"wp-block-cover alignfull is-light\" style=\"min-height:500px;aspect-ratio:unset;\"><span aria-hidden=\"true\" class=\"wp-block-cover__background has-background-dim-0 has-background-dim\" style=\"background-color:#c6c6c6\"><\/span><img loading=\"lazy\" decoding=\"async\" width=\"1480\" height=\"551\" class=\"wp-block-cover__image-background wp-image-1234\" alt=\"qualite suisse\" src=\"https:\/\/rivoli.ch\/wp-content\/uploads\/2024\/06\/qualite-suisse.jpg\" data-object-fit=\"cover\" srcset=\"https:\/\/rivoli.ch\/wp-content\/uploads\/2024\/06\/qualite-suisse.jpg 1480w, https:\/\/rivoli.ch\/wp-content\/uploads\/2024\/06\/qualite-suisse-300x112.webp 300w, https:\/\/rivoli.ch\/wp-content\/uploads\/2024\/06\/qualite-suisse-1024x381.webp 1024w, https:\/\/rivoli.ch\/wp-content\/uploads\/2024\/06\/qualite-suisse-768x286.webp 768w, https:\/\/rivoli.ch\/wp-content\/uploads\/2024\/06\/qualite-suisse-18x7.webp 18w, https:\/\/rivoli.ch\/wp-content\/uploads\/2024\/06\/qualite-suisse-600x223.webp 600w\" sizes=\"(max-width: 1480px) 100vw, 1480px\" \/><div class=\"wp-block-cover__inner-container is-layout-constrained wp-block-cover-is-layout-constrained\">\n<p class=\"has-text-align-center has-large-font-size\"><\/p>\n<\/div><\/div>\n\n\n\n<p class=\"has-tiny-font-size\">Copyright B. Francey.<\/p>\n<\/div>\n\n\n\n<div class=\"wp-block-group is-layout-constrained wp-block-group-is-layout-constrained\">\n<h1 class=\"wp-block-heading has-text-align-left has-base-color has-text-color has-link-color has-large-font-size wp-elements-ae1434374a2fc987045738b47742fa9e\">RIVOLI \u00e8 la qualit\u00e0 svizzera<\/h1>\n\n\n\n<p class=\"has-text-align-left has-base-color has-text-color has-link-color has-normal-font-size wp-elements-5b533d18d1e56d3b86cbfbcf749b4100\">L'obiettivo di RIVOLI \u00e8 offrire una gamma controllata di prodotti con un impatto ecologico minimo. RIVOLI Progetta e produce i suoi prodotti nei propri laboratori nel cuore della Svizzera, in una regione rinomata per la sua biodiversit\u00e0 e l'ambiente eccezionale: l'Emmental.<\/p>\n\n\n\n<figure data-no-zoom=\"true\" class=\"wp-block-image size-full is-resized\"><a href=\"https:\/\/rivoli.ch\/wp-content\/uploads\/2024\/06\/120512.jpg\"><img loading=\"lazy\" decoding=\"async\" width=\"800\" height=\"533\" src=\"https:\/\/rivoli.ch\/wp-content\/uploads\/2024\/06\/120512.jpg\" alt=\"120512\" class=\"wp-image-1415\" style=\"width:842px;height:auto\" srcset=\"https:\/\/rivoli.ch\/wp-content\/uploads\/2024\/06\/120512.jpg 800w, https:\/\/rivoli.ch\/wp-content\/uploads\/2024\/06\/120512-300x200.webp 300w, https:\/\/rivoli.ch\/wp-content\/uploads\/2024\/06\/120512-768x512.webp 768w, https:\/\/rivoli.ch\/wp-content\/uploads\/2024\/06\/120512-18x12.webp 18w, https:\/\/rivoli.ch\/wp-content\/uploads\/2024\/06\/120512-600x400.webp 600w\" sizes=\"(max-width: 800px) 100vw, 800px\" \/><\/a><\/figure>\n<\/div>\n\n\n\n<p>La nostra fabbrica \u00e8 certificata ISO-9001 e ISO-14001, lo standard internazionale per la responsabilit\u00e0 ambientale. Dal 2016, inoltre, \u00e8 stato integrato, nella nostra gestione quotidiana, il programma nazionale di riduzione dei consumi energetici denominato \u201cAct\u201d.<\/p>\n\n\n\n<p>Oltre a ci\u00f2, soddisfiamo i criteri ufficiali richiesti per le pari opportunit\u00e0 nell'impiego.<\/p>\n\n\n\n<p>Ci impegniamo ad agire in modo sostenibile ed etico dallo sviluppo dei nostri prodotti fino alla loro produzione finale.<\/p>\n\n\n\n<p>I nostri prodotti per la cura della pelle sono certificati vegani.<\/p>\n\n\n\n<div class=\"wp-block-buttons is-layout-flex wp-block-buttons-is-layout-flex\">\n<div class=\"wp-block-button\"><a class=\"wp-block-button__link wp-element-button\" href=\"https:\/\/rivoli.ch\/it\/il-marca-rivoli\/\">Torna alla pagina del marchio<\/a><\/div>\n<\/div>","protected":false},"excerpt":{"rendered":"<p>Copyright B. Francey. RIVOLI c\u2019est la qualit\u00e9 suisse Soucieuse de proposer une gamme ma\u00eetris\u00e9e, contr\u00f4l\u00e9e et avec un impact \u00e9cologique minimal, RIVOLI con\u00e7oit et produit ses soins dans ses propres laboratoires, au c\u0153ur de la Suisse, dans une r\u00e9gion r\u00e9put\u00e9e pour sa biodiversit\u00e9 et son environnement exceptionnel : l\u2019Emmental. Notre manufacture est certifi\u00e9e ISO-9001 et [&hellip;]<\/p>","protected":false},"author":11816,"featured_media":0,"parent":501,"menu_order":0,"comment_status":"closed","ping_status":"closed","template":"","meta":{"_seopress_robots_primary_cat":"","_seopress_titles_title":"","_seopress_titles_desc":"","_seopress_robots_index":"","footnotes":""},"acf":[],"_links":{"self":[{"href":"https:\/\/rivoli.ch\/it\/wp-json\/wp\/v2\/pages\/451"}],"collection":[{"href":"https:\/\/rivoli.ch\/it\/wp-json\/wp\/v2\/pages"}],"about":[{"href":"https:\/\/rivoli.ch\/it\/wp-json\/wp\/v2\/types\/page"}],"author":[{"embeddable":true,"href":"https:\/\/rivoli.ch\/it\/wp-json\/wp\/v2\/users\/11816"}],"replies":[{"embeddable":true,"href":"https:\/\/rivoli.ch\/it\/wp-json\/wp\/v2\/comments?post=451"}],"version-history":[{"count":27,"href":"https:\/\/rivoli.ch\/it\/wp-json\/wp\/v2\/pages\/451\/revisions"}],"predecessor-version":[{"id":1826,"href":"https:\/\/rivoli.ch\/it\/wp-json\/wp\/v2\/pages\/451\/revisions\/1826"}],"up":[{"embeddable":true,"href":"https:\/\/rivoli.ch\/it\/wp-json\/wp\/v2\/pages\/501"}],"wp:attachment":[{"href":"https:\/\/rivoli.ch\/it\/wp-json\/wp\/v2\/media?parent=451"}],"curies":[{"name":"wp","href":"https:\/\/api.w.org\/{rel}","templated":true}]}}