{"id":3491,"date":"2025-09-03T11:36:55","date_gmt":"2025-09-03T09:36:55","guid":{"rendered":"https:\/\/rivoli.ch\/?page_id=3491"},"modified":"2025-10-30T10:19:52","modified_gmt":"2025-10-30T09:19:52","slug":"il-nostro-studio","status":"publish","type":"page","link":"https:\/\/rivoli.ch\/it\/il-nostro-studio\/","title":{"rendered":"Il nostro studio"},"content":{"rendered":"<h1 class=\"wp-block-heading has-text-align-center has-base-color has-text-color has-link-color has-serif-font-family has-huge-font-size wp-elements-9dcaa3f2b4f70abb31c2616b8d75ffbc\"><strong>Il nostro studio<\/strong><\/h1>\n\n\n\n<p class=\"has-text-align-center soustitre-bleu has-primary-color has-text-color has-link-color has-large-font-size wp-elements-9d1c659df7bca8fa0afc153eaafa5c4b\">beauty on the go<\/p>\n\n\n\n<figure data-no-zoom=\"true\" class=\"wp-block-image alignwide size-full sect-image-hero\"><img loading=\"lazy\" decoding=\"async\" width=\"2000\" height=\"700\" src=\"https:\/\/rivoli.ch\/wp-content\/uploads\/2025\/10\/facelab_desktop_2.jpg\" alt=\"facelab desktop 2\" class=\"wp-image-4050\" srcset=\"https:\/\/rivoli.ch\/wp-content\/uploads\/2025\/10\/facelab_desktop_2.jpg 2000w, https:\/\/rivoli.ch\/wp-content\/uploads\/2025\/10\/facelab_desktop_2-300x105.webp 300w, https:\/\/rivoli.ch\/wp-content\/uploads\/2025\/10\/facelab_desktop_2-1024x358.webp 1024w, https:\/\/rivoli.ch\/wp-content\/uploads\/2025\/10\/facelab_desktop_2-768x269.webp 768w, https:\/\/rivoli.ch\/wp-content\/uploads\/2025\/10\/facelab_desktop_2-1536x538.webp 1536w, https:\/\/rivoli.ch\/wp-content\/uploads\/2025\/10\/facelab_desktop_2-18x6.webp 18w, https:\/\/rivoli.ch\/wp-content\/uploads\/2025\/10\/facelab_desktop_2-600x210.webp 600w\" sizes=\"(max-width: 2000px) 100vw, 2000px\" \/><\/figure>\n\n\n\n<div class=\"wp-block-group alignwide mobile-txt-med is-layout-constrained wp-block-group-is-layout-constrained\">\n<h2 class=\"wp-block-heading alignwide has-text-align-center has-serif-font-family\">Scolpisci la bellezza naturale del tuo viso<\/h2>\n\n\n\n<div class=\"wp-block-columns alignwide is-layout-flex wp-container-core-columns-is-layout-1 wp-block-columns-is-layout-flex\">\n<div class=\"wp-block-column is-layout-flow wp-block-column-is-layout-flow\">\n<p class=\"has-text-align-center has-medium-font-size\">Desideri una pelle pi\u00f9 tonica e luminosa, un viso armonioso che sprigiona vitalit\u00e0?<br>FACELAB by RIVOLI ti invita a esplorare una nuova dimensione della bellezza.<\/p>\n<\/div>\n<\/div>\n\n\n\n<div class=\"wp-block-buttons has-custom-font-size btn-wrapper has-normal-font-size is-horizontal is-content-justification-center is-layout-flex wp-container-core-buttons-is-layout-1 wp-block-buttons-is-layout-flex\">\n<div class=\"wp-block-button has-custom-font-size btn-bleu has-medium-font-size\"><a class=\"wp-block-button__link has-text-align-center wp-element-button\" href=\"https:\/\/rivoli.ch\/it\/rituali-esclusivi\/\">SCOPRI I NOSTRI TRATTAMENTI<\/a><\/div>\n<\/div>\n<\/div>\n\n\n\n<div class=\"wp-block-cover alignfull is-light banner-fd-img banner-waves-img mobile-txt-med\"><span aria-hidden=\"true\" class=\"wp-block-cover__background has-grey-background-color has-background-dim-0 has-background-dim\"><\/span><img loading=\"lazy\" decoding=\"async\" width=\"3000\" height=\"1441\" class=\"wp-block-cover__image-background wp-image-3840\" alt=\"rivoli studio facelab bg1\" src=\"https:\/\/rivoli.ch\/wp-content\/uploads\/2025\/09\/rivoli-studio-facelab-bg1-1.png\" data-object-fit=\"cover\" srcset=\"https:\/\/rivoli.ch\/wp-content\/uploads\/2025\/09\/rivoli-studio-facelab-bg1-1.png 3000w, https:\/\/rivoli.ch\/wp-content\/uploads\/2025\/09\/rivoli-studio-facelab-bg1-1-300x144.webp 300w, https:\/\/rivoli.ch\/wp-content\/uploads\/2025\/09\/rivoli-studio-facelab-bg1-1-1024x492.webp 1024w, https:\/\/rivoli.ch\/wp-content\/uploads\/2025\/09\/rivoli-studio-facelab-bg1-1-768x369.webp 768w, https:\/\/rivoli.ch\/wp-content\/uploads\/2025\/09\/rivoli-studio-facelab-bg1-1-1536x738.webp 1536w, https:\/\/rivoli.ch\/wp-content\/uploads\/2025\/09\/rivoli-studio-facelab-bg1-1-2048x984.webp 2048w, https:\/\/rivoli.ch\/wp-content\/uploads\/2025\/09\/rivoli-studio-facelab-bg1-1-18x9.webp 18w, https:\/\/rivoli.ch\/wp-content\/uploads\/2025\/09\/rivoli-studio-facelab-bg1-1-600x288.webp 600w\" sizes=\"(max-width: 3000px) 100vw, 3000px\" \/><div class=\"wp-block-cover__inner-container is-layout-flow wp-block-cover-is-layout-flow\">\n<h2 class=\"wp-block-heading alignwide has-text-align-center has-serif-font-family\">L\u2019unione esclusiva tra scienza cosmetica e yoga facciale<\/h2>\n\n\n\n<div class=\"wp-block-columns is-layout-flex wp-container-core-columns-is-layout-2 wp-block-columns-is-layout-flex\">\n<div class=\"wp-block-column is-vertically-aligned-stretch has-white-background-color has-background is-layout-flow wp-block-column-is-layout-flow\">\n<p class=\"has-text-align-center has-medium-font-size\">Nel cuore della nostra boutique di Ginevra, FACELAB by RIVOLI ridefinisce l\u2019arte della cura del viso.<br>Unisce l\u2019efficacia scientifica dei trattamenti RIVOLI Gen\u00e8ve alla precisione dei movimenti mirati di ginnastica e yoga facciale.<\/p>\n\n\n\n<p class=\"has-text-align-center has-medium-font-size\">Un rifugio urbano dove ogni rituale \u00e8 concepito per adattarsi alla struttura del tuo viso e rivelarne il pieno potenziale.<\/p>\n<\/div>\n<\/div>\n<\/div><\/div>\n\n\n\n<div class=\"wp-block-media-text alignwide is-stacked-on-mobile mobile-txt-med\"><figure class=\"wp-block-media-text__media\" data-no-zoom=\"true\"><img loading=\"lazy\" decoding=\"async\" width=\"650\" height=\"700\" src=\"https:\/\/rivoli.ch\/wp-content\/uploads\/2025\/09\/rivoli-studio-facelab-studio-2.jpg\" alt=\"Rivoli studio Facelab\" class=\"wp-image-3844 size-full\" srcset=\"https:\/\/rivoli.ch\/wp-content\/uploads\/2025\/09\/rivoli-studio-facelab-studio-2.jpg 650w, https:\/\/rivoli.ch\/wp-content\/uploads\/2025\/09\/rivoli-studio-facelab-studio-2-279x300.webp 279w, https:\/\/rivoli.ch\/wp-content\/uploads\/2025\/09\/rivoli-studio-facelab-studio-2-11x12.webp 11w, https:\/\/rivoli.ch\/wp-content\/uploads\/2025\/09\/rivoli-studio-facelab-studio-2-600x646.webp 600w\" sizes=\"(max-width: 650px) 100vw, 650px\" \/><\/figure><div class=\"wp-block-media-text__content\">\n<h2 class=\"wp-block-heading translation-block\">La Bellezza Intelligente al servizio della tua pelle<\/h2>\n\n\n\n<p class=\"has-medium-font-size\">Al centro dei prodotti RIVOLI c'\u00e8 una profonda convinzione: rafforzare la naturale capacit\u00e0 della pelle di rigenerarsi e rafforzarsi.<\/p>\n\n\n\n<p class=\"has-medium-font-size\">Grazie alla nostra ricerca, siamo in grado di offrire ingredienti dall\u2019elevate prestazioni per risultati comprovati.<\/p>\n\n\n\n<p class=\"has-medium-font-size translation-block\">Le nostre formule sono studiate per essere rispettose sia della pelle che dell'ambiente, per una bellezza <strong>responsabile ed efficace<\/strong>.<\/p>\n\n\n\n<div class=\"wp-block-buttons has-custom-font-size has-normal-font-size is-horizontal is-layout-flex wp-container-core-buttons-is-layout-2 wp-block-buttons-is-layout-flex\">\n<div class=\"wp-block-button btn-transparent\"><a class=\"wp-block-button__link has-text-align-center wp-element-button\" href=\"https:\/\/rivoli.ch\/it\/prodotti\/\">SCOPRI I NOSTRI PRODOTTI<\/a><\/div>\n<\/div>\n<\/div><\/div>\n\n\n\n<div class=\"wp-block-media-text alignwide has-media-on-the-right is-stacked-on-mobile mobile-txt-med\"><div class=\"wp-block-media-text__content\">\n<h2 class=\"wp-block-heading translation-block\">FACELAB,  <br \/>un approccio olistico<\/h2>\n\n\n\n<p class=\"has-medium-font-size\">Al FACELAB by RIVOLI proponiamo un approccio olistico e non invasivo: scolpire, liftare, tonificare \u2013 unicamente attraverso la sinergia fra scienza e intelligenza del gesto. La pelle ritrova elasticit\u00e0 e compattezza, l'incarnato si illumina e i lineamenti si distendono in modo naturale.<\/p>\n\n\n\n<p class=\"has-medium-font-size\"><strong>Senza aghi. Senza artifici.<\/strong> Solo la precisione dei movimenti e le prestazioni delle nostre formule.<br>La combinazione dello yoga facciale e dei nostri trattamenti \u00e8 in linea con la nostra filosofia: rispettare la pelle e dialogare con essa.<\/p>\n\n\n\n<div class=\"wp-block-buttons has-custom-font-size has-normal-font-size is-horizontal is-layout-flex wp-container-core-buttons-is-layout-3 wp-block-buttons-is-layout-flex\">\n<div class=\"wp-block-button btn-transparent\"><a class=\"wp-block-button__link has-text-align-center wp-element-button\" href=\"https:\/\/salonkee.ch\/salon\/facelab-by-rivoli-geneve\/widget\/service?lang=fr\" target=\"_blank\" rel=\"noreferrer noopener\">PRENOTA UNO DEI NOSTRI TRATTAMENTI<\/a><\/div>\n<\/div>\n<\/div><figure class=\"wp-block-media-text__media\" data-no-zoom=\"true\"><img loading=\"lazy\" decoding=\"async\" width=\"650\" height=\"700\" src=\"https:\/\/rivoli.ch\/wp-content\/uploads\/2025\/09\/rivoli-studio-facelab-studio-1.jpg\" alt=\"Rivoli studio Facelab\" class=\"wp-image-3843 size-full\" srcset=\"https:\/\/rivoli.ch\/wp-content\/uploads\/2025\/09\/rivoli-studio-facelab-studio-1.jpg 650w, https:\/\/rivoli.ch\/wp-content\/uploads\/2025\/09\/rivoli-studio-facelab-studio-1-279x300.webp 279w, https:\/\/rivoli.ch\/wp-content\/uploads\/2025\/09\/rivoli-studio-facelab-studio-1-11x12.webp 11w, https:\/\/rivoli.ch\/wp-content\/uploads\/2025\/09\/rivoli-studio-facelab-studio-1-600x646.webp 600w\" sizes=\"(max-width: 650px) 100vw, 650px\" \/><\/figure><\/div>\n\n\n\n<div class=\"wp-block-group alignwide bloc-bleu-clair has-light-background-color has-background is-layout-constrained wp-block-group-is-layout-constrained\">\n<h2 class=\"wp-block-heading alignwide has-text-align-center has-serif-font-family\">Prendi un appuntamento<\/h2>\n\n\n\n<p class=\"has-text-align-center has-medium-font-size translation-block\">Per prenotare un trattamento o un workshop,<br>contattaci telefonicamente al numero <a href=\"tel:0223229010\" target=\"_self\">022 322 90 10<\/a><br>o clicca sul pulsante seguente.<\/p>\n\n\n\n<div class=\"wp-block-buttons has-custom-font-size has-normal-font-size is-horizontal is-content-justification-center is-layout-flex wp-container-core-buttons-is-layout-4 wp-block-buttons-is-layout-flex\">\n<div class=\"wp-block-button has-custom-font-size btn-blanc has-medium-font-size\"><a class=\"wp-block-button__link wp-element-button\" href=\"https:\/\/salonkee.ch\/salon\/facelab-by-rivoli-geneve\/widget\/service?lang=fr\" target=\"_blank\" rel=\"noreferrer noopener\">PRENOTA<\/a><\/div>\n<\/div>\n<\/div>\n\n\n\n<div class=\"wp-block-group alignfull facelab-footer has-primary-background-color has-background is-layout-constrained wp-container-core-group-is-layout-3 wp-block-group-is-layout-constrained\">\n<p class=\"has-text-align-center has-medium-large-font-size\">HAI BISOGNO DI AIUTO O CONSIGLIO? <\/p>\n\n\n\n<div class=\"wp-block-columns is-not-stacked-on-mobile is-layout-flex wp-container-core-columns-is-layout-3 wp-block-columns-is-layout-flex\">\n<div class=\"wp-block-column is-layout-flow wp-block-column-is-layout-flow\">\n<h3 class=\"wp-block-heading has-text-align-center has-serif-font-family\">Telefono<\/h3>\n\n\n\n<p class=\"has-text-align-center\"><a href=\"tel:+41(0)223339010\">+41 (0)22 333 90 10<\/a><\/p>\n<\/div>\n\n\n\n<div class=\"wp-block-column is-layout-flow wp-block-column-is-layout-flow\">\n<h3 class=\"wp-block-heading has-text-align-center has-serif-font-family\">E-mail<\/h3>\n\n\n\n<p class=\"has-text-align-center\"><a href=\"mailto:facelab@rivoli.ch\">facelab@rivoli.ch<\/a><\/p>\n<\/div>\n<\/div>\n<\/div>","protected":false},"excerpt":{"rendered":"<p>Notre Studio beauty on the go Sculptez la beaut\u00e9 naturelle de votre visage Vous aspirez \u00e0 une peau plus ferme, plus lumineuse, \u00e0 un visage harmonieux qui respire la vitalit\u00e9 ?Le FACELAB by RIVOLI est une invitation \u00e0 explorer une nouvelle dimension de la beaut\u00e9. Prendre un rendez-vous Pour r\u00e9servez un soin ou un atelier,contactez-nous [&hellip;]<\/p>","protected":false},"author":11849,"featured_media":0,"parent":0,"menu_order":0,"comment_status":"closed","ping_status":"closed","template":"","meta":{"_seopress_robots_primary_cat":"","_seopress_titles_title":"","_seopress_titles_desc":"Sculptez la beaut\u00e9 naturelle de votre visage. Vous aspirez \u00e0 une peau plus ferme, plus lumineuse, \u00e0 un visage harmonieux qui respire la vitalit\u00e9 ? Le FACELAB by RIVOLI est une invitation \u00e0 explorer une nouvelle dimension de la beaut\u00e9.","_seopress_robots_index":"","footnotes":""},"acf":[],"_links":{"self":[{"href":"https:\/\/rivoli.ch\/it\/wp-json\/wp\/v2\/pages\/3491"}],"collection":[{"href":"https:\/\/rivoli.ch\/it\/wp-json\/wp\/v2\/pages"}],"about":[{"href":"https:\/\/rivoli.ch\/it\/wp-json\/wp\/v2\/types\/page"}],"author":[{"embeddable":true,"href":"https:\/\/rivoli.ch\/it\/wp-json\/wp\/v2\/users\/11849"}],"replies":[{"embeddable":true,"href":"https:\/\/rivoli.ch\/it\/wp-json\/wp\/v2\/comments?post=3491"}],"version-history":[{"count":85,"href":"https:\/\/rivoli.ch\/it\/wp-json\/wp\/v2\/pages\/3491\/revisions"}],"predecessor-version":[{"id":4068,"href":"https:\/\/rivoli.ch\/it\/wp-json\/wp\/v2\/pages\/3491\/revisions\/4068"}],"wp:attachment":[{"href":"https:\/\/rivoli.ch\/it\/wp-json\/wp\/v2\/media?parent=3491"}],"curies":[{"name":"wp","href":"https:\/\/api.w.org\/{rel}","templated":true}]}}