{"id":3434,"date":"2025-08-07T15:27:56","date_gmt":"2025-08-07T13:27:56","guid":{"rendered":"https:\/\/rivoli.ch\/?page_id=3434"},"modified":"2025-08-07T15:27:58","modified_gmt":"2025-08-07T13:27:58","slug":"cosmetici-vegani","status":"publish","type":"page","link":"https:\/\/rivoli.ch\/it\/cosmetici-vegani\/","title":{"rendered":"RIVOLI \u2013 cosmetici vegani al servizio della tua pelle"},"content":{"rendered":"<div class=\"wp-block-group alignwide is-layout-flow wp-block-group-is-layout-flow\">\n<h1 class=\"wp-block-heading has-text-align-center has-base-color has-text-color has-link-color has-serif-font-family has-huge-font-size wp-elements-2c81d043ef3079c1550e30c3cd9633bf\">RIVOLI \u2013 cosmetici vegani al servizio della tua pelle<\/h1>\n\n\n\n<p class=\"has-text-align-center has-primary-color has-text-color has-link-color has-medium-large-font-size wp-elements-758fae70aa037825e5058e011d6a765a\">&nbsp;<\/p>\n\n\n\n<div class=\"wp-block-columns alignwide is-layout-flex wp-container-core-columns-is-layout-1 wp-block-columns-is-layout-flex\">\n<div class=\"wp-block-column is-layout-flow wp-block-column-is-layout-flow\">\n<p class=\"has-text-align-left has-medium-font-size\">Il nostro impegno verso la cosmetica vegana va ben oltre una semplice tendenza. Introdotto gi\u00e0 nel 2016, questo approccio combina la competenza scientifica svizzera con il massimo rispetto per benessere animale e ambiente. Sviluppate nei nostri laboratori dell\u2019Emmental, le formule dimostrano che eccellenza ed etica possono coesistere armoniosamente.<\/p>\n<\/div>\n\n\n\n<div class=\"wp-block-column is-layout-flow wp-block-column-is-layout-flow\">\n<p class=\"has-text-align-left has-medium-font-size\">La certificazione vegana della maggior parte dei nostri prodotti garantisce l\u2019assenza totale di ingredienti di origine animale, senza compromessi in termini di efficacia. La nostra tecnologia esclusiva ASP\u00ae (Advanced Skin Precursors) si basa su attivi vegetali rigorosamente selezionati, con risultati clinicamente provati per tutti i tipi di pelle.<\/p>\n<\/div>\n<\/div>\n<\/div>\n\n\n\n<div class=\"wp-block-media-text alignwide has-media-on-the-right is-stacked-on-mobile marque-bloc-1\" style=\"grid-template-columns:auto 42%\"><div class=\"wp-block-media-text__content\">\n<h2 class=\"wp-block-heading has-base-color has-text-color has-link-color has-medium-large-font-size wp-elements-1184456efefa97f19baa7af4416ae191\">I nostri prodotti al servizio della tua bellezza<\/h2>\n\n\n\n<p>&nbsp;<\/p>\n\n\n\n<ul>\n<li>Efficacia dimostrata da test clinici indipendenti<\/li>\n\n\n\n<li>Formule rispettose della pelle e della natura<\/li>\n\n\n\n<li>Produzione svizzera certificata ISO\u20119001 e ISO\u201114001<\/li>\n\n\n\n<li>Innovazione costante al servizio della bellezza<\/li>\n<\/ul>\n\n\n\n<div class=\"wp-block-buttons is-layout-flex wp-block-buttons-is-layout-flex\">\n<div class=\"wp-block-button\"><a class=\"wp-block-button__link wp-element-button\" href=\"https:\/\/rivoli.ch\/it\/prodotti\/\">D\u00c9COUVRIR NOS Produits<\/a><\/div>\n<\/div>\n<\/div><figure class=\"wp-block-media-text__media\" data-no-zoom=\"true\"><img loading=\"lazy\" decoding=\"async\" width=\"789\" height=\"599\" src=\"https:\/\/rivoli.ch\/wp-content\/uploads\/2024\/07\/rivoli-vegan-logo-small.jpg\" alt=\"rivoli vegan logo small\" class=\"wp-image-1497 size-full\" srcset=\"https:\/\/rivoli.ch\/wp-content\/uploads\/2024\/07\/rivoli-vegan-logo-small.jpg 789w, https:\/\/rivoli.ch\/wp-content\/uploads\/2024\/07\/rivoli-vegan-logo-small-300x228.webp 300w, https:\/\/rivoli.ch\/wp-content\/uploads\/2024\/07\/rivoli-vegan-logo-small-768x583.webp 768w, https:\/\/rivoli.ch\/wp-content\/uploads\/2024\/07\/rivoli-vegan-logo-small-16x12.webp 16w, https:\/\/rivoli.ch\/wp-content\/uploads\/2024\/07\/rivoli-vegan-logo-small-600x456.webp 600w\" sizes=\"(max-width: 789px) 100vw, 789px\" \/><\/figure><\/div>\n\n\n\n<div class=\"wp-block-media-text alignwide is-stacked-on-mobile is-image-fill marque-bloc-2\"><figure class=\"wp-block-media-text__media\" data-no-zoom=\"true\" style=\"background-image:url(https:\/\/rivoli.ch\/wp-content\/uploads\/2024\/04\/des-soins-ecoresponsables-1024x683.webp);background-position:50% 50%\"><img loading=\"lazy\" decoding=\"async\" width=\"1024\" height=\"683\" src=\"https:\/\/rivoli.ch\/wp-content\/uploads\/2024\/04\/des-soins-ecoresponsables-1024x683.webp\" alt=\"des soins ecoresponsables\" class=\"wp-image-566 size-full\" srcset=\"https:\/\/rivoli.ch\/wp-content\/uploads\/2024\/04\/des-soins-ecoresponsables-1024x683.webp 1024w, https:\/\/rivoli.ch\/wp-content\/uploads\/2024\/04\/des-soins-ecoresponsables-600x400.webp 600w, https:\/\/rivoli.ch\/wp-content\/uploads\/2024\/04\/des-soins-ecoresponsables-300x200.webp 300w, https:\/\/rivoli.ch\/wp-content\/uploads\/2024\/04\/des-soins-ecoresponsables-768x512.webp 768w, https:\/\/rivoli.ch\/wp-content\/uploads\/2024\/04\/des-soins-ecoresponsables-1536x1024.webp 1536w, https:\/\/rivoli.ch\/wp-content\/uploads\/2024\/04\/des-soins-ecoresponsables-18x12.webp 18w, https:\/\/rivoli.ch\/wp-content\/uploads\/2024\/04\/des-soins-ecoresponsables.webp 2048w\" sizes=\"(max-width: 1024px) 100vw, 1024px\" \/><\/figure><div class=\"wp-block-media-text__content\">\n<h2 class=\"wp-block-heading has-base-color has-text-color has-link-color has-medium-large-font-size wp-elements-a0828c5f9dd21cfd5862664e4f2db031\"><strong>Cosmetici vegani: definizione<\/strong><\/h2>\n\n\n\n<p>I cosmetici vegani rappresentano una nuova generazione di trattamenti che uniscono efficacia ed etica. Escludono totalmente ingredienti di origine animale e derivati, e non prevedono test su animali in nessuna fase (cruelty\u2011free). Le formule privilegiano attivi vegetali ad alta concentrazione e biotecnologie d\u2019avanguardia per un\u2019efficacia comprovata. I marchi vegani certificano questa doppia esigenza di etica e risultati.<\/p>\n\n\n\n<p>Scegliendo i nostri prodotti vegani, abbracci una bellezza consapevole che rispetta pelle e valori.<\/p>\n\n\n\n<p>Questa alternativa moderna risponde alla domanda di trasparenza e responsabilit\u00e0 ambientale, garantendo risultati visibili.<\/p>\n<\/div><\/div>\n\n\n\n<div class=\"wp-block-media-text alignwide has-media-on-the-right is-stacked-on-mobile marque-bloc-3\"><div class=\"wp-block-media-text__content\">\n<h2 class=\"wp-block-heading has-base-color has-text-color has-link-color has-medium-large-font-size wp-elements-86c03d58e879e6aebe8f9d4fd2af8dd5\"><strong>I nostri prodotti vegani e cruelty\u2011free\u00a0<\/strong><\/h2>\n\n\n\n<p class=\"translation-block\">Quasi tutti i nostri prodotti sono accreditati da <a href=\"https:\/\/www.vegansociety.com\/\" target=\"_self\">The Vegan Society<\/a> o <a href=\"https:\/\/www.swissveg.ch\/fr\" target=\"_self\">Swissveg<\/a> e garantiscono :<\/p>\n\n\n\n<ul>\n<li>Nessun ingrediente di origine animale.<\/li>\n\n\n\n<li>Ingredienti non OGM.<\/li>\n\n\n\n<li>Sviluppo cruelty\u2011free : Non testiamo n\u00e9 i nostri prodotti n\u00e9 i loro ingredienti sugli animali.<\/li>\n<\/ul>\n\n\n\n<p>Ogni prodotto certificato segue un processo rigoroso che verifica ingredienti, formulazione e produzione.<\/p>\n\n\n\n<p>Selezioniamo ingredienti naturali (vegetali, minerali o di biosintesi) ed escludiamo materie prime ad alto impatto ambientale, da risorse rare\/non rinnovabili o associate al lavoro minorile.<\/p>\n<\/div><figure class=\"wp-block-media-text__media\" data-no-zoom=\"true\"><img loading=\"lazy\" decoding=\"async\" width=\"1024\" height=\"1024\" src=\"https:\/\/rivoli.ch\/wp-content\/uploads\/2024\/04\/privilege-eau-jour-2-anti-age-protection-2-1024x1024.webp\" alt=\"le privil\u00e8ge l\u2019eau de jour n\u00b002 anti \u00c2ge &amp; protection\" class=\"wp-image-328 size-full\" srcset=\"https:\/\/rivoli.ch\/wp-content\/uploads\/2024\/04\/privilege-eau-jour-2-anti-age-protection-2-1024x1024.webp 1024w, https:\/\/rivoli.ch\/wp-content\/uploads\/2024\/04\/privilege-eau-jour-2-anti-age-protection-2-300x300.webp 300w, https:\/\/rivoli.ch\/wp-content\/uploads\/2024\/04\/privilege-eau-jour-2-anti-age-protection-2-600x600.webp 600w, https:\/\/rivoli.ch\/wp-content\/uploads\/2024\/04\/privilege-eau-jour-2-anti-age-protection-2-150x150.webp 150w, https:\/\/rivoli.ch\/wp-content\/uploads\/2024\/04\/privilege-eau-jour-2-anti-age-protection-2-768x768.webp 768w, https:\/\/rivoli.ch\/wp-content\/uploads\/2024\/04\/privilege-eau-jour-2-anti-age-protection-2-12x12.webp 12w, https:\/\/rivoli.ch\/wp-content\/uploads\/2024\/04\/privilege-eau-jour-2-anti-age-protection-2.jpg 1280w\" sizes=\"(max-width: 1024px) 100vw, 1024px\" \/><\/figure><\/div>\n\n\n\n<div class=\"wp-block-media-text alignwide is-stacked-on-mobile marque-bloc-4\"><figure class=\"wp-block-media-text__media\" data-no-zoom=\"true\"><img loading=\"lazy\" decoding=\"async\" width=\"789\" height=\"599\" src=\"https:\/\/rivoli.ch\/wp-content\/uploads\/2024\/05\/rivoli-histoire-famille.jpg\" alt=\"rivoli histoire famille\" class=\"wp-image-964 size-full\" srcset=\"https:\/\/rivoli.ch\/wp-content\/uploads\/2024\/05\/rivoli-histoire-famille.jpg 789w, https:\/\/rivoli.ch\/wp-content\/uploads\/2024\/05\/rivoli-histoire-famille-300x228.webp 300w, https:\/\/rivoli.ch\/wp-content\/uploads\/2024\/05\/rivoli-histoire-famille-768x583.webp 768w, https:\/\/rivoli.ch\/wp-content\/uploads\/2024\/05\/rivoli-histoire-famille-16x12.webp 16w, https:\/\/rivoli.ch\/wp-content\/uploads\/2024\/05\/rivoli-histoire-famille-600x456.webp 600w\" sizes=\"(max-width: 789px) 100vw, 789px\" \/><\/figure><div class=\"wp-block-media-text__content\">\n<h2 class=\"wp-block-heading has-base-color has-text-color has-link-color has-medium-large-font-size wp-elements-c0ab04b9d084ee908810c8454d99ea03\">Una certificazione esigente per una bellezza responsabile<\/h2>\n\n\n\n<p>La certificazione prevede controlli regolari e totale trasparenza dei processi. Ogni lotto prodotto nella nostra manifattura ISO dell\u2019Emmental \u00e8 sottoposto ad analisi approfondite; la stessa rigorosit\u00e0 \u00e8 richiesta ai fornitori.<br><br>Grazie a queste garanzie, RIVOLI Gen\u00e8ve offre il meglio della ricerca cosmetica rispettando la tua pelle. Le formule combinano attivi vegetali ad alte prestazioni e tecnologie all\u2019avanguardia, dimostrando che etica ed efficacia possono coesistere senza compromessi. Ci\u00f2 rientra nella nostra visione di \u201cbellezza intelligente\u201d, rispettosa della pelle e del pianeta.<\/p>\n<\/div><\/div>\n\n\n\n<div class=\"wp-block-media-text alignwide has-media-on-the-right is-stacked-on-mobile\"><div class=\"wp-block-media-text__content\">\n<h2 class=\"wp-block-heading has-base-color has-text-color has-link-color has-medium-large-font-size wp-elements-82a6f12fd9e34fb31d3220e82471326f\">Skincare vegana per una bellezza intelligente<\/h2>\n\n\n\n<p>La bellezza di ogni donna \u00e8 unica, e RIVOLI Gen\u00e8ve lo sa. Anni di ricerca e un patrimonio d\u2019eccellenza nello sviluppo di cosmetici vegani ci hanno permesso di creare attivi e formule \u201cintelligenti\u201d in grado di adattarsi a ogni tipo di pelle.<br>&nbsp;<\/p>\n<\/div><figure class=\"wp-block-media-text__media\" data-no-zoom=\"true\"><img loading=\"lazy\" decoding=\"async\" width=\"1024\" height=\"390\" src=\"https:\/\/rivoli.ch\/wp-content\/uploads\/2024\/07\/RIV_COVER-PICT_FB_2-1024x390.webp\" alt=\"riv cover pict fb 2\" class=\"wp-image-1510 size-full\" srcset=\"https:\/\/rivoli.ch\/wp-content\/uploads\/2024\/07\/RIV_COVER-PICT_FB_2-1024x390.webp 1024w, https:\/\/rivoli.ch\/wp-content\/uploads\/2024\/07\/RIV_COVER-PICT_FB_2-300x114.webp 300w, https:\/\/rivoli.ch\/wp-content\/uploads\/2024\/07\/RIV_COVER-PICT_FB_2-768x292.webp 768w, https:\/\/rivoli.ch\/wp-content\/uploads\/2024\/07\/RIV_COVER-PICT_FB_2-1536x585.webp 1536w, https:\/\/rivoli.ch\/wp-content\/uploads\/2024\/07\/RIV_COVER-PICT_FB_2-18x7.webp 18w, https:\/\/rivoli.ch\/wp-content\/uploads\/2024\/07\/RIV_COVER-PICT_FB_2-600x228.webp 600w, https:\/\/rivoli.ch\/wp-content\/uploads\/2024\/07\/RIV_COVER-PICT_FB_2.jpg 1920w\" sizes=\"(max-width: 1024px) 100vw, 1024px\" \/><\/figure><\/div>\n\n\n\n<div class=\"wp-block-media-text alignwide is-stacked-on-mobile is-image-fill\"><figure class=\"wp-block-media-text__media\" data-no-zoom=\"true\" style=\"background-image:url(https:\/\/rivoli.ch\/wp-content\/uploads\/2025\/08\/soins-pour-le-visage-rivoli.jpg);background-position:50% 50%\"><img loading=\"lazy\" decoding=\"async\" width=\"600\" height=\"300\" src=\"https:\/\/rivoli.ch\/wp-content\/uploads\/2025\/08\/soins-pour-le-visage-rivoli.jpg\" alt=\"soins pour le visage rivoli\" class=\"wp-image-3382 size-full\" srcset=\"https:\/\/rivoli.ch\/wp-content\/uploads\/2025\/08\/soins-pour-le-visage-rivoli.jpg 600w, https:\/\/rivoli.ch\/wp-content\/uploads\/2025\/08\/soins-pour-le-visage-rivoli-300x150.webp 300w, https:\/\/rivoli.ch\/wp-content\/uploads\/2025\/08\/soins-pour-le-visage-rivoli-18x9.webp 18w\" sizes=\"(max-width: 600px) 100vw, 600px\" \/><\/figure><div class=\"wp-block-media-text__content\">\n<h2 class=\"wp-block-heading has-base-color has-text-color has-link-color has-medium-large-font-size wp-elements-a1fbac3d041619094fe02e9fc9b0562b\">Un approccio innovativo e vegano ai trattamenti anti\u2011et\u00e0 premium<\/h2>\n\n\n\n<p>Rivoli non conosce limiti quando si tratta di bellezza: tecnologie esclusive (Advanced Skin Precursors\u00ae e strutture multilamellari) e formule di ultima generazione ottenute da piante rare si adattano alla pelle di ogni donna per contrastare i processi di invecchiamento nel pieno rispetto della pelle e dell\u2019ambiente.<\/p>\n\n\n\n<h2 class=\"wp-block-heading has-base-color has-text-color has-link-color has-medium-large-font-size wp-elements-06f9bc23aeee7369bc9176f123d7c46f\">RIVOLI Advanced Skin Precursors\u00ae (ASP\u00ae)<\/h2>\n\n\n\n<p>Il concetto unico di Rivoli si basa sulla \u201ctecnologia dei precursori\u201d: la pelle viene nutrita dall\u2019interno con elementi precursori che converte intelligentemente in attivi biologici naturali (proteine, amminoacidi\u2026).<\/p>\n<\/div><\/div>","protected":false},"excerpt":{"rendered":"<p>RIVOLI, des cosm\u00e9tiques v\u00e9gans au service de votre peau Notre engagement pour une cosm\u00e9tique v\u00e9gane repr\u00e9sente bien plus qu&rsquo;une simple tendance. Cette approche novatrice, mise en place d\u00e8s 2016, combine notre expertise scientifique suisse avec le respect absolu du bien-\u00eatre animal et de l&rsquo;environnement. Nos formules, d\u00e9velopp\u00e9es dans nos laboratoires de l&rsquo;Emmental, d\u00e9montrent qu&rsquo;excellence et [&hellip;]<\/p>","protected":false},"author":11849,"featured_media":0,"parent":0,"menu_order":0,"comment_status":"closed","ping_status":"closed","template":"","meta":{"_seopress_robots_primary_cat":"","_seopress_titles_title":"Cosm\u00e9tiques vegan Rivoli : l'alliance parfaite entre \u00e9thique et efficacit\u00e9","_seopress_titles_desc":"Optez pour des cosm\u00e9tiques vegan alliant efficacit\u00e9 et \u00e9thique, fabriqu\u00e9s en Suisse par Rivoli Gen\u00e8ve pour une beaut\u00e9 responsable !","_seopress_robots_index":"","footnotes":""},"acf":[],"_links":{"self":[{"href":"https:\/\/rivoli.ch\/it\/wp-json\/wp\/v2\/pages\/3434"}],"collection":[{"href":"https:\/\/rivoli.ch\/it\/wp-json\/wp\/v2\/pages"}],"about":[{"href":"https:\/\/rivoli.ch\/it\/wp-json\/wp\/v2\/types\/page"}],"author":[{"embeddable":true,"href":"https:\/\/rivoli.ch\/it\/wp-json\/wp\/v2\/users\/11849"}],"replies":[{"embeddable":true,"href":"https:\/\/rivoli.ch\/it\/wp-json\/wp\/v2\/comments?post=3434"}],"version-history":[{"count":5,"href":"https:\/\/rivoli.ch\/it\/wp-json\/wp\/v2\/pages\/3434\/revisions"}],"predecessor-version":[{"id":3439,"href":"https:\/\/rivoli.ch\/it\/wp-json\/wp\/v2\/pages\/3434\/revisions\/3439"}],"wp:attachment":[{"href":"https:\/\/rivoli.ch\/it\/wp-json\/wp\/v2\/media?parent=3434"}],"curies":[{"name":"wp","href":"https:\/\/api.w.org\/{rel}","templated":true}]}}