{"id":3301,"date":"2025-08-01T14:15:47","date_gmt":"2025-08-01T12:15:47","guid":{"rendered":"https:\/\/rivoli.ch\/?page_id=3301"},"modified":"2025-08-01T14:16:41","modified_gmt":"2025-08-01T12:16:41","slug":"crema-mani","status":"publish","type":"page","link":"https:\/\/rivoli.ch\/it\/crema-mani\/","title":{"rendered":"Crema mani"},"content":{"rendered":"<h1 class=\"wp-block-heading alignwide has-text-align-left page-category__title\"><strong>Crema mani<\/strong><\/h1>\n\n\n\n<div class=\"wp-block-media-text alignwide is-stacked-on-mobile is-image-fill\"><figure class=\"wp-block-media-text__media\" data-no-zoom=\"true\" style=\"background-image:url(https:\/\/rivoli.ch\/wp-content\/uploads\/2025\/07\/Creme-pour-les-mains-RIVOLI-2-1024x354.webp);background-position:50% 50%\"><img loading=\"lazy\" decoding=\"async\" width=\"1024\" height=\"354\" src=\"https:\/\/rivoli.ch\/wp-content\/uploads\/2025\/07\/Creme-pour-les-mains-RIVOLI-2-1024x354.webp\" alt=\"cre\u0300me pour les mains rivoli 2\" class=\"wp-image-3305 size-full\" srcset=\"https:\/\/rivoli.ch\/wp-content\/uploads\/2025\/07\/Creme-pour-les-mains-RIVOLI-2-1024x354.webp 1024w, https:\/\/rivoli.ch\/wp-content\/uploads\/2025\/07\/Creme-pour-les-mains-RIVOLI-2-300x104.webp 300w, https:\/\/rivoli.ch\/wp-content\/uploads\/2025\/07\/Creme-pour-les-mains-RIVOLI-2-768x266.webp 768w, https:\/\/rivoli.ch\/wp-content\/uploads\/2025\/07\/Creme-pour-les-mains-RIVOLI-2-18x6.webp 18w, https:\/\/rivoli.ch\/wp-content\/uploads\/2025\/07\/Creme-pour-les-mains-RIVOLI-2-600x208.webp 600w, https:\/\/rivoli.ch\/wp-content\/uploads\/2025\/07\/Creme-pour-les-mains-RIVOLI-2.jpg 1300w\" sizes=\"(max-width: 1024px) 100vw, 1024px\" \/><\/figure><div class=\"wp-block-media-text__content\">\n<p class=\"translation-block\">Esposizione quotidiana, lavaggi frequenti e sbalzi di temperatura rendono le mani una delle zone pi\u00f9 vulnerabili. La pelle, pi\u00f9 sottile e povera di ghiandole sebacee, richiede cure specifiche per mantenere equilibrio e giovinezza. Spesso \u00e8 la prima a mostrare i segni d\u2019et\u00e0: un\u2019idratazione adeguata diventa essenziale.<\/p>\n\n\n\n<p class=\"translation-block\">Presso Rivoli Geneva abbiamo sviluppato un approccio unico che unisce la nostra competenza svizzera a ingredienti attivi naturali accuratamente selezionati per soddisfare le esigenze specifiche delle tue mani.<\/p>\n<\/div><\/div>\n\n\n\n<h2 class=\"wp-block-heading alignwide page-category__title\">Scopri la migliore crema mani Rivoli<\/h2>\n\n\n\n<div class=\"wp-block-columns alignwide is-layout-flex wp-container-core-columns-is-layout-2 wp-block-columns-is-layout-flex\">\n<div class=\"wp-block-column is-layout-flow wp-block-column-is-layout-flow\"><div data-block-name=\"woocommerce\/single-product\" data-product-id=\"2440\" class=\"wp-block-woocommerce-single-product\">\n<div class=\"wp-block-columns is-layout-flex wp-container-core-columns-is-layout-1 wp-block-columns-is-layout-flex\">\n<div class=\"wp-block-column is-layout-flow wp-block-column-is-layout-flow\"><div data-block-name=\"woocommerce\/product-image\" data-show-sale-badge=\"false\" data-is-descendent-of-single-product-block=\"true\" class=\"wc-block-components-product-image wc-block-grid__product-image\" style=\"\">\n\t\t\t\t\t<a href=\"https:\/\/rivoli.ch\/it\/prodotti\/les-mains-2-0-soin-total-anti-age\/\" style=\"\"> <img loading=\"lazy\" decoding=\"async\" width=\"600\" height=\"600\" src=\"https:\/\/rivoli.ch\/wp-content\/uploads\/2024\/10\/RIV_ECOM-IMAGES_1040X1040_MAINS_1-1-600x600.webp\" class=\"attachment-woocommerce_single size-woocommerce_single\" alt=\"Les Mains 2.0 \u2013 Cura totale antiet\u00e0\" data-testid=\"product-image\" style=\"max-width:none;object-fit:cover;\" srcset=\"https:\/\/rivoli.ch\/wp-content\/uploads\/2024\/10\/RIV_ECOM-IMAGES_1040X1040_MAINS_1-1-600x600.webp 600w, https:\/\/rivoli.ch\/wp-content\/uploads\/2024\/10\/RIV_ECOM-IMAGES_1040X1040_MAINS_1-1-300x300.webp 300w, https:\/\/rivoli.ch\/wp-content\/uploads\/2024\/10\/RIV_ECOM-IMAGES_1040X1040_MAINS_1-1-1024x1024.webp 1024w, https:\/\/rivoli.ch\/wp-content\/uploads\/2024\/10\/RIV_ECOM-IMAGES_1040X1040_MAINS_1-1-150x150.webp 150w, https:\/\/rivoli.ch\/wp-content\/uploads\/2024\/10\/RIV_ECOM-IMAGES_1040X1040_MAINS_1-1-768x768.webp 768w, https:\/\/rivoli.ch\/wp-content\/uploads\/2024\/10\/RIV_ECOM-IMAGES_1040X1040_MAINS_1-1-12x12.webp 12w, https:\/\/rivoli.ch\/wp-content\/uploads\/2024\/10\/RIV_ECOM-IMAGES_1040X1040_MAINS_1-1.jpg 1040w\" sizes=\"(max-width: 600px) 100vw, 600px\" \/><\/a>\n\t\t\t\t<\/div>\n\n<h3 class=\"has-text-align-center wp-block-post-title\"><a href=\"https:\/\/rivoli.ch\/it\/prodotti\/les-mains-2-0-soin-total-anti-age\/\" target=\"_self\" >Les Mains 2.0 \u2013 Cura totale antiet\u00e0<\/a><\/h3>\n\n<div data-block-name=\"woocommerce\/product-price\" data-text-align=\"center\" data-is-descendent-of-single-product-block=\"true\" class=\"wp-block-woocommerce-product-price\"><div class=\"wc-block-components-product-price wc-block-grid__product-price has-text-align-center has-text-align-center\" style=\"\">\n\t\t\t\t\t<span class=\"woocs_price_code\" data-currency=\"\" data-redraw-id=\"69e4ad1b0c4ec\"  data-product-id=\"2440\"><span class=\"woocommerce-Price-amount amount\"><bdi><span class=\"woocommerce-Price-currencySymbol\">&#67;&#72;&#70;<\/span>&nbsp;29.\u2013<\/bdi><\/span><\/span>\n\t\t\t\t<\/div><\/div><\/div>\n<\/div>\n<\/div><\/div>\n\n\n\n<div class=\"wp-block-column is-layout-flow wp-block-column-is-layout-flow\"><\/div>\n\n\n\n<div class=\"wp-block-column is-layout-flow wp-block-column-is-layout-flow\"><\/div>\n\n\n\n<div class=\"wp-block-column is-layout-flow wp-block-column-is-layout-flow\"><\/div>\n<\/div>\n\n\n\n<h2 class=\"wp-block-heading alignwide has-text-align-left page-category__title\">Benefici di una crema mani idratante dedicata<\/h2>\n\n\n\n<div class=\"wp-block-columns alignwide page-category__col2 is-layout-flex wp-container-core-columns-is-layout-3 wp-block-columns-is-layout-flex\">\n<div class=\"wp-block-column is-layout-flow wp-block-column-is-layout-flow\">\n<p class=\"translation-block\">La <strong>texture leggera<\/strong> si assorbe rapidamente formando un film protettivo invisibile. Attivi naturali come l\u2019estratto di semi di tamarindo (acido ialuronico vegetale) idratano in profondit\u00e0, ripristinano la morbidezza e prevengono la secchezza, anche dopo lavaggi ripetuti.<\/p>\n\n\n\n<p class=\"translation-block\">&nbsp;<\/p>\n\n\n\n<p class=\"translation-block\">Le mani ritrovano la loro<\/strong> naturale morbidezza<\/strong>anche dopo ripetute faccende domestiche. L'uso regolare di uno strumento riparatore mantiene la superficie cutanea protetta e ne preserva l'elasticit\u00e0, per una pelle visibilmente pi\u00f9 giovane e confortevole ogni giorno.<\/p>\n<\/div>\n<\/div>\n\n\n\n<h2 class=\"wp-block-heading alignwide page-category__title\">Perch\u00e9 scegliere la crema mani Rivoli?<\/h2>\n\n\n\n<div class=\"wp-block-columns alignwide is-layout-flex wp-container-core-columns-is-layout-4 wp-block-columns-is-layout-flex\">\n<div class=\"wp-block-column is-layout-flow wp-block-column-is-layout-flow\">\n<h3 class=\"wp-block-heading alignwide\"><strong><strong><strong>Le mani secche hanno bisogno di una riparazione efficace.<\/strong><\/strong><\/strong><\/h3>\n\n\n\n<p class=\"translation-block\">Le mani secche hanno bisogno di una riparazione efficace. La nostra formula, arricchita con il precursore ASPRivoli\u00ae, combina principi attivi naturali mirati per rigenerare in profondit\u00e0 le mani indebolite e rigenerare l'epidermide. <strong>Il prezioso olio di Passiflora edulis  (frutto della passione)<\/strong>, ricco di antiossidanti, riattiva il naturale processo di rigenerazione e guarigione per ridensificare l'integrit\u00e0 del tessuto cutaneo. Ridensificata, la pelle acquista spessore.<\/p>\n\n\n\n<p>La texture cremosa si assorbe rapidamente senza lasciare residui untuosi, consentendo un'intensa riparazione delle zone ruvide e delle micro-screpolature. Test clinici rivelano un aumento dell'87% dei livelli di idratazione dopo 7 giorni di utilizzo*.<\/p>\n\n\n\n<p>*<em>Test condotti su 20 volontari per 28 giorni sotto controllo dermatologico.<\/em><\/p>\n\n\n\n<h3 class=\"wp-block-heading\"><strong><strong><strong>La nostra tecnologia brevettata ASPRivoli\u00ae<\/strong><\/strong><\/strong><\/h3>\n\n\n\n<p>Skin is a living organ that reacts to daily changes \u2014 vitamin deficiency, hormones, stress, pollution. It naturally produces its own actives to defend and adapt.\u00a0<\/p>\n\n\n\n<p class=\"translation-block\">With age, fatigue, or stress, these mechanisms may weaken. That\u2019s why RIVOLI developed <strong>ASPRivoli\u00ae<\/strong>, based on biological precursors. These ingredients transform into natural actives upon contact with the skin to compensate for specific needs. The result is reinforced, radiant, visibly younger\u2011looking skin. Used regularly, precursors stimulate the skin\u2019s natural regenerative capacities.<\/p>\n<\/div>\n<\/div>\n\n\n\n<div class=\"wp-block-columns alignwide is-layout-flex wp-container-core-columns-is-layout-5 wp-block-columns-is-layout-flex\">\n<div class=\"wp-block-column is-layout-flow wp-block-column-is-layout-flow\">\n<h3 class=\"wp-block-heading alignwide\"><strong><strong><strong>La migliore crema per mani disidratate e segnate da macchie scure<\/strong><\/strong><\/strong><\/h3>\n\n\n\n<p class=\"translation-block\"><a href=\"https:\/\/rivoli.ch\/it\/prodotti\/les-mains-2-0-soin-total-anti-age\/\" target=\"_self\">La nostra crema <strong>Les Mains 2.0<\/strong><\/a> rivoluziona la cura delle mani grazie al suo esclusivo complesso di <strong>Rheum rhaponticum e Pantenil Triacetato<\/strong>. Questa combinazione esclusiva inibisce la formazione di melanina e ne blocca il trasferimento ai <strong>cheratinociti<\/strong>, riducendo visibilmente le macchie scure del 15,4% dopo 28 giorni di utilizzo.<\/p>\n\n\n\n<p>La sua formula arricchita crea un film protettivo che ripristina la barriera naturale. Gli attivi riparatori, uniti all'esperienza Rivoli, rigenerano intensamente le zone fragili, per mani pi\u00f9 lisce e confortevoli.<\/p>\n\n\n\n<p>L'applicazione quotidiana rivela una texture setosa che si fonde istantaneamente sulla pelle. Le mani ritrovano elasticit\u00e0 e morbidezza, mentre il tono diventa gradualmente pi\u00f9 uniforme, con risultati visibili fin dalle prime applicazioni.<\/p>\n<\/div>\n<\/div>\n\n\n\n<h2 class=\"wp-block-heading alignwide page-category__title\">Consigli d\u2019uso<\/h2>\n\n\n\n<div class=\"wp-block-columns alignwide is-layout-flex wp-container-core-columns-is-layout-6 wp-block-columns-is-layout-flex\">\n<div class=\"wp-block-column is-layout-flow wp-block-column-is-layout-flow\">\n<p>Applicare almeno due volte al giorno, mattina e sera.<\/p>\n\n\n\n<p>Massaggiare con movimenti circolari dal centro della mano verso l\u2019esterno, prestando attenzione a articolazioni e contorno unghie.<\/p>\n<\/div>\n<\/div>\n\n\n\n<figure data-no-zoom=\"true\" class=\"wp-block-image alignfull size-large\"><a href=\"https:\/\/rivoli.ch\/wp-content\/uploads\/2025\/07\/Creme-pour-les-mains-RIVOLI.jpg\"><img loading=\"lazy\" decoding=\"async\" width=\"1024\" height=\"354\" src=\"https:\/\/rivoli.ch\/wp-content\/uploads\/2025\/07\/Creme-pour-les-mains-RIVOLI-1024x354.webp\" alt=\"cre\u0300me pour les mains rivoli\" class=\"wp-image-3306\" srcset=\"https:\/\/rivoli.ch\/wp-content\/uploads\/2025\/07\/Creme-pour-les-mains-RIVOLI-1024x354.webp 1024w, https:\/\/rivoli.ch\/wp-content\/uploads\/2025\/07\/Creme-pour-les-mains-RIVOLI-300x104.webp 300w, https:\/\/rivoli.ch\/wp-content\/uploads\/2025\/07\/Creme-pour-les-mains-RIVOLI-768x266.webp 768w, https:\/\/rivoli.ch\/wp-content\/uploads\/2025\/07\/Creme-pour-les-mains-RIVOLI-18x6.webp 18w, https:\/\/rivoli.ch\/wp-content\/uploads\/2025\/07\/Creme-pour-les-mains-RIVOLI-600x208.webp 600w, https:\/\/rivoli.ch\/wp-content\/uploads\/2025\/07\/Creme-pour-les-mains-RIVOLI.jpg 1300w\" sizes=\"(max-width: 1024px) 100vw, 1024px\" \/><\/a><\/figure>\n\n\n\n<div class=\"wp-block-columns alignwide is-layout-flex wp-container-core-columns-is-layout-7 wp-block-columns-is-layout-flex\">\n<div class=\"wp-block-column is-content-justification-center is-layout-constrained wp-block-column-is-layout-constrained\">\n<h2 class=\"wp-block-heading\">Tutto sulle creme mani<\/h2>\n\n\n<\/div>\n<\/div>","protected":false},"excerpt":{"rendered":"<p>Cr\u00e8me pour les mains Expos\u00e9es quotidiennement aux agressions ext\u00e9rieures, lavages fr\u00e9quents et variations de temp\u00e9rature, vos mains sont parmi les zones les plus vuln\u00e9rables de votre peau. Leur \u00e9piderme, naturellement plus fin et moins riche en glandes s\u00e9bac\u00e9es que le reste du corps, n\u00e9cessite des soins sp\u00e9cifiques pour maintenir son \u00e9quilibre et sa jeunesse. La [&hellip;]<\/p>","protected":false},"author":11849,"featured_media":3306,"parent":0,"menu_order":0,"comment_status":"closed","ping_status":"closed","template":"","meta":{"_seopress_robots_primary_cat":"","_seopress_titles_title":"Cr\u00e8me pour les mains : nos soins anti-\u00e2ge","_seopress_titles_desc":"Redonnez jeunesse \u00e0 vos mains avec notre cr\u00e8me pour les mains anti-\u00e2ge pour une peau douce et hydrat\u00e9e.","_seopress_robots_index":"","footnotes":""},"acf":[],"_links":{"self":[{"href":"https:\/\/rivoli.ch\/it\/wp-json\/wp\/v2\/pages\/3301"}],"collection":[{"href":"https:\/\/rivoli.ch\/it\/wp-json\/wp\/v2\/pages"}],"about":[{"href":"https:\/\/rivoli.ch\/it\/wp-json\/wp\/v2\/types\/page"}],"author":[{"embeddable":true,"href":"https:\/\/rivoli.ch\/it\/wp-json\/wp\/v2\/users\/11849"}],"replies":[{"embeddable":true,"href":"https:\/\/rivoli.ch\/it\/wp-json\/wp\/v2\/comments?post=3301"}],"version-history":[{"count":4,"href":"https:\/\/rivoli.ch\/it\/wp-json\/wp\/v2\/pages\/3301\/revisions"}],"predecessor-version":[{"id":3399,"href":"https:\/\/rivoli.ch\/it\/wp-json\/wp\/v2\/pages\/3301\/revisions\/3399"}],"wp:featuredmedia":[{"embeddable":true,"href":"https:\/\/rivoli.ch\/it\/wp-json\/wp\/v2\/media\/3306"}],"wp:attachment":[{"href":"https:\/\/rivoli.ch\/it\/wp-json\/wp\/v2\/media?parent=3301"}],"curies":[{"name":"wp","href":"https:\/\/api.w.org\/{rel}","templated":true}]}}