{"id":3276,"date":"2025-08-01T14:42:50","date_gmt":"2025-08-01T12:42:50","guid":{"rendered":"https:\/\/rivoli.ch\/?page_id=3276"},"modified":"2025-08-01T15:44:16","modified_gmt":"2025-08-01T13:44:16","slug":"maschera-viso","status":"publish","type":"page","link":"https:\/\/rivoli.ch\/it\/maschera-viso\/","title":{"rendered":"Maschera viso"},"content":{"rendered":"<h1 class=\"wp-block-heading alignwide has-text-align-left page-category__title\">Maschera viso<\/h1>\n\n\n\n<div class=\"wp-block-media-text alignwide is-stacked-on-mobile\"><figure class=\"wp-block-media-text__media\" data-no-zoom=\"true\"><img loading=\"lazy\" decoding=\"async\" width=\"1024\" height=\"354\" src=\"https:\/\/rivoli.ch\/wp-content\/uploads\/2025\/07\/Masque-visage-RIVOLI-1024x354.webp\" alt=\"masque visage rivoli\" class=\"wp-image-3281 size-full\" srcset=\"https:\/\/rivoli.ch\/wp-content\/uploads\/2025\/07\/Masque-visage-RIVOLI-1024x354.webp 1024w, https:\/\/rivoli.ch\/wp-content\/uploads\/2025\/07\/Masque-visage-RIVOLI-300x104.webp 300w, https:\/\/rivoli.ch\/wp-content\/uploads\/2025\/07\/Masque-visage-RIVOLI-768x266.webp 768w, https:\/\/rivoli.ch\/wp-content\/uploads\/2025\/07\/Masque-visage-RIVOLI-18x6.webp 18w, https:\/\/rivoli.ch\/wp-content\/uploads\/2025\/07\/Masque-visage-RIVOLI-600x208.webp 600w, https:\/\/rivoli.ch\/wp-content\/uploads\/2025\/07\/Masque-visage-RIVOLI.jpg 1300w\" sizes=\"(max-width: 1024px) 100vw, 1024px\" \/><\/figure><div class=\"wp-block-media-text__content\">\n<p class=\"translation-block\">Una pausa di bellezza in cui la pelle riceve un trattamento concentrato e mirato. Grazie all\u2019alta concentrazione di attivi e al tempo di posa, agisce pi\u00f9 in profondit\u00e0 dei trattamenti quotidiani.<\/p>\n<\/div><\/div>\n\n\n\n<h2 class=\"wp-block-heading alignwide page-category__title\">Scopri le migliori maschere viso Rivoli<\/h2>\n\n\n\n<div class=\"wp-block-columns alignwide is-layout-flex wp-container-core-columns-is-layout-3 wp-block-columns-is-layout-flex\">\n<div class=\"wp-block-column is-layout-flow wp-block-column-is-layout-flow\"><div data-block-name=\"woocommerce\/single-product\" data-product-id=\"1040\" class=\"wp-block-woocommerce-single-product\">\n<div class=\"wp-block-columns is-layout-flex wp-container-core-columns-is-layout-2 wp-block-columns-is-layout-flex\">\n<div class=\"wp-block-column is-layout-flow wp-block-column-is-layout-flow\"><div data-block-name=\"woocommerce\/product-image\" data-show-sale-badge=\"false\" data-is-descendent-of-single-product-block=\"true\" class=\"wc-block-components-product-image wc-block-grid__product-image\" style=\"\">\n\t\t\t\t\t<a href=\"https:\/\/rivoli.ch\/it\/prodotti\/le-visage-masque-detox-purifiant\/\" style=\"\"> <img loading=\"lazy\" decoding=\"async\" width=\"600\" height=\"600\" src=\"https:\/\/rivoli.ch\/wp-content\/uploads\/2024\/05\/RIV_LV-Masque-detox-ECOM-IMAGES_1040X1040_WHITE_18-600x600.webp\" class=\"attachment-woocommerce_single size-woocommerce_single\" alt=\"Le Visage Masque D\u00e9tox &amp; Purifiant\" data-testid=\"product-image\" style=\"max-width:none;object-fit:cover;\" srcset=\"https:\/\/rivoli.ch\/wp-content\/uploads\/2024\/05\/RIV_LV-Masque-detox-ECOM-IMAGES_1040X1040_WHITE_18-600x600.webp 600w, https:\/\/rivoli.ch\/wp-content\/uploads\/2024\/05\/RIV_LV-Masque-detox-ECOM-IMAGES_1040X1040_WHITE_18-300x300.webp 300w, https:\/\/rivoli.ch\/wp-content\/uploads\/2024\/05\/RIV_LV-Masque-detox-ECOM-IMAGES_1040X1040_WHITE_18-1024x1024.webp 1024w, https:\/\/rivoli.ch\/wp-content\/uploads\/2024\/05\/RIV_LV-Masque-detox-ECOM-IMAGES_1040X1040_WHITE_18-150x150.webp 150w, https:\/\/rivoli.ch\/wp-content\/uploads\/2024\/05\/RIV_LV-Masque-detox-ECOM-IMAGES_1040X1040_WHITE_18-768x768.webp 768w, https:\/\/rivoli.ch\/wp-content\/uploads\/2024\/05\/RIV_LV-Masque-detox-ECOM-IMAGES_1040X1040_WHITE_18-12x12.webp 12w, https:\/\/rivoli.ch\/wp-content\/uploads\/2024\/05\/RIV_LV-Masque-detox-ECOM-IMAGES_1040X1040_WHITE_18.jpg 1040w\" sizes=\"(max-width: 600px) 100vw, 600px\" \/><\/a>\n\t\t\t\t<\/div>\n\n<h3 class=\"has-text-align-center wp-block-post-title\"><a href=\"https:\/\/rivoli.ch\/it\/prodotti\/le-visage-masque-detox-purifiant\/\" target=\"_self\" >Le Visage Masque D\u00e9tox &#038; Purifiant<\/a><\/h3>\n\n<div data-block-name=\"woocommerce\/product-price\" data-text-align=\"center\" data-is-descendent-of-single-product-block=\"true\" class=\"wp-block-woocommerce-product-price\"><div class=\"wc-block-components-product-price wc-block-grid__product-price has-text-align-center has-text-align-center\" style=\"\">\n\t\t\t\t\t<span class=\"woocs_price_code\" data-currency=\"\" data-redraw-id=\"69e16ace6579d\"  data-product-id=\"1040\"><span class=\"woocommerce-Price-amount amount\"><bdi><span class=\"woocommerce-Price-currencySymbol\">&#67;&#72;&#70;<\/span>&nbsp;75.\u2013<\/bdi><\/span><\/span>\n\t\t\t\t<\/div><\/div><\/div>\n\n\n\n<div class=\"wp-block-column is-layout-flow wp-block-column-is-layout-flow\"><div data-block-name=\"woocommerce\/single-product\" data-product-id=\"374\" class=\"wp-block-woocommerce-single-product\">\n<div class=\"wp-block-columns is-layout-flex wp-container-core-columns-is-layout-1 wp-block-columns-is-layout-flex\">\n<div class=\"wp-block-column is-layout-flow wp-block-column-is-layout-flow\"><div data-block-name=\"woocommerce\/product-image\" data-show-sale-badge=\"false\" data-is-descendent-of-single-product-block=\"true\" class=\"wc-block-components-product-image wc-block-grid__product-image\" style=\"\">\n\t\t\t\t\t<a href=\"https:\/\/rivoli.ch\/it\/prodotti\/le-visage-masque-reparateur-n02\/\" style=\"\"> <img loading=\"lazy\" decoding=\"async\" width=\"600\" height=\"600\" src=\"https:\/\/rivoli.ch\/wp-content\/uploads\/2024\/04\/RIV_LV-Masque-Reparateur-ECOM-IMAGES_1040X1040_WHITE_20-600x600.webp\" class=\"attachment-woocommerce_single size-woocommerce_single\" alt=\"Le Visage Masque R\u00e9parateur N\u00b002\" data-testid=\"product-image\" style=\"max-width:none;object-fit:cover;\" srcset=\"https:\/\/rivoli.ch\/wp-content\/uploads\/2024\/04\/RIV_LV-Masque-Reparateur-ECOM-IMAGES_1040X1040_WHITE_20-600x600.webp 600w, https:\/\/rivoli.ch\/wp-content\/uploads\/2024\/04\/RIV_LV-Masque-Reparateur-ECOM-IMAGES_1040X1040_WHITE_20-300x300.webp 300w, https:\/\/rivoli.ch\/wp-content\/uploads\/2024\/04\/RIV_LV-Masque-Reparateur-ECOM-IMAGES_1040X1040_WHITE_20-1024x1024.webp 1024w, https:\/\/rivoli.ch\/wp-content\/uploads\/2024\/04\/RIV_LV-Masque-Reparateur-ECOM-IMAGES_1040X1040_WHITE_20-150x150.webp 150w, https:\/\/rivoli.ch\/wp-content\/uploads\/2024\/04\/RIV_LV-Masque-Reparateur-ECOM-IMAGES_1040X1040_WHITE_20-768x768.webp 768w, https:\/\/rivoli.ch\/wp-content\/uploads\/2024\/04\/RIV_LV-Masque-Reparateur-ECOM-IMAGES_1040X1040_WHITE_20-12x12.webp 12w, https:\/\/rivoli.ch\/wp-content\/uploads\/2024\/04\/RIV_LV-Masque-Reparateur-ECOM-IMAGES_1040X1040_WHITE_20.jpg 1040w\" sizes=\"(max-width: 600px) 100vw, 600px\" \/><\/a>\n\t\t\t\t<\/div>\n\n<h3 class=\"has-text-align-center wp-block-post-title\"><a href=\"https:\/\/rivoli.ch\/it\/prodotti\/le-visage-masque-reparateur-n02\/\" target=\"_self\" >Le Visage Masque R\u00e9parateur N\u00b002<\/a><\/h3>\n\n<div data-block-name=\"woocommerce\/product-price\" data-text-align=\"center\" data-is-descendent-of-single-product-block=\"true\" class=\"wp-block-woocommerce-product-price\"><div class=\"wc-block-components-product-price wc-block-grid__product-price has-text-align-center has-text-align-center\" style=\"\">\n\t\t\t\t\t<span class=\"woocs_price_code\" data-currency=\"\" data-redraw-id=\"69e16ace71716\"  data-product-id=\"374\"><span class=\"woocommerce-Price-amount amount\"><bdi><span class=\"woocommerce-Price-currencySymbol\">&#67;&#72;&#70;<\/span>&nbsp;98.\u2013<\/bdi><\/span><\/span>\n\t\t\t\t<\/div><\/div><\/div>\n<\/div>\n<\/div><\/div>\n\n\n\n<div class=\"wp-block-column is-layout-flow wp-block-column-is-layout-flow\"><\/div>\n\n\n\n<div class=\"wp-block-column is-layout-flow wp-block-column-is-layout-flow\"><\/div>\n<\/div>\n<\/div><\/div>\n<\/div>\n\n\n\n<h2 class=\"wp-block-heading alignwide has-text-align-left page-category__title\">Perch\u00e9 la maschera \u00e8 indispensabile<\/h2>\n\n\n\n<div class=\"wp-block-columns alignwide page-category__col2 is-layout-flex wp-container-core-columns-is-layout-4 wp-block-columns-is-layout-flex\">\n<div class=\"wp-block-column is-layout-flow wp-block-column-is-layout-flow\">\n<p class=\"translation-block\">Le maschere sono ora disponibili in diverse texture per adattarsi alle tue preferenze e alle esigenze della tua pelle. Dalle formule cremose alle texture in gel, ogni maschera offre un'esperienza unica, perfetta per un'applicazione multipla su diverse zone o per alternare il trattamento in base alle esigenze. <br> Una pausa settimanale con una maschera trasforma la tua routine in un momento di benessere, offrendo principi attivi concentrati dove la tua pelle ne ha pi\u00f9 bisogno, per un tono pi\u00f9 fresco, tratti riposati e una texture visibilmente pi\u00f9 levigata.<\/p>\n<\/div>\n<\/div>\n\n\n\n<h2 class=\"wp-block-heading alignwide page-category__title\">Benefici essenziali de una maschera viso<\/h2>\n\n\n\n<div class=\"wp-block-columns alignwide is-layout-flex wp-container-core-columns-is-layout-5 wp-block-columns-is-layout-flex\">\n<div class=\"wp-block-column is-layout-flow wp-block-column-is-layout-flow\">\n<p class=\"translation-block\">Ricca di <strong>ingredienti naturali<\/strong> come il <strong>burro di karit\u00e9<\/strong>, una buona maschera agisce come un concentrato di efficacia per trasformare la pelle. La sua azione intensiva elimina le <strong>cellule morte<\/strong> e stimola il rinnovamento per una <strong>luminosit\u00e0 immediata<\/strong>.<\/p>\n\n\n\n<p class=\"translation-block\"><strong>Le maschere idratanti<\/strong> ripristinano il film idrolipidico, mentre le formule lenitive calmano la sensibilit\u00e0. Per una rigenerazione ottimale, una <strong>maschera da notte<\/strong> agisce in sinergia con il ciclo naturale della pelle.<\/p>\n\n\n\n<p class=\"translation-block\">\u00a0Durante questo <strong>momento di relax<\/strong> settimanale, i principi attivi penetrano in profondit\u00e0 durante il tempo di applicazione, lasciando la pelle visibilmente trasformata e radiosa di salute.<\/p>\n<\/div>\n<\/div>\n\n\n\n<h2 class=\"wp-block-heading alignwide page-category__title\">Come scegliere e applicare la maschera?<\/h2>\n\n\n\n<div class=\"wp-block-columns alignwide is-layout-flex wp-container-core-columns-is-layout-6 wp-block-columns-is-layout-flex\">\n<div class=\"wp-block-column is-layout-flow wp-block-column-is-layout-flow\">\n<p>La scelta dipende dal tipo di pelle e dai risultati desiderati. Le pelli da miste a grasse traggono beneficio dalle maschere purificanti arricchite con argille come il caolino. Le pelli secche preferiscono texture cremose con burri e oli vegetali nutrienti.<\/p>\n\n\n\n<p class=\"translation-block\">Prepara <a href=\"https:\/\/rivoli.ch\/it\/detergente-viso\/\" data-type=\"link\" data-id=\"https:\/\/rivoli.ch\/fr\/nettoyant-visage\/\" target=\"_self\">la pelle detergendola<\/a>, quindi applica uno strato uniforme sul viso, evitando il contorno occhi.<\/p>\n\n\n\n<p class=\"translation-block\">Lascia agire per 10-15 minuti secondo le istruzioni. Un delicato massaggio durante il risciacquo stimola la <strong>microcircolazione<\/strong> e potenzia i risultati. Completa con la tua crema abituale per sigillare i benefici.<\/p>\n<\/div>\n<\/div>\n\n\n\n<h2 class=\"wp-block-heading alignwide page-category__title\">Le nostre maschere<\/h2>\n\n\n\n<div class=\"wp-block-columns alignwide is-layout-flex wp-container-core-columns-is-layout-7 wp-block-columns-is-layout-flex\">\n<div class=\"wp-block-column is-layout-flow wp-block-column-is-layout-flow\">\n<h3 class=\"wp-block-heading alignwide\"><strong><strong><strong><a href=\"https:\/\/rivoli.ch\/it\/prodotti\/le-visage-masque-detox-purifiant\/\" target=\"_self\">Maschera Detox &amp; Purificante<\/a><\/strong><\/strong><\/strong><\/h3>\n\n\n\n<p class=\"translation-block\">Con caolino (argilla bianca ad alto potere assorbente), <strong>olio di cocco, burro di karit\u00e9, glicerina <\/strong>; acido salicilico ed estratti di alghe (Phaeodactylum tricornutum) che liberano i pori. In 10 minuti il colorito appare pi\u00f9 fresco e uniforme. Clinicamente testata<\/p>\n\n\n\n<p class=\"translation-block\">\u00a0La sua formula sensoriale combina inoltre <strong>olio di cocco, burro di karit\u00e9 e glicerina<\/strong> per preservare il comfort della pelle, mentre l'acido salicilico e gli estratti di alghe disintossicanti (Phaeodactylum tricornutum) liberano i pori e favoriscono una pelle pi\u00f9 pulita, morbida e visibilmente pi\u00f9 luminosa.<\/p>\n\n\n\n<p>\u00a0In soli 10 minuti, la sua texture cremosa agisce come un vero e proprio trattamento riequilibrante: i pori si restringono, la grana della pelle si affina e l'incarnato ritrova luminosit\u00e0. Grazie alla presenza di ceramidi e squalano, la barriera cutanea si rafforza, per una pelle lenita e protetta a lungo.<\/p>\n\n\n\n<p>&nbsp;<\/p>\n<\/div>\n<\/div>\n\n\n\n<div class=\"wp-block-columns alignwide is-layout-flex wp-container-core-columns-is-layout-8 wp-block-columns-is-layout-flex\">\n<div class=\"wp-block-column is-layout-flow wp-block-column-is-layout-flow\">\n<h3 class=\"wp-block-heading alignwide\"><strong><strong><strong>Maschera Riparatrice N\u00b002<\/strong><\/strong><\/strong><\/h3>\n\n\n\n<p class=\"translation-block\">Trasforma le tue notti in un momento di rigenerazione con la <a href=\"https:\/\/rivoli.ch\/it\/prodotti\/le-visage-masque-reparateur-n02\/\" target=\"_self\">Maschera Riparatrice N\u00b002 di RIVOLI<\/a>. La sua texture ricca e fondente unisce le virt\u00f9 nutrienti <strong>dell'olio di ricino, del burro di karit\u00e9 e dello squalano<\/strong> all'estratto di tamarindo, noto per le sue propriet\u00e0 idratanti e leviganti.<\/p>\n\n\n\n<p class=\"translation-block\">Arricchita con il complesso precursore ASPRivoli\u00ae, questa cura notte agisce sulle esigenze della pelle nel suo naturale processo di rigenerazione. Insieme alla <strong>niacinamide<\/strong> (vitamina B3), agli aminoacidi derivati \u200b\u200bdall'avena e all'ATP cellulare, stimola il rinnovamento e rinforza la barriera cutanea gi\u00e0 nelle prime ore di riposo.<\/p>\n\n\n\n<p>Clinicamente testata, questa maschera aumenta l'idratazione del +70% in sole 2 ore dall'applicazione, per una pelle pi\u00f9 liscia, morbida e rimpolpata al mattino.<\/p>\n<\/div>\n<\/div>\n\n\n\n<figure data-no-zoom=\"true\" class=\"wp-block-image alignfull size-large\"><a href=\"https:\/\/rivoli.ch\/wp-content\/uploads\/2025\/07\/Masque-visage-RIVOLI-2.jpg\"><img loading=\"lazy\" decoding=\"async\" width=\"1024\" height=\"354\" src=\"https:\/\/rivoli.ch\/wp-content\/uploads\/2025\/07\/Masque-visage-RIVOLI-2-1024x354.webp\" alt=\"masque visage rivoli 2\" class=\"wp-image-3280\" srcset=\"https:\/\/rivoli.ch\/wp-content\/uploads\/2025\/07\/Masque-visage-RIVOLI-2-1024x354.webp 1024w, https:\/\/rivoli.ch\/wp-content\/uploads\/2025\/07\/Masque-visage-RIVOLI-2-300x104.webp 300w, https:\/\/rivoli.ch\/wp-content\/uploads\/2025\/07\/Masque-visage-RIVOLI-2-768x266.webp 768w, https:\/\/rivoli.ch\/wp-content\/uploads\/2025\/07\/Masque-visage-RIVOLI-2-18x6.webp 18w, https:\/\/rivoli.ch\/wp-content\/uploads\/2025\/07\/Masque-visage-RIVOLI-2-600x208.webp 600w, https:\/\/rivoli.ch\/wp-content\/uploads\/2025\/07\/Masque-visage-RIVOLI-2.jpg 1300w\" sizes=\"(max-width: 1024px) 100vw, 1024px\" \/><\/a><\/figure>\n\n\n\n<div class=\"wp-block-columns alignwide is-layout-flex wp-container-core-columns-is-layout-9 wp-block-columns-is-layout-flex\">\n<div class=\"wp-block-column is-content-justification-center is-layout-constrained wp-block-column-is-layout-constrained\">\n<h2 class=\"wp-block-heading\">Tutto sulle maschere<\/h2>\n\n\n<\/div>\n<\/div>","protected":false},"excerpt":{"rendered":"<p>Masque visage Le masque visage repr\u00e9sente une parenth\u00e8se beaut\u00e9 privil\u00e9gi\u00e9e, un moment o\u00f9 votre peau b\u00e9n\u00e9ficie d&rsquo;un soin concentr\u00e9 et cibl\u00e9. Sa richesse en actifs et son temps de pose prolong\u00e9 permettent une action en profondeur, bien au-del\u00e0 des soins quotidiens classiques. V\u00e9ritable concentr\u00e9 d&rsquo;efficacit\u00e9, le masque r\u00e9pond aux besoins sp\u00e9cifiques de votre peau : [&hellip;]<\/p>","protected":false},"author":11849,"featured_media":3281,"parent":0,"menu_order":0,"comment_status":"closed","ping_status":"closed","template":"","meta":{"_seopress_robots_primary_cat":"","_seopress_titles_title":"Masque pour le visage : soins experts pour une peau sublim\u00e9e","_seopress_titles_desc":"Red\u00e9couvrez votre peau avec un masque visage Rivoli : purifiez avec notre d\u00e9tox et r\u00e9parez avec le n\u00b002. \u00c9clat et soin assur\u00e9s.","_seopress_robots_index":"","footnotes":""},"acf":[],"_links":{"self":[{"href":"https:\/\/rivoli.ch\/it\/wp-json\/wp\/v2\/pages\/3276"}],"collection":[{"href":"https:\/\/rivoli.ch\/it\/wp-json\/wp\/v2\/pages"}],"about":[{"href":"https:\/\/rivoli.ch\/it\/wp-json\/wp\/v2\/types\/page"}],"author":[{"embeddable":true,"href":"https:\/\/rivoli.ch\/it\/wp-json\/wp\/v2\/users\/11849"}],"replies":[{"embeddable":true,"href":"https:\/\/rivoli.ch\/it\/wp-json\/wp\/v2\/comments?post=3276"}],"version-history":[{"count":5,"href":"https:\/\/rivoli.ch\/it\/wp-json\/wp\/v2\/pages\/3276\/revisions"}],"predecessor-version":[{"id":3415,"href":"https:\/\/rivoli.ch\/it\/wp-json\/wp\/v2\/pages\/3276\/revisions\/3415"}],"wp:featuredmedia":[{"embeddable":true,"href":"https:\/\/rivoli.ch\/it\/wp-json\/wp\/v2\/media\/3281"}],"wp:attachment":[{"href":"https:\/\/rivoli.ch\/it\/wp-json\/wp\/v2\/media?parent=3276"}],"curies":[{"name":"wp","href":"https:\/\/api.w.org\/{rel}","templated":true}]}}