{"id":3259,"date":"2025-08-01T14:49:14","date_gmt":"2025-08-01T12:49:14","guid":{"rendered":"https:\/\/rivoli.ch\/?page_id=3259"},"modified":"2025-08-01T14:49:16","modified_gmt":"2025-08-01T12:49:16","slug":"detergente-viso","status":"publish","type":"page","link":"https:\/\/rivoli.ch\/it\/detergente-viso\/","title":{"rendered":"Detergente viso"},"content":{"rendered":"<h1 class=\"wp-block-heading alignwide has-text-align-left page-category__title\">Detergente viso<\/h1>\n\n\n\n<div class=\"wp-block-media-text alignwide is-stacked-on-mobile is-image-fill\"><figure class=\"wp-block-media-text__media\" data-no-zoom=\"true\" style=\"background-image:url(https:\/\/rivoli.ch\/wp-content\/uploads\/2025\/07\/Nettoyant-visage-RIVOLI-1024x354.webp);background-position:36% 80%\"><img loading=\"lazy\" decoding=\"async\" width=\"1024\" height=\"354\" src=\"https:\/\/rivoli.ch\/wp-content\/uploads\/2025\/07\/Nettoyant-visage-RIVOLI-1024x354.webp\" alt=\"nettoyant visage rivoli\" class=\"wp-image-3264 size-full\" srcset=\"https:\/\/rivoli.ch\/wp-content\/uploads\/2025\/07\/Nettoyant-visage-RIVOLI-1024x354.webp 1024w, https:\/\/rivoli.ch\/wp-content\/uploads\/2025\/07\/Nettoyant-visage-RIVOLI-300x104.webp 300w, https:\/\/rivoli.ch\/wp-content\/uploads\/2025\/07\/Nettoyant-visage-RIVOLI-768x266.webp 768w, https:\/\/rivoli.ch\/wp-content\/uploads\/2025\/07\/Nettoyant-visage-RIVOLI-18x6.webp 18w, https:\/\/rivoli.ch\/wp-content\/uploads\/2025\/07\/Nettoyant-visage-RIVOLI-600x208.webp 600w, https:\/\/rivoli.ch\/wp-content\/uploads\/2025\/07\/Nettoyant-visage-RIVOLI.jpg 1300w\" sizes=\"(max-width: 1024px) 100vw, 1024px\" \/><\/figure><div class=\"wp-block-media-text__content\">\n<p>La detersione \u00e8 il primo gesto fondamentale di ogni routine. Ogni giorno la pelle affronta inquinamento, trucco, sebo e cellule morte. Un detergente adatto preserva l\u2019equilibrio naturale.<\/p>\n\n\n\n<p>Da Rivoli Gen\u00e8ve, i nostri detergenti sono sviluppati secondo la filosofia \"Bellezza Intelligente\": formule che rispettano e supportano i meccanismi naturali della pelle. Progettati e realizzati nei nostri laboratori svizzeri, combinano attivi accuratamente selezionati per purificare la pelle in modo delicato ma profondo, senza mai seccarla.<\/p>\n\n\n\n<p>Scopri la nostra selezione di detergenti per il viso e scegli quello pi\u00f9 adatto al tuo tipo di pelle.<\/p>\n<\/div><\/div>\n\n\n\n<h2 class=\"wp-block-heading alignwide page-category__title\">I migliori detergenti Rivoli Gen\u00e8ve<\/h2>\n\n\n\n<div class=\"wp-block-columns alignwide is-layout-flex wp-container-core-columns-is-layout-3 wp-block-columns-is-layout-flex\">\n<div class=\"wp-block-column is-layout-flow wp-block-column-is-layout-flow\"><div data-block-name=\"woocommerce\/single-product\" data-product-id=\"417\" class=\"wp-block-woocommerce-single-product\">\n<div class=\"wp-block-columns is-layout-flex wp-container-core-columns-is-layout-2 wp-block-columns-is-layout-flex\">\n<div class=\"wp-block-column is-layout-flow wp-block-column-is-layout-flow\"><div data-block-name=\"woocommerce\/product-image\" data-show-sale-badge=\"false\" data-is-descendent-of-single-product-block=\"true\" class=\"wc-block-components-product-image wc-block-grid__product-image\" style=\"\">\n\t\t\t\t\t<a href=\"https:\/\/rivoli.ch\/it\/prodotti\/le-demaquillant-gel-nettoyant\/\" style=\"\"> <img loading=\"lazy\" decoding=\"async\" width=\"600\" height=\"600\" src=\"https:\/\/rivoli.ch\/wp-content\/uploads\/2024\/04\/RIV_ECOM-IMAGES_1040X1040_WHITE_64-600x600.webp\" class=\"attachment-woocommerce_single size-woocommerce_single\" alt=\"Le D\u00e9maquillant Gel Nettoyant\" data-testid=\"product-image\" style=\"max-width:none;object-fit:cover;\" srcset=\"https:\/\/rivoli.ch\/wp-content\/uploads\/2024\/04\/RIV_ECOM-IMAGES_1040X1040_WHITE_64-600x600.webp 600w, https:\/\/rivoli.ch\/wp-content\/uploads\/2024\/04\/RIV_ECOM-IMAGES_1040X1040_WHITE_64-300x300.webp 300w, https:\/\/rivoli.ch\/wp-content\/uploads\/2024\/04\/RIV_ECOM-IMAGES_1040X1040_WHITE_64-1024x1024.webp 1024w, https:\/\/rivoli.ch\/wp-content\/uploads\/2024\/04\/RIV_ECOM-IMAGES_1040X1040_WHITE_64-150x150.webp 150w, https:\/\/rivoli.ch\/wp-content\/uploads\/2024\/04\/RIV_ECOM-IMAGES_1040X1040_WHITE_64-768x768.webp 768w, https:\/\/rivoli.ch\/wp-content\/uploads\/2024\/04\/RIV_ECOM-IMAGES_1040X1040_WHITE_64-12x12.webp 12w, https:\/\/rivoli.ch\/wp-content\/uploads\/2024\/04\/RIV_ECOM-IMAGES_1040X1040_WHITE_64.jpg 1040w\" sizes=\"(max-width: 600px) 100vw, 600px\" \/><\/a>\n\t\t\t\t<\/div>\n\n<h3 class=\"has-text-align-center wp-block-post-title\"><a href=\"https:\/\/rivoli.ch\/it\/prodotti\/le-demaquillant-gel-nettoyant\/\" target=\"_self\" >Le D\u00e9maquillant Gel Nettoyant<\/a><\/h3>\n\n<div data-block-name=\"woocommerce\/product-price\" data-text-align=\"center\" data-is-descendent-of-single-product-block=\"true\" class=\"wp-block-woocommerce-product-price\"><div class=\"wc-block-components-product-price wc-block-grid__product-price has-text-align-center has-text-align-center\" style=\"\">\n\t\t\t\t\t<span class=\"woocs_price_code\" data-currency=\"\" data-redraw-id=\"69d6a85553695\"  data-product-id=\"417\"><span class=\"woocommerce-Price-amount amount\"><bdi><span class=\"woocommerce-Price-currencySymbol\">&#67;&#72;&#70;<\/span>&nbsp;35.\u2013<\/bdi><\/span><\/span>\n\t\t\t\t<\/div><\/div><\/div>\n\n\n\n<div class=\"wp-block-column is-layout-flow wp-block-column-is-layout-flow\"><div data-block-name=\"woocommerce\/single-product\" data-product-id=\"424\" class=\"wp-block-woocommerce-single-product\">\n<div class=\"wp-block-columns is-layout-flex wp-container-core-columns-is-layout-1 wp-block-columns-is-layout-flex\">\n<div class=\"wp-block-column is-layout-flow wp-block-column-is-layout-flow\"><div data-block-name=\"woocommerce\/product-image\" data-show-sale-badge=\"false\" data-is-descendent-of-single-product-block=\"true\" class=\"wc-block-components-product-image wc-block-grid__product-image\" style=\"\">\n\t\t\t\t\t<a href=\"https:\/\/rivoli.ch\/it\/prodotti\/le-visage-mousse-nettoyante\/\" style=\"\"> <img loading=\"lazy\" decoding=\"async\" width=\"600\" height=\"600\" src=\"https:\/\/rivoli.ch\/wp-content\/uploads\/2024\/04\/RIV_LV-Mousse-ECOM-IMAGES_1040X1040_WHITE_16-600x600.webp\" class=\"attachment-woocommerce_single size-woocommerce_single\" alt=\"Le Visage Mousse Nettoyante\" data-testid=\"product-image\" style=\"max-width:none;object-fit:cover;\" srcset=\"https:\/\/rivoli.ch\/wp-content\/uploads\/2024\/04\/RIV_LV-Mousse-ECOM-IMAGES_1040X1040_WHITE_16-600x600.webp 600w, https:\/\/rivoli.ch\/wp-content\/uploads\/2024\/04\/RIV_LV-Mousse-ECOM-IMAGES_1040X1040_WHITE_16-300x300.webp 300w, https:\/\/rivoli.ch\/wp-content\/uploads\/2024\/04\/RIV_LV-Mousse-ECOM-IMAGES_1040X1040_WHITE_16-1024x1024.webp 1024w, https:\/\/rivoli.ch\/wp-content\/uploads\/2024\/04\/RIV_LV-Mousse-ECOM-IMAGES_1040X1040_WHITE_16-150x150.webp 150w, https:\/\/rivoli.ch\/wp-content\/uploads\/2024\/04\/RIV_LV-Mousse-ECOM-IMAGES_1040X1040_WHITE_16-768x768.webp 768w, https:\/\/rivoli.ch\/wp-content\/uploads\/2024\/04\/RIV_LV-Mousse-ECOM-IMAGES_1040X1040_WHITE_16-12x12.webp 12w, https:\/\/rivoli.ch\/wp-content\/uploads\/2024\/04\/RIV_LV-Mousse-ECOM-IMAGES_1040X1040_WHITE_16.jpg 1040w\" sizes=\"(max-width: 600px) 100vw, 600px\" \/><\/a>\n\t\t\t\t<\/div>\n\n<h3 class=\"has-text-align-center wp-block-post-title\"><a href=\"https:\/\/rivoli.ch\/it\/prodotti\/le-visage-mousse-nettoyante\/\" target=\"_self\" >Le Visage Mousse Nettoyante<\/a><\/h3>\n\n<div data-block-name=\"woocommerce\/product-price\" data-text-align=\"center\" data-is-descendent-of-single-product-block=\"true\" class=\"wp-block-woocommerce-product-price\"><div class=\"wc-block-components-product-price wc-block-grid__product-price has-text-align-center has-text-align-center\" style=\"\">\n\t\t\t\t\t<span class=\"woocs_price_code\" data-currency=\"\" data-redraw-id=\"69d6a85560b00\"  data-product-id=\"424\"><span class=\"woocommerce-Price-amount amount\"><bdi><span class=\"woocommerce-Price-currencySymbol\">&#67;&#72;&#70;<\/span>&nbsp;71.\u2013<\/bdi><\/span><\/span>\n\t\t\t\t<\/div><\/div><\/div>\n<\/div>\n<\/div><\/div>\n\n\n\n<div class=\"wp-block-column is-layout-flow wp-block-column-is-layout-flow\"><\/div>\n\n\n\n<div class=\"wp-block-column is-layout-flow wp-block-column-is-layout-flow\"><\/div>\n<\/div>\n<\/div><\/div>\n<\/div>\n\n\n\n<h2 class=\"wp-block-heading alignwide has-text-align-left page-category__title\">Benefici essenziali di un detergente adeguato<\/h2>\n\n\n\n<div class=\"wp-block-columns alignwide page-category__col2 is-layout-flex wp-container-core-columns-is-layout-4 wp-block-columns-is-layout-flex\">\n<div class=\"wp-block-column is-layout-flow wp-block-column-is-layout-flow\">\n<p class=\"translation-block\">Al centro di una routine di successo, un detergente ben scelto agisce come primo passo protettivo. La sua missione \u00e8 preservare il film idrolipidico rimuovendo <strong>particelle inquinanti<\/strong> e impurit\u00e0 che si accumulano nel corso delle ore.<\/p>\n\n\n\n<p class=\"translation-block\">L'uso quotidiano di un <strong>gel<\/strong> o di una <strong>schiuma<\/strong> libera i pori e aiuta a prevenire <strong>punti neri<\/strong> e imperfezioni. Le formule arricchite, ad esempio con olio di cocco, leniscono e idratano, mentre gli oli delicati sostengono e idratano la barriera cutanea.<\/p>\n\n\n\n<p>Liberata da residui di trucco e cellule morte, la pelle pu\u00f2 respirare di nuovo e ricevere meglio i trattamenti successivi.<\/p>\n<\/div>\n<\/div>\n\n\n\n<h2 class=\"wp-block-heading alignwide page-category__title\">Perch\u00e9 scegliere Rivoli<\/h2>\n\n\n\n<div class=\"wp-block-columns alignwide is-layout-flex wp-container-core-columns-is-layout-5 wp-block-columns-is-layout-flex\">\n<div class=\"wp-block-column is-layout-flow wp-block-column-is-layout-flow\">\n<h3 class=\"wp-block-heading alignwide\"><strong><strong><strong><strong>Formulazione svizzera che rispetta la pelle<\/strong><\/strong><\/strong><\/strong><\/h3>\n\n\n\n<p class=\"translation-block\">Con sede nell'Emmental, <strong>Rivoli<\/strong> beneficia di un ambiente naturale eccezionale che favorisce formulazioni cosmetiche innovative. I nostri laboratori certificati ISO-22716, ISO-9001 e ISO-14001 sviluppano prodotti per la cura della pelle secondo rigorosi standard qualitativi.<\/p>\n\n\n\n<p>Le formule Rivoli integrano solo tensioattivi delicati derivati \u200b\u200bda zucchero e cocco, preservando il microbiota naturale della pelle. Questo approccio rispettoso aiuta anche le pelli sensibili a trovare comfort ed equilibrio.<\/p>\n\n\n\n<p>I nostri team di ricerca privilegiano tecnologie avanzate per una perfetta affinit\u00e0 cutanea, garantendo formule altamente tollerate e testate sotto controllo dermatologico.<\/p>\n\n\n\n<h3 class=\"wp-block-heading\"><strong><strong><strong>Attivi naturali accuratamente selezionati<\/strong><\/strong><\/strong><\/h3>\n\n\n\n<p>Il potere degli attivi naturali risiede nella loro sinergia con la pelle. I laboratori Rivoli selezionano ingredienti di origine vegetale riconosciuti per le loro propriet\u00e0 lenitive e idratanti.<\/p>\n\n\n\n<p>Escludiamo componenti controversi a favore di alternative naturali convalidate da test di efficacia, garantendo detergenti altamente performanti e rispettosi della pelle.<\/p>\n\n\n\n<h3 class=\"wp-block-heading\"><strong><strong><strong>Efficacia comprovata<\/strong><\/strong><\/strong><\/h3>\n\n\n\n<p class=\"translation-block\">Test clinici indipendenti dimostrano una notevole efficacia. Il <em>Gel Detergente<\/em> rimuove fino al 97% di particelle inquinanti e trucco waterproof fin dal primo utilizzo, preservando il microbiota. I risultati mostrano una qualit\u00e0 della pelle visibilmente migliorata e un'elevata soddisfazione da parte dell'utente.<\/p>\n<\/div>\n<\/div>\n\n\n\n<h2 class=\"wp-block-heading alignwide page-category__title\">La nostra routine di doppia detersione per tutti i tipi di pelle<\/h2>\n\n\n\n<div class=\"wp-block-columns alignwide is-layout-flex wp-container-core-columns-is-layout-6 wp-block-columns-is-layout-flex\">\n<div class=\"wp-block-column is-layout-flow wp-block-column-is-layout-flow\">\n<h3 class=\"wp-block-heading alignwide\"><strong><strong><strong>Doppia detersione Rivoli<\/strong><\/strong><\/strong><\/h3>\n\n\n\n<p class=\"translation-block\">Il <em><a href=\"https:\/\/rivoli.ch\/it\/prodotti\/le-demaquillant-gel-nettoyant\/\" data-type=\"link\" data-id=\"https:\/\/rivoli.ch\/fr\/produits\/le-demaquillant-gel-nettoyant\/\" target=\"_self\">Gel Detergente RIVOLI<\/a><\/em>  trasforma la detersione in un momento di cura completa. La sua texture fresca e leggera si trasforma in una schiuma delicata a contatto con l'acqua, rimuovendo efficacemente trucco, impurit\u00e0 e sebo in eccesso.<\/p>\n\n\n\n<p class=\"translation-block\">Grazie <strong>all'olio di cocco<\/strong> dalle propriet\u00e0 detergenti e a un emulsionante derivato dallo zucchero, deterge delicatamente preservando il film idrolipidico. I delicati tensioattivi di origine vegetale consentono una detersione profonda senza aggredire la barriera cutanea.<\/p>\n\n\n\n<p class=\"translation-block\">Gli <strong>oli antiossidanti di noce di macadamia e di semi di melograno aiutano<\/strong> a combattere lo stress ossidativo.<\/p>\n<\/div>\n<\/div>\n\n\n\n<div class=\"wp-block-columns alignwide is-layout-flex wp-container-core-columns-is-layout-7 wp-block-columns-is-layout-flex\">\n<div class=\"wp-block-column is-layout-flow wp-block-column-is-layout-flow\">\n<h3 class=\"wp-block-heading alignwide\"><strong><strong><strong>Le Visage Mousse detergente: freschezza e purezza<\/strong><\/strong><\/strong><\/h3>\n\n\n\n<p class=\"translation-block\">Riscopri il piacere di una pelle purificata grazie alla texture impalpabile del nostro <em><a href=\"https:\/\/rivoli.ch\/it\/prodotti\/le-visage-mousse-nettoyante\/\" target=\"_self\">Cleansing Foam<\/a><\/em>. Grazie alla polvere di riso, offre una delicata esfoliazione che affina la grana della pelle e ne ripristina istantaneamente la luminosit\u00e0.<\/p>\n\n\n\n<p class=\"translation-block\">Arricchita con <strong>niacinammide<\/strong> \u2014 riconosciuta per le sue propriet\u00e0 uniformanti e per il rafforzamento della barriera cutanea, questa schiuma aiuta a lenire la pelle proteggendola dagli agenti aggressivi esterni.<\/p>\n\n\n\n<p class=\"translation-block\"><em>TLa formula<\/em> avvolge la pelle con<strong>allantoina<\/strong>, riconosciuto principio attivo lenitivo che favorisce la rigenerazione, calma le irritazioni e allevia la tensione, per un comfort morbido ed elastico dopo ogni utilizzo.<\/p>\n<\/div>\n<\/div>\n\n\n\n<h2 class=\"wp-block-heading alignwide page-category__title\">Quale detergente per quale tipo di pelle?<\/h2>\n\n\n\n<div class=\"wp-block-columns alignwide is-layout-flex wp-container-core-columns-is-layout-8 wp-block-columns-is-layout-flex\">\n<div class=\"wp-block-column is-layout-flow wp-block-column-is-layout-flow\">\n<p>Scegliere il detergente giusto \u00e8 essenziale per preservare l'equilibrio naturale della pelle. Formule specifiche rispondono alle esigenze di ogni epidermide con attivi mirati che agiscono in sinergia.<\/p>\n<\/div>\n<\/div>\n\n\n\n<div class=\"wp-block-columns alignwide is-layout-flex wp-container-core-columns-is-layout-9 wp-block-columns-is-layout-flex\">\n<div class=\"wp-block-column is-layout-flow wp-block-column-is-layout-flow\">\n<h3 class=\"wp-block-heading alignwide\"><strong><strong><strong>Soluzioni per pelli sensibili e reattive<\/strong><\/strong><\/strong><\/h3>\n\n\n\n<p class=\"translation-block\"><strong>La pelle sensibile<\/strong> necessita di agenti lenitivi che riducano le reazioni. Le formule senza sapone, arricchite con attivi calmanti, rimuovono delicatamente le impurit\u00e0 rinforzando la <strong>barriera cutanea<\/strong>. Per le <strong>pelli secche<\/strong>, \u00e8 possibile integrare lipidi e attivi nutrienti.<\/p>\n\n\n\n<p class=\"translation-block\">Il <em>Gel Detergente Rivoli<\/em> \u00e8 stato specificamente formulato per pelli sensibili e secche: una texture delicata e senza sapone che deterge senza aggredire, ricca di oli di macadamia e cocco con squalano per nutrire, mentre la glicerina trattiene l'idratazione per un comfort immediato e duraturo.<\/p>\n<\/div>\n<\/div>\n\n\n\n<div class=\"wp-block-columns alignwide is-layout-flex wp-container-core-columns-is-layout-10 wp-block-columns-is-layout-flex\">\n<div class=\"wp-block-column is-layout-flow wp-block-column-is-layout-flow\">\n<h3 class=\"wp-block-heading alignwide\"><strong><strong><strong>Trattamento per pelli da miste a grasse<\/strong><\/strong><\/strong><\/h3>\n\n\n\n<p class=\"translation-block\">La <em>Schiuma Detergente Rivoli<\/em> \u00e8 il trattamento di freschezza ideale per le pelli da miste a grasse che cercano purezza ed equilibrio. Arricchito con polvere di riso, t\u00e8 verde, salice bianco e pompelmo, <strong>rimuove efficacemente il sebo in eccesso<\/strong>, restringe i pori e aiuta a prevenire le imperfezioni, rispettando la sensibilit\u00e0 cutanea.<\/p>\n\n\n\n<p>Allantoina, camomilla e proteine \u200b\u200bdell'avena leniscono e idratano, per una pelle pulita, morbida e confortevole, senza sensazione di tensione.<\/p>\n<\/div>\n<\/div>\n\n\n\n<figure data-no-zoom=\"true\" class=\"wp-block-image alignfull size-large\"><a href=\"https:\/\/rivoli.ch\/wp-content\/uploads\/2025\/07\/Nettoyant-visage-RIVOLI-2.jpg\"><img loading=\"lazy\" decoding=\"async\" width=\"1024\" height=\"354\" src=\"https:\/\/rivoli.ch\/wp-content\/uploads\/2025\/07\/Nettoyant-visage-RIVOLI-2-1024x354.webp\" alt=\"nettoyant visage rivoli 2\" class=\"wp-image-3265\" srcset=\"https:\/\/rivoli.ch\/wp-content\/uploads\/2025\/07\/Nettoyant-visage-RIVOLI-2-1024x354.webp 1024w, https:\/\/rivoli.ch\/wp-content\/uploads\/2025\/07\/Nettoyant-visage-RIVOLI-2-300x104.webp 300w, https:\/\/rivoli.ch\/wp-content\/uploads\/2025\/07\/Nettoyant-visage-RIVOLI-2-768x266.webp 768w, https:\/\/rivoli.ch\/wp-content\/uploads\/2025\/07\/Nettoyant-visage-RIVOLI-2-18x6.webp 18w, https:\/\/rivoli.ch\/wp-content\/uploads\/2025\/07\/Nettoyant-visage-RIVOLI-2-600x208.webp 600w, https:\/\/rivoli.ch\/wp-content\/uploads\/2025\/07\/Nettoyant-visage-RIVOLI-2.jpg 1300w\" sizes=\"(max-width: 1024px) 100vw, 1024px\" \/><\/a><\/figure>\n\n\n\n<div class=\"wp-block-columns alignwide is-layout-flex wp-container-core-columns-is-layout-11 wp-block-columns-is-layout-flex\">\n<div class=\"wp-block-column is-content-justification-center is-layout-constrained wp-block-column-is-layout-constrained\">\n<h2 class=\"wp-block-heading\">All about facial cleansers<\/h2>\n\n\n<\/div>\n<\/div>","protected":false},"excerpt":{"rendered":"<p>Nettoyant visage Le nettoyage du visage repr\u00e9sente la premi\u00e8re \u00e9tape fondamentale d&rsquo;une routine beaut\u00e9 efficace. Votre peau fait face quotidiennement \u00e0 de nombreuses agressions : pollution, maquillage, exc\u00e8s de s\u00e9bum, cellules mortes et autres impuret\u00e9s qui s&rsquo;accumulent au fil de la journ\u00e9e. Un nettoyant adapt\u00e9 devient alors votre meilleur alli\u00e9 pour pr\u00e9server l&rsquo;\u00e9quilibre naturel de [&hellip;]<\/p>","protected":false},"author":11849,"featured_media":3264,"parent":0,"menu_order":0,"comment_status":"closed","ping_status":"closed","template":"","meta":{"_seopress_robots_primary_cat":"","_seopress_titles_title":"Nettoyants visage Rivoli pour une peau parfaitement purifi\u00e9e","_seopress_titles_desc":"Transformez votre rituel beaut\u00e9 avec notre double nettoyage visage. Gel d\u00e9maquillant et mousse nettoyante pour une peau nette et hydrat\u00e9e.","_seopress_robots_index":"","footnotes":""},"acf":[],"_links":{"self":[{"href":"https:\/\/rivoli.ch\/it\/wp-json\/wp\/v2\/pages\/3259"}],"collection":[{"href":"https:\/\/rivoli.ch\/it\/wp-json\/wp\/v2\/pages"}],"about":[{"href":"https:\/\/rivoli.ch\/it\/wp-json\/wp\/v2\/types\/page"}],"author":[{"embeddable":true,"href":"https:\/\/rivoli.ch\/it\/wp-json\/wp\/v2\/users\/11849"}],"replies":[{"embeddable":true,"href":"https:\/\/rivoli.ch\/it\/wp-json\/wp\/v2\/comments?post=3259"}],"version-history":[{"count":5,"href":"https:\/\/rivoli.ch\/it\/wp-json\/wp\/v2\/pages\/3259\/revisions"}],"predecessor-version":[{"id":3409,"href":"https:\/\/rivoli.ch\/it\/wp-json\/wp\/v2\/pages\/3259\/revisions\/3409"}],"wp:featuredmedia":[{"embeddable":true,"href":"https:\/\/rivoli.ch\/it\/wp-json\/wp\/v2\/media\/3264"}],"wp:attachment":[{"href":"https:\/\/rivoli.ch\/it\/wp-json\/wp\/v2\/media?parent=3259"}],"curies":[{"name":"wp","href":"https:\/\/api.w.org\/{rel}","templated":true}]}}