{"id":3249,"date":"2025-08-01T14:57:57","date_gmt":"2025-08-01T12:57:57","guid":{"rendered":"https:\/\/rivoli.ch\/?page_id=3249"},"modified":"2026-01-27T11:21:58","modified_gmt":"2026-01-27T10:21:58","slug":"contorno-occhi","status":"publish","type":"page","link":"https:\/\/rivoli.ch\/it\/contorno-occhi\/","title":{"rendered":"Contorno occhi"},"content":{"rendered":"<p><\/p>\n\n\n\n<h1 class=\"wp-block-heading alignwide has-text-align-left page-category__title\">Contorno occhi<\/h1>\n\n\n\n<div class=\"wp-block-media-text alignwide is-stacked-on-mobile\"><figure class=\"wp-block-media-text__media\" data-no-zoom=\"true\"><img loading=\"lazy\" decoding=\"async\" width=\"1024\" height=\"354\" src=\"https:\/\/rivoli.ch\/wp-content\/uploads\/2025\/07\/soin-contour-des-yeux-RIVOLI-1024x354.webp\" alt=\"soin contour des yeux rivoli\" class=\"wp-image-3257 size-full\" srcset=\"https:\/\/rivoli.ch\/wp-content\/uploads\/2025\/07\/soin-contour-des-yeux-RIVOLI-1024x354.webp 1024w, https:\/\/rivoli.ch\/wp-content\/uploads\/2025\/07\/soin-contour-des-yeux-RIVOLI-300x104.webp 300w, https:\/\/rivoli.ch\/wp-content\/uploads\/2025\/07\/soin-contour-des-yeux-RIVOLI-768x266.webp 768w, https:\/\/rivoli.ch\/wp-content\/uploads\/2025\/07\/soin-contour-des-yeux-RIVOLI-18x6.webp 18w, https:\/\/rivoli.ch\/wp-content\/uploads\/2025\/07\/soin-contour-des-yeux-RIVOLI-600x208.webp 600w, https:\/\/rivoli.ch\/wp-content\/uploads\/2025\/07\/soin-contour-des-yeux-RIVOLI.jpg 1300w\" sizes=\"(max-width: 1024px) 100vw, 1024px\" \/><\/figure><div class=\"wp-block-media-text__content\">\n<p>La pelle del contorno occhi \u00e8 3\u20135 volte pi\u00f9 sottile del resto del viso: povera di sebo, con micro\u2011circolazione delicata e minore supporto di collagene \u2014 per questo richiede formule specifiche e dosate con precisione.<\/p>\n\n\n\n<p>\u00a0Un trattamento contorno occhi adatto affronta contemporaneamente diversi problemi: rughe e linee sottili, occhiaie persistenti, antiestetici gonfiori e disidratazione. Noi di Rivoli Geneva abbiamo sviluppato formule ad alte prestazioni, arricchite con principi attivi naturali e tecnologie brevettate per valorizzare il tuo sguardo.<\/p>\n<\/div><\/div>\n\n\n\n<h2 class=\"wp-block-heading alignwide page-category__title\">I migliori trattamenti contorno occhi<\/h2>\n\n\n\n<div class=\"wp-block-columns alignwide is-layout-flex wp-container-core-columns-is-layout-3 wp-block-columns-is-layout-flex\">\n<div class=\"wp-block-column is-layout-flow wp-block-column-is-layout-flow\"><div data-block-name=\"woocommerce\/single-product\" data-product-id=\"432\" class=\"wp-block-woocommerce-single-product\">\n<div class=\"wp-block-columns is-layout-flex wp-container-core-columns-is-layout-1 wp-block-columns-is-layout-flex\">\n<div class=\"wp-block-column is-layout-flow wp-block-column-is-layout-flow\"><div data-block-name=\"woocommerce\/product-image\" data-show-sale-badge=\"false\" data-is-descendent-of-single-product-block=\"true\" class=\"wc-block-components-product-image wc-block-grid__product-image\" style=\"\">\n\t\t\t\t\t<a href=\"https:\/\/rivoli.ch\/it\/prodotti\/le-regard-2-0-traitement-ultra-correctif\/\" style=\"\"> <img loading=\"lazy\" decoding=\"async\" width=\"600\" height=\"600\" src=\"https:\/\/rivoli.ch\/wp-content\/uploads\/2024\/04\/RIV_LR-Traitement-t-bottle-ECOM-IMAGES_1040X1040_WHITE_3-600x600.webp\" class=\"attachment-woocommerce_single size-woocommerce_single\" alt=\"Le Regard 2.0 Traitement Ultra Correctif\" data-testid=\"product-image\" style=\"max-width:none;object-fit:cover;\" srcset=\"https:\/\/rivoli.ch\/wp-content\/uploads\/2024\/04\/RIV_LR-Traitement-t-bottle-ECOM-IMAGES_1040X1040_WHITE_3-600x600.webp 600w, https:\/\/rivoli.ch\/wp-content\/uploads\/2024\/04\/RIV_LR-Traitement-t-bottle-ECOM-IMAGES_1040X1040_WHITE_3-300x300.webp 300w, https:\/\/rivoli.ch\/wp-content\/uploads\/2024\/04\/RIV_LR-Traitement-t-bottle-ECOM-IMAGES_1040X1040_WHITE_3-1024x1024.webp 1024w, https:\/\/rivoli.ch\/wp-content\/uploads\/2024\/04\/RIV_LR-Traitement-t-bottle-ECOM-IMAGES_1040X1040_WHITE_3-150x150.webp 150w, https:\/\/rivoli.ch\/wp-content\/uploads\/2024\/04\/RIV_LR-Traitement-t-bottle-ECOM-IMAGES_1040X1040_WHITE_3-768x768.webp 768w, https:\/\/rivoli.ch\/wp-content\/uploads\/2024\/04\/RIV_LR-Traitement-t-bottle-ECOM-IMAGES_1040X1040_WHITE_3-12x12.webp 12w, https:\/\/rivoli.ch\/wp-content\/uploads\/2024\/04\/RIV_LR-Traitement-t-bottle-ECOM-IMAGES_1040X1040_WHITE_3.jpg 1040w\" sizes=\"(max-width: 600px) 100vw, 600px\" \/><\/a>\n\t\t\t\t<\/div>\n\n<h3 class=\"has-text-align-center wp-block-post-title\"><a href=\"https:\/\/rivoli.ch\/it\/prodotti\/le-regard-2-0-traitement-ultra-correctif\/\" target=\"_self\" >Le Regard 2.0 Traitement Ultra Correctif<\/a><\/h3>\n\n<div data-block-name=\"woocommerce\/product-price\" data-text-align=\"center\" data-is-descendent-of-single-product-block=\"true\" class=\"wp-block-woocommerce-product-price\"><div class=\"wc-block-components-product-price wc-block-grid__product-price has-text-align-center has-text-align-center\" style=\"\">\n\t\t\t\t\t<span class=\"woocs_price_code\" data-currency=\"\" data-redraw-id=\"69d67eee50173\"  data-product-id=\"432\"><span class=\"woocommerce-Price-amount amount\"><bdi><span class=\"woocommerce-Price-currencySymbol\">&#67;&#72;&#70;<\/span>&nbsp;179.\u2013<\/bdi><\/span><\/span>\n\t\t\t\t<\/div><\/div><\/div>\n<\/div>\n<\/div><\/div>\n\n\n\n<div class=\"wp-block-column is-layout-flow wp-block-column-is-layout-flow\"><div data-block-name=\"woocommerce\/single-product\" data-product-id=\"438\" class=\"wp-block-woocommerce-single-product\">\n<div class=\"wp-block-columns is-layout-flex wp-container-core-columns-is-layout-2 wp-block-columns-is-layout-flex\">\n<div class=\"wp-block-column is-layout-flow wp-block-column-is-layout-flow\"><div data-block-name=\"woocommerce\/product-image\" data-show-sale-badge=\"false\" data-is-descendent-of-single-product-block=\"true\" class=\"wc-block-components-product-image wc-block-grid__product-image\" style=\"\">\n\t\t\t\t\t<a href=\"https:\/\/rivoli.ch\/it\/prodotti\/le-regard-serum-liftant-eclat-2-0\/\" style=\"\"> <img loading=\"lazy\" decoding=\"async\" width=\"600\" height=\"600\" src=\"https:\/\/rivoli.ch\/wp-content\/uploads\/2024\/04\/RIV_ECOM-IMAGES_1040X1040_WHITE_-600x600.webp\" class=\"attachment-woocommerce_single size-woocommerce_single\" alt=\"Le Regard S\u00e9rum Liftant \u00c9clat 2.0\" data-testid=\"product-image\" style=\"max-width:none;object-fit:cover;\" srcset=\"https:\/\/rivoli.ch\/wp-content\/uploads\/2024\/04\/RIV_ECOM-IMAGES_1040X1040_WHITE_-600x600.webp 600w, https:\/\/rivoli.ch\/wp-content\/uploads\/2024\/04\/RIV_ECOM-IMAGES_1040X1040_WHITE_-300x300.webp 300w, https:\/\/rivoli.ch\/wp-content\/uploads\/2024\/04\/RIV_ECOM-IMAGES_1040X1040_WHITE_-1024x1024.webp 1024w, https:\/\/rivoli.ch\/wp-content\/uploads\/2024\/04\/RIV_ECOM-IMAGES_1040X1040_WHITE_-150x150.webp 150w, https:\/\/rivoli.ch\/wp-content\/uploads\/2024\/04\/RIV_ECOM-IMAGES_1040X1040_WHITE_-768x768.webp 768w, https:\/\/rivoli.ch\/wp-content\/uploads\/2024\/04\/RIV_ECOM-IMAGES_1040X1040_WHITE_-12x12.webp 12w, https:\/\/rivoli.ch\/wp-content\/uploads\/2024\/04\/RIV_ECOM-IMAGES_1040X1040_WHITE_.jpg 1040w\" sizes=\"(max-width: 600px) 100vw, 600px\" \/><\/a>\n\t\t\t\t<\/div>\n\n<h3 class=\"has-text-align-center wp-block-post-title\"><a href=\"https:\/\/rivoli.ch\/it\/prodotti\/le-regard-serum-liftant-eclat-2-0\/\" target=\"_self\" >Le Regard S\u00e9rum Liftant \u00c9clat 2.0<\/a><\/h3>\n\n<div data-block-name=\"woocommerce\/product-price\" data-text-align=\"center\" data-is-descendent-of-single-product-block=\"true\" class=\"wp-block-woocommerce-product-price\"><div class=\"wc-block-components-product-price wc-block-grid__product-price has-text-align-center has-text-align-center\" style=\"\">\n\t\t\t\t\t<span class=\"woocs_price_code\" data-currency=\"\" data-redraw-id=\"69d67eee5acf4\"  data-product-id=\"438\"><span class=\"woocommerce-Price-amount amount\"><bdi><span class=\"woocommerce-Price-currencySymbol\">&#67;&#72;&#70;<\/span>&nbsp;179.\u2013<\/bdi><\/span><\/span>\n\t\t\t\t<\/div><\/div><\/div>\n<\/div>\n<\/div><\/div>\n\n\n\n<div class=\"wp-block-column is-layout-flow wp-block-column-is-layout-flow\"><\/div>\n\n\n\n<div class=\"wp-block-column is-layout-flow wp-block-column-is-layout-flow\"><\/div>\n<\/div>\n\n\n\n<h2 class=\"wp-block-heading alignwide has-text-align-left page-category__title\">Perch\u00e9 il contorno occhi necessita di cure specifiche ?<\/h2>\n\n\n\n<div class=\"wp-block-columns alignwide page-category__col2 is-layout-flex wp-container-core-columns-is-layout-4 wp-block-columns-is-layout-flex\">\n<div class=\"wp-block-column is-layout-flow wp-block-column-is-layout-flow\">\n<p>La sua anatomia presenta caratteristiche uniche: uno spessore di soli 0,5 mm circa contro i 2 mm del resto del viso, pochissime ghiandole sebacee a proteggerlo e una microcircolazione sanguigna e linfatica delicata, facilmente influenzata da ormoni e stress ossidativo.<\/p>\n\n\n\n<p>Questa fragilit\u00e0 spiega la rapida comparsa di occhiaie e la tendenza al gonfiore.<\/p>\n\n\n\n<p>Con poco tessuto adiposo di supporto e collagene pi\u00f9 fragile, la zona necessita di formule attentamente dosate. Una normale crema viso sarebbe troppo ricca e potrebbe causare la formazione di millia.<\/p>\n<\/div>\n<\/div>\n\n\n\n<h2 class=\"wp-block-heading alignwide page-category__title\">Benefici di una crema contorno occhi specifica?<\/h2>\n\n\n\n<div class=\"wp-block-columns alignwide is-layout-flex wp-container-core-columns-is-layout-5 wp-block-columns-is-layout-flex\">\n<div class=\"wp-block-column is-layout-flow wp-block-column-is-layout-flow\">\n<h3 class=\"wp-block-heading alignwide\"><strong><strong><strong>Azione antirughe mirata<\/strong><\/strong><\/strong><\/h3>\n\n\n\n<p>Le espressioni ripetute sollecitano intensamente il contorno occhi, accelerando la comparsa di linee sottili. Un trattamento antirughe specifico offre una risposta mirata con attivi concentrati.<\/p>\n\n\n\n<p>L'acido ialuronico combinato con peptidi rassodanti offre un effetto lifting immediato stimolando al contempo il collagene naturale. Questa azione rimpolpante attenua visibilmente le zampe di gallina e le rughe esterne degli occhi.<\/p>\n\n\n\n<p>Le texture leggere e di origine naturale si assorbono rapidamente senza residui, per un aspetto pi\u00f9 fresco e riposato fin dalle prime applicazioni.<\/p>\n<\/div>\n<\/div>\n\n\n\n<div class=\"wp-block-columns alignwide is-layout-flex wp-container-core-columns-is-layout-6 wp-block-columns-is-layout-flex\">\n<div class=\"wp-block-column is-layout-flow wp-block-column-is-layout-flow\">\n<h3 class=\"wp-block-heading alignwide\"><strong><strong><strong>Qual \u00e8 il prodotto pi\u00f9 efficace contro le occhiaie?<\/strong><\/strong><\/strong><\/h3>\n\n\n\n<p>Le occhiaie ostinate possono conferire allo sguardo un aspetto stanco. La nostra competenza svizzera ha identificato i meccanismi alla base della loro formazione: microcircolazione rallentata e accumulo di pigmento nei tessuti.<\/p>\n\n\n\n<p>L'applicazione di un trattamento contorno occhi mirato stimola il drenaggio linfatico e la disintossicazione. La vitamina C combinata con attivi decongestionanti uniforma il tono e illumina lo sguardo. Per risultati ottimali, conservare il trattamento contorno occhi in frigorifero: l'effetto rinfrescante favorisce il drenaggio.<\/p>\n\n\n\n<p>ASPRivoli\u00ae rinforza le pareti dei vasi sanguigni e regola la sintesi di melanina, responsabile della colorazione delle occhiaie. Queste azioni combinate ne riducono la visibilit\u00e0 in soli 14 giorni.<\/p>\n<\/div>\n<\/div>\n\n\n\n<div class=\"wp-block-columns alignwide is-layout-flex wp-container-core-columns-is-layout-7 wp-block-columns-is-layout-flex\">\n<div class=\"wp-block-column is-layout-flow wp-block-column-is-layout-flow\">\n<h3 class=\"wp-block-heading alignwide\"><strong><strong><strong>Un effetto decongestante sulle borse<\/strong><\/strong><\/strong><\/h3>\n\n\n\n<p>L'accumulo di liquidi linfatici sotto gli occhi crea gonfiore, particolarmente visibile al risveglio. Un trattamento occhi specifico con attivi decongestionanti, come la caffeina di origine vegetale, favorisce naturalmente il drenaggio.<\/p>\n\n\n\n<p>Una texture in gel arricchita con ippocastano e cetriolo rafforza le pareti dei vasi riducendo al contempo la ritenzione idrica. Per massimizzare l'effetto decongestante, applicare con un massaggio delicato per attivare la microcircolazione.<\/p>\n\n\n\n<p>I risultati sono visibili fin dalle prime applicazioni: lo sguardo appare pi\u00f9 fresco e le borse diminuiscono progressivamente. Studi clinici dimostrano una riduzione media del volume delle borse del 7,5% dopo 6 settimane di utilizzo quotidiano.<\/p>\n<\/div>\n<\/div>\n\n\n\n<h2 class=\"wp-block-heading alignwide page-category__title\">RIVOLI \u2014 L\u2019expertise svizzera per lo sguardo<\/h2>\n\n\n\n<div class=\"wp-block-columns alignwide page-category__col2 is-layout-flex wp-container-core-columns-is-layout-8 wp-block-columns-is-layout-flex\">\n<div class=\"wp-block-column is-layout-flow wp-block-column-is-layout-flow\">\n<p>Il nostro stabilimento dell'Emmental, certificato ISO, ospita un centro di ricerca dedicato alla cura del contorno occhi. Gli scienziati di Rivoli sviluppano formule uniche che combinano attivi naturali e tecnologie brevettate.<\/p>\n\n\n\n<p>Le Traitement Ultra Correctif e il S\u00e9rum Liftant \u00c9clat incarnano questa eccellenza svizzera. Questi trattamenti integrano i precursori ASPRivoli\u00ae, che stimolano naturalmente il collagene, insieme a estratti botanici accuratamente selezionati.<\/p>\n\n\n\n<p>Le nostre formule rispettano la delicatezza della zona oculare con texture eleganti, senza profumo e arricchite con attivi specifici per questa zona fragile. Ogni prodotto \u00e8 testato oftalmologicamente per garantire una tolleranza ottimale.<\/p>\n<\/div>\n<\/div>\n\n\n\n<h2 class=\"wp-block-heading alignwide page-category__title\">Le Regard N\u00b002 \u2014 la nostra linea iconica<\/h2>\n\n\n\n<div class=\"wp-block-columns alignwide is-layout-flex wp-container-core-columns-is-layout-9 wp-block-columns-is-layout-flex\">\n<div class=\"wp-block-column is-layout-flow wp-block-column-is-layout-flow\">\n<h3 class=\"wp-block-heading alignwide\"><strong><strong><strong>Le Traitement Ultra Correctif \u2014 anti-et\u00e0 di alta precisione<\/strong><\/strong><\/strong><\/h3>\n\n\n\n<p>Questa formula avanzata unisce la tecnologia ASPRivoli\u00ae a un complesso botanico radicato nella farmacopea tradizionale cinese e ayurvedica.<\/p>\n\n\n\n<p class=\"translation-block\">Combina la <strong>niacinamide<\/strong> per illuminare, lo <strong>squalano<\/strong> idratante e le <strong>ceramidi<\/strong> per riparare la barriera cutanea, levigando e proteggendo il fragile contorno occhi.<\/p>\n\n\n\n<p>I test clinici dimostrano un'efficacia multi-azione: -30,3% di occhiaie dopo 42 giorni, -23,6% di rughe e borse visibilmente ridotte. Grazie alla sua texture cremosa arricchita con estratto di semi di tamarindo, garantisce un'idratazione ottimale.<\/p>\n\n\n\n<p>\u00a0La nostra formula pulita ed eco-compatibile, testata sotto controllo oftalmologico, rispetta la delicata zona del contorno occhi. Ultra Corrective Treatment 2.0 protegge questa zona sensibile dalle aggressioni esterne, rafforzandone al contempo la funzione barriera attraverso la naturale riattivazione delle proteine \u200b\u200bcutanee.<\/p>\n<\/div>\n<\/div>\n\n\n\n<div class=\"wp-block-columns alignwide is-layout-flex wp-container-core-columns-is-layout-10 wp-block-columns-is-layout-flex\">\n<div class=\"wp-block-column is-layout-flow wp-block-column-is-layout-flow\">\n<h3 class=\"wp-block-heading alignwide\"><strong><strong><strong>S\u00e9rum Liftant \u00c9clat \u2014 innovazione anti-occhiaie<\/strong><\/strong><\/strong><\/h3>\n\n\n\n<p class=\"translation-block\">Una formula arricchita con pigmenti perlati intelligenti che diffondono la luce in modo ottimale per una luminosit\u00e0 istantanea.<\/p>\n\n\n\n<p>La nostra miscela esclusiva include estratto di sorgo tonificante, pantenolo lenitivo e olio di cocco nutriente per rinfrescare, ammorbidire e rivitalizzare visibilmente il contorno occhi.<\/p>\n\n\n\n<p class=\"translation-block\">La texture ultra-leggera si assorbe rapidamente per un effetto tensore immediato. Gli <a href=\"https:\/\/rivoli.ch\/wp-content\/uploads\/2024\/04\/LE-REGARD-2.0-lifting-radiance.pdf\" target=\"_self\">studi clinici<\/a>  confermano l'efficacia: -22,8% di rughe in 28 giorni.<\/p>\n<\/div>\n<\/div>\n\n\n\n<figure data-no-zoom=\"true\" class=\"wp-block-image alignfull size-large\"><a href=\"https:\/\/rivoli.ch\/wp-content\/uploads\/2025\/07\/Le-Regard-2.0-RIVOLI.jpg\"><img loading=\"lazy\" decoding=\"async\" width=\"1024\" height=\"354\" src=\"https:\/\/rivoli.ch\/wp-content\/uploads\/2025\/07\/Le-Regard-2.0-RIVOLI-1024x354.webp\" alt=\"Soin contour des yeux le regard 2.0 rivoli\" class=\"wp-image-3253\" srcset=\"https:\/\/rivoli.ch\/wp-content\/uploads\/2025\/07\/Le-Regard-2.0-RIVOLI-1024x354.webp 1024w, https:\/\/rivoli.ch\/wp-content\/uploads\/2025\/07\/Le-Regard-2.0-RIVOLI-300x104.webp 300w, https:\/\/rivoli.ch\/wp-content\/uploads\/2025\/07\/Le-Regard-2.0-RIVOLI-768x266.webp 768w, https:\/\/rivoli.ch\/wp-content\/uploads\/2025\/07\/Le-Regard-2.0-RIVOLI-18x6.webp 18w, https:\/\/rivoli.ch\/wp-content\/uploads\/2025\/07\/Le-Regard-2.0-RIVOLI-600x208.webp 600w, https:\/\/rivoli.ch\/wp-content\/uploads\/2025\/07\/Le-Regard-2.0-RIVOLI.jpg 1300w\" sizes=\"(max-width: 1024px) 100vw, 1024px\" \/><\/a><\/figure>\n\n\n\n<div class=\"wp-block-columns alignwide is-layout-flex wp-container-core-columns-is-layout-11 wp-block-columns-is-layout-flex\">\n<div class=\"wp-block-column is-content-justification-center is-layout-constrained wp-block-column-is-layout-constrained\">\n<h2 class=\"wp-block-heading\">Tutto sulla cura dello sguardo<\/h2>\n\n\n\n<div class=\"wp-block-group is-layout-constrained wp-block-group-is-layout-constrained\"><\/div>\n<\/div>\n<\/div>","protected":false},"excerpt":{"rendered":"<p>Soin contour des yeux La peau du contour des yeux, 3 \u00e0 5 fois plus fine que celle du reste du visage, est particuli\u00e8rement vuln\u00e9rable aux signes de fatigue et de vieillissement. Cette zone d\u00e9licate, sollicit\u00e9e plus de 10 000 fois par jour par nos expressions, n\u00e9cessite des soins sp\u00e9cifiquement formul\u00e9s pour r\u00e9pondre \u00e0 ses [&hellip;]<\/p>","protected":false},"author":11849,"featured_media":3253,"parent":0,"menu_order":0,"comment_status":"closed","ping_status":"closed","template":"","meta":{"_seopress_robots_primary_cat":"","_seopress_titles_title":"Cr\u00e8me contour des yeux : les secrets d'une peau sublim\u00e9e avec Rivoli","_seopress_titles_desc":"Soin contour des yeux Rivoli : \u00c9clat instantan\u00e9, hydratation profonde, anti-rides avec Le Regard 2.0, pour un regard frais et rajeuni.","_seopress_robots_index":"","footnotes":""},"acf":[],"_links":{"self":[{"href":"https:\/\/rivoli.ch\/it\/wp-json\/wp\/v2\/pages\/3249"}],"collection":[{"href":"https:\/\/rivoli.ch\/it\/wp-json\/wp\/v2\/pages"}],"about":[{"href":"https:\/\/rivoli.ch\/it\/wp-json\/wp\/v2\/types\/page"}],"author":[{"embeddable":true,"href":"https:\/\/rivoli.ch\/it\/wp-json\/wp\/v2\/users\/11849"}],"replies":[{"embeddable":true,"href":"https:\/\/rivoli.ch\/it\/wp-json\/wp\/v2\/comments?post=3249"}],"version-history":[{"count":8,"href":"https:\/\/rivoli.ch\/it\/wp-json\/wp\/v2\/pages\/3249\/revisions"}],"predecessor-version":[{"id":4245,"href":"https:\/\/rivoli.ch\/it\/wp-json\/wp\/v2\/pages\/3249\/revisions\/4245"}],"wp:featuredmedia":[{"embeddable":true,"href":"https:\/\/rivoli.ch\/it\/wp-json\/wp\/v2\/media\/3253"}],"wp:attachment":[{"href":"https:\/\/rivoli.ch\/it\/wp-json\/wp\/v2\/media?parent=3249"}],"curies":[{"name":"wp","href":"https:\/\/api.w.org\/{rel}","templated":true}]}}