{"id":3004,"date":"2025-08-01T11:42:02","date_gmt":"2025-08-01T09:42:02","guid":{"rendered":"https:\/\/rivoli.ch\/?page_id=3004"},"modified":"2025-10-24T09:09:38","modified_gmt":"2025-10-24T07:09:38","slug":"crema-viso","status":"publish","type":"page","link":"https:\/\/rivoli.ch\/it\/crema-viso\/","title":{"rendered":"Cr\u00e8me pour le visage"},"content":{"rendered":"<h1 class=\"wp-block-heading alignwide has-text-align-left page-category__title translation-block\">Crema viso<\/h1>\n\n\n\n<div class=\"wp-block-media-text alignwide is-stacked-on-mobile\"><figure class=\"wp-block-media-text__media\" data-no-zoom=\"true\"><img loading=\"lazy\" decoding=\"async\" width=\"600\" height=\"300\" src=\"https:\/\/rivoli.ch\/wp-content\/uploads\/2025\/08\/soins-pour-le-visage-rivoli.jpg\" alt=\"soins pour le visage rivoli\" class=\"wp-image-3382 size-full\" srcset=\"https:\/\/rivoli.ch\/wp-content\/uploads\/2025\/08\/soins-pour-le-visage-rivoli.jpg 600w, https:\/\/rivoli.ch\/wp-content\/uploads\/2025\/08\/soins-pour-le-visage-rivoli-300x150.webp 300w, https:\/\/rivoli.ch\/wp-content\/uploads\/2025\/08\/soins-pour-le-visage-rivoli-18x9.webp 18w\" sizes=\"(max-width: 600px) 100vw, 600px\" \/><\/figure><div class=\"wp-block-media-text__content\">\n<p class=\"translation-block\">Idratare, proteggere e nutrire sono gesti essenziali per preservare luminosit\u00e0 e giovinezza. Da <strong>Rivoli Gen\u00e8ve<\/strong> abbiamo sviluppato creme viso che rispondono alle esigenze di ogni tipo di pelle, unendo competenza scientifica e ingredienti d\u2019eccezione. Le nostre formule vegane ed eco\u2011responsabili rispettano la pelle massimizzando l\u2019efficacia.<\/p>\n<\/div><\/div>\n\n\n\n<h2 class=\"wp-block-heading alignwide page-category__title translation-block\">Scopri le migliori creme viso Rivoli<\/h2>\n\n\n\n<div class=\"wp-block-columns is-layout-flex wp-container-core-columns-is-layout-5 wp-block-columns-is-layout-flex\">\n<div class=\"wp-block-column is-layout-flow wp-block-column-is-layout-flow\"><div data-block-name=\"woocommerce\/single-product\" data-product-id=\"353\" class=\"wp-block-woocommerce-single-product\">\n<div class=\"wp-block-columns is-layout-flex wp-container-core-columns-is-layout-1 wp-block-columns-is-layout-flex\">\n<div class=\"wp-block-column is-layout-flow wp-block-column-is-layout-flow\"><div data-block-name=\"woocommerce\/product-image\" data-show-sale-badge=\"false\" data-is-descendent-of-single-product-block=\"true\" class=\"wc-block-components-product-image wc-block-grid__product-image\" style=\"\">\n\t\t\t\t\t<a href=\"https:\/\/rivoli.ch\/it\/prodotti\/le-privilege-la-creme\/\" style=\"\"> <img loading=\"lazy\" decoding=\"async\" width=\"600\" height=\"600\" src=\"https:\/\/rivoli.ch\/wp-content\/uploads\/2024\/04\/RIV_La-Creme-50ml-pack-ECOM-IMAGES_1040X1040_WHITE__21-600x600.webp\" class=\"attachment-woocommerce_single size-woocommerce_single\" alt=\"Le Privil\u00e8ge La Cr\u00e8me\" data-testid=\"product-image\" style=\"max-width:none;object-fit:cover;\" srcset=\"https:\/\/rivoli.ch\/wp-content\/uploads\/2024\/04\/RIV_La-Creme-50ml-pack-ECOM-IMAGES_1040X1040_WHITE__21-600x600.webp 600w, https:\/\/rivoli.ch\/wp-content\/uploads\/2024\/04\/RIV_La-Creme-50ml-pack-ECOM-IMAGES_1040X1040_WHITE__21-300x300.webp 300w, https:\/\/rivoli.ch\/wp-content\/uploads\/2024\/04\/RIV_La-Creme-50ml-pack-ECOM-IMAGES_1040X1040_WHITE__21-1024x1024.webp 1024w, https:\/\/rivoli.ch\/wp-content\/uploads\/2024\/04\/RIV_La-Creme-50ml-pack-ECOM-IMAGES_1040X1040_WHITE__21-150x150.webp 150w, https:\/\/rivoli.ch\/wp-content\/uploads\/2024\/04\/RIV_La-Creme-50ml-pack-ECOM-IMAGES_1040X1040_WHITE__21-768x768.webp 768w, https:\/\/rivoli.ch\/wp-content\/uploads\/2024\/04\/RIV_La-Creme-50ml-pack-ECOM-IMAGES_1040X1040_WHITE__21-12x12.webp 12w, https:\/\/rivoli.ch\/wp-content\/uploads\/2024\/04\/RIV_La-Creme-50ml-pack-ECOM-IMAGES_1040X1040_WHITE__21.jpg 1040w\" sizes=\"(max-width: 600px) 100vw, 600px\" \/><\/a>\n\t\t\t\t<\/div>\n\n<h3 class=\"has-text-align-center wp-block-post-title\"><a href=\"https:\/\/rivoli.ch\/it\/prodotti\/le-privilege-la-creme\/\" target=\"_self\" >Le Privil\u00e8ge La Cr\u00e8me<\/a><\/h3>\n\n<div data-block-name=\"woocommerce\/product-price\" data-text-align=\"center\" data-is-descendent-of-single-product-block=\"true\" class=\"wp-block-woocommerce-product-price\"><div class=\"wc-block-components-product-price wc-block-grid__product-price has-text-align-center has-text-align-center\" style=\"\">\n\t\t\t\t\t<span class=\"woocs_price_code\" data-currency=\"\" data-redraw-id=\"69d61c515ad7b\"  data-product-id=\"353\"><span class=\"woocommerce-Price-amount amount\"><bdi><span class=\"woocommerce-Price-currencySymbol\">&#67;&#72;&#70;<\/span>&nbsp;375.\u2013<\/bdi><\/span><\/span>\n\t\t\t\t<\/div><\/div><\/div>\n<\/div>\n<\/div><\/div>\n\n\n\n<div class=\"wp-block-column is-layout-flow wp-block-column-is-layout-flow\"><div data-block-name=\"woocommerce\/single-product\" data-product-id=\"410\" class=\"wp-block-woocommerce-single-product\">\n<div class=\"wp-block-columns is-layout-flex wp-container-core-columns-is-layout-2 wp-block-columns-is-layout-flex\">\n<div class=\"wp-block-column is-layout-flow wp-block-column-is-layout-flow\"><div data-block-name=\"woocommerce\/product-image\" data-show-sale-badge=\"false\" data-is-descendent-of-single-product-block=\"true\" class=\"wc-block-components-product-image wc-block-grid__product-image\" style=\"\">\n\t\t\t\t\t<a href=\"https:\/\/rivoli.ch\/it\/prodotti\/le-visage-creme-nutrition-intense\/\" style=\"\"> <img loading=\"lazy\" decoding=\"async\" width=\"600\" height=\"600\" src=\"https:\/\/rivoli.ch\/wp-content\/uploads\/2024\/04\/RIV_LV-Creme-Nutrition-IntenseECOM-IMAGES_1040X1040_WHITE_22-600x600.webp\" class=\"attachment-woocommerce_single size-woocommerce_single\" alt=\"Le Visage Cr\u00e8me Nutrition Intense\" data-testid=\"product-image\" style=\"max-width:none;object-fit:cover;\" srcset=\"https:\/\/rivoli.ch\/wp-content\/uploads\/2024\/04\/RIV_LV-Creme-Nutrition-IntenseECOM-IMAGES_1040X1040_WHITE_22-600x600.webp 600w, https:\/\/rivoli.ch\/wp-content\/uploads\/2024\/04\/RIV_LV-Creme-Nutrition-IntenseECOM-IMAGES_1040X1040_WHITE_22-300x300.webp 300w, https:\/\/rivoli.ch\/wp-content\/uploads\/2024\/04\/RIV_LV-Creme-Nutrition-IntenseECOM-IMAGES_1040X1040_WHITE_22-1024x1024.webp 1024w, https:\/\/rivoli.ch\/wp-content\/uploads\/2024\/04\/RIV_LV-Creme-Nutrition-IntenseECOM-IMAGES_1040X1040_WHITE_22-150x150.webp 150w, https:\/\/rivoli.ch\/wp-content\/uploads\/2024\/04\/RIV_LV-Creme-Nutrition-IntenseECOM-IMAGES_1040X1040_WHITE_22-768x768.webp 768w, https:\/\/rivoli.ch\/wp-content\/uploads\/2024\/04\/RIV_LV-Creme-Nutrition-IntenseECOM-IMAGES_1040X1040_WHITE_22-12x12.webp 12w, https:\/\/rivoli.ch\/wp-content\/uploads\/2024\/04\/RIV_LV-Creme-Nutrition-IntenseECOM-IMAGES_1040X1040_WHITE_22.jpg 1040w\" sizes=\"(max-width: 600px) 100vw, 600px\" \/><\/a>\n\t\t\t\t<\/div>\n\n<h3 class=\"has-text-align-center wp-block-post-title\"><a href=\"https:\/\/rivoli.ch\/it\/prodotti\/le-visage-creme-nutrition-intense\/\" target=\"_self\" >Le Visage Cr\u00e8me Nutrition Intense<\/a><\/h3>\n\n<div data-block-name=\"woocommerce\/product-price\" data-text-align=\"center\" data-is-descendent-of-single-product-block=\"true\" class=\"wp-block-woocommerce-product-price\"><div class=\"wc-block-components-product-price wc-block-grid__product-price has-text-align-center has-text-align-center\" style=\"\">\n\t\t\t\t\t<span class=\"woocs_price_code\" data-currency=\"\" data-redraw-id=\"69d61c51651d3\"  data-product-id=\"410\"><span class=\"woocommerce-Price-amount amount\"><bdi><span class=\"woocommerce-Price-currencySymbol\">&#67;&#72;&#70;<\/span>&nbsp;205.\u2013<\/bdi><\/span><\/span>\n\t\t\t\t<\/div><\/div><\/div>\n<\/div>\n<\/div><\/div>\n\n\n\n<div class=\"wp-block-column is-layout-flow wp-block-column-is-layout-flow\"><div data-block-name=\"woocommerce\/single-product\" data-product-id=\"361\" class=\"wp-block-woocommerce-single-product\">\n<div class=\"wp-block-columns is-layout-flex wp-container-core-columns-is-layout-4 wp-block-columns-is-layout-flex\">\n<div class=\"wp-block-column is-layout-flow wp-block-column-is-layout-flow\"><div data-block-name=\"woocommerce\/single-product\" data-product-id=\"3480\" class=\"wp-block-woocommerce-single-product\">\n<div class=\"wp-block-columns is-layout-flex wp-container-core-columns-is-layout-3 wp-block-columns-is-layout-flex\">\n<div class=\"wp-block-column is-layout-flow wp-block-column-is-layout-flow\"><div data-block-name=\"woocommerce\/product-image\" data-show-sale-badge=\"false\" data-is-descendent-of-single-product-block=\"true\" class=\"wc-block-components-product-image wc-block-grid__product-image\" style=\"\">\n\t\t\t\t\t<a href=\"https:\/\/rivoli.ch\/it\/prodotti\/le-visage-emulsion-re-equilibrante-n02\/\" style=\"\"> <img loading=\"lazy\" decoding=\"async\" width=\"600\" height=\"600\" src=\"https:\/\/rivoli.ch\/wp-content\/uploads\/2025\/09\/RIV_EMU-02_50MLBottle_1040X1040-600x600.webp\" class=\"attachment-woocommerce_single size-woocommerce_single\" alt=\"Le Visage \u00c9mulsion R\u00e9-\u00e9quilibrante N\u00b002\" data-testid=\"product-image\" style=\"max-width:none;object-fit:cover;\" srcset=\"https:\/\/rivoli.ch\/wp-content\/uploads\/2025\/09\/RIV_EMU-02_50MLBottle_1040X1040-600x600.webp 600w, https:\/\/rivoli.ch\/wp-content\/uploads\/2025\/09\/RIV_EMU-02_50MLBottle_1040X1040-300x300.webp 300w, https:\/\/rivoli.ch\/wp-content\/uploads\/2025\/09\/RIV_EMU-02_50MLBottle_1040X1040-1024x1024.webp 1024w, https:\/\/rivoli.ch\/wp-content\/uploads\/2025\/09\/RIV_EMU-02_50MLBottle_1040X1040-150x150.webp 150w, https:\/\/rivoli.ch\/wp-content\/uploads\/2025\/09\/RIV_EMU-02_50MLBottle_1040X1040-768x768.webp 768w, https:\/\/rivoli.ch\/wp-content\/uploads\/2025\/09\/RIV_EMU-02_50MLBottle_1040X1040-12x12.webp 12w, https:\/\/rivoli.ch\/wp-content\/uploads\/2025\/09\/RIV_EMU-02_50MLBottle_1040X1040.jpg 1040w\" sizes=\"(max-width: 600px) 100vw, 600px\" \/><\/a>\n\t\t\t\t<\/div>\n\n<h3 class=\"has-text-align-center wp-block-post-title\"><a href=\"https:\/\/rivoli.ch\/it\/prodotti\/le-visage-emulsion-re-equilibrante-n02\/\" target=\"_self\" >Le Visage \u00c9mulsion R\u00e9-\u00e9quilibrante N\u00b002<\/a><\/h3>\n\n<div data-block-name=\"woocommerce\/product-price\" data-text-align=\"center\" data-is-descendent-of-single-product-block=\"true\" class=\"wp-block-woocommerce-product-price\"><div class=\"wc-block-components-product-price wc-block-grid__product-price has-text-align-center has-text-align-center\" style=\"\">\n\t\t\t\t\t<span class=\"woocs_price_code\" data-currency=\"\" data-redraw-id=\"69d61c516cf75\"  data-product-id=\"3480\"><span class=\"woocommerce-Price-amount amount\"><bdi><span class=\"woocommerce-Price-currencySymbol\">&#67;&#72;&#70;<\/span>&nbsp;110.\u2013<\/bdi><\/span><\/span>\n\t\t\t\t<\/div><\/div><\/div>\n<\/div>\n<\/div><\/div>\n<\/div>\n<\/div><\/div>\n<\/div>\n\n\n\n<h2 class=\"wp-block-heading alignwide has-text-align-left page-category__title\">Benefici di una buona crema viso<\/h2>\n\n\n\n<div class=\"wp-block-columns alignwide page-category__col2 is-layout-flex wp-container-core-columns-is-layout-6 wp-block-columns-is-layout-flex\">\n<div class=\"wp-block-column is-layout-flow wp-block-column-is-layout-flow\">\n<p class=\"translation-block\">Una crema quotidiana di qualit\u00e0 <strong>idrata a fondo<\/strong>, rinforza la resilienza e crea uno scudo contro inquinamento, freddo e UV. Previene l\u2019invecchiamento stimolando il turnover cellulare e sostenendo collagene e acido ialuronico. Mantenendo <strong>un'idratazione<\/strong> ottimale, preserva l'<strong>elasticit\u00e0<\/strong> e previene i fastidi della secchezza.<\/p>\n\n\n\n<p class=\"translation-block\">Oltre all'idratazione, una crema viso forma uno <strong>scudo protettivo contro inquinamento<\/strong>, freddo e raggi UV, fattori esterni che possono alterare la barriera cutanea e accelerare l'invecchiamento.<\/p>\n\n\n\n<p class=\"translation-block\">Un altro importante vantaggio: <strong>la prevenzione dell'invecchiamento cutaneo<\/strong>. Col tempo, collagene e acido ialuronico diminuiscono, causando la comparsa di linee sottili e rughe. Una crema arricchita con principi attivi ad alte prestazioni stimola il rinnovamento cellulare e rassoda la pelle, riducendo i segni visibili dell'invecchiamento.<\/p>\n\n\n\n<p class=\"translation-block\">La pelle sensibile o soggetta a rossori trae beneficio da <strong>formule lenitive e riparatrici<\/strong> che ne rafforzano l'elasticit\u00e0 e favoriscono un incarnato pi\u00f9 uniforme.<\/p>\n<\/div>\n<\/div>\n\n\n\n<h2 class=\"wp-block-heading alignwide page-category__title\">Le nostre creme: Innovazione svizzera<\/h2>\n\n\n\n<div class=\"wp-block-columns alignwide is-layout-flex wp-container-core-columns-is-layout-7 wp-block-columns-is-layout-flex\">\n<div class=\"wp-block-column is-layout-flow wp-block-column-is-layout-flow\">\n<h3 class=\"wp-block-heading alignwide\"><strong><strong><strong>Perch\u00e9 scegliere Rivoli<\/strong><\/strong><\/strong> ?<\/h3>\n\n\n\n<ul>\n<li class=\"translation-block\"><strong>Formule vegane ed eco-responsabili<\/strong>, certificate da marchi affidabili, senza ingredienti di origine animale. Un <strong>impegno costante<\/strong> per l'innovazione e la sostenibilit\u00e0 con packaging eco-progettati e riciclabili.<\/li>\n\n\n\n<li class=\"translation-block\"><strong>Principi attivi ad alte prestazioni<\/strong> selezionati per efficacia comprovata e origine naturale.<\/li>\n\n\n\n<li class=\"translation-block\"><strong>Clinicamente testati<\/strong> da laboratori indipendenti per risultati visibili e duraturi.<\/li>\n\n\n\n<li class=\"translation-block\">Produzione <strong>100% svizzera<\/strong> nel nostro stabilimento certificato ISO nell'Emmental: una garanzia di qualit\u00e0 e competenza.<\/li>\n<\/ul>\n<\/div>\n<\/div>\n\n\n\n<h2 class=\"wp-block-heading alignwide page-category__title\">Come scegliere la crema ideale<\/h2>\n\n\n\n<div class=\"wp-block-columns alignwide page-category__col2 is-layout-flex wp-container-core-columns-is-layout-8 wp-block-columns-is-layout-flex\">\n<div class=\"wp-block-column is-layout-flow wp-block-column-is-layout-flow\">\n<p class=\"translation-block\">Tipo di pelle: la pelle secca necessita di <strong>texture ricche<\/strong> con ingredienti nutrienti come il burro di karit\u00e9 per ripristinare l'idratazione; la pelle mista trae beneficio da <strong>formule leggere<\/strong> e non comedogeniche \u2014 possibilmente con acido salicilico \u2014 per aiutare a regolare l'eccesso di sebo.<\/p>\n\n\n\n<p class=\"translation-block\">Et\u00e0: dopo i 40 anni, \u00e8 fondamentale puntare su <strong>trattamenti anti-et\u00e0<\/strong> arricchiti con precursori del collagene ASPRivoli\u00ae, che stimolano il rinnovamento dei cheratinociti e limitano la perdita di acqua transepidermica (TEWL).<\/p>\n\n\n\n<p class=\"translation-block\">Stile di vita: una crema giorno leggera abbinata a una <strong><a href=\"https:\/\/rivoli.ch\/it\/crema-notte\/\" data-type=\"page\" data-id=\"3320\" target=\"_self\">crema notte<\/a><\/strong> pi\u00f9 ricca offre una soluzione completa per le routine dinamiche. Per il contorno occhi, scegli una formula specifica adatta a questa zona delicata.<\/p>\n\n\n\n<h3 class=\"wp-block-heading alignwide\"><strong><strong><strong><strong>Consigli d\u2019applicazione<\/strong><\/strong><\/strong><\/strong><\/h3>\n\n\n\n<p class=\"translation-block\">Per un assorbimento ottimale, iniziare detergendo il viso con uno <a href=\"https:\/\/rivoli.ch\/it\/prodotti\/le-demaquillant-gel-nettoyant\/\" target=\"_self\"> struccante<\/a> o un <a href=\"https:\/\/rivoli.ch\/it\/prodotti\/le-visage-mousse-nettoyante\/\" target=\"_self\">detergente delicato<\/a>. Massaggiare il viso con movimenti circolari dal basso verso l'alto, insistendo sulle zone sensibili come il contorno occhi.<\/p>\n\n\n\n<p class=\"translation-block\">Applicare una piccola quantit\u00e0 di crema riscaldata tra le mani e picchiettare delicatamente dal centro verso l'esterno, collo incluso.<\/p>\n<\/div>\n<\/div>\n\n\n\n<h2 class=\"wp-block-heading alignwide page-category__title\">Le nostre creme nel dettaglio<\/h2>\n\n\n\n<div class=\"wp-block-columns alignwide is-layout-flex wp-container-core-columns-is-layout-9 wp-block-columns-is-layout-flex\">\n<div class=\"wp-block-column is-layout-flow wp-block-column-is-layout-flow\">\n<p class=\"translation-block\"><strong>La Cr\u00e8me<\/strong>, il nostro trattamento anti-et\u00e0 ad alte prestazioni, rimodella i contorni del viso e rassoda intensamente la pelle. Arricchita con oli di melograno e albicocca, squalano e burro di karit\u00e9, ricostruisce la barriera cutanea offrendo nutrimento e protezione ottimali.<\/p>\n\n\n\n<p class=\"translation-block\"><strong>Cr\u00e8me Nutrition Intense<\/strong> rivitalizza la pelle secca e stressata, favorendone elasticit\u00e0 e compattezza. I precursori dell'acido ialuronico e un peptide esclusivo levigano le linee sottili e rimpolpano la pelle. Dopo 2 mesi, la profondit\u00e0 delle rughe si riduce del 20%, mentre la compattezza (+12%) e l'idratazione (+27%) aumentano.<\/p>\n\n\n\n<p class=\"translation-block\"><strong>Emulsione Riequilibrante N\u00b002<\/strong> lenisce e riequilibra la pelle sensibile grazie a una formula specificamente sviluppata per correggere gli squilibri del microbiota. Test clinici mostrano una riduzione del 12.6% % dei rossori, +17,8% di luminosit\u00e0 e , -18.7% riduzione della perdita d\u2019acqua (TEWL). La sua texture leggera si assorbe rapidamente senza lasciare residui.<\/p>\n<\/div>\n<\/div>\n\n\n\n<figure data-no-zoom=\"true\" class=\"wp-block-image alignfull size-large\"><a href=\"https:\/\/rivoli.ch\/wp-content\/uploads\/2025\/08\/creme-pour-le-visage.jpg\"><img loading=\"lazy\" decoding=\"async\" width=\"1024\" height=\"354\" src=\"https:\/\/rivoli.ch\/wp-content\/uploads\/2025\/08\/creme-pour-le-visage-1024x354.webp\" alt=\"creme pour le visage\" class=\"wp-image-3381\" srcset=\"https:\/\/rivoli.ch\/wp-content\/uploads\/2025\/08\/creme-pour-le-visage-1024x354.webp 1024w, https:\/\/rivoli.ch\/wp-content\/uploads\/2025\/08\/creme-pour-le-visage-300x104.webp 300w, https:\/\/rivoli.ch\/wp-content\/uploads\/2025\/08\/creme-pour-le-visage-768x266.webp 768w, https:\/\/rivoli.ch\/wp-content\/uploads\/2025\/08\/creme-pour-le-visage-18x6.webp 18w, https:\/\/rivoli.ch\/wp-content\/uploads\/2025\/08\/creme-pour-le-visage-600x208.webp 600w, https:\/\/rivoli.ch\/wp-content\/uploads\/2025\/08\/creme-pour-le-visage.jpg 1300w\" sizes=\"(max-width: 1024px) 100vw, 1024px\" \/><\/a><\/figure>\n\n\n\n<div class=\"wp-block-columns alignwide is-layout-flex wp-container-core-columns-is-layout-10 wp-block-columns-is-layout-flex\">\n<div class=\"wp-block-column is-layout-flow wp-block-column-is-layout-flow\" style=\"flex-basis:100%\">\n<h2 class=\"wp-block-heading page-category__title\">Tutto sulle creme viso<\/h2>\n\n\n\n<div class=\"wp-block-group alignwide is-content-justification-center is-layout-constrained wp-block-group-is-layout-constrained\">\n<div class=\"wp-block-group is-layout-constrained wp-block-group-is-layout-constrained\"><\/div>\n<\/div>\n<\/div>\n<\/div>","protected":false},"excerpt":{"rendered":"<p>Cr\u00e8me pour le visage Hydrater, prot\u00e9ger et nourrir votre peau sont des gestes essentiels pour pr\u00e9server son \u00e9clat et sa jeunesse. Chez Rivoli Gen\u00e8ve, nous avons d\u00e9velopp\u00e9 une gamme de cr\u00e8mes pour le visage qui r\u00e9pond aux besoins de chaque type de peau, en combinant expertise scientifique et ingr\u00e9dients d&rsquo;exception. Nos formules v\u00e9ganes et \u00e9coresponsables [&hellip;]<\/p>","protected":false},"author":11849,"featured_media":3382,"parent":0,"menu_order":0,"comment_status":"closed","ping_status":"closed","template":"","meta":{"_seopress_robots_primary_cat":"","_seopress_titles_title":"Cr\u00e8me pour le visage : beaut\u00e9 intelligente et efficace","_seopress_titles_desc":"Revitalisez votre peau avec notre cr\u00e8me pour le visage, id\u00e9ale pour hydrater intens\u00e9ment et nourrir en profondeur tous les types de peau.","_seopress_robots_index":"","footnotes":""},"acf":[],"_links":{"self":[{"href":"https:\/\/rivoli.ch\/it\/wp-json\/wp\/v2\/pages\/3004"}],"collection":[{"href":"https:\/\/rivoli.ch\/it\/wp-json\/wp\/v2\/pages"}],"about":[{"href":"https:\/\/rivoli.ch\/it\/wp-json\/wp\/v2\/types\/page"}],"author":[{"embeddable":true,"href":"https:\/\/rivoli.ch\/it\/wp-json\/wp\/v2\/users\/11849"}],"replies":[{"embeddable":true,"href":"https:\/\/rivoli.ch\/it\/wp-json\/wp\/v2\/comments?post=3004"}],"version-history":[{"count":44,"href":"https:\/\/rivoli.ch\/it\/wp-json\/wp\/v2\/pages\/3004\/revisions"}],"predecessor-version":[{"id":4040,"href":"https:\/\/rivoli.ch\/it\/wp-json\/wp\/v2\/pages\/3004\/revisions\/4040"}],"wp:featuredmedia":[{"embeddable":true,"href":"https:\/\/rivoli.ch\/it\/wp-json\/wp\/v2\/media\/3382"}],"wp:attachment":[{"href":"https:\/\/rivoli.ch\/it\/wp-json\/wp\/v2\/media?parent=3004"}],"curies":[{"name":"wp","href":"https:\/\/api.w.org\/{rel}","templated":true}]}}