{"id":215,"date":"2024-02-02T13:58:58","date_gmt":"2024-02-02T12:58:58","guid":{"rendered":"https:\/\/rivoli.dev.hayloft-it.ch\/?page_id=215"},"modified":"2024-09-06T15:55:12","modified_gmt":"2024-09-06T13:55:12","slug":"mentions-legales","status":"publish","type":"page","link":"https:\/\/rivoli.ch\/it\/mentions-legales\/","title":{"rendered":"Note legali"},"content":{"rendered":"<h1 class=\"wp-block-heading has-large-font-size\">Note legali<\/h1>\n\n\n\n<p>Informazioni ai sensi della sez. 5 della Legge tedesca sui media telematici (TMG)<\/p>\n\n\n\n<p>Responsabile dell\u2019intero contenuto, comprese le descrizioni dei prodotti e le informazioni sui prezzi, nonch\u00e9 di eventuali violazioni della protezione dei dati e dei marchi:<\/p>\n\n\n\n<p>RIVOLI GEN\u00c8VE Vertrieb GmbH<br>Lustgartenstrasse 103<br>79576 Weil am Rhein<br>Germania<br>Telefono: +49 (0) 7621-5605371<br>Amministratore delegato: Christian Mohn<br>Iscrizione a: Registro imprese B del Tribunale di Friburgo in Brisgovia \/ HRB 103759<br>Codice fiscale: 47 242 67183<br>P.IVA: DE 304 134 253<br>E-mail :&nbsp;<a href=\"mailto:contact@rivoli.ch\">contact@rivoli.ch<\/a><br>Protezione dei dati:&nbsp;<a href=\"mailto:contact@rivoli.ch\">contact@rivoli.ch<\/a><br>Responsabile della protezione dei dati: Thomas Ritter<\/p>\n\n\n\n<p>Tutti gli ordini effettuati tramite questo negozio online vengono evasi esclusivamente dal seguente partner, che lavora per noi in qualit\u00e0 di commissionario:<\/p>\n\n\n\n<p>ALLTIME Logistics GmbH<br>Lustgartenstrasse 103<br>79576 Weil am Rhein<br>Germania<br>E-mail :&nbsp;service@rivoli-shop.de<br>P.IVA: DE 290 857 142<br>Amministratore delegato: Dirk Fischer<br>Iscrizione a: Registro imprese B del Tribunale di Friburgo in Brisgovia \/ HRB 710270<\/p>\n\n\n\n<p>Con l\u2019invio dell\u2019ordine, il cliente accetta anche i termini e le condizioni di ALLTIME Logistics GmbH come parte del contratto d\u2019acquisto concluso e conferma di essere a conoscenza del proprio diritto di recesso come consumatore. ALLTIME Logistics GmbH \u00e8 l\u2019emittente e il mittente delle fatture e quindi il partner contrattuale del cliente. Il cliente \u00e8 pertanto tenuto a chiarire con ALLTIME Logistics GmbH qualsiasi problema che possa sorgere in merito al proprio ordine. Un pagamento per l\u2019estinzione del debito deve avvenire esclusivamente a favore di ALLTIME Logistics GmbH.<\/p>\n\n\n\n<p class=\"translation-block\">Nota: La Commissione europea mette a disposizione una piattaforma per la risoluzione delle controversie online (ODR). La piattaforma \u00e8 disponibile all\u2019indirizzo http:\/\/ec.europa.eu\/consumers\/odr RIVOLI GEN\u00c8VE Vertrieb GmbH e ALLTIME Logistics GmbH non sono disposte n\u00e9 obbligate a partecipare a una procedura di risoluzione delle controversie davanti a un collegio arbitrale dei consumatori.<\/p>","protected":false},"excerpt":{"rendered":"<p>Mentions l\u00e9gales Information en vertu de l\u2019art. 5 de la loi allemande sur les t\u00e9l\u00e9m\u00e9dias (TMG) Responsable de l\u2019ensemble du contenu, y compris des descriptions de produits et des informations concernant les prix, ainsi que des \u00e9ventuelles violations de la protection des donn\u00e9es et des marques d\u00e9pos\u00e9es : RIVOLI GEN\u00c8VE Vertrieb GmbHLustgartenstrasse 10379576 Weil am [&hellip;]<\/p>","protected":false},"author":1,"featured_media":0,"parent":0,"menu_order":0,"comment_status":"closed","ping_status":"closed","template":"","meta":{"_seopress_robots_primary_cat":"","_seopress_titles_title":"","_seopress_titles_desc":"","_seopress_robots_index":"","footnotes":""},"acf":[],"_links":{"self":[{"href":"https:\/\/rivoli.ch\/it\/wp-json\/wp\/v2\/pages\/215"}],"collection":[{"href":"https:\/\/rivoli.ch\/it\/wp-json\/wp\/v2\/pages"}],"about":[{"href":"https:\/\/rivoli.ch\/it\/wp-json\/wp\/v2\/types\/page"}],"author":[{"embeddable":true,"href":"https:\/\/rivoli.ch\/it\/wp-json\/wp\/v2\/users\/1"}],"replies":[{"embeddable":true,"href":"https:\/\/rivoli.ch\/it\/wp-json\/wp\/v2\/comments?post=215"}],"version-history":[{"count":6,"href":"https:\/\/rivoli.ch\/it\/wp-json\/wp\/v2\/pages\/215\/revisions"}],"predecessor-version":[{"id":1961,"href":"https:\/\/rivoli.ch\/it\/wp-json\/wp\/v2\/pages\/215\/revisions\/1961"}],"wp:attachment":[{"href":"https:\/\/rivoli.ch\/it\/wp-json\/wp\/v2\/media?parent=215"}],"curies":[{"name":"wp","href":"https:\/\/api.w.org\/{rel}","templated":true}]}}