{"id":623,"date":"2024-01-09T16:26:03","date_gmt":"2024-01-09T15:26:03","guid":{"rendered":"https:\/\/rivoli.dev.hayloft-it.ch\/?post_type=product&#038;p=623"},"modified":"2026-04-22T16:17:35","modified_gmt":"2026-04-22T14:17:35","slug":"les-incontournables","status":"publish","type":"product","link":"https:\/\/rivoli.ch\/fr\/produits\/les-incontournables\/","title":{"rendered":"Les Incontournables"},"content":{"rendered":"<p class=\"product-title\">Nos 3 soins incontournables anti-a\u0302ge, de jour comme de nuit !<\/p>\n<p>Une description d\u00e9taill\u00e9e de chaque produit se trouve ci-apr\u00e8s.<\/p>\n","protected":false},"excerpt":{"rendered":"<p class=\"product-title\">Nos 3 soins incontournables anti-\u00e2ge, de jour comme de nuit !<\/p>\n","protected":false},"featured_media":1112,"comment_status":"closed","ping_status":"closed","template":"","meta":{"_seopress_robots_primary_cat":"none","_seopress_titles_title":"Kit de soins Anti-\u00c2ge | Rivoli Gen\u00e8ve","_seopress_titles_desc":"Kit de 3 soins incontournables anti-a\u0302ge, de jour comme de nuit de la marque v\u00e9gane suisse Rivoli Gen\u00e8ve. \u2b50 Livraison Gratuite\u00a0","_seopress_robots_index":""},"product_cat":[29],"product_tag":[],"woo-feed-brand":[],"acf":[],"_links":{"self":[{"href":"https:\/\/rivoli.ch\/fr\/wp-json\/wp\/v2\/product\/623"}],"collection":[{"href":"https:\/\/rivoli.ch\/fr\/wp-json\/wp\/v2\/product"}],"about":[{"href":"https:\/\/rivoli.ch\/fr\/wp-json\/wp\/v2\/types\/product"}],"replies":[{"embeddable":true,"href":"https:\/\/rivoli.ch\/fr\/wp-json\/wp\/v2\/comments?post=623"}],"wp:featuredmedia":[{"embeddable":true,"href":"https:\/\/rivoli.ch\/fr\/wp-json\/wp\/v2\/media\/1112"}],"wp:attachment":[{"href":"https:\/\/rivoli.ch\/fr\/wp-json\/wp\/v2\/media?parent=623"}],"wp:term":[{"taxonomy":"product_cat","embeddable":true,"href":"https:\/\/rivoli.ch\/fr\/wp-json\/wp\/v2\/product_cat?post=623"},{"taxonomy":"product_tag","embeddable":true,"href":"https:\/\/rivoli.ch\/fr\/wp-json\/wp\/v2\/product_tag?post=623"},{"taxonomy":"woo-feed-brand","embeddable":true,"href":"https:\/\/rivoli.ch\/fr\/wp-json\/wp\/v2\/woo-feed-brand?post=623"}],"curies":[{"name":"wp","href":"https:\/\/api.w.org\/{rel}","templated":true}]}}