{"id":438,"date":"2024-04-04T21:10:38","date_gmt":"2024-04-04T19:10:38","guid":{"rendered":"https:\/\/rivoli.dev.hayloft-it.ch\/?post_type=product&#038;p=438"},"modified":"2026-04-08T16:17:20","modified_gmt":"2026-04-08T14:17:20","slug":"le-regard-serum-liftant-eclat-2-0","status":"publish","type":"product","link":"https:\/\/rivoli.ch\/fr\/produits\/le-regard-serum-liftant-eclat-2-0\/","title":{"rendered":"Le Regard S\u00e9rum Liftant \u00c9clat 2.0"},"content":{"rendered":"<p>Le<em> S\u00e9rum Liftant \u00c9clat 2.0<\/em> RIVOLI est un soin expert du contour des yeux. Il illumine le regard, ravive l\u2019\u00e9clat et efface les signes de fatigue en un instant.<\/p>\n<p>Bien plus qu\u2019une solution \u00ab coup d\u2019\u00e9clat \u00bb, le<em> S\u00e9rum Liftant \u00c9clat 2.0<\/em> RIVOLI\u00a0 est \u00e9galement\u00a0 dot\u00e9 d\u2019excellentes propri\u00e9t\u00e9s anti-\u00e2ge : il r\u00e9duit les rides (-22,8% de rides en 28 jours***) et renforce la structure cutan\u00e9e.<\/p>\n<p>Certifi\u00e9 v\u00e9gane, le <em>S\u00e9rum Liftant \u00c9clat 2.0<\/em> RIVOLI ne contient ni silicones, ni d\u2019ingr\u00e9dients non indispensables. Sa formule est respectueuse du microbiote cutan\u00e9.<\/p>\n","protected":false},"excerpt":{"rendered":"<p>Notre s\u00e9rum d\u2019excellence pour vos yeux. Il d\u00e9fatigue, ravive l\u2019\u00e9clat et lisse les rides.<\/p>\n","protected":false},"featured_media":1079,"comment_status":"closed","ping_status":"closed","template":"","meta":{"_seopress_robots_primary_cat":"none","_seopress_titles_title":"S\u00e9rum hydratant pour les yeux anti-fatigue | Rivoli Gen\u00e8ve","_seopress_titles_desc":"D\u00e9couvrez le s\u00e9rum liftant et raviveur d'\u00e9clat pour le contour des yeux. Un s\u00e9rum hydratant anti-fatigue et coup d'\u00e9clat \u2b50 Livraison Gratuite\u00a0","_seopress_robots_index":""},"product_cat":[22],"product_tag":[],"woo-feed-brand":[],"acf":[],"_links":{"self":[{"href":"https:\/\/rivoli.ch\/fr\/wp-json\/wp\/v2\/product\/438"}],"collection":[{"href":"https:\/\/rivoli.ch\/fr\/wp-json\/wp\/v2\/product"}],"about":[{"href":"https:\/\/rivoli.ch\/fr\/wp-json\/wp\/v2\/types\/product"}],"replies":[{"embeddable":true,"href":"https:\/\/rivoli.ch\/fr\/wp-json\/wp\/v2\/comments?post=438"}],"wp:featuredmedia":[{"embeddable":true,"href":"https:\/\/rivoli.ch\/fr\/wp-json\/wp\/v2\/media\/1079"}],"wp:attachment":[{"href":"https:\/\/rivoli.ch\/fr\/wp-json\/wp\/v2\/media?parent=438"}],"wp:term":[{"taxonomy":"product_cat","embeddable":true,"href":"https:\/\/rivoli.ch\/fr\/wp-json\/wp\/v2\/product_cat?post=438"},{"taxonomy":"product_tag","embeddable":true,"href":"https:\/\/rivoli.ch\/fr\/wp-json\/wp\/v2\/product_tag?post=438"},{"taxonomy":"woo-feed-brand","embeddable":true,"href":"https:\/\/rivoli.ch\/fr\/wp-json\/wp\/v2\/woo-feed-brand?post=438"}],"curies":[{"name":"wp","href":"https:\/\/api.w.org\/{rel}","templated":true}]}}