{"id":4368,"date":"2026-03-19T09:56:07","date_gmt":"2026-03-19T08:56:07","guid":{"rendered":"https:\/\/rivoli.ch\/?post_type=product&#038;p=4368"},"modified":"2026-04-22T11:59:15","modified_gmt":"2026-04-22T09:59:15","slug":"leprivilege-basetraitant-n02","status":"publish","type":"product","link":"https:\/\/rivoli.ch\/fr\/produits\/leprivilege-basetraitant-n02\/","title":{"rendered":"Le Privil\u00e8ge Base Traitante N\u00b002"},"content":{"rendered":"<p>La\u00a0<em>Base Traitante<\/em>\u00a0RIVOLI est une base de maquillage universelle adapt\u00e9e \u00e0 toutes les peaux et un soin de fond.<\/p>\n<p>Instantan\u00e9ment, elle donne une radiance naturelle \u00e0 la peau. En compl\u00e9ment, la\u00a0<em>Base Traitante<\/em>\u00a0RIVOLI hydrate en profondeur et agit contre le photovieillissement.<\/p>\n<p style=\"font-weight: 400;\">Apr\u00e8s 7 jours d\u2019application, elle r\u00e9duit les rougeurs cutan\u00e9es de 13%*.<\/p>\n<p style=\"font-weight: 400;\">90% des utilisateurs de la\u00a0<em>Base Traitante\u00a0<\/em>RIVOLI<em>\u00a0<\/em>ont remarqu\u00e9 que leur teint est plus unifi\u00e9 et 85% ont not\u00e9 une diminution des imperfections.<\/p>\n","protected":false},"excerpt":{"rendered":"<div>\n<p class=\"Default\"><span lang=\"FR-CH\">Soin multifonctionnel\u00a0de jour : agit \u00e0 la fois comme traitement anti-\u00e2ge et comme base de maquillage. <\/span><\/p>\n<p class=\"Default\"><span lang=\"FR-CH\">Active la production d&rsquo;acide hyaluronique, apporte protection, unifie <\/span><span lang=\"FR-CH\">et embellit le teint.<\/span><\/p>\n<\/div>\n","protected":false},"featured_media":1216,"comment_status":"closed","ping_status":"closed","template":"","meta":{"_seopress_robots_primary_cat":"none","_seopress_titles_title":"Base maquillage, primer soin traitant | Rivoli Gen\u00e8ve","_seopress_titles_desc":"D\u00e9couvrez \"Le Privil\u00e8ge\", une Base de Maquillage, mais aussi un soin anti-\u00e2ge 4-en-1 pour un teint liss\u00e9. \u2b50 Livraison Gratuite !","_seopress_robots_index":""},"product_cat":[21],"product_tag":[],"woo-feed-brand":[],"acf":[],"_links":{"self":[{"href":"https:\/\/rivoli.ch\/fr\/wp-json\/wp\/v2\/product\/4368"}],"collection":[{"href":"https:\/\/rivoli.ch\/fr\/wp-json\/wp\/v2\/product"}],"about":[{"href":"https:\/\/rivoli.ch\/fr\/wp-json\/wp\/v2\/types\/product"}],"replies":[{"embeddable":true,"href":"https:\/\/rivoli.ch\/fr\/wp-json\/wp\/v2\/comments?post=4368"}],"wp:featuredmedia":[{"embeddable":true,"href":"https:\/\/rivoli.ch\/fr\/wp-json\/wp\/v2\/media\/1216"}],"wp:attachment":[{"href":"https:\/\/rivoli.ch\/fr\/wp-json\/wp\/v2\/media?parent=4368"}],"wp:term":[{"taxonomy":"product_cat","embeddable":true,"href":"https:\/\/rivoli.ch\/fr\/wp-json\/wp\/v2\/product_cat?post=4368"},{"taxonomy":"product_tag","embeddable":true,"href":"https:\/\/rivoli.ch\/fr\/wp-json\/wp\/v2\/product_tag?post=4368"},{"taxonomy":"woo-feed-brand","embeddable":true,"href":"https:\/\/rivoli.ch\/fr\/wp-json\/wp\/v2\/woo-feed-brand?post=4368"}],"curies":[{"name":"wp","href":"https:\/\/api.w.org\/{rel}","templated":true}]}}