{"id":432,"date":"2024-04-04T20:59:25","date_gmt":"2024-04-04T18:59:25","guid":{"rendered":"https:\/\/rivoli.dev.hayloft-it.ch\/?post_type=product&#038;p=432"},"modified":"2026-04-28T19:17:22","modified_gmt":"2026-04-28T17:17:22","slug":"le-regard-2-0-traitement-ultra-correctif","status":"publish","type":"product","link":"https:\/\/rivoli.ch\/fr\/produits\/le-regard-2-0-traitement-ultra-correctif\/","title":{"rendered":"Le Regard 2.0 Traitement Ultra Correctif"},"content":{"rendered":"<p><strong>RIVOLI Gen\u00e8ve<\/strong> sublime le regard avec un soin d\u2019exception. Issu de l\u2019alliance entre <strong>m\u00e9decines traditionnelles mill\u00e9naires<\/strong>\u00a0et innovation scientifique, <strong>Le Traitement Ultra Correctif 2.0<\/strong> est bien plus qu\u2019une cr\u00e8me pour les yeux : c\u2019est un concentr\u00e9 r\u00e9g\u00e9n\u00e9rant aux propri\u00e9t\u00e9s anti-rides, anti-cernes et d\u00e9congestionnantes.<\/p>\n<p><strong>Efficacit\u00e9 v\u00e9g\u00e9tale<\/strong> : son <strong>complexe 100 % naturel<\/strong> cible les principaux signes de fatigue du contour de l\u2019\u0153il. Il apaise, d\u00e9gonfle et revitalise la zone fragile du regard avec une pr\u00e9cision remarquable.<\/p>\n<p><strong>Technologie exclusive ASPRivoli\u00ae<\/strong> : au c\u0153ur de sa formule, la technologie brevet\u00e9e <strong>ASPRivoli\u00ae<\/strong> active les m\u00e9canismes naturels de r\u00e9g\u00e9n\u00e9ration cutan\u00e9e. Elle favorise la r\u00e9paration cellulaire, r\u00e9duit visiblement les signes du vieillissement et r\u00e9v\u00e8le un regard repos\u00e9, lumineux, visiblement plus jeune.<\/p>\n<p>Sa <strong>texture l\u00e9g\u00e8re et fondante<\/strong> p\u00e9n\u00e8tre rapidement sans laisser de film gras, pour un regard sublim\u00e9 d\u00e8s les premi\u00e8res applications.<\/p>\n","protected":false},"excerpt":{"rendered":"<p>Notre cr\u00e8me ultra corrective du contour de l&rsquo;\u0153il : anti-rides, anti-cernes et anti-poches.<\/p>\n","protected":false},"featured_media":1082,"comment_status":"closed","ping_status":"closed","template":"","meta":{"_seopress_robots_primary_cat":"none","_seopress_titles_title":"Cr\u00e8me pour les yeux anti-\u00e2ge, anti-cernes | Rivoli Gen\u00e8ve","_seopress_titles_desc":"D\u00e9couvrez la cr\u00e8me globale anti-\u00e2ge pour le contour des yeux\u00a0: anti-rides, anti-cernes et anti-poches Rivoli Gen\u00e8ve \u2b50 Livraison Gratuite\u00a0","_seopress_robots_index":""},"product_cat":[22],"product_tag":[],"woo-feed-brand":[],"acf":[],"_links":{"self":[{"href":"https:\/\/rivoli.ch\/fr\/wp-json\/wp\/v2\/product\/432"}],"collection":[{"href":"https:\/\/rivoli.ch\/fr\/wp-json\/wp\/v2\/product"}],"about":[{"href":"https:\/\/rivoli.ch\/fr\/wp-json\/wp\/v2\/types\/product"}],"replies":[{"embeddable":true,"href":"https:\/\/rivoli.ch\/fr\/wp-json\/wp\/v2\/comments?post=432"}],"wp:featuredmedia":[{"embeddable":true,"href":"https:\/\/rivoli.ch\/fr\/wp-json\/wp\/v2\/media\/1082"}],"wp:attachment":[{"href":"https:\/\/rivoli.ch\/fr\/wp-json\/wp\/v2\/media?parent=432"}],"wp:term":[{"taxonomy":"product_cat","embeddable":true,"href":"https:\/\/rivoli.ch\/fr\/wp-json\/wp\/v2\/product_cat?post=432"},{"taxonomy":"product_tag","embeddable":true,"href":"https:\/\/rivoli.ch\/fr\/wp-json\/wp\/v2\/product_tag?post=432"},{"taxonomy":"woo-feed-brand","embeddable":true,"href":"https:\/\/rivoli.ch\/fr\/wp-json\/wp\/v2\/woo-feed-brand?post=432"}],"curies":[{"name":"wp","href":"https:\/\/api.w.org\/{rel}","templated":true}]}}