{"id":428,"date":"2024-04-04T20:51:39","date_gmt":"2024-04-04T18:51:39","guid":{"rendered":"https:\/\/rivoli.dev.hayloft-it.ch\/?post_type=product&#038;p=428"},"modified":"2026-04-05T12:17:21","modified_gmt":"2026-04-05T10:17:21","slug":"for-your-lips","status":"publish","type":"product","link":"https:\/\/rivoli.ch\/fr\/produits\/for-your-lips\/","title":{"rendered":"For your Lips"},"content":{"rendered":"<p><em>For Your Lips <\/em>RIVOLI est notre soin pour la beaut\u00e9 et le confort de vos l\u00e8vres, adapt\u00e9 aux peaux sensibles et r\u00e9actives.<\/p>\n<p><em>For Your Lips <\/em>RIVOLI prot\u00e8ge et adoucit, soigne de la s\u00e9cheresse et des ger\u00e7ures.<\/p>\n<p><em>For Your Lips <\/em>RIVOLI ne contient ni silicones, ni parab\u00e8nes, ni huiles min\u00e9rales.<\/p>\n","protected":false},"excerpt":{"rendered":"<p>Notre stick \u00e0 l\u00e8vres hydratant et nourrissant.<\/p>\n","protected":false},"featured_media":1058,"comment_status":"closed","ping_status":"closed","template":"","meta":{"_seopress_robots_primary_cat":"none","_seopress_titles_title":"Baume \u00e0 l\u00e8vres hydratant | Rivoli Gen\u00e8ve","_seopress_titles_desc":"Notre baume \u00e0 l\u00e8vres apporte brillance et protection. Retrouvez des l\u00e8vres hydrat\u00e9es, souples et douces gr\u00e2ce \u00e0 notre soin. \u2b50 Livraison Gratuite","_seopress_robots_index":""},"product_cat":[21],"product_tag":[],"woo-feed-brand":[],"acf":[],"_links":{"self":[{"href":"https:\/\/rivoli.ch\/fr\/wp-json\/wp\/v2\/product\/428"}],"collection":[{"href":"https:\/\/rivoli.ch\/fr\/wp-json\/wp\/v2\/product"}],"about":[{"href":"https:\/\/rivoli.ch\/fr\/wp-json\/wp\/v2\/types\/product"}],"replies":[{"embeddable":true,"href":"https:\/\/rivoli.ch\/fr\/wp-json\/wp\/v2\/comments?post=428"}],"wp:featuredmedia":[{"embeddable":true,"href":"https:\/\/rivoli.ch\/fr\/wp-json\/wp\/v2\/media\/1058"}],"wp:attachment":[{"href":"https:\/\/rivoli.ch\/fr\/wp-json\/wp\/v2\/media?parent=428"}],"wp:term":[{"taxonomy":"product_cat","embeddable":true,"href":"https:\/\/rivoli.ch\/fr\/wp-json\/wp\/v2\/product_cat?post=428"},{"taxonomy":"product_tag","embeddable":true,"href":"https:\/\/rivoli.ch\/fr\/wp-json\/wp\/v2\/product_tag?post=428"},{"taxonomy":"woo-feed-brand","embeddable":true,"href":"https:\/\/rivoli.ch\/fr\/wp-json\/wp\/v2\/woo-feed-brand?post=428"}],"curies":[{"name":"wp","href":"https:\/\/api.w.org\/{rel}","templated":true}]}}