{"id":424,"date":"2024-04-04T20:40:46","date_gmt":"2024-04-04T18:40:46","guid":{"rendered":"https:\/\/rivoli.dev.hayloft-it.ch\/?post_type=product&#038;p=424"},"modified":"2026-04-08T13:17:10","modified_gmt":"2026-04-08T11:17:10","slug":"le-visage-mousse-nettoyante","status":"publish","type":"product","link":"https:\/\/rivoli.ch\/fr\/produits\/le-visage-mousse-nettoyante\/","title":{"rendered":"Le Visage Mousse Nettoyante"},"content":{"rendered":"<p>La <em>Mousse Nettoyante<\/em> RIVOLI est un soin nettoyant et exfoliant.<\/p>\n<p>De plus, elle prot\u00e8ge la barri\u00e8re cutan\u00e9e.<\/p>\n","protected":false},"excerpt":{"rendered":"<p>Notre mousse nettoyante et l\u00e9g\u00e8rement exfoliante pour le visage.<\/p>\n","protected":false},"featured_media":1084,"comment_status":"closed","ping_status":"closed","template":"","meta":{"_seopress_robots_primary_cat":"none","_seopress_titles_title":"Mousse nettoyante et exfoliante pour le visage | Rivoli Gen\u00e8ve","_seopress_titles_desc":"D\u00e9couvrez la mousse nettoyante pour le visage Rivoli Gen\u00e8ve. Une mousse d\u00e9licate et l\u00e9g\u00e8rement exfoliante pour tout type de peau.\u2b50 Livraison Gratuite\u00a0","_seopress_robots_index":""},"product_cat":[21],"product_tag":[],"woo-feed-brand":[],"acf":[],"_links":{"self":[{"href":"https:\/\/rivoli.ch\/fr\/wp-json\/wp\/v2\/product\/424"}],"collection":[{"href":"https:\/\/rivoli.ch\/fr\/wp-json\/wp\/v2\/product"}],"about":[{"href":"https:\/\/rivoli.ch\/fr\/wp-json\/wp\/v2\/types\/product"}],"replies":[{"embeddable":true,"href":"https:\/\/rivoli.ch\/fr\/wp-json\/wp\/v2\/comments?post=424"}],"wp:featuredmedia":[{"embeddable":true,"href":"https:\/\/rivoli.ch\/fr\/wp-json\/wp\/v2\/media\/1084"}],"wp:attachment":[{"href":"https:\/\/rivoli.ch\/fr\/wp-json\/wp\/v2\/media?parent=424"}],"wp:term":[{"taxonomy":"product_cat","embeddable":true,"href":"https:\/\/rivoli.ch\/fr\/wp-json\/wp\/v2\/product_cat?post=424"},{"taxonomy":"product_tag","embeddable":true,"href":"https:\/\/rivoli.ch\/fr\/wp-json\/wp\/v2\/product_tag?post=424"},{"taxonomy":"woo-feed-brand","embeddable":true,"href":"https:\/\/rivoli.ch\/fr\/wp-json\/wp\/v2\/woo-feed-brand?post=424"}],"curies":[{"name":"wp","href":"https:\/\/api.w.org\/{rel}","templated":true}]}}