{"id":417,"date":"2024-04-04T20:26:43","date_gmt":"2024-04-04T18:26:43","guid":{"rendered":"https:\/\/rivoli.dev.hayloft-it.ch\/?post_type=product&#038;p=417"},"modified":"2026-01-29T09:16:37","modified_gmt":"2026-01-29T08:16:37","slug":"le-demaquillant-gel-nettoyant","status":"publish","type":"product","link":"https:\/\/rivoli.ch\/fr\/produits\/le-demaquillant-gel-nettoyant\/","title":{"rendered":"Le D\u00e9maquillant Gel Nettoyant"},"content":{"rendered":"<p>Le <em>Gel Nettoyant<\/em> doux RIVOLI est la solution id\u00e9ale pour un nettoyage complet du visage et des yeux. Il convient particuli\u00e8rement aux peaux sensibles et s\u00e8ches.<\/p>\n<p>Le <em>Gel Nettoyant<\/em> RIVOLI \u00e9limine le maquillage, m\u00eame waterproof et de longue tenue, ainsi que les impuret\u00e9s et les microparticules de pollution accumul\u00e9es au long de la journ\u00e9e (-97%*).<\/p>\n<p>Respectueux du microbiote cutan\u00e9, Le <em>Gel Nettoyant<\/em> RIVOLI est \u00e9galement d\u00e9toxifiant et r\u00e9g\u00e9n\u00e9rant.<\/p>\n<p>Au quotidien, le <em>Gel Nettoyant<\/em> RIVOLI pr\u00e9pare votre peau \u00e0 son rituel beaut\u00e9 du soir.<\/p>\n","protected":false},"excerpt":{"rendered":"<p>Notre soin nettoyant, d\u00e9maquillant et d\u00e9polluant, pour les\u00a0 peaux sensibles.<\/p>\n","protected":false},"featured_media":1504,"comment_status":"closed","ping_status":"closed","template":"","meta":{"_seopress_robots_primary_cat":"none","_seopress_titles_title":"Gel nettoyant d\u00e9maquillant doux | Rivoli Gen\u00e8ve","_seopress_titles_desc":"Gel nettoyant d\u00e9maquillant : \u00e9limine impuret\u00e9s et maquillage waterproof en douceur, id\u00e9al pour les peaux sensibles \u2b50 Livraison Gratuite !","_seopress_robots_index":""},"product_cat":[21],"product_tag":[],"woo-feed-brand":[],"acf":[],"_links":{"self":[{"href":"https:\/\/rivoli.ch\/fr\/wp-json\/wp\/v2\/product\/417"}],"collection":[{"href":"https:\/\/rivoli.ch\/fr\/wp-json\/wp\/v2\/product"}],"about":[{"href":"https:\/\/rivoli.ch\/fr\/wp-json\/wp\/v2\/types\/product"}],"replies":[{"embeddable":true,"href":"https:\/\/rivoli.ch\/fr\/wp-json\/wp\/v2\/comments?post=417"}],"wp:featuredmedia":[{"embeddable":true,"href":"https:\/\/rivoli.ch\/fr\/wp-json\/wp\/v2\/media\/1504"}],"wp:attachment":[{"href":"https:\/\/rivoli.ch\/fr\/wp-json\/wp\/v2\/media?parent=417"}],"wp:term":[{"taxonomy":"product_cat","embeddable":true,"href":"https:\/\/rivoli.ch\/fr\/wp-json\/wp\/v2\/product_cat?post=417"},{"taxonomy":"product_tag","embeddable":true,"href":"https:\/\/rivoli.ch\/fr\/wp-json\/wp\/v2\/product_tag?post=417"},{"taxonomy":"woo-feed-brand","embeddable":true,"href":"https:\/\/rivoli.ch\/fr\/wp-json\/wp\/v2\/woo-feed-brand?post=417"}],"curies":[{"name":"wp","href":"https:\/\/api.w.org\/{rel}","templated":true}]}}