{"id":392,"date":"2024-04-04T19:19:27","date_gmt":"2024-04-04T17:19:27","guid":{"rendered":"https:\/\/rivoli.dev.hayloft-it.ch\/?post_type=product&#038;p=392"},"modified":"2026-04-10T10:17:28","modified_gmt":"2026-04-10T08:17:28","slug":"le-visage-creme-de-jour-jeunesse-n02","status":"publish","type":"product","link":"https:\/\/rivoli.ch\/fr\/produits\/le-visage-creme-de-jour-jeunesse-n02\/","title":{"rendered":"Le Visage Cr\u00e8me de Jour Jeunesse N\u00b002"},"content":{"rendered":"<p><em>La Cr\u00e8me de Jour Jeunesse<\/em> RIVOLI N\u00b002 est une v\u00e9ritable clef pour la jeunesse de la peau.<\/p>\n<p>Concentr\u00e9 de vitalit\u00e9, la<em> Cr\u00e8me de Jour Jeunesse<\/em> RIVOLI lisse visiblement les rides (-33%*).<\/p>\n<p><em>La Cr\u00e8me de Jour Jeunesse<\/em> RIVOLI N\u00b002 prot\u00e8ge la peau des agressions qu\u2019elle subit quotidiennement en milieu urbain en la pr\u00e9servant des effets n\u00e9fastes combin\u00e9s des UV, de l\u2019ozone, de la lumi\u00e8re bleue et des polluants.<\/p>\n","protected":false},"excerpt":{"rendered":"<p>Notre cr\u00e8me de jour urbaine multi-d\u00e9fense et anti-\u00e2ge.<\/p>\n","protected":false},"featured_media":1094,"comment_status":"closed","ping_status":"closed","template":"","meta":{"_seopress_robots_primary_cat":"none","_seopress_titles_title":"Cr\u00e8me de Jour Anti-\u00c2ge pour le Visage | Rivoli Gen\u00e8ve","_seopress_titles_desc":"Cr\u00e8me de jour anti-\u00e2ge Le Visage Rivoli Gen\u00e8ve, protection urbaine 2 en 1 contre UV, lumi\u00e8re bleue, pollution et agressions. \u2b50 Livraison Gratuite","_seopress_robots_index":""},"product_cat":[21],"product_tag":[],"woo-feed-brand":[],"acf":[],"_links":{"self":[{"href":"https:\/\/rivoli.ch\/fr\/wp-json\/wp\/v2\/product\/392"}],"collection":[{"href":"https:\/\/rivoli.ch\/fr\/wp-json\/wp\/v2\/product"}],"about":[{"href":"https:\/\/rivoli.ch\/fr\/wp-json\/wp\/v2\/types\/product"}],"replies":[{"embeddable":true,"href":"https:\/\/rivoli.ch\/fr\/wp-json\/wp\/v2\/comments?post=392"}],"wp:featuredmedia":[{"embeddable":true,"href":"https:\/\/rivoli.ch\/fr\/wp-json\/wp\/v2\/media\/1094"}],"wp:attachment":[{"href":"https:\/\/rivoli.ch\/fr\/wp-json\/wp\/v2\/media?parent=392"}],"wp:term":[{"taxonomy":"product_cat","embeddable":true,"href":"https:\/\/rivoli.ch\/fr\/wp-json\/wp\/v2\/product_cat?post=392"},{"taxonomy":"product_tag","embeddable":true,"href":"https:\/\/rivoli.ch\/fr\/wp-json\/wp\/v2\/product_tag?post=392"},{"taxonomy":"woo-feed-brand","embeddable":true,"href":"https:\/\/rivoli.ch\/fr\/wp-json\/wp\/v2\/woo-feed-brand?post=392"}],"curies":[{"name":"wp","href":"https:\/\/api.w.org\/{rel}","templated":true}]}}