{"id":374,"date":"2024-04-04T18:52:37","date_gmt":"2024-04-04T16:52:37","guid":{"rendered":"https:\/\/rivoli.dev.hayloft-it.ch\/?post_type=product&#038;p=374"},"modified":"2026-04-22T17:17:10","modified_gmt":"2026-04-22T15:17:10","slug":"le-visage-masque-reparateur-n02","status":"publish","type":"product","link":"https:\/\/rivoli.ch\/fr\/produits\/le-visage-masque-reparateur-n02\/","title":{"rendered":"Le Visage Masque R\u00e9parateur N\u00b002"},"content":{"rendered":"<p><em>Le Masque R\u00e9parateur, <\/em>le masque multifonctionnel iconique de RIVOLI, est disponible dans une nouvelle formule 02 ultra-riche.<\/p>\n<p>Tel un coach personnel, il agit pour la jeunesse de la peau en stimulant ses m\u00e9canismes naturels.<\/p>\n<p><em>Le Masque R\u00e9parateur N\u00b002 <\/em>RIVOLI am\u00e9liore l\u2019hydratation de la peau de 70% dans les 2 heures suivant son application. De plus, il diminue visiblement les rides, nourrit et permet \u00e0 la peau de gagner en tonicit\u00e9.<\/p>\n","protected":false},"excerpt":{"rendered":"<p>Notre masque ultra-riche aux vertus anti-\u00e2ge, hydratantes et nourrissantes<\/p>\n","protected":false},"featured_media":1100,"comment_status":"closed","ping_status":"closed","template":"","meta":{"_seopress_robots_primary_cat":"none","_seopress_titles_title":"Masque r\u00e9parateur nourrissant pour le visage | Rivoli Gen\u00e8ve","_seopress_titles_desc":"R\u00e9parez et nourrissez votre peau gr\u00e2ce au masque Le Visage N\u00b002, un masque ultra-riche r\u00e9parateur et nourrissant \u2b50 Livraison Gratuite","_seopress_robots_index":""},"product_cat":[21],"product_tag":[],"woo-feed-brand":[],"acf":[],"_links":{"self":[{"href":"https:\/\/rivoli.ch\/fr\/wp-json\/wp\/v2\/product\/374"}],"collection":[{"href":"https:\/\/rivoli.ch\/fr\/wp-json\/wp\/v2\/product"}],"about":[{"href":"https:\/\/rivoli.ch\/fr\/wp-json\/wp\/v2\/types\/product"}],"replies":[{"embeddable":true,"href":"https:\/\/rivoli.ch\/fr\/wp-json\/wp\/v2\/comments?post=374"}],"wp:featuredmedia":[{"embeddable":true,"href":"https:\/\/rivoli.ch\/fr\/wp-json\/wp\/v2\/media\/1100"}],"wp:attachment":[{"href":"https:\/\/rivoli.ch\/fr\/wp-json\/wp\/v2\/media?parent=374"}],"wp:term":[{"taxonomy":"product_cat","embeddable":true,"href":"https:\/\/rivoli.ch\/fr\/wp-json\/wp\/v2\/product_cat?post=374"},{"taxonomy":"product_tag","embeddable":true,"href":"https:\/\/rivoli.ch\/fr\/wp-json\/wp\/v2\/product_tag?post=374"},{"taxonomy":"woo-feed-brand","embeddable":true,"href":"https:\/\/rivoli.ch\/fr\/wp-json\/wp\/v2\/woo-feed-brand?post=374"}],"curies":[{"name":"wp","href":"https:\/\/api.w.org\/{rel}","templated":true}]}}