{"id":353,"date":"2024-04-04T17:25:01","date_gmt":"2024-04-04T15:25:01","guid":{"rendered":"https:\/\/rivoli.dev.hayloft-it.ch\/?post_type=product&#038;p=353"},"modified":"2026-04-30T17:18:17","modified_gmt":"2026-04-30T15:18:17","slug":"le-privilege-la-creme","status":"publish","type":"product","link":"https:\/\/rivoli.ch\/fr\/produits\/le-privilege-la-creme\/","title":{"rendered":"Le Privil\u00e8ge La Cr\u00e8me"},"content":{"rendered":"<p>RIVOLI a d\u00e9velopp\u00e9 la cr\u00e8me anti-\u00e2ge ultime\u00a0: <em>Le Privil\u00e8ge La Cr\u00e8me<\/em>.<\/p>\n<p>Compos\u00e9e d\u2019extraits botaniques m\u00e9ticuleusement s\u00e9lectionn\u00e9s et d\u2019ingr\u00e9dients \u00e0 haute efficacit\u00e9, <em>La Cr\u00e8me<\/em> RIVOLI est un concentr\u00e9 de jeunesse pour la peau.<\/p>\n<p>Elle augmente son hydratation (+31% en 12 semaines), r\u00e9duit l\u2019apparence des rides (-11%*), am\u00e9liore son \u00e9lasticit\u00e9 (+17.2%*) et son volume (+0.49\u202fmm* de volume des pommettes).<\/p>\n<p>Certifi\u00e9e v\u00e9gane,\u00a0 <em>La Cr\u00e8me<\/em> RIVOLI ne contient ni silicones, ni parab\u00e8nes, ni PEG, ni micro-plastiques.<\/p>\n<p>Jour apr\u00e8s jour, <em>La Cr\u00e8me<\/em> combat les outrages du temps.<\/p>\n","protected":false},"excerpt":{"rendered":"<p>Notre cr\u00e8me anti-\u00e2ge extra-riche. Con\u00e7ue pour les peaux matures, elle red\u00e9finit l&rsquo;ovale du visage, raffermit et comble les rides.<\/p>\n","protected":false},"featured_media":1107,"comment_status":"closed","ping_status":"closed","template":"","meta":{"_seopress_robots_primary_cat":"none","_seopress_titles_title":"Cr\u00e8me anti-\u00e2ge hydratante, haute performance | Rivoli Gen\u00e8ve","_seopress_titles_desc":"D\u00e9couvrez La Cr\u00e8me de Rivoli Gen\u00e8ve, un puissant soin anti-\u00e2ge qui remod\u00e8le, raffermit, comble et hydrate intens\u00e9ment. \u2b50 Livraison Gratuite","_seopress_robots_index":""},"product_cat":[21],"product_tag":[],"woo-feed-brand":[],"acf":[],"_links":{"self":[{"href":"https:\/\/rivoli.ch\/fr\/wp-json\/wp\/v2\/product\/353"}],"collection":[{"href":"https:\/\/rivoli.ch\/fr\/wp-json\/wp\/v2\/product"}],"about":[{"href":"https:\/\/rivoli.ch\/fr\/wp-json\/wp\/v2\/types\/product"}],"replies":[{"embeddable":true,"href":"https:\/\/rivoli.ch\/fr\/wp-json\/wp\/v2\/comments?post=353"}],"wp:featuredmedia":[{"embeddable":true,"href":"https:\/\/rivoli.ch\/fr\/wp-json\/wp\/v2\/media\/1107"}],"wp:attachment":[{"href":"https:\/\/rivoli.ch\/fr\/wp-json\/wp\/v2\/media?parent=353"}],"wp:term":[{"taxonomy":"product_cat","embeddable":true,"href":"https:\/\/rivoli.ch\/fr\/wp-json\/wp\/v2\/product_cat?post=353"},{"taxonomy":"product_tag","embeddable":true,"href":"https:\/\/rivoli.ch\/fr\/wp-json\/wp\/v2\/product_tag?post=353"},{"taxonomy":"woo-feed-brand","embeddable":true,"href":"https:\/\/rivoli.ch\/fr\/wp-json\/wp\/v2\/woo-feed-brand?post=353"}],"curies":[{"name":"wp","href":"https:\/\/api.w.org\/{rel}","templated":true}]}}