{"id":335,"date":"2024-04-04T16:45:56","date_gmt":"2024-04-04T14:45:56","guid":{"rendered":"https:\/\/rivoli.dev.hayloft-it.ch\/?post_type=product&#038;p=335"},"modified":"2026-04-23T15:17:09","modified_gmt":"2026-04-23T13:17:09","slug":"le-visage-tonique-relaxant","status":"publish","type":"product","link":"https:\/\/rivoli.ch\/fr\/produits\/le-visage-tonique-relaxant\/","title":{"rendered":"Le Visage Tonique Relaxant"},"content":{"rendered":"<p style=\"font-weight: 400;\">Le Tonique Relaxant RIVOLI est une lotion rafra\u00eechissante, sans alcool, id\u00e9ale pour les peaux sensibles, sujettes \u00e0 la sensation de picotements.<\/p>\n<p style=\"font-weight: 400;\">II \u00e9limine les impuret\u00e9s, hydrate et apaise la peau.<\/p>\n<p style=\"font-weight: 400;\">Il stimule \u00e9galement la capacit\u00e9 naturelle de la peau \u00e0 prot\u00e9ger et \u00e0 r\u00e9g\u00e9n\u00e9rer sa fonction barri\u00e8re.<\/p>\n","protected":false},"excerpt":{"rendered":"<p>Notre lotion tonique apaisante et hydratante. Elle pr\u00e9pare votre peau \u00e0 recevoir les soins.<\/p>\n","protected":false},"featured_media":1098,"comment_status":"closed","ping_status":"closed","template":"","meta":{"_seopress_robots_primary_cat":"none","_seopress_titles_title":"Eau tonique apaisante et hydratante pour le visage | Rivoli Gen\u00e8ve","_seopress_titles_desc":"Plus qu'un tonique, ce pr\u00e9-soin apaise et stimule \u00e9galement la capacit\u00e9 naturelle de la peau du visage \u00e0 se prot\u00e9ger des agressions externes.","_seopress_robots_index":""},"product_cat":[21],"product_tag":[],"woo-feed-brand":[],"acf":[],"_links":{"self":[{"href":"https:\/\/rivoli.ch\/fr\/wp-json\/wp\/v2\/product\/335"}],"collection":[{"href":"https:\/\/rivoli.ch\/fr\/wp-json\/wp\/v2\/product"}],"about":[{"href":"https:\/\/rivoli.ch\/fr\/wp-json\/wp\/v2\/types\/product"}],"replies":[{"embeddable":true,"href":"https:\/\/rivoli.ch\/fr\/wp-json\/wp\/v2\/comments?post=335"}],"wp:featuredmedia":[{"embeddable":true,"href":"https:\/\/rivoli.ch\/fr\/wp-json\/wp\/v2\/media\/1098"}],"wp:attachment":[{"href":"https:\/\/rivoli.ch\/fr\/wp-json\/wp\/v2\/media?parent=335"}],"wp:term":[{"taxonomy":"product_cat","embeddable":true,"href":"https:\/\/rivoli.ch\/fr\/wp-json\/wp\/v2\/product_cat?post=335"},{"taxonomy":"product_tag","embeddable":true,"href":"https:\/\/rivoli.ch\/fr\/wp-json\/wp\/v2\/product_tag?post=335"},{"taxonomy":"woo-feed-brand","embeddable":true,"href":"https:\/\/rivoli.ch\/fr\/wp-json\/wp\/v2\/woo-feed-brand?post=335"}],"curies":[{"name":"wp","href":"https:\/\/api.w.org\/{rel}","templated":true}]}}