{"id":322,"date":"2024-04-04T16:23:06","date_gmt":"2024-04-04T14:23:06","guid":{"rendered":"https:\/\/rivoli.dev.hayloft-it.ch\/?post_type=product&#038;p=322"},"modified":"2026-04-08T12:17:16","modified_gmt":"2026-04-08T10:17:16","slug":"le-privilege-leau-de-jour-n02-anti-age-protection","status":"publish","type":"product","link":"https:\/\/rivoli.ch\/fr\/produits\/le-privilege-leau-de-jour-n02-anti-age-protection\/","title":{"rendered":"Le Privil\u00e8ge L\u2019Eau de Jour N\u00b002"},"content":{"rendered":"<h2>Anti-\u00c2ge &amp; Protection<\/h2>\n<p><em>L\u2019Eau de Jour<\/em>, notre soin embl\u00e9matique, se refait une beaut\u00e9 avec une nouvelle formule 02.<\/p>\n<p>Vaporis\u00e9e en un geste, <em>L\u2019Eau de Jour N\u00b002<\/em> est un condens\u00e9 d\u2019efficacit\u00e9. Elle est id\u00e9ale en premi\u00e8re \u00e9tape de votre routine skincare ou durant la journ\u00e9e par-dessus le maquillage.<\/p>\n<p>Super efficace, <em>L\u2019Eau de Jour N\u00b002<\/em> RIVOLI combine de multiples avantages pour votre peau\u00a0: action anti-\u00e2ge (-18,7% de rides*), hydratation (+27%*), fermet\u00e9 (+13,5%*) et protection contre la pollution et la lumi\u00e8re bleue. Les r\u00e9sultats complets, obtenus par un laboratoire ind\u00e9pendant, sont consultables dans la section <strong>Les r\u00e9sultats prouv\u00e9s<\/strong>.<\/p>\n<p>Certifi\u00e9e v\u00e9gane,\u00a0 <em>L\u2019Eau de Jour N\u00b002<\/em> RIVOLI est une formule \u00ab propre \u00bb. Elle ne contient ni silicones, ni parab\u00e8nes, ni PEG.<\/p>\n<p>Alli\u00e9e de votre bien-\u00eatre, <em>L\u2019Eau de Jour N\u00b002<\/em> RIVOLI est le rem\u00e8de ultime contre les signes de l\u2019\u00e2ge et les agressions quotidiennes.<\/p>\n","protected":false},"excerpt":{"rendered":"<p>Notre brume iconique. Multifonctionnelle, elle prot\u00e8ge, hydrate, repulpe et raffermit.<\/p>\n","protected":false},"featured_media":1066,"comment_status":"closed","ping_status":"closed","template":"","meta":{"_seopress_robots_primary_cat":"none","_seopress_titles_title":"Eau tonique de jour pour le visage Anti-\u00c2ge | Rivoli Gen\u00e8ve","_seopress_titles_desc":"Retrouvez un visage rajeuni avec L'Eau de Jour, brume anti-\u00e2ge. Protection urbaine, activateur de collag\u00e8ne et d\u2019acide hyaluronique \u2b50 Livraison Gratuite\u00a0","_seopress_robots_index":""},"product_cat":[21],"product_tag":[],"woo-feed-brand":[],"acf":[],"_links":{"self":[{"href":"https:\/\/rivoli.ch\/fr\/wp-json\/wp\/v2\/product\/322"}],"collection":[{"href":"https:\/\/rivoli.ch\/fr\/wp-json\/wp\/v2\/product"}],"about":[{"href":"https:\/\/rivoli.ch\/fr\/wp-json\/wp\/v2\/types\/product"}],"replies":[{"embeddable":true,"href":"https:\/\/rivoli.ch\/fr\/wp-json\/wp\/v2\/comments?post=322"}],"wp:featuredmedia":[{"embeddable":true,"href":"https:\/\/rivoli.ch\/fr\/wp-json\/wp\/v2\/media\/1066"}],"wp:attachment":[{"href":"https:\/\/rivoli.ch\/fr\/wp-json\/wp\/v2\/media?parent=322"}],"wp:term":[{"taxonomy":"product_cat","embeddable":true,"href":"https:\/\/rivoli.ch\/fr\/wp-json\/wp\/v2\/product_cat?post=322"},{"taxonomy":"product_tag","embeddable":true,"href":"https:\/\/rivoli.ch\/fr\/wp-json\/wp\/v2\/product_tag?post=322"},{"taxonomy":"woo-feed-brand","embeddable":true,"href":"https:\/\/rivoli.ch\/fr\/wp-json\/wp\/v2\/woo-feed-brand?post=322"}],"curies":[{"name":"wp","href":"https:\/\/api.w.org\/{rel}","templated":true}]}}