{"id":304,"date":"2024-04-04T14:36:30","date_gmt":"2024-04-04T12:36:30","guid":{"rendered":"https:\/\/rivoli.dev.hayloft-it.ch\/?post_type=product&#038;p=304"},"modified":"2026-04-04T20:17:18","modified_gmt":"2026-04-04T18:17:18","slug":"le-privilege-leau-de-nuit-n02-anti-age-et-regeneration","status":"publish","type":"product","link":"https:\/\/rivoli.ch\/fr\/produits\/le-privilege-leau-de-nuit-n02-anti-age-et-regeneration\/","title":{"rendered":"Le Privil\u00e8ge L\u2019Eau de Nuit N\u00b002"},"content":{"rendered":"<h2>Anti-\u00c2ge &amp; R\u00e9g\u00e9n\u00e9ration<\/h2>\n<p><em>L\u2019Eau de Nuit<\/em> RIVOLI, notre soin aux pouvoirs nocturnes r\u00e9g\u00e9n\u00e9rants et anti-\u00e2ge, est disponible pour tous les types de peau dans une nouvelle formule 02.<\/p>\n<p><em>L\u2019Eau de Nuit N\u00b002<\/em> RIVOLI agit pendant le sommeil, phase du rythme circadien durant laquelle la peau b\u00e9n\u00e9ficie d\u2019une meilleure r\u00e9ceptivit\u00e9. Elle lui permet une meilleure r\u00e9g\u00e9n\u00e9ration et agit contre les signes de vieillissement comme la formation de rides d\u2019expression.<\/p>\n<p>Dot\u00e9 de propri\u00e9t\u00e9s filmog\u00e8nes et r\u00e9gulatrices d\u2019humidit\u00e9, <em>L\u2019Eau de Nuit N\u00b002<\/em> RIVOLI est doubl\u00e9e d\u2019une action hydratante (+28.3% apr\u00e8s 12 heures*), facteur essentiel de la bonne sant\u00e9 de la peau.<\/p>\n<p>Certifi\u00e9e v\u00e9gane et \u00ab propre \u00bb, <em>L\u2019Eau de Nuit N\u00b002<\/em> RIVOLI ne contient ni silicones, ni parab\u00e8nes, ni PEG.<\/p>\n<p>&nbsp;<\/p>\n","protected":false},"excerpt":{"rendered":"<p>Notre soin du soir en spray pour un visage repos\u00e9 au matin.<\/p>\n","protected":false},"featured_media":1073,"comment_status":"closed","ping_status":"closed","template":"","meta":{"_seopress_robots_primary_cat":"none","_seopress_titles_title":"Eau tonique de nuit pour le visage Anti-\u00c2ge | Rivoli Gen\u00e8ve","_seopress_titles_desc":"Eau tonique visage de nuit : L'Eau de Nuit N\u00b002, une brume anti-\u00e2ge et d\u00e9toxifiante pour le visage afin d'am\u00e9liorer le processus de r\u00e9g\u00e9n\u00e9ration nocturne de votre peau.","_seopress_robots_index":""},"product_cat":[21],"product_tag":[],"woo-feed-brand":[],"acf":[],"_links":{"self":[{"href":"https:\/\/rivoli.ch\/fr\/wp-json\/wp\/v2\/product\/304"}],"collection":[{"href":"https:\/\/rivoli.ch\/fr\/wp-json\/wp\/v2\/product"}],"about":[{"href":"https:\/\/rivoli.ch\/fr\/wp-json\/wp\/v2\/types\/product"}],"replies":[{"embeddable":true,"href":"https:\/\/rivoli.ch\/fr\/wp-json\/wp\/v2\/comments?post=304"}],"wp:featuredmedia":[{"embeddable":true,"href":"https:\/\/rivoli.ch\/fr\/wp-json\/wp\/v2\/media\/1073"}],"wp:attachment":[{"href":"https:\/\/rivoli.ch\/fr\/wp-json\/wp\/v2\/media?parent=304"}],"wp:term":[{"taxonomy":"product_cat","embeddable":true,"href":"https:\/\/rivoli.ch\/fr\/wp-json\/wp\/v2\/product_cat?post=304"},{"taxonomy":"product_tag","embeddable":true,"href":"https:\/\/rivoli.ch\/fr\/wp-json\/wp\/v2\/product_tag?post=304"},{"taxonomy":"woo-feed-brand","embeddable":true,"href":"https:\/\/rivoli.ch\/fr\/wp-json\/wp\/v2\/woo-feed-brand?post=304"}],"curies":[{"name":"wp","href":"https:\/\/api.w.org\/{rel}","templated":true}]}}