{"id":2440,"date":"2024-10-29T11:05:37","date_gmt":"2024-10-29T10:05:37","guid":{"rendered":"https:\/\/rivoli.ch\/?post_type=product&#038;p=2440"},"modified":"2026-04-08T16:17:20","modified_gmt":"2026-04-08T14:17:20","slug":"les-mains-2-0-soin-total-anti-age","status":"publish","type":"product","link":"https:\/\/rivoli.ch\/fr\/produits\/les-mains-2-0-soin-total-anti-age\/","title":{"rendered":"Les Mains 2.0 Soin Total Anti-\u00c2ge"},"content":{"rendered":"<div>\n<div>\n<p class=\"Body\"><span lang=\"FR\">Le soin global anti-\u00e2ge ultime pour les mains.<\/span><\/p>\n<\/div>\n<p class=\"Body\"><span lang=\"FR\">Sans cesse sollicit\u00e9e, souvent n\u00e9glig\u00e9e et soumise aux agressions quotidiennes (exposition aux UV, nettoyages fr\u00e9quents), la peau de nos mains est particuli\u00e8rement sujette aux effets du vieillissement.<\/span><\/p>\n<\/div>\n<div>\n<p class=\"Body\"><span lang=\"FR\">Les Mains 2.0 &#8211; Soin Total Anti-\u00c2ge est con\u00e7u pour leur redonner une apparence plus jeune et \u00e9l\u00e9gante. Prot\u00e9g\u00e9e contre les dommages caus\u00e9s par les UV, la peau est redensifi\u00e9e, bien hydrat\u00e9e et les taches brunes r\u00e9duites.<\/span><\/p>\n<\/div>\n<div>\n<p class=\"Body\"><span lang=\"FR\">Les r\u00e9sultats exceptionnels de ce traitement pour les mains sont cliniquement prouv\u00e9s.<\/span><\/p>\n<\/div>\n<div>\n<p class=\"Body\">Certifi\u00e9 V\u00c9GAN, le traitement Les Mains 2.0 a \u00e9t\u00e9 formul\u00e9 en accord avec notre <a href=\"https:\/\/rivoli.ch\/wp-content\/uploads\/2024\/08\/RIVOLI_Blacklist-2024.pdf\">Blacklist<\/a> et notamment sans silicones, sans parab\u00e8nes, sans PEG, ni microplastiques.<\/p>\n<\/div>\n<div>\n<p class=\"Default\"><span lang=\"FR-CH\">\u00a0<\/span><\/p>\n<\/div>\n","protected":false},"excerpt":{"rendered":"<div><span lang=\"FR-CH\">Notre traitement anti-\u00e2ge, anti-taches, super hydratant pour les mains.<\/span><\/div>\n","protected":false},"featured_media":2538,"comment_status":"closed","ping_status":"closed","template":"","meta":{"_seopress_robots_primary_cat":"none","_seopress_titles_title":"Cr\u00e8me anti-\u00e2ge, anti-taches pour Les Mains | Rivoli Gen\u00e8ve","_seopress_titles_desc":"Cr\u00e8me pour les mains \"Les Mains 2.0\" : offrez \u00e0 votre peau jeunesse et soin total anti-\u00e2ge. \u2b50 Livraison Gratuite !","_seopress_robots_index":""},"product_cat":[23],"product_tag":[],"woo-feed-brand":[],"acf":[],"_links":{"self":[{"href":"https:\/\/rivoli.ch\/fr\/wp-json\/wp\/v2\/product\/2440"}],"collection":[{"href":"https:\/\/rivoli.ch\/fr\/wp-json\/wp\/v2\/product"}],"about":[{"href":"https:\/\/rivoli.ch\/fr\/wp-json\/wp\/v2\/types\/product"}],"replies":[{"embeddable":true,"href":"https:\/\/rivoli.ch\/fr\/wp-json\/wp\/v2\/comments?post=2440"}],"wp:featuredmedia":[{"embeddable":true,"href":"https:\/\/rivoli.ch\/fr\/wp-json\/wp\/v2\/media\/2538"}],"wp:attachment":[{"href":"https:\/\/rivoli.ch\/fr\/wp-json\/wp\/v2\/media?parent=2440"}],"wp:term":[{"taxonomy":"product_cat","embeddable":true,"href":"https:\/\/rivoli.ch\/fr\/wp-json\/wp\/v2\/product_cat?post=2440"},{"taxonomy":"product_tag","embeddable":true,"href":"https:\/\/rivoli.ch\/fr\/wp-json\/wp\/v2\/product_tag?post=2440"},{"taxonomy":"woo-feed-brand","embeddable":true,"href":"https:\/\/rivoli.ch\/fr\/wp-json\/wp\/v2\/woo-feed-brand?post=2440"}],"curies":[{"name":"wp","href":"https:\/\/api.w.org\/{rel}","templated":true}]}}