{"id":1776,"date":"2024-08-23T11:31:19","date_gmt":"2024-08-23T09:31:19","guid":{"rendered":"https:\/\/rivoli.ch\/?post_type=product&#038;p=1776"},"modified":"2026-04-22T16:17:37","modified_gmt":"2026-04-22T14:17:37","slug":"le-visage-creme-de-nuit-jeunesse-n02","status":"publish","type":"product","link":"https:\/\/rivoli.ch\/fr\/produits\/le-visage-creme-de-nuit-jeunesse-n02\/","title":{"rendered":"Le Visage Cr\u00e8me de Nuit Jeunesse N\u00b002"},"content":{"rendered":"<p><strong>R\u00e9g\u00e9n\u00e9ration nocturne pour un r\u00e9veil tout en \u00e9clat et une peau repos\u00e9e !<\/strong><\/p>\n<p>Inspir\u00e9e par les neurosciences, la nouvelle Cr\u00e8me de Nuit Jeunesse N\u00b002 stimule efficacement la r\u00e9g\u00e9n\u00e9ration nocturne de la peau. Elle cible pr\u00e9cis\u00e9ment les m\u00e9canismes de la r\u00e9g\u00e9n\u00e9ration cellulaire, incluant une action anti-oxydante, la r\u00e9duction de la perte en eau trans-\u00e9pidermique et la stimulation de la synth\u00e8se de collag\u00e8ne.<\/p>\n<p>Sa fragrance unique con\u00e7ue pour am\u00e9liorer la qualit\u00e9 du sommeil favorise un renouvellement cellulaire optimal.<\/p>\n<p>Certifi\u00e9e VEGAN, Cr\u00e8me de Nuit Jeunesse N\u00b002 a \u00e9t\u00e9 formul\u00e9e en accord avec notre Blacklist et notamment sans silicones, sans parab\u00e8nes, sans PEG et microplastiques.<\/p>\n<p>&nbsp;<\/p>\n<p>&nbsp;<\/p>\n","protected":false},"excerpt":{"rendered":"<div>\n<p class=\"Body\"><span lang=\"FR\">Notre nouvelle cr\u00e8me de nuit : r\u00e9g\u00e9n\u00e9ration nocturne stimul\u00e9e gr\u00e2ce \u00e0 un meilleur sommeil.\u00a0<\/span><\/p>\n<\/div>\n","protected":false},"featured_media":1777,"comment_status":"closed","ping_status":"closed","template":"","meta":{"_seopress_robots_primary_cat":"none","_seopress_titles_title":"Cr\u00e8me de Nuit Anti-\u00c2ge pour Le Visage | Rivoli Gen\u00e8ve","_seopress_titles_desc":"Cr\u00e8me de nuit visage anti-\u00e2ge et r\u00e9g\u00e9n\u00e9rante, pour une peau repos\u00e9e, r\u00e9par\u00e9e et un teint \u00e9clatant d\u00e8s le r\u00e9veil. \u2b50 Livraison Gratuite !","_seopress_robots_index":""},"product_cat":[21],"product_tag":[],"woo-feed-brand":[],"acf":[],"_links":{"self":[{"href":"https:\/\/rivoli.ch\/fr\/wp-json\/wp\/v2\/product\/1776"}],"collection":[{"href":"https:\/\/rivoli.ch\/fr\/wp-json\/wp\/v2\/product"}],"about":[{"href":"https:\/\/rivoli.ch\/fr\/wp-json\/wp\/v2\/types\/product"}],"replies":[{"embeddable":true,"href":"https:\/\/rivoli.ch\/fr\/wp-json\/wp\/v2\/comments?post=1776"}],"wp:featuredmedia":[{"embeddable":true,"href":"https:\/\/rivoli.ch\/fr\/wp-json\/wp\/v2\/media\/1777"}],"wp:attachment":[{"href":"https:\/\/rivoli.ch\/fr\/wp-json\/wp\/v2\/media?parent=1776"}],"wp:term":[{"taxonomy":"product_cat","embeddable":true,"href":"https:\/\/rivoli.ch\/fr\/wp-json\/wp\/v2\/product_cat?post=1776"},{"taxonomy":"product_tag","embeddable":true,"href":"https:\/\/rivoli.ch\/fr\/wp-json\/wp\/v2\/product_tag?post=1776"},{"taxonomy":"woo-feed-brand","embeddable":true,"href":"https:\/\/rivoli.ch\/fr\/wp-json\/wp\/v2\/woo-feed-brand?post=1776"}],"curies":[{"name":"wp","href":"https:\/\/api.w.org\/{rel}","templated":true}]}}