{"id":501,"date":"2024-04-09T10:28:01","date_gmt":"2024-04-09T08:28:01","guid":{"rendered":"https:\/\/rivoli.dev.hayloft-it.ch\/?page_id=501"},"modified":"2026-02-03T10:10:38","modified_gmt":"2026-02-03T09:10:38","slug":"la-marque-rivoli-2","status":"publish","type":"page","link":"https:\/\/rivoli.ch\/fr\/la-marque-rivoli-2\/","title":{"rendered":"La marque Rivoli"},"content":{"rendered":"\n<div class=\"wp-block-group alignwide is-layout-flow wp-block-group-is-layout-flow\">\n<h1 class=\"wp-block-heading has-text-align-center has-base-color has-text-color has-link-color has-serif-font-family wp-elements-23b5768581fbcf15ba7c552dfa4684f9\">La marque<\/h1>\n\n\n\n<p><\/p>\n\n\n\n<figure data-no-zoom=\"true\" class=\"wp-block-image alignfull size-large\"><img loading=\"lazy\" decoding=\"async\" width=\"1024\" height=\"359\" src=\"https:\/\/rivoli.ch\/wp-content\/uploads\/2025\/10\/Screenshot-2025-10-06-at-12.14.05-1024x359.webp\" alt=\"screenshot 2025 10 06 at 12.14.05\" class=\"wp-image-3999\" srcset=\"https:\/\/rivoli.ch\/wp-content\/uploads\/2025\/10\/Screenshot-2025-10-06-at-12.14.05-1024x359.webp 1024w, https:\/\/rivoli.ch\/wp-content\/uploads\/2025\/10\/Screenshot-2025-10-06-at-12.14.05-300x105.webp 300w, https:\/\/rivoli.ch\/wp-content\/uploads\/2025\/10\/Screenshot-2025-10-06-at-12.14.05-768x269.webp 768w, https:\/\/rivoli.ch\/wp-content\/uploads\/2025\/10\/Screenshot-2025-10-06-at-12.14.05-18x6.webp 18w, https:\/\/rivoli.ch\/wp-content\/uploads\/2025\/10\/Screenshot-2025-10-06-at-12.14.05-600x210.webp 600w, https:\/\/rivoli.ch\/wp-content\/uploads\/2025\/10\/Screenshot-2025-10-06-at-12.14.05.png 1322w\" sizes=\"(max-width: 1024px) 100vw, 1024px\" \/><\/figure>\n<\/div>\n\n\n\n<div class=\"wp-block-group is-layout-constrained wp-block-group-is-layout-constrained\">\n<h2 class=\"wp-block-heading has-text-align-center\">Rivoli, la \u00ab\u00a0Beaut\u00e9 Intelligente\u00a0\u00bb<\/h2>\n\n\n\n<p class=\"has-text-align-center has-normal-font-size\"><br>La peau est l\u2019organe le plus grand de notre corps et se r\u00e9g\u00e9n\u00e8re tous les 3-4 semaines. <br>C\u2019est notre bouclier contre les agressions externes. L\u2019\u201cintelligence\u201d de la peau r\u00e9side dans sa capacit\u00e9 \u00e0 adapter continuellement ses r\u00e9ponses en fonction des ressources dont elle dispose afin de se maintenir en bonne sant\u00e9 et donc belle.<\/p>\n\n\n\n<p class=\"has-text-align-center has-normal-font-size\">Gr\u00e2ce \u00e0 une s\u00e9lection m\u00e9ticuleuse des ingr\u00e9dients utilis\u00e9s, nos formules sont con\u00e7ues pour mettre \u00e0 la disposition de la peau en toute s\u00e9curit\u00e9, les ingr\u00e9dients n\u00e9cessaires \u00e0 son \u00e9quilibre et ainsi soutenir et am\u00e9liorer sa capacit\u00e9 inn\u00e9e \u00e0 se r\u00e9g\u00e9n\u00e9rer, facteur particuli\u00e8rement important pour les peaux matures et sensibles.<\/p>\n<\/div>\n\n\n\n<p><\/p>\n\n\n\n<p class=\"has-text-align-center\"><\/p>\n\n\n\n<div class=\"wp-block-group alignfull has-light-blue-background-color has-background is-layout-constrained wp-block-group-is-layout-constrained\">\n<div class=\"wp-block-group bloc-beauty-la-marque has-white-background-color has-background is-layout-constrained wp-block-group-is-layout-constrained\">\n<p class=\"has-text-align-center has-medium-large-font-size\">Pour nous, \u00ab\u00a0Beaut\u00e9 Intelligente\u00a0\u00bb signifie privil\u00e9gier<br>l\u2019\u201cintelligence\u201d du processus naturel de r\u00e9g\u00e9n\u00e9ration de la peau<br>dans la conception de nos produits de soins.<\/p>\n\n\n\n<div class=\"wp-block-buttons is-content-justification-center is-layout-flex wp-container-core-buttons-is-layout-1 wp-block-buttons-is-layout-flex\">\n<div class=\"wp-block-button\"><a class=\"wp-block-button__link wp-element-button\" href=\"#\">EN SAVOIR PLUS<\/a><\/div>\n<\/div>\n<\/div>\n<\/div>\n\n\n\n<div class=\"wp-block-media-text alignwide has-media-on-the-right is-stacked-on-mobile marque-bloc-1 la-marque-grid\"><div class=\"wp-block-media-text__content\">\n<h2 class=\"la-marque-grid-title\">RIVOLI c&rsquo;est&#8230;<br><span>l&rsquo;efficacit\u00e9 prouv\u00e9e<\/span><\/h2>\n\n\n\n<p>Nous allons bien au-del\u00e0 d&rsquo;une \u00e9valuation produit subjective par un panel de consommateurs: tous nos produits sont soumis \u00e0 des essais cliniques rigoureux men\u00e9s par un laboratoire ind\u00e9pendant afin d\u2019en mesurer la r\u00e9elle efficacit\u00e9.<br><br>Les excellents r\u00e9sultats obtenus lors de ces tests s\u2019expliquent par un choix tr\u00e8s minutieux des ingr\u00e9dients et par l\u2019utilisation syst\u00e9matique de pr\u00e9curseurs et de liposomes \u00e0 structure lamellaires.<\/p>\n\n\n\n<div class=\"wp-block-buttons is-layout-flex wp-block-buttons-is-layout-flex\">\n<div class=\"wp-block-button\"><a class=\"wp-block-button__link wp-element-button\" href=\"https:\/\/rivoli.ch\/la-marque-rivoli\/efficacite-prouvee\/\">en savoir plus<\/a><\/div>\n<\/div>\n<\/div><figure class=\"wp-block-media-text__media\" data-no-zoom=\"true\"><img loading=\"lazy\" decoding=\"async\" width=\"586\" height=\"586\" src=\"https:\/\/rivoli.ch\/wp-content\/uploads\/2025\/10\/1dec99ecb21afe9a3ad5987b0577b633.png\" alt=\"1dec99ecb21afe9a3ad5987b0577b633\" class=\"wp-image-4000 size-full\" srcset=\"https:\/\/rivoli.ch\/wp-content\/uploads\/2025\/10\/1dec99ecb21afe9a3ad5987b0577b633.png 586w, https:\/\/rivoli.ch\/wp-content\/uploads\/2025\/10\/1dec99ecb21afe9a3ad5987b0577b633-300x300.webp 300w, https:\/\/rivoli.ch\/wp-content\/uploads\/2025\/10\/1dec99ecb21afe9a3ad5987b0577b633-150x150.webp 150w, https:\/\/rivoli.ch\/wp-content\/uploads\/2025\/10\/1dec99ecb21afe9a3ad5987b0577b633-12x12.webp 12w\" sizes=\"(max-width: 586px) 100vw, 586px\" \/><\/figure><\/div>\n\n\n\n<div class=\"wp-block-media-text alignwide is-stacked-on-mobile marque-bloc-2 la-marque-grid\"><figure class=\"wp-block-media-text__media\" data-no-zoom=\"true\"><img loading=\"lazy\" decoding=\"async\" width=\"474\" height=\"633\" src=\"https:\/\/rivoli.ch\/wp-content\/uploads\/2025\/10\/105081b18dc37161f3a7c548841f2aa9.png\" alt=\"105081b18dc37161f3a7c548841f2aa9\" class=\"wp-image-4001 size-full\" srcset=\"https:\/\/rivoli.ch\/wp-content\/uploads\/2025\/10\/105081b18dc37161f3a7c548841f2aa9.png 474w, https:\/\/rivoli.ch\/wp-content\/uploads\/2025\/10\/105081b18dc37161f3a7c548841f2aa9-225x300.webp 225w, https:\/\/rivoli.ch\/wp-content\/uploads\/2025\/10\/105081b18dc37161f3a7c548841f2aa9-9x12.webp 9w\" sizes=\"(max-width: 474px) 100vw, 474px\" \/><\/figure><div class=\"wp-block-media-text__content\">\n<h2 class=\"la-marque-grid-title\">RIVOLI c&rsquo;est&#8230;<br><span>le respect de la peau<\/span><\/h2>\n\n\n\n<p>Les ingr\u00e9dients que nous utilisons dans nos produits sont s\u00e9lectionn\u00e9s selon des crit\u00e8res extr\u00eamement rigoureux. Nous veillons \u00e0 ce que nos produits respectent l\u2019\u00e9quilibre du microbiome cutan\u00e9, condition essentielle pour une peau saine.<\/p>\n\n\n\n<div class=\"wp-block-buttons is-layout-flex wp-block-buttons-is-layout-flex\">\n<div class=\"wp-block-button\"><a class=\"wp-block-button__link wp-element-button\" href=\"https:\/\/rivoli.ch\/la-marque-rivoli\/respect-peau\/\">en savoir plus<\/a><\/div>\n<\/div>\n<\/div><\/div>\n\n\n\n<div class=\"wp-block-group alignfull has-light-blue-background-color has-background is-layout-constrained wp-block-group-is-layout-constrained\">\n<div class=\"wp-block-media-text alignwide has-media-on-the-right is-stacked-on-mobile marque-bloc-3 la-marque-grid\"><div class=\"wp-block-media-text__content\">\n<h2 class=\"la-marque-grid-title\">RIVOLI c&rsquo;est&#8230;<br><span>l\u2019\u00e9co-responsabilit\u00e9<\/span><\/h2>\n\n\n\n<p>Nous privil\u00e9gions l\u2019utilisation d\u2019ingr\u00e9dients d\u2019origine naturelle ou de biosynth\u00e8se. Nos produits sont certifi\u00e9s V\u00e9gane;<br><br>Nous am\u00e9liorons constamment le caract\u00e8re recyclable de nos emballages en utilisant des mat\u00e9riaux eux-m\u00eame recycl\u00e9s et \/ ou recyclables.&nbsp;<\/p>\n\n\n\n<div class=\"wp-block-buttons is-layout-flex wp-block-buttons-is-layout-flex\">\n<div class=\"wp-block-button\"><a class=\"wp-block-button__link wp-element-button\" href=\"https:\/\/rivoli.ch\/la-marque-rivoli\/eco-responsabilite\/\">en savoir plus<\/a><\/div>\n<\/div>\n<\/div><figure class=\"wp-block-media-text__media\" data-no-zoom=\"true\"><img loading=\"lazy\" decoding=\"async\" width=\"620\" height=\"474\" src=\"https:\/\/rivoli.ch\/wp-content\/uploads\/2025\/10\/vegan.jpg\" alt=\"vegan\" class=\"wp-image-4005 size-full\" srcset=\"https:\/\/rivoli.ch\/wp-content\/uploads\/2025\/10\/vegan.jpg 620w, https:\/\/rivoli.ch\/wp-content\/uploads\/2025\/10\/vegan-300x229.webp 300w, https:\/\/rivoli.ch\/wp-content\/uploads\/2025\/10\/vegan-16x12.webp 16w, https:\/\/rivoli.ch\/wp-content\/uploads\/2025\/10\/vegan-600x459.webp 600w\" sizes=\"(max-width: 620px) 100vw, 620px\" \/><\/figure><\/div>\n<\/div>\n\n\n\n<div class=\"wp-block-media-text alignwide is-stacked-on-mobile marque-bloc-4 la-marque-grid\"><figure class=\"wp-block-media-text__media\" data-no-zoom=\"true\"><img loading=\"lazy\" decoding=\"async\" width=\"578\" height=\"578\" src=\"https:\/\/rivoli.ch\/wp-content\/uploads\/2025\/10\/0686efbba2d173d1c186cace3271f1e5.png\" alt=\"0686efbba2d173d1c186cace3271f1e5\" class=\"wp-image-4003 size-full\" srcset=\"https:\/\/rivoli.ch\/wp-content\/uploads\/2025\/10\/0686efbba2d173d1c186cace3271f1e5.png 578w, https:\/\/rivoli.ch\/wp-content\/uploads\/2025\/10\/0686efbba2d173d1c186cace3271f1e5-300x300.webp 300w, https:\/\/rivoli.ch\/wp-content\/uploads\/2025\/10\/0686efbba2d173d1c186cace3271f1e5-150x150.webp 150w, https:\/\/rivoli.ch\/wp-content\/uploads\/2025\/10\/0686efbba2d173d1c186cace3271f1e5-12x12.webp 12w\" sizes=\"(max-width: 578px) 100vw, 578px\" \/><\/figure><div class=\"wp-block-media-text__content\">\n<h2 class=\"la-marque-grid-title\">RIVOLI c&rsquo;est&#8230;<br><span>la qualit\u00e9 suisse<\/span><\/h2>\n\n\n\n<p>Notre manufacture est certifi\u00e9e ISO-9001 et \u00e9galement ISO-14001, normes internationales en mati\u00e8re de responsabilit\u00e9 environnementale. Par ailleurs, depuis 2016, &nbsp;le programme national de r\u00e9duction de consommation \u00e9nerg\u00e9tique appel\u00e9 \u201cAct\u201d est int\u00e9gr\u00e9 \u00e0 sa gestion quotidienne.<\/p>\n\n\n\n<div class=\"wp-block-buttons is-layout-flex wp-block-buttons-is-layout-flex\">\n<div class=\"wp-block-button\"><a class=\"wp-block-button__link wp-element-button\" href=\"https:\/\/rivoli.ch\/la-marque-rivoli\/qualite-suisse\/\">en savoir plus<\/a><\/div>\n<\/div>\n<\/div><\/div>\n\n\n\n<div class=\"wp-block-media-text alignwide has-media-on-the-right is-stacked-on-mobile la-marque-grid\"><div class=\"wp-block-media-text__content\">\n<h2 class=\"la-marque-grid-title\">RIVOLI c&rsquo;est&#8230;<br><span>une affaire de famille<\/span><\/h2>\n\n\n\n<p>RIVOLI est une marque de produits de soin pour la peau cr\u00e9\u00e9e par 2 fr\u00e8res : Kuno et Peter Schweikert. <\/p>\n\n\n\n<p>Gr\u00e2ce \u00e0 une tr\u00e8s longue exp\u00e9rience dans la cosm\u00e9tique, ils ont d\u00e9velopp\u00e9 depuis une vingtaine d\u2019ann\u00e9es des ingr\u00e9dients et des produits performants afin de satisfaire les attentes d\u2019une client\u00e8le exigeante, \u00e0 la recherche de produits r\u00e9ellement efficaces, respectueux de la peau et \u00e9co-responsables.<\/p>\n\n\n\n<p>C\u2019est bas\u00e9 sur&nbsp;leur&nbsp;exp\u00e9rience et&nbsp;succ\u00e8s qu\u2019ils ont cr\u00e9\u00e9 leur marque de soins RIVOLI.<\/p>\n<\/div><figure class=\"wp-block-media-text__media\" data-no-zoom=\"true\"><img loading=\"lazy\" decoding=\"async\" width=\"620\" height=\"461\" src=\"https:\/\/rivoli.ch\/wp-content\/uploads\/2025\/10\/Groupe-de-masques-40.png\" alt=\"groupe de masques 40\" class=\"wp-image-4004 size-full\" srcset=\"https:\/\/rivoli.ch\/wp-content\/uploads\/2025\/10\/Groupe-de-masques-40.png 620w, https:\/\/rivoli.ch\/wp-content\/uploads\/2025\/10\/Groupe-de-masques-40-300x223.webp 300w, https:\/\/rivoli.ch\/wp-content\/uploads\/2025\/10\/Groupe-de-masques-40-16x12.webp 16w, https:\/\/rivoli.ch\/wp-content\/uploads\/2025\/10\/Groupe-de-masques-40-600x446.webp 600w\" sizes=\"(max-width: 620px) 100vw, 620px\" \/><\/figure><\/div>\n","protected":false},"excerpt":{"rendered":"<p>La marque Rivoli, la \u00ab\u00a0Beaut\u00e9 Intelligente\u00a0\u00bb La peau est l\u2019organe le plus grand de notre corps et se r\u00e9g\u00e9n\u00e8re tous les 3-4 semaines. C\u2019est notre bouclier contre les agressions externes. L\u2019\u201cintelligence\u201d de la peau r\u00e9side dans sa capacit\u00e9 \u00e0 adapter continuellement ses r\u00e9ponses en fonction des ressources dont elle dispose afin de se maintenir en [&hellip;]<\/p>\n","protected":false},"author":11816,"featured_media":0,"parent":0,"menu_order":0,"comment_status":"closed","ping_status":"closed","template":"","meta":{"_seopress_robots_primary_cat":"","_seopress_titles_title":"","_seopress_titles_desc":"","_seopress_robots_index":"","footnotes":""},"acf":[],"_links":{"self":[{"href":"https:\/\/rivoli.ch\/fr\/wp-json\/wp\/v2\/pages\/501"}],"collection":[{"href":"https:\/\/rivoli.ch\/fr\/wp-json\/wp\/v2\/pages"}],"about":[{"href":"https:\/\/rivoli.ch\/fr\/wp-json\/wp\/v2\/types\/page"}],"author":[{"embeddable":true,"href":"https:\/\/rivoli.ch\/fr\/wp-json\/wp\/v2\/users\/11816"}],"replies":[{"embeddable":true,"href":"https:\/\/rivoli.ch\/fr\/wp-json\/wp\/v2\/comments?post=501"}],"version-history":[{"count":58,"href":"https:\/\/rivoli.ch\/fr\/wp-json\/wp\/v2\/pages\/501\/revisions"}],"predecessor-version":[{"id":4264,"href":"https:\/\/rivoli.ch\/fr\/wp-json\/wp\/v2\/pages\/501\/revisions\/4264"}],"wp:attachment":[{"href":"https:\/\/rivoli.ch\/fr\/wp-json\/wp\/v2\/media?parent=501"}],"curies":[{"name":"wp","href":"https:\/\/api.w.org\/{rel}","templated":true}]}}