{"id":497,"date":"2024-04-09T10:27:19","date_gmt":"2024-04-09T08:27:19","guid":{"rendered":"https:\/\/rivoli.dev.hayloft-it.ch\/?page_id=497"},"modified":"2024-09-06T17:21:27","modified_gmt":"2024-09-06T15:21:27","slug":"efficacite-prouvee","status":"publish","type":"page","link":"https:\/\/rivoli.ch\/fr\/la-marque-rivoli-2\/efficacite-prouvee\/","title":{"rendered":"RIVOLI c\u2019est l\u2019efficacit\u00e9 prouv\u00e9e"},"content":{"rendered":"\n<div class=\"wp-block-cover alignfull is-light\" style=\"min-height:500px;aspect-ratio:unset;\"><span aria-hidden=\"true\" class=\"wp-block-cover__background has-background-dim\" style=\"background-color:#dce0e8\"><\/span><img loading=\"lazy\" decoding=\"async\" width=\"1920\" height=\"731\" class=\"wp-block-cover__image-background wp-image-1510\" alt=\"riv cover pict fb 2\" src=\"https:\/\/rivoli.ch\/wp-content\/uploads\/2024\/07\/RIV_COVER-PICT_FB_2.jpg\" data-object-fit=\"cover\" srcset=\"https:\/\/rivoli.ch\/wp-content\/uploads\/2024\/07\/RIV_COVER-PICT_FB_2.jpg 1920w, https:\/\/rivoli.ch\/wp-content\/uploads\/2024\/07\/RIV_COVER-PICT_FB_2-300x114.webp 300w, https:\/\/rivoli.ch\/wp-content\/uploads\/2024\/07\/RIV_COVER-PICT_FB_2-1024x390.webp 1024w, https:\/\/rivoli.ch\/wp-content\/uploads\/2024\/07\/RIV_COVER-PICT_FB_2-768x292.webp 768w, https:\/\/rivoli.ch\/wp-content\/uploads\/2024\/07\/RIV_COVER-PICT_FB_2-1536x585.webp 1536w, https:\/\/rivoli.ch\/wp-content\/uploads\/2024\/07\/RIV_COVER-PICT_FB_2-18x7.webp 18w, https:\/\/rivoli.ch\/wp-content\/uploads\/2024\/07\/RIV_COVER-PICT_FB_2-600x228.webp 600w\" sizes=\"(max-width: 1920px) 100vw, 1920px\" \/><div class=\"wp-block-cover__inner-container is-layout-constrained wp-block-cover-is-layout-constrained\">\n<p class=\"has-text-align-center has-large-font-size\"><\/p>\n<\/div><\/div>\n\n\n\n<div class=\"wp-block-group is-layout-constrained wp-block-group-is-layout-constrained\">\n<h1 class=\"wp-block-heading has-text-align-left has-base-color has-text-color has-link-color has-large-font-size wp-elements-9b6a4fc4814c4ea929756a9a174a2ef7\">RIVOLI c\u2019est l\u2019efficacit\u00e9 prouv\u00e9e<\/h1>\n\n\n\n<p class=\"has-text-align-left has-base-color has-text-color has-link-color has-normal-font-size wp-elements-217945b61b4aa80711fa8cd50c6a2b6e\"><strong>Gr\u00e2ce au travail constant de notre comit\u00e9 scientifique et \u00e0 nos investissements continus dans la recherche, nous sommes en mesure d\u2019offrir des produits de soins qui tiennent compte des derni\u00e8res d\u00e9couvertes en mati\u00e8re de biologie cutan\u00e9e.<\/strong><\/p>\n\n\n\n<p class=\"has-text-align-left has-normal-font-size\">Nous allons bien au-del\u00e0 d&rsquo;une \u00e9valuation produit subjective par un panel de consommateurs: tous nos produits sont soumis \u00e0 des essais cliniques rigoureux men\u00e9s par un laboratoire ind\u00e9pendant afin d\u2019en mesurer la r\u00e9elle efficacit\u00e9.<\/p>\n\n\n\n<p class=\"has-text-align-left has-normal-font-size\">Les excellents r\u00e9sultats obtenus lors de ces tests s\u2019expliquent par un choix tr\u00e8s minutieux des ingr\u00e9dients et par l\u2019utilisation syst\u00e9matique de pr\u00e9curseurs et de liposomes \u00e0 structure lamellaire.<\/p>\n<\/div>\n\n\n\n<div class=\"alignwide wp-block-rivoli-overlapping-images\">\n            <div class=\"image-container\">\n            <img decoding=\"async\" src=\"https:\/\/rivoli.ch\/wp-content\/uploads\/2024\/04\/download-2.webp\">\n        <\/div>\n            <div class=\"image-container\">\n            <img decoding=\"async\" src=\"https:\/\/rivoli.ch\/wp-content\/uploads\/2024\/04\/download-1.webp\">\n        <\/div>\n    <\/div>\n\n\n<h2 class=\"wp-block-heading has-primary-color has-text-color has-link-color has-medium-large-font-size wp-elements-38e42648224dc2131d4dedc484f7c412\">ASPRivoli<sup>\u00ae<\/sup> : la technologie des pr\u00e9curseurs<\/h2>\n\n\n\n<p>Gr\u00e2ce \u00e0 la technologie ASPRivoli<sup>\u00ae<\/sup>, nous cr\u00e9ons des soins efficaces et modulables qui s\u2019adaptent aux besoins sp\u00e9cifiques de la peau tout en respectant pleinement l\u2019\u00e9quilibre de son \u00e9cosyst\u00e8me cutan\u00e9. Les mol\u00e9cules pr\u00e9curseurs apportent \u00e0 la peau les nutriments essentiels qui lui permettent de r\u00e9activer ses m\u00e9canismes naturels de protection et de r\u00e9g\u00e9n\u00e9ration, sans risque de surdosage.<\/p>\n\n\n\n<h2 class=\"wp-block-heading has-primary-color has-text-color has-link-color has-medium-large-font-size wp-elements-ccaf4f18ab8e57d8822e395ebc7d0166\">La technologie MLSRivoli<sup>\u00ae<\/sup> (Multi Lamellar Structure)<\/h2>\n\n\n\n<p>Compos\u00e9e de phospholipides, de c\u00e9ramides et de squalane, cette technologie imite la structure multilamellaire de la peau pour proposer des formules biomim\u00e9tiques qui respectent l&rsquo;\u00e9cosyst\u00e8me cutan\u00e9 et limitent l&rsquo;utilisation d&rsquo;\u00e9mulsifiants. Elle renforce la barri\u00e8re cutan\u00e9e et r\u00e9g\u00e9n\u00e8re l\u2019\u00e9piderme pour une hydratation et une protection optimales contre les agressions ext\u00e9rieures.<\/p>\n\n\n\n<div class=\"wp-block-buttons is-layout-flex wp-block-buttons-is-layout-flex\">\n<div class=\"wp-block-button\"><a class=\"wp-block-button__link wp-element-button\" href=\"https:\/\/rivoli.ch\/la-marque-rivoli\/\">Retour \u00e0 la page La Marque<\/a><\/div>\n<\/div>\n","protected":false},"excerpt":{"rendered":"<p>RIVOLI c\u2019est l\u2019efficacit\u00e9 prouv\u00e9e Gr\u00e2ce au travail constant de notre comit\u00e9 scientifique et \u00e0 nos investissements continus dans la recherche, nous sommes en mesure d\u2019offrir des produits de soins qui tiennent compte des derni\u00e8res d\u00e9couvertes en mati\u00e8re de biologie cutan\u00e9e. Nous allons bien au-del\u00e0 d&rsquo;une \u00e9valuation produit subjective par un panel de consommateurs: tous nos [&hellip;]<\/p>\n","protected":false},"author":11816,"featured_media":0,"parent":501,"menu_order":0,"comment_status":"closed","ping_status":"closed","template":"","meta":{"_seopress_robots_primary_cat":"","_seopress_titles_title":"","_seopress_titles_desc":"","_seopress_robots_index":"","footnotes":""},"acf":[],"_links":{"self":[{"href":"https:\/\/rivoli.ch\/fr\/wp-json\/wp\/v2\/pages\/497"}],"collection":[{"href":"https:\/\/rivoli.ch\/fr\/wp-json\/wp\/v2\/pages"}],"about":[{"href":"https:\/\/rivoli.ch\/fr\/wp-json\/wp\/v2\/types\/page"}],"author":[{"embeddable":true,"href":"https:\/\/rivoli.ch\/fr\/wp-json\/wp\/v2\/users\/11816"}],"replies":[{"embeddable":true,"href":"https:\/\/rivoli.ch\/fr\/wp-json\/wp\/v2\/comments?post=497"}],"version-history":[{"count":40,"href":"https:\/\/rivoli.ch\/fr\/wp-json\/wp\/v2\/pages\/497\/revisions"}],"predecessor-version":[{"id":1981,"href":"https:\/\/rivoli.ch\/fr\/wp-json\/wp\/v2\/pages\/497\/revisions\/1981"}],"up":[{"embeddable":true,"href":"https:\/\/rivoli.ch\/fr\/wp-json\/wp\/v2\/pages\/501"}],"wp:attachment":[{"href":"https:\/\/rivoli.ch\/fr\/wp-json\/wp\/v2\/media?parent=497"}],"curies":[{"name":"wp","href":"https:\/\/api.w.org\/{rel}","templated":true}]}}