{"id":3491,"date":"2025-09-03T11:36:55","date_gmt":"2025-09-03T09:36:55","guid":{"rendered":"https:\/\/rivoli.ch\/?page_id=3491"},"modified":"2025-10-30T10:19:52","modified_gmt":"2025-10-30T09:19:52","slug":"notre-studio","status":"publish","type":"page","link":"https:\/\/rivoli.ch\/fr\/notre-studio\/","title":{"rendered":"Notre studio"},"content":{"rendered":"\n<h1 class=\"wp-block-heading has-text-align-center has-base-color has-text-color has-link-color has-serif-font-family has-huge-font-size wp-elements-9dcaa3f2b4f70abb31c2616b8d75ffbc\"><strong>Notre Studio<\/strong><\/h1>\n\n\n\n<p class=\"has-text-align-center soustitre-bleu has-primary-color has-text-color has-link-color has-large-font-size wp-elements-9d1c659df7bca8fa0afc153eaafa5c4b\">beauty on the go<\/p>\n\n\n\n<figure data-no-zoom=\"true\" class=\"wp-block-image alignwide size-full sect-image-hero\"><img loading=\"lazy\" decoding=\"async\" width=\"2000\" height=\"700\" src=\"https:\/\/rivoli.ch\/wp-content\/uploads\/2025\/10\/facelab_desktop_2.jpg\" alt=\"facelab desktop 2\" class=\"wp-image-4050\" srcset=\"https:\/\/rivoli.ch\/wp-content\/uploads\/2025\/10\/facelab_desktop_2.jpg 2000w, https:\/\/rivoli.ch\/wp-content\/uploads\/2025\/10\/facelab_desktop_2-300x105.webp 300w, https:\/\/rivoli.ch\/wp-content\/uploads\/2025\/10\/facelab_desktop_2-1024x358.webp 1024w, https:\/\/rivoli.ch\/wp-content\/uploads\/2025\/10\/facelab_desktop_2-768x269.webp 768w, https:\/\/rivoli.ch\/wp-content\/uploads\/2025\/10\/facelab_desktop_2-1536x538.webp 1536w, https:\/\/rivoli.ch\/wp-content\/uploads\/2025\/10\/facelab_desktop_2-18x6.webp 18w, https:\/\/rivoli.ch\/wp-content\/uploads\/2025\/10\/facelab_desktop_2-600x210.webp 600w\" sizes=\"(max-width: 2000px) 100vw, 2000px\" \/><\/figure>\n\n\n\n<div class=\"wp-block-group alignwide mobile-txt-med is-layout-constrained wp-block-group-is-layout-constrained\">\n<h2 class=\"wp-block-heading alignwide has-text-align-center has-serif-font-family\">Sculptez la beaut\u00e9 naturelle de votre visage<\/h2>\n\n\n\n<div class=\"wp-block-columns alignwide is-layout-flex wp-container-core-columns-is-layout-1 wp-block-columns-is-layout-flex\">\n<div class=\"wp-block-column is-layout-flow wp-block-column-is-layout-flow\">\n<p class=\"has-text-align-center has-medium-font-size\">Vous aspirez \u00e0 une peau plus ferme, plus lumineuse, \u00e0 un visage harmonieux qui respire la vitalit\u00e9 ?<br>Le FACELAB by RIVOLI est une invitation \u00e0 explorer une nouvelle dimension de la beaut\u00e9.<\/p>\n<\/div>\n<\/div>\n\n\n\n<div class=\"wp-block-buttons has-custom-font-size btn-wrapper has-normal-font-size is-horizontal is-content-justification-center is-layout-flex wp-container-core-buttons-is-layout-1 wp-block-buttons-is-layout-flex\">\n<div class=\"wp-block-button has-custom-font-size btn-bleu has-medium-font-size\"><a class=\"wp-block-button__link has-text-align-center wp-element-button\" href=\"https:\/\/rivoli.ch\/protocoles-signature\/\">D\u00e9couvrez nos soins<\/a><\/div>\n<\/div>\n<\/div>\n\n\n\n<div class=\"wp-block-cover alignfull is-light banner-fd-img banner-waves-img mobile-txt-med\"><span aria-hidden=\"true\" class=\"wp-block-cover__background has-grey-background-color has-background-dim-0 has-background-dim\"><\/span><img loading=\"lazy\" decoding=\"async\" width=\"3000\" height=\"1441\" class=\"wp-block-cover__image-background wp-image-3840\" alt=\"rivoli studio facelab bg1\" src=\"https:\/\/rivoli.ch\/wp-content\/uploads\/2025\/09\/rivoli-studio-facelab-bg1-1.png\" data-object-fit=\"cover\" srcset=\"https:\/\/rivoli.ch\/wp-content\/uploads\/2025\/09\/rivoli-studio-facelab-bg1-1.png 3000w, https:\/\/rivoli.ch\/wp-content\/uploads\/2025\/09\/rivoli-studio-facelab-bg1-1-300x144.webp 300w, https:\/\/rivoli.ch\/wp-content\/uploads\/2025\/09\/rivoli-studio-facelab-bg1-1-1024x492.webp 1024w, https:\/\/rivoli.ch\/wp-content\/uploads\/2025\/09\/rivoli-studio-facelab-bg1-1-768x369.webp 768w, https:\/\/rivoli.ch\/wp-content\/uploads\/2025\/09\/rivoli-studio-facelab-bg1-1-1536x738.webp 1536w, https:\/\/rivoli.ch\/wp-content\/uploads\/2025\/09\/rivoli-studio-facelab-bg1-1-2048x984.webp 2048w, https:\/\/rivoli.ch\/wp-content\/uploads\/2025\/09\/rivoli-studio-facelab-bg1-1-18x9.webp 18w, https:\/\/rivoli.ch\/wp-content\/uploads\/2025\/09\/rivoli-studio-facelab-bg1-1-600x288.webp 600w\" sizes=\"(max-width: 3000px) 100vw, 3000px\" \/><div class=\"wp-block-cover__inner-container is-layout-flow wp-block-cover-is-layout-flow\">\n<h2 class=\"wp-block-heading alignwide has-text-align-center has-serif-font-family\">L\u2019alliance in\u00e9dite entre science cosm\u00e9tique et yoga facial<\/h2>\n\n\n\n<div class=\"wp-block-columns is-layout-flex wp-container-core-columns-is-layout-2 wp-block-columns-is-layout-flex\">\n<div class=\"wp-block-column is-vertically-aligned-stretch has-white-background-color has-background is-layout-flow wp-block-column-is-layout-flow\">\n<p class=\"has-text-align-center has-medium-font-size\">Au sein de notre boutique genevoise, le FACELAB by RIVOLI red\u00e9finit l\u2019art du soin visage.<br>Il conjugue l\u2019efficacit\u00e9 scientifique des soins RIVOLI \u00e0 la justesse des gestes de yoga facial.<\/p>\n\n\n\n<p class=\"has-text-align-center has-medium-font-size\">Un espace urbain unique o\u00f9 chaque protocole est pens\u00e9 pour s\u2019adapter \u00e0 la structure de votre visage et r\u00e9v\u00e9ler son potentiel.<\/p>\n<\/div>\n<\/div>\n<\/div><\/div>\n\n\n\n<div class=\"wp-block-media-text alignwide is-stacked-on-mobile mobile-txt-med\"><figure class=\"wp-block-media-text__media\" data-no-zoom=\"true\"><img loading=\"lazy\" decoding=\"async\" width=\"650\" height=\"700\" src=\"https:\/\/rivoli.ch\/wp-content\/uploads\/2025\/09\/rivoli-studio-facelab-studio-2.jpg\" alt=\"Rivoli studio Facelab\" class=\"wp-image-3844 size-full\" srcset=\"https:\/\/rivoli.ch\/wp-content\/uploads\/2025\/09\/rivoli-studio-facelab-studio-2.jpg 650w, https:\/\/rivoli.ch\/wp-content\/uploads\/2025\/09\/rivoli-studio-facelab-studio-2-279x300.webp 279w, https:\/\/rivoli.ch\/wp-content\/uploads\/2025\/09\/rivoli-studio-facelab-studio-2-11x12.webp 11w, https:\/\/rivoli.ch\/wp-content\/uploads\/2025\/09\/rivoli-studio-facelab-studio-2-600x646.webp 600w\" sizes=\"(max-width: 650px) 100vw, 650px\" \/><\/figure><div class=\"wp-block-media-text__content\">\n<h2 class=\"wp-block-heading\">La Beaut\u00e9 Intelligente,<br>au service de votre peau<\/h2>\n\n\n\n<p class=\"has-medium-font-size\">Au c\u0153ur des produits&nbsp;RIVOLI&nbsp;r\u00e9side une conviction profonde : renforcer la capacit\u00e9 naturelle de votre peau \u00e0 se r\u00e9g\u00e9n\u00e9rer et se renforcer.<\/p>\n\n\n\n<p class=\"has-medium-font-size\">Gr\u00e2ce \u00e0 notre&nbsp;recherche nous sommes en mesure d\u2019offrir des&nbsp;ingr\u00e9dients hautement performants pour des r\u00e9sultats \u00e0 l\u2019efficacit\u00e9 prouv\u00e9e.<\/p>\n\n\n\n<p class=\"has-medium-font-size\">Nos formules sont con\u00e7ues pour \u00eatre respectueuses de la peau et de l&rsquo;environnement pour une beaut\u00e9 \u00e0 la fois <strong>responsable et efficace.<\/strong><\/p>\n\n\n\n<div class=\"wp-block-buttons has-custom-font-size has-normal-font-size is-horizontal is-layout-flex wp-container-core-buttons-is-layout-2 wp-block-buttons-is-layout-flex\">\n<div class=\"wp-block-button btn-transparent\"><a class=\"wp-block-button__link has-text-align-center wp-element-button\" href=\"https:\/\/rivoli.ch\/produits\/\">D\u00e9couvrez nos produits<\/a><\/div>\n<\/div>\n<\/div><\/div>\n\n\n\n<div class=\"wp-block-media-text alignwide has-media-on-the-right is-stacked-on-mobile mobile-txt-med\"><div class=\"wp-block-media-text__content\">\n<h2 class=\"wp-block-heading\">Le FACELAB,<br>une approche holistique<\/h2>\n\n\n\n<p class=\"has-medium-font-size\">Au FACELAB, nous proposons une approche holistique et non invasive : sculpter, lifter, et tonifier, uniquement par la synergie entre science et intelligence du geste. La peau retrouve son \u00e9lasticit\u00e9 et sa fermet\u00e9, le teint s\u2019\u00e9claire et les traits s\u2019apaisent naturellement.<\/p>\n\n\n\n<p class=\"has-medium-font-size\"><strong>Sans aiguilles, Sans artifices<\/strong> : rien d\u2019autre que la pr\u00e9cision des mouvements de yoga facial et la performance de nos formules.<br>L\u2019association du yoga facial et de nos soins s\u2019inscrit dans la continuit\u00e9 de notre philosophie : respecter la peau et dialoguer avec elle, plut\u00f4t que la contraindre.<\/p>\n\n\n\n<div class=\"wp-block-buttons has-custom-font-size has-normal-font-size is-horizontal is-layout-flex wp-container-core-buttons-is-layout-3 wp-block-buttons-is-layout-flex\">\n<div class=\"wp-block-button btn-transparent\"><a class=\"wp-block-button__link has-text-align-center wp-element-button\" href=\"https:\/\/salonkee.ch\/salon\/facelab-by-rivoli-geneve\/widget\/service?lang=fr\" target=\"_blank\" rel=\"noreferrer noopener\">R\u00e9servez un de nos soins<\/a><\/div>\n<\/div>\n<\/div><figure class=\"wp-block-media-text__media\" data-no-zoom=\"true\"><img loading=\"lazy\" decoding=\"async\" width=\"650\" height=\"700\" src=\"https:\/\/rivoli.ch\/wp-content\/uploads\/2025\/09\/rivoli-studio-facelab-studio-1.jpg\" alt=\"Rivoli studio Facelab\" class=\"wp-image-3843 size-full\" srcset=\"https:\/\/rivoli.ch\/wp-content\/uploads\/2025\/09\/rivoli-studio-facelab-studio-1.jpg 650w, https:\/\/rivoli.ch\/wp-content\/uploads\/2025\/09\/rivoli-studio-facelab-studio-1-279x300.webp 279w, https:\/\/rivoli.ch\/wp-content\/uploads\/2025\/09\/rivoli-studio-facelab-studio-1-11x12.webp 11w, https:\/\/rivoli.ch\/wp-content\/uploads\/2025\/09\/rivoli-studio-facelab-studio-1-600x646.webp 600w\" sizes=\"(max-width: 650px) 100vw, 650px\" \/><\/figure><\/div>\n\n\n\n<div class=\"wp-block-group alignwide bloc-bleu-clair has-light-background-color has-background is-layout-constrained wp-block-group-is-layout-constrained\">\n<h2 class=\"wp-block-heading alignwide has-text-align-center has-serif-font-family\">Prendre un rendez-vous<\/h2>\n\n\n\n<p class=\"has-text-align-center has-medium-font-size\">Pour r\u00e9servez un soin ou un atelier,<br>contactez-nous par t\u00e9l\u00e9phone au <a href=\"tel:0223229010\">022 322 90 10<\/a><br>ou bien cliquez sur le bouton suivant.<\/p>\n\n\n\n<div class=\"wp-block-buttons has-custom-font-size has-normal-font-size is-horizontal is-content-justification-center is-layout-flex wp-container-core-buttons-is-layout-4 wp-block-buttons-is-layout-flex\">\n<div class=\"wp-block-button has-custom-font-size btn-blanc has-medium-font-size\"><a class=\"wp-block-button__link wp-element-button\" href=\"https:\/\/salonkee.ch\/salon\/facelab-by-rivoli-geneve\/widget\/service?lang=fr\" target=\"_blank\" rel=\"noreferrer noopener\">R\u00e9servez votre soin<\/a><\/div>\n<\/div>\n<\/div>\n\n\n\n<div class=\"wp-block-group alignfull facelab-footer has-primary-background-color has-background is-layout-constrained wp-container-core-group-is-layout-3 wp-block-group-is-layout-constrained\">\n<p class=\"has-text-align-center has-medium-large-font-size\">BESOIN D\u2019AIDE OU D\u2019UN CONSEIL ? <\/p>\n\n\n\n<div class=\"wp-block-columns is-not-stacked-on-mobile is-layout-flex wp-container-core-columns-is-layout-3 wp-block-columns-is-layout-flex\">\n<div class=\"wp-block-column is-layout-flow wp-block-column-is-layout-flow\">\n<h3 class=\"wp-block-heading has-text-align-center has-serif-font-family\">T\u00e9l\u00e9phone<\/h3>\n\n\n\n<p class=\"has-text-align-center\"><a href=\"tel:+41(0)223339010\">+41 (0)22 333 90 10<\/a><\/p>\n<\/div>\n\n\n\n<div class=\"wp-block-column is-layout-flow wp-block-column-is-layout-flow\">\n<h3 class=\"wp-block-heading has-text-align-center has-serif-font-family\">Email<\/h3>\n\n\n\n<p class=\"has-text-align-center\"><a href=\"mailto:facelab@rivoli.ch\">facelab@rivoli.ch<\/a><\/p>\n<\/div>\n<\/div>\n<\/div>\n","protected":false},"excerpt":{"rendered":"<p>Notre Studio beauty on the go Sculptez la beaut\u00e9 naturelle de votre visage Vous aspirez \u00e0 une peau plus ferme, plus lumineuse, \u00e0 un visage harmonieux qui respire la vitalit\u00e9 ?Le FACELAB by RIVOLI est une invitation \u00e0 explorer une nouvelle dimension de la beaut\u00e9. Prendre un rendez-vous Pour r\u00e9servez un soin ou un atelier,contactez-nous [&hellip;]<\/p>\n","protected":false},"author":11849,"featured_media":0,"parent":0,"menu_order":0,"comment_status":"closed","ping_status":"closed","template":"","meta":{"_seopress_robots_primary_cat":"","_seopress_titles_title":"","_seopress_titles_desc":"Sculptez la beaut\u00e9 naturelle de votre visage. Vous aspirez \u00e0 une peau plus ferme, plus lumineuse, \u00e0 un visage harmonieux qui respire la vitalit\u00e9 ? Le FACELAB by RIVOLI est une invitation \u00e0 explorer une nouvelle dimension de la beaut\u00e9.","_seopress_robots_index":"","footnotes":""},"acf":[],"_links":{"self":[{"href":"https:\/\/rivoli.ch\/fr\/wp-json\/wp\/v2\/pages\/3491"}],"collection":[{"href":"https:\/\/rivoli.ch\/fr\/wp-json\/wp\/v2\/pages"}],"about":[{"href":"https:\/\/rivoli.ch\/fr\/wp-json\/wp\/v2\/types\/page"}],"author":[{"embeddable":true,"href":"https:\/\/rivoli.ch\/fr\/wp-json\/wp\/v2\/users\/11849"}],"replies":[{"embeddable":true,"href":"https:\/\/rivoli.ch\/fr\/wp-json\/wp\/v2\/comments?post=3491"}],"version-history":[{"count":85,"href":"https:\/\/rivoli.ch\/fr\/wp-json\/wp\/v2\/pages\/3491\/revisions"}],"predecessor-version":[{"id":4068,"href":"https:\/\/rivoli.ch\/fr\/wp-json\/wp\/v2\/pages\/3491\/revisions\/4068"}],"wp:attachment":[{"href":"https:\/\/rivoli.ch\/fr\/wp-json\/wp\/v2\/media?parent=3491"}],"curies":[{"name":"wp","href":"https:\/\/api.w.org\/{rel}","templated":true}]}}