{"id":3434,"date":"2025-08-07T15:27:56","date_gmt":"2025-08-07T13:27:56","guid":{"rendered":"https:\/\/rivoli.ch\/?page_id=3434"},"modified":"2025-08-07T15:27:58","modified_gmt":"2025-08-07T13:27:58","slug":"cosmetiques-vegan","status":"publish","type":"page","link":"https:\/\/rivoli.ch\/fr\/cosmetiques-vegan\/","title":{"rendered":"RIVOLI, des cosm\u00e9tiques v\u00e9gans au service de votre peau"},"content":{"rendered":"\n<div class=\"wp-block-group alignwide is-layout-flow wp-block-group-is-layout-flow\">\n<h1 class=\"wp-block-heading has-text-align-center has-base-color has-text-color has-link-color has-serif-font-family has-huge-font-size wp-elements-2c81d043ef3079c1550e30c3cd9633bf\">RIVOLI, des cosm\u00e9tiques v\u00e9gans au service de votre peau<\/h1>\n\n\n\n<p class=\"has-text-align-center has-primary-color has-text-color has-link-color has-medium-large-font-size wp-elements-758fae70aa037825e5058e011d6a765a\">Notre engagement pour une cosm\u00e9tique v\u00e9gane repr\u00e9sente bien plus qu&rsquo;une simple tendance.<\/p>\n\n\n\n<div class=\"wp-block-columns alignwide is-layout-flex wp-container-core-columns-is-layout-1 wp-block-columns-is-layout-flex\">\n<div class=\"wp-block-column is-layout-flow wp-block-column-is-layout-flow\">\n<p class=\"has-text-align-left has-medium-font-size\">Cette approche novatrice, mise en place d\u00e8s 2016, combine notre expertise scientifique suisse avec le respect absolu du bien-\u00eatre animal et de l&rsquo;environnement.  Nos formules, d\u00e9velopp\u00e9es dans nos laboratoires de l&rsquo;Emmental, d\u00e9montrent qu&rsquo;excellence et \u00e9thique peuvent coexister harmonieusement.<\/p>\n<\/div>\n\n\n\n<div class=\"wp-block-column is-layout-flow wp-block-column-is-layout-flow\">\n<p class=\"has-text-align-left has-medium-font-size\">La certification v\u00e9gane de la majorit\u00e9 de nos produits garantit l&rsquo;absence totale d&rsquo;ingr\u00e9dients d&rsquo;origine animale, sans compromis sur leur efficacit\u00e9. Notre technologie exclusive ASP\u00ae (Advanced Skin Precursors) s&rsquo;appuie sur des actifs v\u00e9g\u00e9taux rigoureusement s\u00e9lectionn\u00e9s, offrant des r\u00e9sultats prouv\u00e9s cliniquement pour tous les types de peau.<\/p>\n<\/div>\n<\/div>\n<\/div>\n\n\n\n<div class=\"wp-block-media-text alignwide has-media-on-the-right is-stacked-on-mobile marque-bloc-1\" style=\"grid-template-columns:auto 42%\"><div class=\"wp-block-media-text__content\">\n<h2 class=\"wp-block-heading has-base-color has-text-color has-link-color has-medium-large-font-size wp-elements-1184456efefa97f19baa7af4416ae191\">Nos produits au service de votre beaut\u00e9<\/h2>\n\n\n\n<p>Choisir les cosm\u00e9tiques \/ soins de peau v\u00e9gans Rivoli, c&rsquo;est opter pour :<\/p>\n\n\n\n<ul>\n<li>Une efficacit\u00e9 prouv\u00e9e par des tests cliniques ind\u00e9pendants<\/li>\n\n\n\n<li>Des formules respectueuses de votre peau et de la nature<\/li>\n\n\n\n<li>Une fabrication suisse certifi\u00e9e ISO-9001 et ISO-14001<\/li>\n\n\n\n<li>Une innovation constante au service de votre beaut\u00e9<\/li>\n<\/ul>\n\n\n\n<div class=\"wp-block-buttons is-layout-flex wp-block-buttons-is-layout-flex\">\n<div class=\"wp-block-button\"><a class=\"wp-block-button__link wp-element-button\" href=\"https:\/\/rivoli.ch\/produits\/\">D\u00c9COUVRIR NOS Produits<\/a><\/div>\n<\/div>\n<\/div><figure class=\"wp-block-media-text__media\" data-no-zoom=\"true\"><img loading=\"lazy\" decoding=\"async\" width=\"789\" height=\"599\" src=\"https:\/\/rivoli.ch\/wp-content\/uploads\/2024\/07\/rivoli-vegan-logo-small.jpg\" alt=\"rivoli vegan logo small\" class=\"wp-image-1497 size-full\" srcset=\"https:\/\/rivoli.ch\/wp-content\/uploads\/2024\/07\/rivoli-vegan-logo-small.jpg 789w, https:\/\/rivoli.ch\/wp-content\/uploads\/2024\/07\/rivoli-vegan-logo-small-300x228.webp 300w, https:\/\/rivoli.ch\/wp-content\/uploads\/2024\/07\/rivoli-vegan-logo-small-768x583.webp 768w, https:\/\/rivoli.ch\/wp-content\/uploads\/2024\/07\/rivoli-vegan-logo-small-16x12.webp 16w, https:\/\/rivoli.ch\/wp-content\/uploads\/2024\/07\/rivoli-vegan-logo-small-600x456.webp 600w\" sizes=\"(max-width: 789px) 100vw, 789px\" \/><\/figure><\/div>\n\n\n\n<div class=\"wp-block-media-text alignwide is-stacked-on-mobile is-image-fill marque-bloc-2\"><figure class=\"wp-block-media-text__media\" data-no-zoom=\"true\" style=\"background-image:url(https:\/\/rivoli.ch\/wp-content\/uploads\/2024\/04\/des-soins-ecoresponsables-1024x683.webp);background-position:50% 50%\"><img loading=\"lazy\" decoding=\"async\" width=\"1024\" height=\"683\" src=\"https:\/\/rivoli.ch\/wp-content\/uploads\/2024\/04\/des-soins-ecoresponsables-1024x683.webp\" alt=\"des soins ecoresponsables\" class=\"wp-image-566 size-full\" srcset=\"https:\/\/rivoli.ch\/wp-content\/uploads\/2024\/04\/des-soins-ecoresponsables-1024x683.webp 1024w, https:\/\/rivoli.ch\/wp-content\/uploads\/2024\/04\/des-soins-ecoresponsables-600x400.webp 600w, https:\/\/rivoli.ch\/wp-content\/uploads\/2024\/04\/des-soins-ecoresponsables-300x200.webp 300w, https:\/\/rivoli.ch\/wp-content\/uploads\/2024\/04\/des-soins-ecoresponsables-768x512.webp 768w, https:\/\/rivoli.ch\/wp-content\/uploads\/2024\/04\/des-soins-ecoresponsables-1536x1024.webp 1536w, https:\/\/rivoli.ch\/wp-content\/uploads\/2024\/04\/des-soins-ecoresponsables-18x12.webp 18w, https:\/\/rivoli.ch\/wp-content\/uploads\/2024\/04\/des-soins-ecoresponsables.webp 2048w\" sizes=\"(max-width: 1024px) 100vw, 1024px\" \/><\/figure><div class=\"wp-block-media-text__content\">\n<h2 class=\"wp-block-heading has-base-color has-text-color has-link-color has-medium-large-font-size wp-elements-a0828c5f9dd21cfd5862664e4f2db031\"><strong>Cosm\u00e9tiques v\u00e9ganes : d\u00e9finition<\/strong><\/h2>\n\n\n\n<p>Les cosm\u00e9tiques\/ soins de peau vegan repr\u00e9sentent une nouvelle g\u00e9n\u00e9ration de soins alliant efficacit\u00e9 et \u00e9thique. Ces produits de beaut\u00e9 excluent totalement les ingr\u00e9dients d&rsquo;origine animale ou leurs d\u00e9riv\u00e9s de leur composition, garantissant ainsi le respect absolu de la cause animale. Au-del\u00e0 de la simple formulation, un cosm\u00e9tique v\u00e9ritablement v\u00e9gans s&rsquo;engage \u00e9galement \u00e0 ne pratiquer aucun test sur les animaux, adoptant une d\u00e9marche cruelty-free \u00e0 chaque \u00e9tape de son d\u00e9veloppement.<\/p>\n\n\n\n<p>Cette approche responsable de la beaut\u00e9 ne compromet en rien la performance des soins. Au contraire, les formules vegan privil\u00e9gient des actifs v\u00e9g\u00e9taux hautement concentr\u00e9s et issus de la biotechnologie de pointe pour offrir une efficacit\u00e9 prouv\u00e9e. Les labels v\u00e9gans, gages de confiance, certifient cette double exigence d&rsquo;\u00e9thique et de r\u00e9sultats, permettant aux consommateurs de faire des choix \u00e9clair\u00e9s pour leur routine beaut\u00e9.<\/p>\n\n\n\n<p>En choisissant nos produits de beaut\u00e9 v\u00e9gans, vous optez pour une beaut\u00e9 consciente qui respecte \u00e0 la fois votre peau et vos valeurs. Cette alternative moderne aux cosm\u00e9tiques traditionnels r\u00e9pond aux attentes croissantes des consommateurs en mati\u00e8re de transparence et de responsabilit\u00e9 environnementale, tout en garantissant des r\u00e9sultats visibles sur la peau.<\/p>\n<\/div><\/div>\n\n\n\n<div class=\"wp-block-media-text alignwide has-media-on-the-right is-stacked-on-mobile marque-bloc-3\"><div class=\"wp-block-media-text__content\">\n<h2 class=\"wp-block-heading has-base-color has-text-color has-link-color has-medium-large-font-size wp-elements-86c03d58e879e6aebe8f9d4fd2af8dd5\"><strong>Nos produits vegan et cruelty-free\u00a0<\/strong><\/h2>\n\n\n\n<p>La quasi-totalit\u00e9 de nos produits sont accr\u00e9dit\u00e9s par <a href=\"https:\/\/www.vegansociety.com\/\">The Vegan Society<\/a> ou <a href=\"https:\/\/www.swissveg.ch\/fr\">The Swissveg<\/a>, garantissant :<\/p>\n\n\n\n<ul>\n<li>Aucun ingr\u00e9dient d&rsquo;origine animale : la plupart de nos formules sont totalement exemptes de produits d&rsquo;origine animale.<\/li>\n\n\n\n<li>Sans OGM : nous privil\u00e9gions les ingr\u00e9dients sans OGM.<\/li>\n\n\n\n<li>Sans cruaut\u00e9 (cruelty-free) : nos produits et les ingr\u00e9dients qui les composent ne sont jamais test\u00e9s sur les animaux.<\/li>\n<\/ul>\n\n\n\n<p>Chaque produit v\u00e9gan de la gamme RIVOLI Gen\u00e8ve certifi\u00e9 a requis un processus de certification rigoureux, assurant que chaque ingr\u00e9dient, composition ainsi que leur processus de fabrication soit conforme aux exigences strictes.<\/p>\n\n\n\n<p>Par ailleurs, lors de la conception de nos produits de beaut\u00e9 v\u00e9gans, nous mettons un point d&rsquo;honneur \u00e0 s\u00e9lectionner des ingr\u00e9dients d&rsquo;origine naturelle, qu&rsquo;ils soient v\u00e9g\u00e9taux, min\u00e9raux ou issus de la biosynth\u00e8se. Nous faisons en sorte que toute mati\u00e8re premi\u00e8re ayant un impact environnemental reconnu, provenant de ressources rares ou non renouvelables, ou encore associ\u00e9e \u00e0 l&rsquo;exploitation du travail des enfants, ne soit pas utilis\u00e9e.<\/p>\n<\/div><figure class=\"wp-block-media-text__media\" data-no-zoom=\"true\"><img loading=\"lazy\" decoding=\"async\" width=\"1024\" height=\"1024\" src=\"https:\/\/rivoli.ch\/wp-content\/uploads\/2024\/04\/privilege-eau-jour-2-anti-age-protection-2-1024x1024.webp\" alt=\"le privil\u00e8ge l\u2019eau de jour n\u00b002 anti \u00c2ge &amp; protection\" class=\"wp-image-328 size-full\" srcset=\"https:\/\/rivoli.ch\/wp-content\/uploads\/2024\/04\/privilege-eau-jour-2-anti-age-protection-2-1024x1024.webp 1024w, https:\/\/rivoli.ch\/wp-content\/uploads\/2024\/04\/privilege-eau-jour-2-anti-age-protection-2-300x300.webp 300w, https:\/\/rivoli.ch\/wp-content\/uploads\/2024\/04\/privilege-eau-jour-2-anti-age-protection-2-600x600.webp 600w, https:\/\/rivoli.ch\/wp-content\/uploads\/2024\/04\/privilege-eau-jour-2-anti-age-protection-2-150x150.webp 150w, https:\/\/rivoli.ch\/wp-content\/uploads\/2024\/04\/privilege-eau-jour-2-anti-age-protection-2-768x768.webp 768w, https:\/\/rivoli.ch\/wp-content\/uploads\/2024\/04\/privilege-eau-jour-2-anti-age-protection-2-12x12.webp 12w, https:\/\/rivoli.ch\/wp-content\/uploads\/2024\/04\/privilege-eau-jour-2-anti-age-protection-2.jpg 1280w\" sizes=\"(max-width: 1024px) 100vw, 1024px\" \/><\/figure><\/div>\n\n\n\n<div class=\"wp-block-media-text alignwide is-stacked-on-mobile marque-bloc-4\"><figure class=\"wp-block-media-text__media\" data-no-zoom=\"true\"><img loading=\"lazy\" decoding=\"async\" width=\"789\" height=\"599\" src=\"https:\/\/rivoli.ch\/wp-content\/uploads\/2024\/05\/rivoli-histoire-famille.jpg\" alt=\"rivoli histoire famille\" class=\"wp-image-964 size-full\" srcset=\"https:\/\/rivoli.ch\/wp-content\/uploads\/2024\/05\/rivoli-histoire-famille.jpg 789w, https:\/\/rivoli.ch\/wp-content\/uploads\/2024\/05\/rivoli-histoire-famille-300x228.webp 300w, https:\/\/rivoli.ch\/wp-content\/uploads\/2024\/05\/rivoli-histoire-famille-768x583.webp 768w, https:\/\/rivoli.ch\/wp-content\/uploads\/2024\/05\/rivoli-histoire-famille-16x12.webp 16w, https:\/\/rivoli.ch\/wp-content\/uploads\/2024\/05\/rivoli-histoire-famille-600x456.webp 600w\" sizes=\"(max-width: 789px) 100vw, 789px\" \/><\/figure><div class=\"wp-block-media-text__content\">\n<h2 class=\"wp-block-heading has-base-color has-text-color has-link-color has-medium-large-font-size wp-elements-c0ab04b9d084ee908810c8454d99ea03\">Une certification exigeante pour une beaut\u00e9 responsable<\/h2>\n\n\n\n<p>Notre d\u00e9marche de certification implique des contr\u00f4les r\u00e9guliers et une transparence totale sur nos process de fabrication. Chaque lot de production est soumis \u00e0 des analyses approfondies dans notre manufacture de l&rsquo;Emmental certifi\u00e9e ISO, garantissant le respect constant des standards v\u00e9ganes les plus \u00e9lev\u00e9s. Cette rigueur s&rsquo;\u00e9tend \u00e9galement \u00e0 nos fournisseurs, s\u00e9lectionn\u00e9s pour leur engagement \u00e9thique et leur capacit\u00e9 \u00e0 documenter l&rsquo;origine v\u00e9g\u00e9tale de leurs ingr\u00e9dients.<br><br>Gr\u00e2ce \u00e0 ce label de confiance, vous pouvez \u00eatre s\u00fbr que RIVOLI Gen\u00e8ve offre le meilleur de la recherche cosm\u00e9tique pour le respect de votre peau. Nos formules combinent des actifs v\u00e9g\u00e9taux hautement performants avec des technologies de pointe, prouvant qu&rsquo;il est possible d&rsquo;allier efficacit\u00e9 et \u00e9thique sans compromis. Cette certification v\u00e9gane s&rsquo;inscrit dans notre vision plus large d&rsquo;une beaut\u00e9 intelligente, respectueuse de votre peau comme de notre plan\u00e8te.<\/p>\n<\/div><\/div>\n\n\n\n<div class=\"wp-block-media-text alignwide has-media-on-the-right is-stacked-on-mobile\"><div class=\"wp-block-media-text__content\">\n<h2 class=\"wp-block-heading has-base-color has-text-color has-link-color has-medium-large-font-size wp-elements-82a6f12fd9e34fb31d3220e82471326f\">RIVOLI, la skincare vegan pour une beaut\u00e9 intelligente<\/h2>\n\n\n\n<p>Parce que la beaut\u00e9 de chaque femme est unique, RIVOLI Gen\u00e8ve sait que sa peau est unique. Des ann\u00e9es de recherche et un h\u00e9ritage exceptionnel dans la conception de produits de beaut\u00e9 vegan ont permis \u00e0 RIVOLI Gen\u00e8ve de d\u00e9velopper des substances actives et des formules suffisamment intelligentes pour s\u2019adapter \u00e0 tous les types de peau.<br>Par la compr\u00e9hension du processus de vieillissement de la peau et dans l\u2019objectif de contr\u00f4ler les effets du temps qui passe, gr\u00e2ce \u00e0 des technologies uniques, RIVOLI Gen\u00e8ve a ouvert l\u2019\u00e8re du soin intelligent.<\/p>\n<\/div><figure class=\"wp-block-media-text__media\" data-no-zoom=\"true\"><img loading=\"lazy\" decoding=\"async\" width=\"1024\" height=\"390\" src=\"https:\/\/rivoli.ch\/wp-content\/uploads\/2024\/07\/RIV_COVER-PICT_FB_2-1024x390.webp\" alt=\"riv cover pict fb 2\" class=\"wp-image-1510 size-full\" srcset=\"https:\/\/rivoli.ch\/wp-content\/uploads\/2024\/07\/RIV_COVER-PICT_FB_2-1024x390.webp 1024w, https:\/\/rivoli.ch\/wp-content\/uploads\/2024\/07\/RIV_COVER-PICT_FB_2-300x114.webp 300w, https:\/\/rivoli.ch\/wp-content\/uploads\/2024\/07\/RIV_COVER-PICT_FB_2-768x292.webp 768w, https:\/\/rivoli.ch\/wp-content\/uploads\/2024\/07\/RIV_COVER-PICT_FB_2-1536x585.webp 1536w, https:\/\/rivoli.ch\/wp-content\/uploads\/2024\/07\/RIV_COVER-PICT_FB_2-18x7.webp 18w, https:\/\/rivoli.ch\/wp-content\/uploads\/2024\/07\/RIV_COVER-PICT_FB_2-600x228.webp 600w, https:\/\/rivoli.ch\/wp-content\/uploads\/2024\/07\/RIV_COVER-PICT_FB_2.jpg 1920w\" sizes=\"(max-width: 1024px) 100vw, 1024px\" \/><\/figure><\/div>\n\n\n\n<div class=\"wp-block-media-text alignwide is-stacked-on-mobile is-image-fill\"><figure class=\"wp-block-media-text__media\" data-no-zoom=\"true\" style=\"background-image:url(https:\/\/rivoli.ch\/wp-content\/uploads\/2025\/08\/soins-pour-le-visage-rivoli.jpg);background-position:50% 50%\"><img loading=\"lazy\" decoding=\"async\" width=\"600\" height=\"300\" src=\"https:\/\/rivoli.ch\/wp-content\/uploads\/2025\/08\/soins-pour-le-visage-rivoli.jpg\" alt=\"soins pour le visage rivoli\" class=\"wp-image-3382 size-full\" srcset=\"https:\/\/rivoli.ch\/wp-content\/uploads\/2025\/08\/soins-pour-le-visage-rivoli.jpg 600w, https:\/\/rivoli.ch\/wp-content\/uploads\/2025\/08\/soins-pour-le-visage-rivoli-300x150.webp 300w, https:\/\/rivoli.ch\/wp-content\/uploads\/2025\/08\/soins-pour-le-visage-rivoli-18x9.webp 18w\" sizes=\"(max-width: 600px) 100vw, 600px\" \/><\/figure><div class=\"wp-block-media-text__content\">\n<h2 class=\"wp-block-heading has-base-color has-text-color has-link-color has-medium-large-font-size wp-elements-a1fbac3d041619094fe02e9fc9b0562b\">Une approche novatrice et v\u00e9gane de soins anti-\u00e2ge premium<\/h2>\n\n\n\n<p>RIVOLI n\u2019a pas de limite \u00e0 l\u2019innovation lorsqu\u2019il s\u2019agit de la beaut\u00e9 des femmes. Gr\u00e2ce \u00e0 des technologies uniques Advanced Skin Precursors\u00ae (pr\u00e9curseurs cutan\u00e9s avanc\u00e9s) et de structure multilamellaire associ\u00e9es \u00e0 des formules \u00e0 la pointe de la technologie provenant de plantes rares, les soins RIVOLI s\u2019adaptent \u00e0 la peau de chaque femme pour lutter contre leur propre processus de vieillissement cutan\u00e9 tout en respectant leur peau, mais aussi notre environnement, vers une beaut\u00e9 plus saine.<\/p>\n\n\n\n<h2 class=\"wp-block-heading has-base-color has-text-color has-link-color has-medium-large-font-size wp-elements-06f9bc23aeee7369bc9176f123d7c46f\">RIVOLI Advanced Skin Precursors\u00ae (pr\u00e9curseurs cutan\u00e9s avanc\u00e9s) : ASP\u00ae<\/h2>\n\n\n\n<p>Le concept unique de RIVOLI Gen\u00e8ve bas\u00e9 sur la \u00ab technologie pr\u00e9curseur \u00bb stimule l\u2019activit\u00e9 naturelle de la peau et de ses cellules en les nourrissant de l\u2019int\u00e9rieur gr\u00e2ce \u00e0 des \u00e9l\u00e9ments pr\u00e9curseurs qui vont \u00eatre intelligemment convertis par la peau en actifs biologique naturels (prot\u00e9ines, acides amin\u00e9s\u2026)<\/p>\n<\/div><\/div>\n","protected":false},"excerpt":{"rendered":"<p>RIVOLI, des cosm\u00e9tiques v\u00e9gans au service de votre peau Notre engagement pour une cosm\u00e9tique v\u00e9gane repr\u00e9sente bien plus qu&rsquo;une simple tendance. Cette approche novatrice, mise en place d\u00e8s 2016, combine notre expertise scientifique suisse avec le respect absolu du bien-\u00eatre animal et de l&rsquo;environnement. Nos formules, d\u00e9velopp\u00e9es dans nos laboratoires de l&rsquo;Emmental, d\u00e9montrent qu&rsquo;excellence et [&hellip;]<\/p>\n","protected":false},"author":11849,"featured_media":0,"parent":0,"menu_order":0,"comment_status":"closed","ping_status":"closed","template":"","meta":{"_seopress_robots_primary_cat":"","_seopress_titles_title":"Cosm\u00e9tiques vegan Rivoli : l'alliance parfaite entre \u00e9thique et efficacit\u00e9","_seopress_titles_desc":"Optez pour des cosm\u00e9tiques vegan alliant efficacit\u00e9 et \u00e9thique, fabriqu\u00e9s en Suisse par Rivoli Gen\u00e8ve pour une beaut\u00e9 responsable !","_seopress_robots_index":"","footnotes":""},"acf":[],"_links":{"self":[{"href":"https:\/\/rivoli.ch\/fr\/wp-json\/wp\/v2\/pages\/3434"}],"collection":[{"href":"https:\/\/rivoli.ch\/fr\/wp-json\/wp\/v2\/pages"}],"about":[{"href":"https:\/\/rivoli.ch\/fr\/wp-json\/wp\/v2\/types\/page"}],"author":[{"embeddable":true,"href":"https:\/\/rivoli.ch\/fr\/wp-json\/wp\/v2\/users\/11849"}],"replies":[{"embeddable":true,"href":"https:\/\/rivoli.ch\/fr\/wp-json\/wp\/v2\/comments?post=3434"}],"version-history":[{"count":5,"href":"https:\/\/rivoli.ch\/fr\/wp-json\/wp\/v2\/pages\/3434\/revisions"}],"predecessor-version":[{"id":3439,"href":"https:\/\/rivoli.ch\/fr\/wp-json\/wp\/v2\/pages\/3434\/revisions\/3439"}],"wp:attachment":[{"href":"https:\/\/rivoli.ch\/fr\/wp-json\/wp\/v2\/media?parent=3434"}],"curies":[{"name":"wp","href":"https:\/\/api.w.org\/{rel}","templated":true}]}}