{"id":3301,"date":"2025-08-01T14:15:47","date_gmt":"2025-08-01T12:15:47","guid":{"rendered":"https:\/\/rivoli.ch\/?page_id=3301"},"modified":"2025-08-01T14:16:41","modified_gmt":"2025-08-01T12:16:41","slug":"creme-pour-mains","status":"publish","type":"page","link":"https:\/\/rivoli.ch\/fr\/creme-pour-mains\/","title":{"rendered":"Cr\u00e8me pour les mains"},"content":{"rendered":"\n<h1 class=\"wp-block-heading alignwide has-text-align-left page-category__title\"><strong>Cr\u00e8me pour les mains<\/strong><\/h1>\n\n\n\n<div class=\"wp-block-media-text alignwide is-stacked-on-mobile is-image-fill\"><figure class=\"wp-block-media-text__media\" data-no-zoom=\"true\" style=\"background-image:url(https:\/\/rivoli.ch\/wp-content\/uploads\/2025\/07\/Creme-pour-les-mains-RIVOLI-2-1024x354.webp);background-position:50% 50%\"><img loading=\"lazy\" decoding=\"async\" width=\"1024\" height=\"354\" src=\"https:\/\/rivoli.ch\/wp-content\/uploads\/2025\/07\/Creme-pour-les-mains-RIVOLI-2-1024x354.webp\" alt=\"cre\u0300me pour les mains rivoli 2\" class=\"wp-image-3305 size-full\" srcset=\"https:\/\/rivoli.ch\/wp-content\/uploads\/2025\/07\/Creme-pour-les-mains-RIVOLI-2-1024x354.webp 1024w, https:\/\/rivoli.ch\/wp-content\/uploads\/2025\/07\/Creme-pour-les-mains-RIVOLI-2-300x104.webp 300w, https:\/\/rivoli.ch\/wp-content\/uploads\/2025\/07\/Creme-pour-les-mains-RIVOLI-2-768x266.webp 768w, https:\/\/rivoli.ch\/wp-content\/uploads\/2025\/07\/Creme-pour-les-mains-RIVOLI-2-18x6.webp 18w, https:\/\/rivoli.ch\/wp-content\/uploads\/2025\/07\/Creme-pour-les-mains-RIVOLI-2-600x208.webp 600w, https:\/\/rivoli.ch\/wp-content\/uploads\/2025\/07\/Creme-pour-les-mains-RIVOLI-2.jpg 1300w\" sizes=\"(max-width: 1024px) 100vw, 1024px\" \/><\/figure><div class=\"wp-block-media-text__content\">\n<p>Expos\u00e9es quotidiennement aux agressions ext\u00e9rieures, lavages fr\u00e9quents et variations de temp\u00e9rature, vos mains sont parmi les zones les plus vuln\u00e9rables de votre peau. Leur <strong>\u00e9piderme<\/strong>, naturellement plus fin et moins riche en glandes s\u00e9bac\u00e9es que le reste du corps, n\u00e9cessite des soins sp\u00e9cifiques pour maintenir son \u00e9quilibre et sa jeunesse. La peau de vos mains r\u00e9v\u00e8le souvent les premiers signes du vieillissement cutan\u00e9. Une hydratation adapt\u00e9e devient alors essentielle pour pr\u00e9server leur souplesse, leur douceur et leur aspect jeune. Les cr\u00e8mes pour les mains constituent votre meilleure alli\u00e9e pour <strong>nourrir, prot\u00e9ger et r\u00e9g\u00e9n\u00e9rer<\/strong> cette zone particuli\u00e8rement sensible.<\/p>\n\n\n\n<p><br>Chez Rivoli Gen\u00e8ve, nous avons d\u00e9velopp\u00e9 une approche unique combinant notre expertise suisse et des actifs naturels soigneusement s\u00e9lectionn\u00e9s pour r\u00e9pondre aux besoins sp\u00e9cifiques de <a href=\"https:\/\/rivoli.ch\/fr\/produits\/swoof\/zone-dapplication-mains\/\">vos mains<\/a>.<\/p>\n<\/div><\/div>\n\n\n\n<h2 class=\"wp-block-heading alignwide page-category__title\">D\u00e9couvrez la meilleure cr\u00e8me pour les mains de la marque Rivoli Gen\u00e8ve<\/h2>\n\n\n\n<div class=\"wp-block-columns alignwide is-layout-flex wp-container-core-columns-is-layout-2 wp-block-columns-is-layout-flex\">\n<div class=\"wp-block-column is-layout-flow wp-block-column-is-layout-flow\"><div data-block-name=\"woocommerce\/single-product\" data-product-id=\"2440\" class=\"wp-block-woocommerce-single-product\">\n<div class=\"wp-block-columns is-layout-flex wp-container-core-columns-is-layout-1 wp-block-columns-is-layout-flex\">\n<div class=\"wp-block-column is-layout-flow wp-block-column-is-layout-flow\"><div data-block-name=\"woocommerce\/product-image\" data-show-sale-badge=\"false\" data-is-descendent-of-single-product-block=\"true\" class=\"wc-block-components-product-image wc-block-grid__product-image \" style=\"\">\n\t\t\t\t\t<a href=\"https:\/\/rivoli.ch\/fr\/produits\/les-mains-2-0-soin-total-anti-age\/\" style=\"\"> <img loading=\"lazy\" decoding=\"async\" width=\"600\" height=\"600\" src=\"https:\/\/rivoli.ch\/wp-content\/uploads\/2024\/10\/RIV_ECOM-IMAGES_1040X1040_MAINS_1-1-600x600.webp\" class=\"attachment-woocommerce_single size-woocommerce_single\" alt=\"Les Mains 2.0 Soin Total Anti-\u00c2ge\" data-testid=\"product-image\" style=\"max-width:none;object-fit:cover;\" srcset=\"https:\/\/rivoli.ch\/wp-content\/uploads\/2024\/10\/RIV_ECOM-IMAGES_1040X1040_MAINS_1-1-600x600.webp 600w, https:\/\/rivoli.ch\/wp-content\/uploads\/2024\/10\/RIV_ECOM-IMAGES_1040X1040_MAINS_1-1-300x300.webp 300w, https:\/\/rivoli.ch\/wp-content\/uploads\/2024\/10\/RIV_ECOM-IMAGES_1040X1040_MAINS_1-1-1024x1024.webp 1024w, https:\/\/rivoli.ch\/wp-content\/uploads\/2024\/10\/RIV_ECOM-IMAGES_1040X1040_MAINS_1-1-150x150.webp 150w, https:\/\/rivoli.ch\/wp-content\/uploads\/2024\/10\/RIV_ECOM-IMAGES_1040X1040_MAINS_1-1-768x768.webp 768w, https:\/\/rivoli.ch\/wp-content\/uploads\/2024\/10\/RIV_ECOM-IMAGES_1040X1040_MAINS_1-1-12x12.webp 12w, https:\/\/rivoli.ch\/wp-content\/uploads\/2024\/10\/RIV_ECOM-IMAGES_1040X1040_MAINS_1-1.jpg 1040w\" sizes=\"(max-width: 600px) 100vw, 600px\" \/><\/a>\n\t\t\t\t<\/div>\n\n<h3 class=\"has-text-align-center wp-block-post-title\"><a href=\"https:\/\/rivoli.ch\/fr\/produits\/les-mains-2-0-soin-total-anti-age\/\" target=\"_self\" >Les Mains 2.0 Soin Total Anti-\u00c2ge<\/a><\/h3>\n\n<div data-block-name=\"woocommerce\/product-price\" data-text-align=\"center\" data-is-descendent-of-single-product-block=\"true\" class=\"wp-block-woocommerce-product-price\"><div class=\"wc-block-components-product-price wc-block-grid__product-price has-text-align-center has-text-align-center\" style=\"\">\n\t\t\t\t\t<span class=\"woocs_price_code\" data-currency=\"\" data-redraw-id=\"69e34e2d389e7\"  data-product-id=\"2440\"><span class=\"woocommerce-Price-amount amount\"><bdi><span class=\"woocommerce-Price-currencySymbol\">&#67;&#72;&#70;<\/span>&nbsp;29.\u2013<\/bdi><\/span><\/span>\n\t\t\t\t<\/div><\/div><\/div>\n<\/div>\n<\/div><\/div>\n\n\n\n<div class=\"wp-block-column is-layout-flow wp-block-column-is-layout-flow\"><\/div>\n\n\n\n<div class=\"wp-block-column is-layout-flow wp-block-column-is-layout-flow\"><\/div>\n\n\n\n<div class=\"wp-block-column is-layout-flow wp-block-column-is-layout-flow\"><\/div>\n<\/div>\n\n\n\n<h2 class=\"wp-block-heading alignwide has-text-align-left page-category__title\">Les bienfaits d&rsquo;une cr\u00e8me pour les mains hydratante adapt\u00e9e<\/h2>\n\n\n\n<div class=\"wp-block-columns alignwide page-category__col2 is-layout-flex wp-container-core-columns-is-layout-3 wp-block-columns-is-layout-flex\">\n<div class=\"wp-block-column is-layout-flow wp-block-column-is-layout-flow\">\n<p>Une cr\u00e8me hydratante sp\u00e9cialis\u00e9e apporte une r\u00e9ponse cibl\u00e9e aux besoins uniques de la peau des mains. Sa <strong>texture l\u00e9g\u00e8re <\/strong>p\u00e9n\u00e8tre rapidement pour former un film protecteur invisible, cr\u00e9ant une barri\u00e8re efficace contre les agressions du quotidien.<\/p>\n\n\n\n<p>L&rsquo;<strong>absorption rapide des actifs <\/strong>permet une hydratation optimale gr\u00e2ce \u00e0 des ingr\u00e9dients naturels reconnus pour leurs propri\u00e9t\u00e9s nourrissantes comme l&rsquo;extrait de graines de tamarin (acide hyaluronique v\u00e9g\u00e9tal). Cette action combin\u00e9e restaure la souplesse cutan\u00e9e et pr\u00e9vient l&rsquo;apparition des signes de s\u00e9cheresse.<\/p>\n\n\n\n<p>Les mains retrouvent leur<strong> douceur naturelle<\/strong> m\u00eame apr\u00e8s les t\u00e2ches m\u00e9nag\u00e8res r\u00e9p\u00e9t\u00e9es. Un soin r\u00e9parateur r\u00e9gulier maintient la surface de la peau prot\u00e9g\u00e9e et pr\u00e9serve son \u00e9lasticit\u00e9, pour des mains visiblement plus jeunes et confortables au quotidien.<\/p>\n<\/div>\n<\/div>\n\n\n\n<h2 class=\"wp-block-heading alignwide page-category__title\">Pourquoi choisir la cr\u00e8me pour mains Rivoli Gen\u00e8ve ?<\/h2>\n\n\n\n<div class=\"wp-block-columns alignwide is-layout-flex wp-container-core-columns-is-layout-4 wp-block-columns-is-layout-flex\">\n<div class=\"wp-block-column is-layout-flow wp-block-column-is-layout-flow\">\n<h3 class=\"wp-block-heading alignwide\"><strong><strong><strong>Une formule r\u00e9paratrice pour une peau r\u00e9g\u00e9n\u00e9r\u00e9e<\/strong><\/strong><\/strong><\/h3>\n\n\n\n<p>Les mains s\u00e8ches n\u00e9cessitent une action r\u00e9paratrice puissante. Notre formule enrichie en pr\u00e9curseur ASPRivoli\u00ae combine des actifs naturels cibl\u00e9s pour restaurer en profondeur les mains fragilis\u00e9es et r\u00e9g\u00e9n\u00e8re l&rsquo;\u00e9piderme. L\u2019<strong>huile pr\u00e9cieuse de Passiflora edulis<\/strong> (fruit de la passion), riche en antioxydants, r\u00e9active le processus naturel de r\u00e9g\u00e9n\u00e9ration et de cicatrisation afin de redensifier l\u2019int\u00e9grit\u00e9 du tissu cutan\u00e9. Redensifi\u00e9e, la peau gagne en \u00e9paisseur.<\/p>\n\n\n\n<p>La texture onctueuse p\u00e9n\u00e8tre rapidement sans effet gras, permettant une r\u00e9paration intensive des zones rugueuses et des micro-ger\u00e7ures. Les tests cliniques r\u00e9v\u00e8lent une augmentation de 87% du niveau d&rsquo;hydratation apr\u00e8s 7 jours d&rsquo;utilisation*.<\/p>\n\n\n\n<p>*<em>Tests r\u00e9alis\u00e9s sur 20 volontaires pendant 28 jours sous contr\u00f4le dermatologique.<\/em><\/p>\n\n\n\n<h3 class=\"wp-block-heading\"><strong><strong><strong>Notre technologie brevet\u00e9e ASPRivoli\u00ae<\/strong><\/strong><\/strong><\/h3>\n\n\n\n<p>La peau est un organe vivant qui r\u00e9agit aux changements du quotidien : manque de vitamines, hormones, stress, pollution\u2026 Elle produit naturellement ses propres actifs pour se d\u00e9fendre et s\u2019adapter.<\/p>\n\n\n\n<p>Mais avec l\u2019\u00e2ge, la fatigue ou le stress, ces m\u00e9canismes peuvent s\u2019affaiblir. C\u2019est pourquoi RIVOLI a d\u00e9velopp\u00e9 la technologie <strong>ASPRivoli\u00ae<\/strong>, bas\u00e9e sur des pr\u00e9curseurs biologiques. Ces ingr\u00e9dients se transforment en actifs naturels une fois en contact avec la peau, pour compenser ses besoins sp\u00e9cifiques. R\u00e9sultat : une peau renforc\u00e9e, \u00e9clatante et visiblement plus jeune. Gr\u00e2ce aux pr\u00e9curseurs, chaque soin s\u2019ajuste automatiquement aux besoins de votre peau, pour une efficacit\u00e9 personnalis\u00e9e au quotidien. Appliqu\u00e9s r\u00e9guli\u00e8rement, les pr\u00e9curseurs stimulent les capacit\u00e9s naturelles de r\u00e9g\u00e9n\u00e9ration de la peau.<\/p>\n<\/div>\n<\/div>\n\n\n\n<div class=\"wp-block-columns alignwide is-layout-flex wp-container-core-columns-is-layout-5 wp-block-columns-is-layout-flex\">\n<div class=\"wp-block-column is-layout-flow wp-block-column-is-layout-flow\">\n<h3 class=\"wp-block-heading alignwide\"><strong><strong><strong>La meilleure cr\u00e8me pour les mains d\u00e9shydrat\u00e9es et marqu\u00e9es par les taches brunes<\/strong><\/strong><\/strong><\/h3>\n\n\n\n<p><a href=\"https:\/\/rivoli.ch\/fr\/produits\/les-mains-2-0-soin-total-anti-age\/\">Notre cr\u00e8me <strong>Les Mains 2.0<\/strong><\/a> r\u00e9volutionne le soin des mains fragilis\u00e9es gr\u00e2ce \u00e0 son complexe unique de <strong>Rheum rhaponticum et Panthenyl Triacetate<\/strong>. Cette association exclusive inhibe la formation de m\u00e9lanine et bloque son transfert vers les <strong>k\u00e9ratinocytes<\/strong>, r\u00e9duisant visiblement les taches brunes de -15,4% apr\u00e8s 28 jours d&rsquo;utilisation.<\/p>\n\n\n\n<p>Sa formule enrichie cr\u00e9e un film protecteur qui restaure la barri\u00e8re cutan\u00e9e naturelle. Les actifs r\u00e9parateurs, combin\u00e9s \u00e0 l&rsquo;expertise Rivoli, r\u00e9g\u00e9n\u00e8rent intens\u00e9ment les zones fragilis\u00e9es pour des mains visiblement plus lisses et confortables.<\/p>\n\n\n\n<p>L&rsquo;application quotidienne r\u00e9v\u00e8le une texture soyeuse qui fond instantan\u00e9ment sur la peau. Les mains retrouvent souplesse et douceur, tandis que le teint s&rsquo;uniformise progressivement pour un r\u00e9sultat visible d\u00e8s les premi\u00e8res utilisations.<\/p>\n<\/div>\n<\/div>\n\n\n\n<h2 class=\"wp-block-heading alignwide page-category__title\">Notre conseil d&rsquo;application<\/h2>\n\n\n\n<div class=\"wp-block-columns alignwide is-layout-flex wp-container-core-columns-is-layout-6 wp-block-columns-is-layout-flex\">\n<div class=\"wp-block-column is-layout-flow wp-block-column-is-layout-flow\">\n<p>Pour une efficacit\u00e9 optimale, appliquez votre cr\u00e8me pour les mains deux fois par jour minimum : le matin pour prot\u00e9ger la peau des agressions quotidiennes, et le soir avant le coucher pour favoriser la r\u00e9g\u00e9n\u00e9ration nocturne.<\/p>\n\n\n\n<p>Massez d\u00e9licatement la cr\u00e8me sur l&rsquo;ensemble des mains, en effectuant des mouvements circulaires du centre de la paume vers l&rsquo;ext\u00e9rieur. Portez une attention particuli\u00e8re aux zones sensibles comme les articulations et le contour des ongles. Cette technique de massage stimule la microcirculation et optimise la p\u00e9n\u00e9tration des actifs.<\/p>\n<\/div>\n<\/div>\n\n\n\n<figure data-no-zoom=\"true\" class=\"wp-block-image alignfull size-large\"><a href=\"https:\/\/rivoli.ch\/wp-content\/uploads\/2025\/07\/Creme-pour-les-mains-RIVOLI.jpg\"><img loading=\"lazy\" decoding=\"async\" width=\"1024\" height=\"354\" src=\"https:\/\/rivoli.ch\/wp-content\/uploads\/2025\/07\/Creme-pour-les-mains-RIVOLI-1024x354.webp\" alt=\"cre\u0300me pour les mains rivoli\" class=\"wp-image-3306\" srcset=\"https:\/\/rivoli.ch\/wp-content\/uploads\/2025\/07\/Creme-pour-les-mains-RIVOLI-1024x354.webp 1024w, https:\/\/rivoli.ch\/wp-content\/uploads\/2025\/07\/Creme-pour-les-mains-RIVOLI-300x104.webp 300w, https:\/\/rivoli.ch\/wp-content\/uploads\/2025\/07\/Creme-pour-les-mains-RIVOLI-768x266.webp 768w, https:\/\/rivoli.ch\/wp-content\/uploads\/2025\/07\/Creme-pour-les-mains-RIVOLI-18x6.webp 18w, https:\/\/rivoli.ch\/wp-content\/uploads\/2025\/07\/Creme-pour-les-mains-RIVOLI-600x208.webp 600w, https:\/\/rivoli.ch\/wp-content\/uploads\/2025\/07\/Creme-pour-les-mains-RIVOLI.jpg 1300w\" sizes=\"(max-width: 1024px) 100vw, 1024px\" \/><\/a><\/figure>\n\n\n\n<div class=\"wp-block-columns alignwide is-layout-flex wp-container-core-columns-is-layout-7 wp-block-columns-is-layout-flex\">\n<div class=\"wp-block-column is-content-justification-center is-layout-constrained wp-block-column-is-layout-constrained\">\n<h2 class=\"wp-block-heading\">Tout savoir sur les cr\u00e8mes pour les mains<\/h2>\n\n\n<\/div>\n<\/div>\n","protected":false},"excerpt":{"rendered":"<p>Cr\u00e8me pour les mains Expos\u00e9es quotidiennement aux agressions ext\u00e9rieures, lavages fr\u00e9quents et variations de temp\u00e9rature, vos mains sont parmi les zones les plus vuln\u00e9rables de votre peau. Leur \u00e9piderme, naturellement plus fin et moins riche en glandes s\u00e9bac\u00e9es que le reste du corps, n\u00e9cessite des soins sp\u00e9cifiques pour maintenir son \u00e9quilibre et sa jeunesse. La [&hellip;]<\/p>\n","protected":false},"author":11849,"featured_media":3306,"parent":0,"menu_order":0,"comment_status":"closed","ping_status":"closed","template":"","meta":{"_seopress_robots_primary_cat":"","_seopress_titles_title":"Cr\u00e8me pour les mains : nos soins anti-\u00e2ge","_seopress_titles_desc":"Redonnez jeunesse \u00e0 vos mains avec notre cr\u00e8me pour les mains anti-\u00e2ge pour une peau douce et hydrat\u00e9e.","_seopress_robots_index":"","footnotes":""},"acf":[],"_links":{"self":[{"href":"https:\/\/rivoli.ch\/fr\/wp-json\/wp\/v2\/pages\/3301"}],"collection":[{"href":"https:\/\/rivoli.ch\/fr\/wp-json\/wp\/v2\/pages"}],"about":[{"href":"https:\/\/rivoli.ch\/fr\/wp-json\/wp\/v2\/types\/page"}],"author":[{"embeddable":true,"href":"https:\/\/rivoli.ch\/fr\/wp-json\/wp\/v2\/users\/11849"}],"replies":[{"embeddable":true,"href":"https:\/\/rivoli.ch\/fr\/wp-json\/wp\/v2\/comments?post=3301"}],"version-history":[{"count":4,"href":"https:\/\/rivoli.ch\/fr\/wp-json\/wp\/v2\/pages\/3301\/revisions"}],"predecessor-version":[{"id":3399,"href":"https:\/\/rivoli.ch\/fr\/wp-json\/wp\/v2\/pages\/3301\/revisions\/3399"}],"wp:featuredmedia":[{"embeddable":true,"href":"https:\/\/rivoli.ch\/fr\/wp-json\/wp\/v2\/media\/3306"}],"wp:attachment":[{"href":"https:\/\/rivoli.ch\/fr\/wp-json\/wp\/v2\/media?parent=3301"}],"curies":[{"name":"wp","href":"https:\/\/api.w.org\/{rel}","templated":true}]}}