{"id":3293,"date":"2025-08-01T15:03:30","date_gmt":"2025-08-01T13:03:30","guid":{"rendered":"https:\/\/rivoli.ch\/?page_id=3293"},"modified":"2026-01-29T16:56:08","modified_gmt":"2026-01-29T15:56:08","slug":"serum","status":"publish","type":"page","link":"https:\/\/rivoli.ch\/fr\/serum\/","title":{"rendered":"S\u00e9rum"},"content":{"rendered":"\n<h1 class=\"wp-block-heading alignwide has-text-align-left page-category__title\">S\u00e9rum pour un effet lumi\u00e8re et \u00e9clat<\/h1>\n\n\n\n<div class=\"wp-block-media-text alignwide is-stacked-on-mobile\"><figure class=\"wp-block-media-text__media\" data-no-zoom=\"true\"><img loading=\"lazy\" decoding=\"async\" width=\"1024\" height=\"354\" src=\"https:\/\/rivoli.ch\/wp-content\/uploads\/2025\/07\/Serum-RIVOLI-2-1024x354.webp\" alt=\"se\u0301rum rivoli 2\" class=\"wp-image-3298 size-full\" srcset=\"https:\/\/rivoli.ch\/wp-content\/uploads\/2025\/07\/Serum-RIVOLI-2-1024x354.webp 1024w, https:\/\/rivoli.ch\/wp-content\/uploads\/2025\/07\/Serum-RIVOLI-2-300x104.webp 300w, https:\/\/rivoli.ch\/wp-content\/uploads\/2025\/07\/Serum-RIVOLI-2-768x266.webp 768w, https:\/\/rivoli.ch\/wp-content\/uploads\/2025\/07\/Serum-RIVOLI-2-18x6.webp 18w, https:\/\/rivoli.ch\/wp-content\/uploads\/2025\/07\/Serum-RIVOLI-2-600x208.webp 600w, https:\/\/rivoli.ch\/wp-content\/uploads\/2025\/07\/Serum-RIVOLI-2.jpg 1300w\" sizes=\"(max-width: 1024px) 100vw, 1024px\" \/><\/figure><div class=\"wp-block-media-text__content\">\n<p>Chez RIVOLI, le s\u00e9rum, v\u00e9ritable alli\u00e9 de votre routine beaut\u00e9, se d\u00e9cline en deux formes innovantes : en \u00e9mulsion ou sous forme liquide \u00e0 vaporiser. Gr\u00e2ce \u00e0 sa texture ultral\u00e9g\u00e8re et sa forte concentration en actifs, il p\u00e9n\u00e8tre rapidement les couches profondes de l\u2019\u00e9piderme, offrant des r\u00e9sultats visibles et durables.<\/p>\n\n\n\n<p>Notre expertise suisse en mati\u00e8re de soins nous permet de vous proposer des s\u00e9rums hautement performants, con\u00e7us pour r\u00e9pondre aux besoins sp\u00e9cifiques de votre peau. Du <strong>S\u00e9rum Lumi\u00e8re au S\u00e9rum Liftant \u00c9clat<\/strong>, en passant par les <strong>Eaux<\/strong>, ces s\u00e9rums liquides et nomades, d\u00e9couvrez des formules d&rsquo;exception qui allient technologie de pointe et actifs naturels rigoureusement s\u00e9lectionn\u00e9s.<\/p>\n<\/div><\/div>\n\n\n\n<h2 class=\"wp-block-heading alignwide page-category__title\">D\u00e9couvrez les meilleurs s\u00e9rums de la marque Rivoli Gen\u00e8ve<\/h2>\n\n\n\n<div class=\"wp-block-columns alignwide is-layout-flex wp-container-core-columns-is-layout-5 wp-block-columns-is-layout-flex\">\n<div class=\"wp-block-column is-layout-flow wp-block-column-is-layout-flow\"><div data-block-name=\"woocommerce\/single-product\" data-product-id=\"438\" class=\"wp-block-woocommerce-single-product\">\n<div class=\"wp-block-columns is-layout-flex wp-container-core-columns-is-layout-4 wp-block-columns-is-layout-flex\">\n<div class=\"wp-block-column is-layout-flow wp-block-column-is-layout-flow\"><div data-block-name=\"woocommerce\/product-image\" data-show-sale-badge=\"false\" data-is-descendent-of-single-product-block=\"true\" class=\"wc-block-components-product-image wc-block-grid__product-image \" style=\"\">\n\t\t\t\t\t<a href=\"https:\/\/rivoli.ch\/fr\/produits\/le-regard-serum-liftant-eclat-2-0\/\" style=\"\"> <img loading=\"lazy\" decoding=\"async\" width=\"600\" height=\"600\" src=\"https:\/\/rivoli.ch\/wp-content\/uploads\/2024\/04\/RIV_ECOM-IMAGES_1040X1040_WHITE_-600x600.webp\" class=\"attachment-woocommerce_single size-woocommerce_single\" alt=\"Le Regard S\u00e9rum Liftant \u00c9clat 2.0\" data-testid=\"product-image\" style=\"max-width:none;object-fit:cover;\" srcset=\"https:\/\/rivoli.ch\/wp-content\/uploads\/2024\/04\/RIV_ECOM-IMAGES_1040X1040_WHITE_-600x600.webp 600w, https:\/\/rivoli.ch\/wp-content\/uploads\/2024\/04\/RIV_ECOM-IMAGES_1040X1040_WHITE_-300x300.webp 300w, https:\/\/rivoli.ch\/wp-content\/uploads\/2024\/04\/RIV_ECOM-IMAGES_1040X1040_WHITE_-1024x1024.webp 1024w, https:\/\/rivoli.ch\/wp-content\/uploads\/2024\/04\/RIV_ECOM-IMAGES_1040X1040_WHITE_-150x150.webp 150w, https:\/\/rivoli.ch\/wp-content\/uploads\/2024\/04\/RIV_ECOM-IMAGES_1040X1040_WHITE_-768x768.webp 768w, https:\/\/rivoli.ch\/wp-content\/uploads\/2024\/04\/RIV_ECOM-IMAGES_1040X1040_WHITE_-12x12.webp 12w, https:\/\/rivoli.ch\/wp-content\/uploads\/2024\/04\/RIV_ECOM-IMAGES_1040X1040_WHITE_.jpg 1040w\" sizes=\"(max-width: 600px) 100vw, 600px\" \/><\/a>\n\t\t\t\t<\/div>\n\n<h3 class=\"has-text-align-center wp-block-post-title\"><a href=\"https:\/\/rivoli.ch\/fr\/produits\/le-regard-serum-liftant-eclat-2-0\/\" target=\"_self\" >Le Regard S\u00e9rum Liftant \u00c9clat 2.0<\/a><\/h3>\n\n<div data-block-name=\"woocommerce\/product-price\" data-text-align=\"center\" data-is-descendent-of-single-product-block=\"true\" class=\"wp-block-woocommerce-product-price\"><div class=\"wc-block-components-product-price wc-block-grid__product-price has-text-align-center has-text-align-center\" style=\"\">\n\t\t\t\t\t<span class=\"woocs_price_code\" data-currency=\"\" data-redraw-id=\"69d64f6f3670a\"  data-product-id=\"438\"><span class=\"woocommerce-Price-amount amount\"><bdi><span class=\"woocommerce-Price-currencySymbol\">&#67;&#72;&#70;<\/span>&nbsp;179.\u2013<\/bdi><\/span><\/span>\n\t\t\t\t<\/div><\/div><\/div>\n\n\n\n<div class=\"wp-block-column is-layout-flow wp-block-column-is-layout-flow\"><div data-block-name=\"woocommerce\/single-product\" data-product-id=\"384\" class=\"wp-block-woocommerce-single-product\">\n<div class=\"wp-block-columns is-layout-flex wp-container-core-columns-is-layout-1 wp-block-columns-is-layout-flex\">\n<div class=\"wp-block-column is-layout-flow wp-block-column-is-layout-flow\"><div data-block-name=\"woocommerce\/product-image\" data-show-sale-badge=\"false\" data-is-descendent-of-single-product-block=\"true\" class=\"wc-block-components-product-image wc-block-grid__product-image \" style=\"\">\n\t\t\t\t\t<a href=\"https:\/\/rivoli.ch\/fr\/produits\/le-visage-serum-lumiere-n02\/\" style=\"\"> <img loading=\"lazy\" decoding=\"async\" width=\"600\" height=\"600\" src=\"https:\/\/rivoli.ch\/wp-content\/uploads\/2024\/04\/RIV_LV-Serum-lumiere-pack-ECOM-IMAGES_1040X1040_WHITE__-600x600.webp\" class=\"attachment-woocommerce_single size-woocommerce_single\" alt=\"Le Visage S\u00e9rum Lumi\u00e8re N\u00b002\" data-testid=\"product-image\" style=\"max-width:none;object-fit:cover;\" srcset=\"https:\/\/rivoli.ch\/wp-content\/uploads\/2024\/04\/RIV_LV-Serum-lumiere-pack-ECOM-IMAGES_1040X1040_WHITE__-600x600.webp 600w, https:\/\/rivoli.ch\/wp-content\/uploads\/2024\/04\/RIV_LV-Serum-lumiere-pack-ECOM-IMAGES_1040X1040_WHITE__-300x300.webp 300w, https:\/\/rivoli.ch\/wp-content\/uploads\/2024\/04\/RIV_LV-Serum-lumiere-pack-ECOM-IMAGES_1040X1040_WHITE__-1024x1024.webp 1024w, https:\/\/rivoli.ch\/wp-content\/uploads\/2024\/04\/RIV_LV-Serum-lumiere-pack-ECOM-IMAGES_1040X1040_WHITE__-150x150.webp 150w, https:\/\/rivoli.ch\/wp-content\/uploads\/2024\/04\/RIV_LV-Serum-lumiere-pack-ECOM-IMAGES_1040X1040_WHITE__-768x768.webp 768w, https:\/\/rivoli.ch\/wp-content\/uploads\/2024\/04\/RIV_LV-Serum-lumiere-pack-ECOM-IMAGES_1040X1040_WHITE__-12x12.webp 12w, https:\/\/rivoli.ch\/wp-content\/uploads\/2024\/04\/RIV_LV-Serum-lumiere-pack-ECOM-IMAGES_1040X1040_WHITE__.jpg 1040w\" sizes=\"(max-width: 600px) 100vw, 600px\" \/><\/a>\n\t\t\t\t<\/div>\n\n<h3 class=\"has-text-align-center wp-block-post-title\"><a href=\"https:\/\/rivoli.ch\/fr\/produits\/le-visage-serum-lumiere-n02\/\" target=\"_self\" >Le Visage S\u00e9rum Lumi\u00e8re N\u00b002<\/a><\/h3>\n\n<div data-block-name=\"woocommerce\/product-price\" data-text-align=\"center\" data-is-descendent-of-single-product-block=\"true\" class=\"wp-block-woocommerce-product-price\"><div class=\"wc-block-components-product-price wc-block-grid__product-price has-text-align-center has-text-align-center\" style=\"\">\n\t\t\t\t\t<span class=\"woocs_price_code\" data-currency=\"\" data-redraw-id=\"69d64f6f42710\"  data-product-id=\"384\">\u00e0 partir de <span class=\"woocommerce-Price-amount amount\"><bdi><span class=\"woocommerce-Price-currencySymbol\">&#67;&#72;&#70;<\/span>&nbsp;79.\u2013<\/bdi><\/span><\/span>\n\t\t\t\t<\/div><\/div><\/div>\n<\/div>\n<\/div><\/div>\n\n\n\n<div class=\"wp-block-column is-layout-flow wp-block-column-is-layout-flow\"><div data-block-name=\"woocommerce\/single-product\" data-product-id=\"322\" class=\"wp-block-woocommerce-single-product\">\n<div class=\"wp-block-columns is-layout-flex wp-container-core-columns-is-layout-2 wp-block-columns-is-layout-flex\">\n<div class=\"wp-block-column is-layout-flow wp-block-column-is-layout-flow\"><div data-block-name=\"woocommerce\/product-image\" data-show-sale-badge=\"false\" data-is-descendent-of-single-product-block=\"true\" class=\"wc-block-components-product-image wc-block-grid__product-image \" style=\"\">\n\t\t\t\t\t<a href=\"https:\/\/rivoli.ch\/fr\/produits\/le-privilege-leau-de-jour-n02-anti-age-protection\/\" style=\"\"> <img loading=\"lazy\" decoding=\"async\" width=\"600\" height=\"600\" src=\"https:\/\/rivoli.ch\/wp-content\/uploads\/2024\/04\/RIV_LEau-de-Jour-N\u00b002-ECOM-IMAGES_1040X1040_WHITE__6-600x600.webp\" class=\"attachment-woocommerce_single size-woocommerce_single\" alt=\"Le Privil\u00e8ge L\u2019Eau de Jour N\u00b002\" data-testid=\"product-image\" style=\"max-width:none;object-fit:cover;\" srcset=\"https:\/\/rivoli.ch\/wp-content\/uploads\/2024\/04\/RIV_LEau-de-Jour-N\u00b002-ECOM-IMAGES_1040X1040_WHITE__6-600x600.webp 600w, https:\/\/rivoli.ch\/wp-content\/uploads\/2024\/04\/RIV_LEau-de-Jour-N\u00b002-ECOM-IMAGES_1040X1040_WHITE__6-300x300.webp 300w, https:\/\/rivoli.ch\/wp-content\/uploads\/2024\/04\/RIV_LEau-de-Jour-N\u00b002-ECOM-IMAGES_1040X1040_WHITE__6-1024x1024.webp 1024w, https:\/\/rivoli.ch\/wp-content\/uploads\/2024\/04\/RIV_LEau-de-Jour-N\u00b002-ECOM-IMAGES_1040X1040_WHITE__6-150x150.webp 150w, https:\/\/rivoli.ch\/wp-content\/uploads\/2024\/04\/RIV_LEau-de-Jour-N\u00b002-ECOM-IMAGES_1040X1040_WHITE__6-768x768.webp 768w, https:\/\/rivoli.ch\/wp-content\/uploads\/2024\/04\/RIV_LEau-de-Jour-N\u00b002-ECOM-IMAGES_1040X1040_WHITE__6-12x12.webp 12w, https:\/\/rivoli.ch\/wp-content\/uploads\/2024\/04\/RIV_LEau-de-Jour-N\u00b002-ECOM-IMAGES_1040X1040_WHITE__6.jpg 1040w\" sizes=\"(max-width: 600px) 100vw, 600px\" \/><\/a>\n\t\t\t\t<\/div>\n\n<h3 class=\"has-text-align-center wp-block-post-title\"><a href=\"https:\/\/rivoli.ch\/fr\/produits\/le-privilege-leau-de-jour-n02-anti-age-protection\/\" target=\"_self\" >Le Privil\u00e8ge L\u2019Eau de Jour N\u00b002<\/a><\/h3>\n\n<div data-block-name=\"woocommerce\/product-price\" data-text-align=\"center\" data-is-descendent-of-single-product-block=\"true\" class=\"wp-block-woocommerce-product-price\"><div class=\"wc-block-components-product-price wc-block-grid__product-price has-text-align-center has-text-align-center\" style=\"\">\n\t\t\t\t\t<span class=\"woocs_price_code\" data-currency=\"\" data-redraw-id=\"69d64f6f4af38\"  data-product-id=\"322\">\u00e0 partir de <span class=\"woocommerce-Price-amount amount\"><bdi><span class=\"woocommerce-Price-currencySymbol\">&#67;&#72;&#70;<\/span>&nbsp;89.\u2013<\/bdi><\/span><\/span>\n\t\t\t\t<\/div><\/div><\/div>\n<\/div>\n<\/div><\/div>\n\n\n\n<div class=\"wp-block-column is-layout-flow wp-block-column-is-layout-flow\"><div data-block-name=\"woocommerce\/single-product\" data-product-id=\"304\" class=\"wp-block-woocommerce-single-product\">\n<div class=\"wp-block-columns is-layout-flex wp-container-core-columns-is-layout-3 wp-block-columns-is-layout-flex\">\n<div class=\"wp-block-column is-layout-flow wp-block-column-is-layout-flow\"><div data-block-name=\"woocommerce\/product-image\" data-show-sale-badge=\"false\" data-is-descendent-of-single-product-block=\"true\" class=\"wc-block-components-product-image wc-block-grid__product-image \" style=\"\">\n\t\t\t\t\t<a href=\"https:\/\/rivoli.ch\/fr\/produits\/le-privilege-leau-de-nuit-n02-anti-age-et-regeneration\/\" style=\"\"> <img loading=\"lazy\" decoding=\"async\" width=\"600\" height=\"600\" src=\"https:\/\/rivoli.ch\/wp-content\/uploads\/2024\/04\/RIV_LEau-de-Nuit-pack-ECOM-IMAGES_1040X1040_WHITE__13-600x600.webp\" class=\"attachment-woocommerce_single size-woocommerce_single\" alt=\"Le Privil\u00e8ge L\u2019Eau de Nuit N\u00b002\" data-testid=\"product-image\" style=\"max-width:none;object-fit:cover;\" srcset=\"https:\/\/rivoli.ch\/wp-content\/uploads\/2024\/04\/RIV_LEau-de-Nuit-pack-ECOM-IMAGES_1040X1040_WHITE__13-600x600.webp 600w, https:\/\/rivoli.ch\/wp-content\/uploads\/2024\/04\/RIV_LEau-de-Nuit-pack-ECOM-IMAGES_1040X1040_WHITE__13-300x300.webp 300w, https:\/\/rivoli.ch\/wp-content\/uploads\/2024\/04\/RIV_LEau-de-Nuit-pack-ECOM-IMAGES_1040X1040_WHITE__13-1024x1024.webp 1024w, https:\/\/rivoli.ch\/wp-content\/uploads\/2024\/04\/RIV_LEau-de-Nuit-pack-ECOM-IMAGES_1040X1040_WHITE__13-150x150.webp 150w, https:\/\/rivoli.ch\/wp-content\/uploads\/2024\/04\/RIV_LEau-de-Nuit-pack-ECOM-IMAGES_1040X1040_WHITE__13-768x768.webp 768w, https:\/\/rivoli.ch\/wp-content\/uploads\/2024\/04\/RIV_LEau-de-Nuit-pack-ECOM-IMAGES_1040X1040_WHITE__13-12x12.webp 12w, https:\/\/rivoli.ch\/wp-content\/uploads\/2024\/04\/RIV_LEau-de-Nuit-pack-ECOM-IMAGES_1040X1040_WHITE__13.jpg 1040w\" sizes=\"(max-width: 600px) 100vw, 600px\" \/><\/a>\n\t\t\t\t<\/div>\n\n<h3 class=\"has-text-align-center wp-block-post-title\"><a href=\"https:\/\/rivoli.ch\/fr\/produits\/le-privilege-leau-de-nuit-n02-anti-age-et-regeneration\/\" target=\"_self\" >Le Privil\u00e8ge L\u2019Eau de Nuit N\u00b002<\/a><\/h3>\n\n<div data-block-name=\"woocommerce\/product-price\" data-text-align=\"center\" data-is-descendent-of-single-product-block=\"true\" class=\"wp-block-woocommerce-product-price\"><div class=\"wc-block-components-product-price wc-block-grid__product-price has-text-align-center has-text-align-center\" style=\"\">\n\t\t\t\t\t<span class=\"woocs_price_code\" data-currency=\"\" data-redraw-id=\"69d64f6f53e9f\"  data-product-id=\"304\">\u00e0 partir de <span class=\"woocommerce-Price-amount amount\"><bdi><span class=\"woocommerce-Price-currencySymbol\">&#67;&#72;&#70;<\/span>&nbsp;85.\u2013<\/bdi><\/span><\/span>\n\t\t\t\t<\/div><\/div><\/div>\n<\/div>\n<\/div><\/div>\n<\/div>\n<\/div><\/div>\n<\/div>\n\n\n\n<h2 class=\"wp-block-heading alignwide has-text-align-left page-category__title\">Les bienfaits d&rsquo;un s\u00e9rum pour le visage<\/h2>\n\n\n\n<div class=\"wp-block-columns alignwide page-category__col2 is-layout-flex wp-container-core-columns-is-layout-6 wp-block-columns-is-layout-flex\">\n<div class=\"wp-block-column is-layout-flow wp-block-column-is-layout-flow\">\n<p>Un s\u00e9rum visage agit comme un v\u00e9ritable concentr\u00e9 d&rsquo;<strong>actifs aux propri\u00e9t\u00e9s cibl\u00e9es<\/strong>. Sa texture fluide ou liquide et sa forte concentration en ingr\u00e9dients permettent une p\u00e9n\u00e9tration optimale dans les cellules de l&rsquo;\u00e9piderme.<\/p>\n\n\n\n<p>Les s\u00e9rums stimulent naturellement la production de <a href=\"https:\/\/rivoli.ch\/fr\/limportance-du-collagene\/\">collag\u00e8ne<\/a> et prot\u00e8gent la peau des radicaux libres, responsables du vieillissement pr\u00e9matur\u00e9. Leur formulation enrichie en actifs d&rsquo;origine naturelle favorise le renouvellement cellulaire.<\/p>\n\n\n\n<p>Un <a href=\"https:\/\/rivoli.ch\/fr\/en-un-instant-les-traces-du-temps-disparaissent\/\">s\u00e9rum anti-rides<\/a> apporte un soin intensif adapt\u00e9 \u00e0 tous les types de peaux. Appliqu\u00e9 de l&rsquo;int\u00e9rieur vers l&rsquo;ext\u00e9rieur avant votre cr\u00e8me de jour, le s\u00e9rum r\u00e9v\u00e8le une bonne mine imm\u00e9diate et un teint unifi\u00e9 durable.<\/p>\n<\/div>\n<\/div>\n\n\n\n<h2 class=\"wp-block-heading alignwide page-category__title\">Comment choisir le s\u00e9rum id\u00e9al pour son visage ?<\/h2>\n\n\n\n<div class=\"wp-block-columns alignwide is-layout-flex wp-container-core-columns-is-layout-7 wp-block-columns-is-layout-flex\">\n<div class=\"wp-block-column is-layout-flow wp-block-column-is-layout-flow\">\n<p>Vous recherchez un s\u00e9rum adapt\u00e9 \u00e0 vos besoins ? Le choix de votre s\u00e9rum d\u00e9pend avant tout de votre type de peau et de vos pr\u00e9occupations principales.<br>Pour une peau pr\u00e9sentant des <strong>signes de l&rsquo;\u00e2ge visibles et un teint irr\u00e9gulier<\/strong>, le <em>S\u00e9rum Lumi\u00e8re N\u00b002<\/em> RIVOLI apporte une r\u00e9ponse globale avec son action anti-\u00e2ge compl\u00e8te et son effet uniformisant imm\u00e9diat.<\/p>\n\n\n\n<p>Pour une peau faisant fasse \u00e0 un contexte urbain ayant des signes de l\u2019\u00e2ge visible, un manque de fermet\u00e9 et d\u2019hydratation, L\u2019Eau de Jour N\u00b002 combine de multiples avantages pour une action anti-\u00e2ge (-18,7% de rides<em>), une action hydratante (+27%<\/em>), une action raffermissante (+13,5%<em>) et une protection contre la pollution et la lumi\u00e8re bleue. <\/em><\/p>\n\n\n\n<p>La nuit, la peau des besoins bien sp\u00e9cifiques. Permettant de r\u00e9activer la r\u00e9g\u00e9n\u00e9ration cellulaire nocturne, L\u2019Eau de Nuit N\u00b002 agit contre les signes de vieillissement comme la formation de rides d\u2019expression. <\/p>\n\n\n\n<p>Dot\u00e9 de propri\u00e9t\u00e9s filmog\u00e8nes et r\u00e9gulatrices d\u2019humidit\u00e9, L\u2019Eau de Nuit N\u00b002 RIVOLI est doubl\u00e9e d\u2019une action hydratante (+28.3% apr\u00e8s 12 heures), facteur essentiel de la bonne sant\u00e9 de la peau.<\/p>\n\n\n\n<p>Pour le <strong>contour des yeux marqu\u00e9 par la fatigue ou les premiers signes de l&rsquo;\u00e2ge<\/strong>, le <em>S\u00e9rum Liftant \u00c9clat 2.0<\/em> RIVOLI offre une solution cibl\u00e9e gr\u00e2ce \u00e0 sa formule sp\u00e9cialement con\u00e7ue pour cette zone fragile.<\/p>\n\n\n\n<p>Nos s\u00e9rums se compl\u00e8tent parfaitement dans votre routine beaut\u00e9 quotidienne. Leur texture l\u00e9g\u00e8re et non grasse, facile \u00e0 appliquer permet une application matin et soir pour des r\u00e9sultats optimaux.<\/p>\n<\/div>\n<\/div>\n\n\n\n<h2 class=\"wp-block-heading alignwide page-category__title\">Nos s\u00e9rums antirides, anti-t\u00e2che et anti-imperfection pour une peau \u00e9clatante et raffermie<\/h2>\n\n\n\n<div class=\"wp-block-columns alignwide is-layout-flex wp-container-core-columns-is-layout-8 wp-block-columns-is-layout-flex\">\n<div class=\"wp-block-column is-layout-flow wp-block-column-is-layout-flow\">\n<p>Nous avons d\u00e9velopp\u00e9 <strong>deux s\u00e9rums d&rsquo;exception<\/strong>, fruit de notre expertise suisse en cosm\u00e9tique de luxe. Ces formules hautement concentr\u00e9es en actifs naturels repr\u00e9sentent l&rsquo;aboutissement de notre recherche avanc\u00e9e pour des soins visage performants et \u00e9coresponsables. Chaque s\u00e9rum a \u00e9t\u00e9 sp\u00e9cifiquement con\u00e7u pour r\u00e9pondre \u00e0 des besoins cutan\u00e9s distincts.<\/p>\n<\/div>\n<\/div>\n\n\n\n<div class=\"wp-block-columns alignwide is-layout-flex wp-container-core-columns-is-layout-9 wp-block-columns-is-layout-flex\">\n<div class=\"wp-block-column is-layout-flow wp-block-column-is-layout-flow\">\n<h3 class=\"wp-block-heading alignwide\"><strong><strong><strong><strong>Le Visage &#8211; S\u00e9rum Lumi\u00e8re N\u00b002 : l&rsquo;innovation anti-\u00e2ge pour le visage<\/strong><\/strong><\/strong><\/strong><\/h3>\n\n\n\n<h4 class=\"wp-block-heading\"><strong>Une formule r\u00e9volutionnaire aux r\u00e9sultats prouv\u00e9s<\/strong><\/h4>\n\n\n\n<p>Le <em><a href=\"https:\/\/rivoli.ch\/fr\/produits\/le-visage-serum-lumiere-n02\/\">S\u00e9rum Lumi\u00e8re N\u00b002<\/a><\/em> RIVOLI, laur\u00e9at du Prix de Beaut\u00e9 Annabelle 2022, revient avec une formulation optimis\u00e9e. Ce concentr\u00e9 anti-\u00e2ge offre des r\u00e9sultats cliniquement prouv\u00e9s :<\/p>\n\n\n\n<ul>\n<li>+29% d&rsquo;\u00e9clat en seulement 30 minutes<\/li>\n\n\n\n<li>R\u00e9duction des rougeurs et taches brunes chez 70% des utilisatrices apr\u00e8s 28 jours<\/li>\n<\/ul>\n\n\n\n<h4 class=\"wp-block-heading\"><strong>Une triple action embellissante<\/strong><\/h4>\n\n\n\n<ul>\n<li><strong>Action lissante imm\u00e9diate :<\/strong> effet micro-lifting instantan\u00e9, lissage des rides et ridules gr\u00e2ce \u00e0 l&rsquo;extrait de sorgho riche en saccharose et floutage des imperfections par des pigments nacr\u00e9s et microsph\u00e8res fonctionnelles<\/li>\n\n\n\n<li><strong>Uniformisation du teint :<\/strong> r\u00e9duction de l&rsquo;hyperpigmentation et des rougeurs, action anti-inflammatoire gr\u00e2ce \u00e0 un actif biotechnologique exclusif et activation de l&rsquo;acide gallique par le microbiote cutan\u00e9<\/li>\n\n\n\n<li><strong>Renforcement cutan\u00e9 :<\/strong> hydratation intense et assouplissement de la peau, technologie exclusive ASPRivoli\u00ae.<\/li>\n<\/ul>\n<\/div>\n<\/div>\n\n\n\n<h2 class=\"wp-block-heading alignwide page-category__title\">Pourquoi choisir un s\u00e9rum Rivoli Gen\u00e8ve ?<\/h2>\n\n\n\n<div class=\"wp-block-columns alignwide is-layout-flex wp-container-core-columns-is-layout-10 wp-block-columns-is-layout-flex\">\n<div class=\"wp-block-column is-layout-flow wp-block-column-is-layout-flow\">\n<ul>\n<li><strong>Des formules v\u00e9ganes et \u00e9coresponsables, sans MICA<\/strong> sp\u00e9cialement con\u00e7ues pour nos s\u00e9rums, certifi\u00e9es par des labels reconnus et d\u00e9velopp\u00e9es sans aucun ingr\u00e9dient d&rsquo;origine animale. Un <strong>engagement constant<\/strong> dans la formulation de s\u00e9rums innovants et durables, avec des flacons \u00e9co-con\u00e7us et recyclables.<\/li>\n\n\n\n<li>Des <strong>actifs haute performance concentr\u00e9s dans nos s\u00e9rums<\/strong>, s\u00e9lectionn\u00e9s avec soin pour leur capacit\u00e9 \u00e0 p\u00e9n\u00e9trer en profondeur et leur origine naturelle, offrant une action cibl\u00e9e pour chaque type de peau.<\/li>\n\n\n\n<li><strong>S\u00e9rums test\u00e9s cliniquement<\/strong> pour une efficacit\u00e9 prouv\u00e9e par des laboratoires ind\u00e9pendants, garantissant des r\u00e9sultats visibles d\u00e8s les premi\u00e8res applications.<\/li>\n\n\n\n<li>Une fabrication <strong>100% suisse<\/strong> de nos s\u00e9rums dans notre manufacture certifi\u00e9e ISO de l&rsquo;Emmental, assurant une concentration optimale en actifs et une texture ultral\u00e9g\u00e8re parfaitement adapt\u00e9e aux besoins de votre peau.<\/li>\n<\/ul>\n<\/div>\n<\/div>\n\n\n\n<figure data-no-zoom=\"true\" class=\"wp-block-image alignfull size-large\"><a href=\"https:\/\/rivoli.ch\/wp-content\/uploads\/2025\/07\/Serum-RIVOLI.jpg\"><img loading=\"lazy\" decoding=\"async\" width=\"1024\" height=\"354\" src=\"https:\/\/rivoli.ch\/wp-content\/uploads\/2025\/07\/Serum-RIVOLI-1024x354.webp\" alt=\"se\u0301rum rivoli\" class=\"wp-image-3299\" srcset=\"https:\/\/rivoli.ch\/wp-content\/uploads\/2025\/07\/Serum-RIVOLI-1024x354.webp 1024w, https:\/\/rivoli.ch\/wp-content\/uploads\/2025\/07\/Serum-RIVOLI-300x104.webp 300w, https:\/\/rivoli.ch\/wp-content\/uploads\/2025\/07\/Serum-RIVOLI-768x266.webp 768w, https:\/\/rivoli.ch\/wp-content\/uploads\/2025\/07\/Serum-RIVOLI-18x6.webp 18w, https:\/\/rivoli.ch\/wp-content\/uploads\/2025\/07\/Serum-RIVOLI-600x208.webp 600w, https:\/\/rivoli.ch\/wp-content\/uploads\/2025\/07\/Serum-RIVOLI.jpg 1300w\" sizes=\"(max-width: 1024px) 100vw, 1024px\" \/><\/a><\/figure>\n\n\n\n<div class=\"wp-block-columns alignwide is-layout-flex wp-container-core-columns-is-layout-11 wp-block-columns-is-layout-flex\">\n<div class=\"wp-block-column is-content-justification-center is-layout-constrained wp-block-column-is-layout-constrained\">\n<h2 class=\"wp-block-heading\">Tout savoir sur les s\u00e9rums pour le visage<\/h2>\n\n\n<\/div>\n<\/div>\n","protected":false},"excerpt":{"rendered":"<p>S\u00e9rum pour un effet lumi\u00e8re et \u00e9clat Chez RIVOLI, le s\u00e9rum, v\u00e9ritable alli\u00e9 de votre routine beaut\u00e9, se d\u00e9cline en deux formes innovantes : en \u00e9mulsion ou sous forme liquide \u00e0 vaporiser. Gr\u00e2ce \u00e0 sa texture ultral\u00e9g\u00e8re et sa forte concentration en actifs, il p\u00e9n\u00e8tre rapidement les couches profondes de l\u2019\u00e9piderme, offrant des r\u00e9sultats visibles [&hellip;]<\/p>\n","protected":false},"author":11849,"featured_media":3298,"parent":0,"menu_order":0,"comment_status":"closed","ping_status":"closed","template":"","meta":{"_seopress_robots_primary_cat":"","_seopress_titles_title":"S\u00e9rum pour le visage : une peau \u00e9clatante et raffermie","_seopress_titles_desc":"Nos s\u00e9rums Rivoli Gen\u00e8ve : pour une peau \u00e9clatante et raffermie gr\u00e2ce \u00e0 des soins suisses \u00e9coresponsables.","_seopress_robots_index":"","footnotes":""},"acf":[],"_links":{"self":[{"href":"https:\/\/rivoli.ch\/fr\/wp-json\/wp\/v2\/pages\/3293"}],"collection":[{"href":"https:\/\/rivoli.ch\/fr\/wp-json\/wp\/v2\/pages"}],"about":[{"href":"https:\/\/rivoli.ch\/fr\/wp-json\/wp\/v2\/types\/page"}],"author":[{"embeddable":true,"href":"https:\/\/rivoli.ch\/fr\/wp-json\/wp\/v2\/users\/11849"}],"replies":[{"embeddable":true,"href":"https:\/\/rivoli.ch\/fr\/wp-json\/wp\/v2\/comments?post=3293"}],"version-history":[{"count":12,"href":"https:\/\/rivoli.ch\/fr\/wp-json\/wp\/v2\/pages\/3293\/revisions"}],"predecessor-version":[{"id":4254,"href":"https:\/\/rivoli.ch\/fr\/wp-json\/wp\/v2\/pages\/3293\/revisions\/4254"}],"wp:featuredmedia":[{"embeddable":true,"href":"https:\/\/rivoli.ch\/fr\/wp-json\/wp\/v2\/media\/3298"}],"wp:attachment":[{"href":"https:\/\/rivoli.ch\/fr\/wp-json\/wp\/v2\/media?parent=3293"}],"curies":[{"name":"wp","href":"https:\/\/api.w.org\/{rel}","templated":true}]}}