{"id":3267,"date":"2025-08-01T12:18:07","date_gmt":"2025-08-01T10:18:07","guid":{"rendered":"https:\/\/rivoli.ch\/?page_id=3267"},"modified":"2025-10-24T09:24:23","modified_gmt":"2025-10-24T07:24:23","slug":"coffret-cadeau-produit-de-beaute","status":"publish","type":"page","link":"https:\/\/rivoli.ch\/fr\/coffret-cadeau-produit-de-beaute\/","title":{"rendered":"Coffret cadeau produit de beaut\u00e9"},"content":{"rendered":"\n<h1 class=\"wp-block-heading alignwide has-text-align-left page-category__title\">Coffret cadeau produit de beaut\u00e9<\/h1>\n\n\n\n<div class=\"wp-block-media-text alignwide is-stacked-on-mobile is-image-fill\"><figure class=\"wp-block-media-text__media\" data-no-zoom=\"true\" style=\"background-image:url(https:\/\/rivoli.ch\/wp-content\/uploads\/2025\/08\/soins-essentiels-rivoli-1024x354.webp);background-position:46% 23%\"><img loading=\"lazy\" decoding=\"async\" width=\"1024\" height=\"354\" src=\"https:\/\/rivoli.ch\/wp-content\/uploads\/2025\/08\/soins-essentiels-rivoli-1024x354.webp\" alt=\"soins essentiels rivoli\" class=\"wp-image-3405 size-full\" srcset=\"https:\/\/rivoli.ch\/wp-content\/uploads\/2025\/08\/soins-essentiels-rivoli-1024x354.webp 1024w, https:\/\/rivoli.ch\/wp-content\/uploads\/2025\/08\/soins-essentiels-rivoli-300x104.webp 300w, https:\/\/rivoli.ch\/wp-content\/uploads\/2025\/08\/soins-essentiels-rivoli-768x266.webp 768w, https:\/\/rivoli.ch\/wp-content\/uploads\/2025\/08\/soins-essentiels-rivoli-18x6.webp 18w, https:\/\/rivoli.ch\/wp-content\/uploads\/2025\/08\/soins-essentiels-rivoli-600x208.webp 600w, https:\/\/rivoli.ch\/wp-content\/uploads\/2025\/08\/soins-essentiels-rivoli.jpg 1300w\" sizes=\"(max-width: 1024px) 100vw, 1024px\" \/><\/figure><div class=\"wp-block-media-text__content\">\n<p>Un coffret cadeau beaut\u00e9 repr\u00e9sente bien plus qu&rsquo;une simple collection de produits cosm\u00e9tiques. Cette invitation au bien-\u00eatre r\u00e9unit une s\u00e9lection harmonieuse de soins compl\u00e9mentaires, pens\u00e9s pour cr\u00e9er un v\u00e9ritable rituel beaut\u00e9 personnalis\u00e9.<\/p>\n\n\n\n<div class=\"wp-block-columns alignwide is-layout-flex wp-container-core-columns-is-layout-1 wp-block-columns-is-layout-flex\">\n<div class=\"wp-block-column is-layout-flow wp-block-column-is-layout-flow\">\n<p>L&rsquo;art du coffret cadeau beaut\u00e9 repose sur plusieurs aspects essentiels :<\/p>\n\n\n\n<ul>\n<li>Une s\u00e9lection experte de produits qui se compl\u00e8tent et s&rsquo;enrichissent mutuellement<\/li>\n\n\n\n<li>Des textures sensorielles qui transforment chaque application en moment de plaisir<\/li>\n\n\n\n<li>Des actifs pr\u00e9cieux qui agissent en synergie pour des r\u00e9sultats visibles<\/li>\n\n\n\n<li>Un packaging \u00e9l\u00e9gant qui sublime l&rsquo;exp\u00e9rience d&rsquo;utilisation<\/li>\n<\/ul>\n\n\n\n<p>Les coffrets de soins r\u00e9pondent \u00e0 des besoins sp\u00e9cifiques tout en offrant une dimension luxueuse au quotidien. V\u00e9ritables \u00e9crins de bien-\u00eatre, ils permettent de d\u00e9couvrir une routine compl\u00e8te, adapt\u00e9e \u00e0 chaque type de peau et \u00e0 ses besoins particuliers. Cette approche globale du soin garantit une efficacit\u00e9 optimale, tout en transformant les gestes beaut\u00e9 en rituels ressour\u00e7ants.<\/p>\n<\/div>\n<\/div>\n<\/div><\/div>\n\n\n\n<h2 class=\"wp-block-heading alignwide page-category__title\"><strong>Les coffrets de soins visage anti-\u00e2ge de la marque RIVOLI<\/strong><\/h2>\n\n\n\n<div class=\"wp-block-columns alignwide is-layout-flex wp-container-core-columns-is-layout-2 wp-block-columns-is-layout-flex\">\n<div class=\"wp-block-column is-layout-flow wp-block-column-is-layout-flow\">\n<p><a href=\"https:\/\/rivoli.ch\/fr\/produits\/set-la-decouverte\/\" data-type=\"link\" data-id=\"https:\/\/rivoli.ch\/fr\/produits\/set-la-decouverte\/\">Notre Set \u00ab\u00a0La D\u00e9couverte\u00a0\u00bb<\/a> vous invite \u00e0 explorer l&rsquo;univers RIVOLI \u00e0 travers quatre soins embl\u00e9matiques en format voyage : l&rsquo;Eau de Jour, Le S\u00e9rum Lumi\u00e8re, l&rsquo;\u00c9mulsion R\u00e9-\u00e9quilibrante et le masque r\u00e9parateur. Cette routine compl\u00e8te d\u00e9voile la quintessence de notre expertise avec des formules enrichies en pr\u00e9curseur ASPRivoli\u00ae.<\/p>\n\n\n\n<p>V\u00e9ritable rituel pour les l\u00e8vres, le <a href=\"https:\/\/rivoli.ch\/fr\/produits\/total-lips-your-scrub-your-balm\/\" data-type=\"link\" data-id=\"https:\/\/rivoli.ch\/fr\/produits\/total-lips-your-scrub-your-balm\/\">duo TOTAL LIPS<\/a> transforme le soin en moment de plaisir absolu. Son baume exfoliant aux micro-grains naturels pr\u00e9pare les l\u00e8vres \u00e0 recevoir les bienfaits nourrissants du baume hydratant, enrichi en huiles pr\u00e9cieuses.<\/p>\n\n\n\n<p>Et pour vous faire plaisir\u2026 Glissez vos soins pr\u00e9f\u00e9r\u00e9s dans le <a href=\"https:\/\/rivoli.ch\/fr\/produits\/rivoli-tote\/\">tote bag raffin\u00e9 Rivoli<\/a>, l\u2019accessoire parfait pour allier style et praticit\u00e9 au quotidien.<\/p>\n<\/div>\n<\/div>\n\n\n\n<div class=\"wp-block-columns is-layout-flex wp-container-core-columns-is-layout-6 wp-block-columns-is-layout-flex\">\n<div class=\"wp-block-column is-layout-flow wp-block-column-is-layout-flow\"><div data-block-name=\"woocommerce\/single-product\" data-product-id=\"315\" class=\"wp-block-woocommerce-single-product\">\n<div class=\"wp-block-columns is-layout-flex wp-container-core-columns-is-layout-3 wp-block-columns-is-layout-flex\">\n<div class=\"wp-block-column is-layout-flow wp-block-column-is-layout-flow\"><div data-block-name=\"woocommerce\/product-image\" data-show-sale-badge=\"false\" data-is-descendent-of-single-product-block=\"true\" class=\"wc-block-components-product-image wc-block-grid__product-image \" style=\"\">\n\t\t\t\t\t<a href=\"https:\/\/rivoli.ch\/fr\/produits\/set-la-decouverte\/\" style=\"\"> <img loading=\"lazy\" decoding=\"async\" width=\"600\" height=\"600\" src=\"https:\/\/rivoli.ch\/wp-content\/uploads\/2024\/04\/RIV_ECOM-DECOUVERT_1040X1040_-600x600.webp\" class=\"attachment-woocommerce_single size-woocommerce_single\" alt=\"Set \u00ab La D\u00e9couverte \u00bb\" data-testid=\"product-image\" style=\"max-width:none;object-fit:cover;\" srcset=\"https:\/\/rivoli.ch\/wp-content\/uploads\/2024\/04\/RIV_ECOM-DECOUVERT_1040X1040_-600x600.webp 600w, https:\/\/rivoli.ch\/wp-content\/uploads\/2024\/04\/RIV_ECOM-DECOUVERT_1040X1040_-300x300.webp 300w, https:\/\/rivoli.ch\/wp-content\/uploads\/2024\/04\/RIV_ECOM-DECOUVERT_1040X1040_-1024x1024.webp 1024w, https:\/\/rivoli.ch\/wp-content\/uploads\/2024\/04\/RIV_ECOM-DECOUVERT_1040X1040_-150x150.webp 150w, https:\/\/rivoli.ch\/wp-content\/uploads\/2024\/04\/RIV_ECOM-DECOUVERT_1040X1040_-768x768.webp 768w, https:\/\/rivoli.ch\/wp-content\/uploads\/2024\/04\/RIV_ECOM-DECOUVERT_1040X1040_-12x12.webp 12w, https:\/\/rivoli.ch\/wp-content\/uploads\/2024\/04\/RIV_ECOM-DECOUVERT_1040X1040_.jpg 1040w\" sizes=\"(max-width: 600px) 100vw, 600px\" \/><\/a>\n\t\t\t\t<\/div>\n\n<h3 class=\"has-text-align-center wp-block-post-title\"><a href=\"https:\/\/rivoli.ch\/fr\/produits\/set-la-decouverte\/\" target=\"_self\" >Set \u00ab La D\u00e9couverte \u00bb<\/a><\/h3>\n\n<div data-block-name=\"woocommerce\/product-price\" data-text-align=\"center\" data-is-descendent-of-single-product-block=\"true\" class=\"wp-block-woocommerce-product-price\"><div class=\"wc-block-components-product-price wc-block-grid__product-price has-text-align-center has-text-align-center\" style=\"\">\n\t\t\t\t\t<span class=\"woocs_price_code\" data-currency=\"\" data-redraw-id=\"69f46b744b63c\"  data-product-id=\"315\"><span class=\"woocommerce-Price-amount amount\"><bdi><span class=\"woocommerce-Price-currencySymbol\">&#67;&#72;&#70;<\/span>&nbsp;37.\u2013<\/bdi><\/span><\/span>\n\t\t\t\t<\/div><\/div><\/div>\n<\/div>\n<\/div><\/div>\n\n\n\n<div class=\"wp-block-column is-layout-flow wp-block-column-is-layout-flow\"><div data-block-name=\"woocommerce\/single-product\" data-product-id=\"2803\" class=\"wp-block-woocommerce-single-product\">\n<div class=\"wp-block-columns is-layout-flex wp-container-core-columns-is-layout-4 wp-block-columns-is-layout-flex\">\n<div class=\"wp-block-column is-layout-flow wp-block-column-is-layout-flow\"><div data-block-name=\"woocommerce\/product-image\" data-show-sale-badge=\"false\" data-is-descendent-of-single-product-block=\"true\" class=\"wc-block-components-product-image wc-block-grid__product-image \" style=\"\">\n\t\t\t\t\t<a href=\"https:\/\/rivoli.ch\/fr\/produits\/total-lips-your-scrub-your-balm\/\" style=\"\"> <img loading=\"lazy\" decoding=\"async\" width=\"600\" height=\"600\" src=\"https:\/\/rivoli.ch\/wp-content\/uploads\/2025\/03\/RIV_IMAGES_1800X1800_300dpi__DUO-LIPS_1-600x600.webp\" class=\"attachment-woocommerce_single size-woocommerce_single\" alt=\"TOTAL LIPS YOUR SCRUB \/ YOUR BALM\" data-testid=\"product-image\" style=\"max-width:none;object-fit:cover;\" srcset=\"https:\/\/rivoli.ch\/wp-content\/uploads\/2025\/03\/RIV_IMAGES_1800X1800_300dpi__DUO-LIPS_1-600x600.webp 600w, https:\/\/rivoli.ch\/wp-content\/uploads\/2025\/03\/RIV_IMAGES_1800X1800_300dpi__DUO-LIPS_1-300x300.webp 300w, https:\/\/rivoli.ch\/wp-content\/uploads\/2025\/03\/RIV_IMAGES_1800X1800_300dpi__DUO-LIPS_1-150x150.webp 150w, https:\/\/rivoli.ch\/wp-content\/uploads\/2025\/03\/RIV_IMAGES_1800X1800_300dpi__DUO-LIPS_1-768x768.webp 768w, https:\/\/rivoli.ch\/wp-content\/uploads\/2025\/03\/RIV_IMAGES_1800X1800_300dpi__DUO-LIPS_1-12x12.webp 12w, https:\/\/rivoli.ch\/wp-content\/uploads\/2025\/03\/RIV_IMAGES_1800X1800_300dpi__DUO-LIPS_1.jpg 900w\" sizes=\"(max-width: 600px) 100vw, 600px\" \/><\/a>\n\t\t\t\t<\/div>\n\n<h3 class=\"has-text-align-center wp-block-post-title\"><a href=\"https:\/\/rivoli.ch\/fr\/produits\/total-lips-your-scrub-your-balm\/\" target=\"_self\" >TOTAL LIPS YOUR SCRUB \/ YOUR BALM<\/a><\/h3>\n\n<div data-block-name=\"woocommerce\/product-price\" data-text-align=\"center\" data-is-descendent-of-single-product-block=\"true\" class=\"wp-block-woocommerce-product-price\"><div class=\"wc-block-components-product-price wc-block-grid__product-price has-text-align-center has-text-align-center\" style=\"\">\n\t\t\t\t\t<span class=\"woocs_price_code\" data-currency=\"\" data-redraw-id=\"69f46b7453a12\"  data-product-id=\"2803\"><span class=\"woocommerce-Price-amount amount\"><bdi><span class=\"woocommerce-Price-currencySymbol\">&#67;&#72;&#70;<\/span>&nbsp;49.\u2013<\/bdi><\/span><\/span>\n\t\t\t\t<\/div><\/div><\/div>\n<\/div>\n<\/div><\/div>\n\n\n\n<div class=\"wp-block-column is-layout-flow wp-block-column-is-layout-flow\"><div data-block-name=\"woocommerce\/single-product\" data-product-id=\"631\" class=\"wp-block-woocommerce-single-product\">\n<div class=\"wp-block-columns is-layout-flex wp-container-core-columns-is-layout-5 wp-block-columns-is-layout-flex\">\n<div class=\"wp-block-column is-layout-flow wp-block-column-is-layout-flow\"><div data-block-name=\"woocommerce\/product-image\" data-show-sale-badge=\"false\" data-image-sizing=\"thumbnail\" data-is-descendent-of-single-product-block=\"true\" class=\"wc-block-components-product-image wc-block-grid__product-image \" style=\"\">\n\t\t\t\t\t<a href=\"https:\/\/rivoli.ch\/fr\/produits\/rivoli-tote\/\" style=\"\"> <img loading=\"lazy\" decoding=\"async\" width=\"300\" height=\"300\" src=\"https:\/\/rivoli.ch\/wp-content\/uploads\/2024\/01\/RIV_TOTE_BAG_PRESS_V2-300x300.webp\" class=\"attachment-woocommerce_thumbnail size-woocommerce_thumbnail\" alt=\"RIVOLI Tote Bag\" data-testid=\"product-image\" style=\"max-width:none;object-fit:cover;\" srcset=\"https:\/\/rivoli.ch\/wp-content\/uploads\/2024\/01\/RIV_TOTE_BAG_PRESS_V2-300x300.webp 300w, https:\/\/rivoli.ch\/wp-content\/uploads\/2024\/01\/RIV_TOTE_BAG_PRESS_V2-150x150.webp 150w\" sizes=\"(max-width: 300px) 100vw, 300px\" \/><\/a>\n\t\t\t\t<\/div>\n\n<h3 class=\"has-text-align-center wp-block-post-title\"><a href=\"https:\/\/rivoli.ch\/fr\/produits\/rivoli-tote\/\" target=\"_self\" >RIVOLI Tote Bag<\/a><\/h3>\n\n<div data-block-name=\"woocommerce\/product-price\" data-text-align=\"center\" data-is-descendent-of-single-product-block=\"true\" class=\"wp-block-woocommerce-product-price\"><div class=\"wc-block-components-product-price wc-block-grid__product-price has-text-align-center has-text-align-center\" style=\"\">\n\t\t\t\t\t<span class=\"woocs_price_code\" data-currency=\"\" data-redraw-id=\"69f46b745b6e4\"  data-product-id=\"631\"><span class=\"woocommerce-Price-amount amount\"><bdi><span class=\"woocommerce-Price-currencySymbol\">&#67;&#72;&#70;<\/span>&nbsp;25.\u2013<\/bdi><\/span><\/span>\n\t\t\t\t<\/div><\/div><\/div>\n<\/div>\n<\/div><\/div>\n<\/div>\n\n\n\n<div class=\"wp-block-columns alignwide is-layout-flex wp-container-core-columns-is-layout-7 wp-block-columns-is-layout-flex\">\n<div class=\"wp-block-column is-layout-flow wp-block-column-is-layout-flow\">\n<h3 class=\"wp-block-heading alignwide\"><strong><strong><strong>Des coffrets adapt\u00e9s \u00e0 chaque femme<\/strong><\/strong><\/strong><\/h3>\n\n\n\n<p>La diversit\u00e9 des types de peau n\u00e9cessite une approche sur mesure dans le choix des coffrets soins. Les peaux sensibles s&rsquo;\u00e9panouissent avec des formules apaisantes enrichies en actifs naturels comme les graines tamarinier. Pour les peaux mixtes \u00e0 grasses, les coffrets purifiants associent des textures l\u00e9g\u00e8res et des ingr\u00e9dients r\u00e9gulateurs.<\/p>\n\n\n\n<p>Les peaux matures retrouvent leur \u00e9clat gr\u00e2ce aux coffrets anti-\u00e2ge combinant s\u00e9rum concentr\u00e9 et cr\u00e8me nourrissante. Quant aux peaux d\u00e9shydrat\u00e9es, elles puisent leur confort dans des rituels enrichis en vitamines B3 et en huiles pr\u00e9cieuses.<\/p>\n\n\n\n<p>Un coffret adapt\u00e9 transforme la routine beaut\u00e9 en v\u00e9ritable moment de bien-\u00eatre, tout en garantissant une efficacit\u00e9 optimale des soins. Cette personnalisation permet \u00e0 chaque peau de r\u00e9v\u00e9ler sa beaut\u00e9 naturelle.<\/p>\n<\/div>\n<\/div>\n\n\n\n<h2 class=\"wp-block-heading alignwide page-category__title\">Le rituel beaut\u00e9 personnalis\u00e9 en coffret<\/h2>\n\n\n\n<div class=\"wp-block-columns alignwide is-layout-flex wp-container-core-columns-is-layout-8 wp-block-columns-is-layout-flex\">\n<div class=\"wp-block-column is-layout-flow wp-block-column-is-layout-flow\">\n<h3 class=\"wp-block-heading alignwide\"><strong><strong><strong><strong>Personnalisation et efficacit\u00e9<\/strong><\/strong><\/strong><\/strong><\/h3>\n\n\n\n<p>Les coffrets beaut\u00e9 personnalis\u00e9s r\u00e9pondent \u00e0 une demande croissante d&rsquo;accompagnement dans sa routine skincare. Chaque peau \u00e9tant unique, ces coffrets permettent d&rsquo;adapter son rituel selon son type de peau, son \u00e2ge et ses pr\u00e9occupations sp\u00e9cifiques.<\/p>\n\n\n\n<h3 class=\"wp-block-heading\">Synergie des actifs<\/h3>\n\n\n\n<p>L&rsquo;association r\u00e9fl\u00e9chie des soins dans un m\u00eame coffret optimise leurs actions compl\u00e9mentaires. Un <a href=\"https:\/\/rivoli.ch\/serum\/\" data-type=\"page\" data-id=\"3293\">s\u00e9rum<\/a> pr\u00e9pare la peau \u00e0 recevoir sa cr\u00e8me hydratante, tandis qu&rsquo;un masque hebdomadaire renforce leurs effets pour des r\u00e9sultats visibles.<\/p>\n\n\n\n<h3 class=\"wp-block-heading\"><strong><strong><strong>Simplicit\u00e9 d&rsquo;utilisation<\/strong><\/strong><\/strong><\/h3>\n\n\n\n<p>La notice d\u00e9taill\u00e9e accompagnant chaque coffret guide l&rsquo;utilisateur dans l&rsquo;ordre d&rsquo;application et la fr\u00e9quence d&rsquo;utilisation des produits. Cette approche p\u00e9dagogique transforme la routine beaut\u00e9 en un moment privil\u00e9gi\u00e9, source de r\u00e9sultats durables.<\/p>\n<\/div>\n<\/div>\n\n\n\n<h2 class=\"wp-block-heading alignwide page-category__title\">Pourquoi offrir un coffret soin naturel ?<\/h2>\n\n\n\n<div class=\"wp-block-columns alignwide is-layout-flex wp-container-core-columns-is-layout-9 wp-block-columns-is-layout-flex\">\n<div class=\"wp-block-column is-layout-flow wp-block-column-is-layout-flow\">\n<p>La demande croissante pour des cosm\u00e9tiques propres r\u00e9v\u00e8le une prise de conscience des consommateurs. Les coffrets de soins r\u00e9pondent \u00e0 cette aspiration en proposant des formules saines, respectant l&rsquo;\u00e9cosyst\u00e8me de la peau, enrichies en <a href=\"https:\/\/rivoli.ch\/fr\/la-marque-rivoli\/eco-responsabilite\/\">actifs v\u00e9g\u00e9taux s\u00e9lectionn\u00e9s<\/a> pour leur efficacit\u00e9 prouv\u00e9e.<\/p>\n\n\n\n<p>Les <strong>packagings \u00e9co-con\u00e7us<\/strong> et recyclables ajoutent une dimension responsable \u00e0 l&rsquo;exp\u00e9rience beaut\u00e9. Cette approche holistique du soin permet de d\u00e9couvrir les bienfaits d&rsquo;une cosm\u00e9tique plus saine, tout en pr\u00e9servant le plaisir sensoriel des textures et des fragrances d\u00e9licates.<\/p>\n<\/div>\n<\/div>\n\n\n\n<h2 class=\"wp-block-heading alignwide page-category__title\"><strong>L&rsquo;art d&rsquo;offrir le bien-\u00eatre en cadeau : f\u00eate des M\u00e8res, Saint-Valentin, anniversaire&#8230;<\/strong><\/h2>\n\n\n\n<div class=\"wp-block-columns alignwide is-layout-flex wp-container-core-columns-is-layout-10 wp-block-columns-is-layout-flex\">\n<div class=\"wp-block-column is-layout-flow wp-block-column-is-layout-flow\">\n<p>Choisir un <strong>cadeau parfait<\/strong> demande une attention particuli\u00e8re aux go\u00fbts et aux besoins de la personne qui le recevra. Un <strong>moment de d\u00e9tente<\/strong> personnalis\u00e9 sous forme de coffret beaut\u00e9 repr\u00e9sente une attention d\u00e9licate, adapt\u00e9e \u00e0 toutes les <strong>occasions<\/strong> de l&rsquo;ann\u00e9e, de la <strong>f\u00eate des M\u00e8res<\/strong> \u00e0 la <strong>Saint-Valentin<\/strong>.<\/p>\n\n\n\n<p>Les <strong>formats voyage<\/strong> permettent d&#8217;emporter ses soins favoris partout, tandis que les rituels complets transforment la salle de bain en v\u00e9ritable spa. Une s\u00e9lection minutieuse des produits selon le type de peau et les pr\u00e9f\u00e9rences olfactives garantit un <strong>cadeau id\u00e9al<\/strong>, qu&rsquo;il s&rsquo;agisse de <strong><a href=\"https:\/\/rivoli.ch\/creme-pour-le-visage\/\" data-type=\"page\" data-id=\"3004\">soins pour le visage<\/a><\/strong> apaisants ou d&rsquo;un coffret anti-\u00e2ge expert.<\/p>\n\n\n\n<p>Pour les personnes press\u00e9es, une <strong>carte-cadeau<\/strong> offre la libert\u00e9 de composer son propre rituel bien-\u00eatre, \u00e9vitant ainsi le <strong>casse-t\u00eate<\/strong> du choix parfait. Cette attention personnalis\u00e9e s&rsquo;adresse aussi bien aux <strong>femmes qu&rsquo;aux hommes<\/strong>, chacun pouvant d\u00e9couvrir des soins adapt\u00e9s \u00e0 ses besoins sp\u00e9cifiques.<\/p>\n<\/div>\n<\/div>\n\n\n\n<figure data-no-zoom=\"true\" class=\"wp-block-image alignfull size-large\"><a href=\"https:\/\/rivoli.ch\/wp-content\/uploads\/2025\/08\/coffret-cadeau-soin-beaute-rivoli.jpg\"><img loading=\"lazy\" decoding=\"async\" width=\"1024\" height=\"354\" src=\"https:\/\/rivoli.ch\/wp-content\/uploads\/2025\/08\/coffret-cadeau-soin-beaute-rivoli-1024x354.webp\" alt=\"coffret cadeau soin beaute rivoli\" class=\"wp-image-3404\" srcset=\"https:\/\/rivoli.ch\/wp-content\/uploads\/2025\/08\/coffret-cadeau-soin-beaute-rivoli-1024x354.webp 1024w, https:\/\/rivoli.ch\/wp-content\/uploads\/2025\/08\/coffret-cadeau-soin-beaute-rivoli-300x104.webp 300w, https:\/\/rivoli.ch\/wp-content\/uploads\/2025\/08\/coffret-cadeau-soin-beaute-rivoli-768x266.webp 768w, https:\/\/rivoli.ch\/wp-content\/uploads\/2025\/08\/coffret-cadeau-soin-beaute-rivoli-18x6.webp 18w, https:\/\/rivoli.ch\/wp-content\/uploads\/2025\/08\/coffret-cadeau-soin-beaute-rivoli-600x208.webp 600w, https:\/\/rivoli.ch\/wp-content\/uploads\/2025\/08\/coffret-cadeau-soin-beaute-rivoli.jpg 1300w\" sizes=\"(max-width: 1024px) 100vw, 1024px\" \/><\/a><\/figure>\n\n\n\n<h2 class=\"wp-block-heading alignwide page-category__title\"><strong>RIVOLI, c&rsquo;est l&rsquo;expertise suisse du soin cosm\u00e9tique<\/strong><\/h2>\n\n\n\n<div class=\"wp-block-columns alignwide is-layout-flex wp-container-core-columns-is-layout-12 wp-block-columns-is-layout-flex\">\n<div class=\"wp-block-column is-layout-flow wp-block-column-is-layout-flow\">\n<div class=\"wp-block-columns alignwide is-layout-flex wp-container-core-columns-is-layout-11 wp-block-columns-is-layout-flex\">\n<div class=\"wp-block-column is-layout-flow wp-block-column-is-layout-flow\">\n<p>Au c\u0153ur de l&rsquo;Emmental suisse, RIVOLI d\u00e9veloppe des soins d&rsquo;exception dans sa manufacture certifi\u00e9e ISO-9001. Notre savoir-faire unique repose sur la <a href=\"https:\/\/rivoli.ch\/fr\/la-marque-rivoli\/efficacite-prouvee\/\" data-type=\"link\" data-id=\"https:\/\/rivoli.ch\/fr\/la-marque-rivoli\/efficacite-prouvee\/\">technologie brevet\u00e9e ASPRivoli\u00ae<\/a>, fruit de longues ann\u00e9es de recherche en biotechnologie.<\/p>\n\n\n\n<p>Les formules RIVOLI associent des actifs naturels puissants \u00e0 des innovations scientifiques de pointe. Chaque soin est rigoureusement test\u00e9 par des laboratoires ind\u00e9pendants, garantissant une efficacit\u00e9 prouv\u00e9e sur la r\u00e9g\u00e9n\u00e9ration cellulaire et le maintien d&rsquo;une peau \u00e9clatante.<\/p>\n\n\n\n<p>Notre engagement se traduit par des formulations v\u00e9ganes certifi\u00e9es, des emballages \u00e9co-con\u00e7us et une production responsable. Les coffrets RIVOLI incarnent cette alliance parfaite entre <strong>excellence suisse<\/strong> et <strong>beaut\u00e9 intelligente<\/strong>, offrant une exp\u00e9rience sensorielle unique.<\/p>\n\n\n\n<p><\/p>\n<\/div>\n<\/div>\n<\/div>\n<\/div>\n","protected":false},"excerpt":{"rendered":"<p>Coffret cadeau produit de beaut\u00e9 Les coffrets de soins visage anti-\u00e2ge de la marque RIVOLI Notre Set \u00ab\u00a0La D\u00e9couverte\u00a0\u00bb vous invite \u00e0 explorer l&rsquo;univers RIVOLI \u00e0 travers quatre soins embl\u00e9matiques en format voyage : l&rsquo;Eau de Jour, Le S\u00e9rum Lumi\u00e8re, l&rsquo;\u00c9mulsion R\u00e9-\u00e9quilibrante et le masque r\u00e9parateur. Cette routine compl\u00e8te d\u00e9voile la quintessence de notre expertise [&hellip;]<\/p>\n","protected":false},"author":11849,"featured_media":3274,"parent":0,"menu_order":0,"comment_status":"closed","ping_status":"closed","template":"","meta":{"_seopress_robots_primary_cat":"","_seopress_titles_title":"Coffret cadeau produit de beaut\u00e9 : notre s\u00e9lection en soins","_seopress_titles_desc":"Coffret cadeau produit de beaut\u00e9 : offrez une routine sensorielle unique et efficace. Transformez chaque soin en un moment de bien-\u00eatre.","_seopress_robots_index":"","footnotes":""},"acf":[],"_links":{"self":[{"href":"https:\/\/rivoli.ch\/fr\/wp-json\/wp\/v2\/pages\/3267"}],"collection":[{"href":"https:\/\/rivoli.ch\/fr\/wp-json\/wp\/v2\/pages"}],"about":[{"href":"https:\/\/rivoli.ch\/fr\/wp-json\/wp\/v2\/types\/page"}],"author":[{"embeddable":true,"href":"https:\/\/rivoli.ch\/fr\/wp-json\/wp\/v2\/users\/11849"}],"replies":[{"embeddable":true,"href":"https:\/\/rivoli.ch\/fr\/wp-json\/wp\/v2\/comments?post=3267"}],"version-history":[{"count":17,"href":"https:\/\/rivoli.ch\/fr\/wp-json\/wp\/v2\/pages\/3267\/revisions"}],"predecessor-version":[{"id":4043,"href":"https:\/\/rivoli.ch\/fr\/wp-json\/wp\/v2\/pages\/3267\/revisions\/4043"}],"wp:featuredmedia":[{"embeddable":true,"href":"https:\/\/rivoli.ch\/fr\/wp-json\/wp\/v2\/media\/3274"}],"wp:attachment":[{"href":"https:\/\/rivoli.ch\/fr\/wp-json\/wp\/v2\/media?parent=3267"}],"curies":[{"name":"wp","href":"https:\/\/api.w.org\/{rel}","templated":true}]}}