{"id":3259,"date":"2025-08-01T14:49:14","date_gmt":"2025-08-01T12:49:14","guid":{"rendered":"https:\/\/rivoli.ch\/?page_id=3259"},"modified":"2025-08-01T14:49:16","modified_gmt":"2025-08-01T12:49:16","slug":"nettoyant-visage","status":"publish","type":"page","link":"https:\/\/rivoli.ch\/fr\/nettoyant-visage\/","title":{"rendered":"Nettoyant visage"},"content":{"rendered":"\n<h1 class=\"wp-block-heading alignwide has-text-align-left page-category__title\">Nettoyant visage<\/h1>\n\n\n\n<div class=\"wp-block-media-text alignwide is-stacked-on-mobile is-image-fill\"><figure class=\"wp-block-media-text__media\" data-no-zoom=\"true\" style=\"background-image:url(https:\/\/rivoli.ch\/wp-content\/uploads\/2025\/07\/Nettoyant-visage-RIVOLI-1024x354.webp);background-position:36% 80%\"><img loading=\"lazy\" decoding=\"async\" width=\"1024\" height=\"354\" src=\"https:\/\/rivoli.ch\/wp-content\/uploads\/2025\/07\/Nettoyant-visage-RIVOLI-1024x354.webp\" alt=\"nettoyant visage rivoli\" class=\"wp-image-3264 size-full\" srcset=\"https:\/\/rivoli.ch\/wp-content\/uploads\/2025\/07\/Nettoyant-visage-RIVOLI-1024x354.webp 1024w, https:\/\/rivoli.ch\/wp-content\/uploads\/2025\/07\/Nettoyant-visage-RIVOLI-300x104.webp 300w, https:\/\/rivoli.ch\/wp-content\/uploads\/2025\/07\/Nettoyant-visage-RIVOLI-768x266.webp 768w, https:\/\/rivoli.ch\/wp-content\/uploads\/2025\/07\/Nettoyant-visage-RIVOLI-18x6.webp 18w, https:\/\/rivoli.ch\/wp-content\/uploads\/2025\/07\/Nettoyant-visage-RIVOLI-600x208.webp 600w, https:\/\/rivoli.ch\/wp-content\/uploads\/2025\/07\/Nettoyant-visage-RIVOLI.jpg 1300w\" sizes=\"(max-width: 1024px) 100vw, 1024px\" \/><\/figure><div class=\"wp-block-media-text__content\">\n<p>Le nettoyage du visage repr\u00e9sente la premi\u00e8re \u00e9tape fondamentale d&rsquo;une routine beaut\u00e9 efficace. Votre peau fait face quotidiennement \u00e0 de nombreuses agressions : pollution, maquillage, exc\u00e8s de s\u00e9bum, cellules mortes et autres impuret\u00e9s qui s&rsquo;accumulent au fil de la journ\u00e9e. Un nettoyant adapt\u00e9 devient alors votre meilleur alli\u00e9 pour pr\u00e9server l&rsquo;\u00e9quilibre naturel de votre peau.<\/p>\n\n\n\n<p>Chez Rivoli Gen\u00e8ve, nos nettoyants visage sont d\u00e9velopp\u00e9s selon notre concept de \u00ab\u00a0Beaut\u00e9 Intelligente\u00a0\u00bb : des formules qui respectent et soutiennent les m\u00e9canismes naturels de votre peau. Con\u00e7us et fabriqu\u00e9s dans nos laboratoires suisses, ils associent des actifs rigoureusement s\u00e9lectionn\u00e9s pour purifier la peau en douceur, sans jamais l&rsquo;agresser.<\/p>\n\n\n\n<p>D\u00e9couvrez notre s\u00e9lection de nettoyants visage et choisissez celui qui correspond le mieux \u00e0 votre type de peau.<\/p>\n<\/div><\/div>\n\n\n\n<h2 class=\"wp-block-heading alignwide page-category__title\">D\u00e9couvrez les meilleurs nettoyants pour visage de la marque Rivoli Gen\u00e8ve<\/h2>\n\n\n\n<div class=\"wp-block-columns alignwide is-layout-flex wp-container-core-columns-is-layout-3 wp-block-columns-is-layout-flex\">\n<div class=\"wp-block-column is-layout-flow wp-block-column-is-layout-flow\"><div data-block-name=\"woocommerce\/single-product\" data-product-id=\"417\" class=\"wp-block-woocommerce-single-product\">\n<div class=\"wp-block-columns is-layout-flex wp-container-core-columns-is-layout-2 wp-block-columns-is-layout-flex\">\n<div class=\"wp-block-column is-layout-flow wp-block-column-is-layout-flow\"><div data-block-name=\"woocommerce\/product-image\" data-show-sale-badge=\"false\" data-is-descendent-of-single-product-block=\"true\" class=\"wc-block-components-product-image wc-block-grid__product-image \" style=\"\">\n\t\t\t\t\t<a href=\"https:\/\/rivoli.ch\/fr\/produits\/le-demaquillant-gel-nettoyant\/\" style=\"\"> <img loading=\"lazy\" decoding=\"async\" width=\"600\" height=\"600\" src=\"https:\/\/rivoli.ch\/wp-content\/uploads\/2024\/04\/RIV_ECOM-IMAGES_1040X1040_WHITE_64-600x600.webp\" class=\"attachment-woocommerce_single size-woocommerce_single\" alt=\"Le D\u00e9maquillant Gel Nettoyant\" data-testid=\"product-image\" style=\"max-width:none;object-fit:cover;\" srcset=\"https:\/\/rivoli.ch\/wp-content\/uploads\/2024\/04\/RIV_ECOM-IMAGES_1040X1040_WHITE_64-600x600.webp 600w, https:\/\/rivoli.ch\/wp-content\/uploads\/2024\/04\/RIV_ECOM-IMAGES_1040X1040_WHITE_64-300x300.webp 300w, https:\/\/rivoli.ch\/wp-content\/uploads\/2024\/04\/RIV_ECOM-IMAGES_1040X1040_WHITE_64-1024x1024.webp 1024w, https:\/\/rivoli.ch\/wp-content\/uploads\/2024\/04\/RIV_ECOM-IMAGES_1040X1040_WHITE_64-150x150.webp 150w, https:\/\/rivoli.ch\/wp-content\/uploads\/2024\/04\/RIV_ECOM-IMAGES_1040X1040_WHITE_64-768x768.webp 768w, https:\/\/rivoli.ch\/wp-content\/uploads\/2024\/04\/RIV_ECOM-IMAGES_1040X1040_WHITE_64-12x12.webp 12w, https:\/\/rivoli.ch\/wp-content\/uploads\/2024\/04\/RIV_ECOM-IMAGES_1040X1040_WHITE_64.jpg 1040w\" sizes=\"(max-width: 600px) 100vw, 600px\" \/><\/a>\n\t\t\t\t<\/div>\n\n<h3 class=\"has-text-align-center wp-block-post-title\"><a href=\"https:\/\/rivoli.ch\/fr\/produits\/le-demaquillant-gel-nettoyant\/\" target=\"_self\" >Le D\u00e9maquillant Gel Nettoyant<\/a><\/h3>\n\n<div data-block-name=\"woocommerce\/product-price\" data-text-align=\"center\" data-is-descendent-of-single-product-block=\"true\" class=\"wp-block-woocommerce-product-price\"><div class=\"wc-block-components-product-price wc-block-grid__product-price has-text-align-center has-text-align-center\" style=\"\">\n\t\t\t\t\t<span class=\"woocs_price_code\" data-currency=\"\" data-redraw-id=\"69d6951c6797a\"  data-product-id=\"417\"><span class=\"woocommerce-Price-amount amount\"><bdi><span class=\"woocommerce-Price-currencySymbol\">&#67;&#72;&#70;<\/span>&nbsp;35.\u2013<\/bdi><\/span><\/span>\n\t\t\t\t<\/div><\/div><\/div>\n\n\n\n<div class=\"wp-block-column is-layout-flow wp-block-column-is-layout-flow\"><div data-block-name=\"woocommerce\/single-product\" data-product-id=\"424\" class=\"wp-block-woocommerce-single-product\">\n<div class=\"wp-block-columns is-layout-flex wp-container-core-columns-is-layout-1 wp-block-columns-is-layout-flex\">\n<div class=\"wp-block-column is-layout-flow wp-block-column-is-layout-flow\"><div data-block-name=\"woocommerce\/product-image\" data-show-sale-badge=\"false\" data-is-descendent-of-single-product-block=\"true\" class=\"wc-block-components-product-image wc-block-grid__product-image \" style=\"\">\n\t\t\t\t\t<a href=\"https:\/\/rivoli.ch\/fr\/produits\/le-visage-mousse-nettoyante\/\" style=\"\"> <img loading=\"lazy\" decoding=\"async\" width=\"600\" height=\"600\" src=\"https:\/\/rivoli.ch\/wp-content\/uploads\/2024\/04\/RIV_LV-Mousse-ECOM-IMAGES_1040X1040_WHITE_16-600x600.webp\" class=\"attachment-woocommerce_single size-woocommerce_single\" alt=\"Le Visage Mousse Nettoyante\" data-testid=\"product-image\" style=\"max-width:none;object-fit:cover;\" srcset=\"https:\/\/rivoli.ch\/wp-content\/uploads\/2024\/04\/RIV_LV-Mousse-ECOM-IMAGES_1040X1040_WHITE_16-600x600.webp 600w, https:\/\/rivoli.ch\/wp-content\/uploads\/2024\/04\/RIV_LV-Mousse-ECOM-IMAGES_1040X1040_WHITE_16-300x300.webp 300w, https:\/\/rivoli.ch\/wp-content\/uploads\/2024\/04\/RIV_LV-Mousse-ECOM-IMAGES_1040X1040_WHITE_16-1024x1024.webp 1024w, https:\/\/rivoli.ch\/wp-content\/uploads\/2024\/04\/RIV_LV-Mousse-ECOM-IMAGES_1040X1040_WHITE_16-150x150.webp 150w, https:\/\/rivoli.ch\/wp-content\/uploads\/2024\/04\/RIV_LV-Mousse-ECOM-IMAGES_1040X1040_WHITE_16-768x768.webp 768w, https:\/\/rivoli.ch\/wp-content\/uploads\/2024\/04\/RIV_LV-Mousse-ECOM-IMAGES_1040X1040_WHITE_16-12x12.webp 12w, https:\/\/rivoli.ch\/wp-content\/uploads\/2024\/04\/RIV_LV-Mousse-ECOM-IMAGES_1040X1040_WHITE_16.jpg 1040w\" sizes=\"(max-width: 600px) 100vw, 600px\" \/><\/a>\n\t\t\t\t<\/div>\n\n<h3 class=\"has-text-align-center wp-block-post-title\"><a href=\"https:\/\/rivoli.ch\/fr\/produits\/le-visage-mousse-nettoyante\/\" target=\"_self\" >Le Visage Mousse Nettoyante<\/a><\/h3>\n\n<div data-block-name=\"woocommerce\/product-price\" data-text-align=\"center\" data-is-descendent-of-single-product-block=\"true\" class=\"wp-block-woocommerce-product-price\"><div class=\"wc-block-components-product-price wc-block-grid__product-price has-text-align-center has-text-align-center\" style=\"\">\n\t\t\t\t\t<span class=\"woocs_price_code\" data-currency=\"\" data-redraw-id=\"69d6951c71496\"  data-product-id=\"424\"><span class=\"woocommerce-Price-amount amount\"><bdi><span class=\"woocommerce-Price-currencySymbol\">&#67;&#72;&#70;<\/span>&nbsp;71.\u2013<\/bdi><\/span><\/span>\n\t\t\t\t<\/div><\/div><\/div>\n<\/div>\n<\/div><\/div>\n\n\n\n<div class=\"wp-block-column is-layout-flow wp-block-column-is-layout-flow\"><\/div>\n\n\n\n<div class=\"wp-block-column is-layout-flow wp-block-column-is-layout-flow\"><\/div>\n<\/div>\n<\/div><\/div>\n<\/div>\n\n\n\n<h2 class=\"wp-block-heading alignwide has-text-align-left page-category__title\">Les bienfaits essentiels d&rsquo;un nettoyant visage adapt\u00e9<\/h2>\n\n\n\n<div class=\"wp-block-columns alignwide page-category__col2 is-layout-flex wp-container-core-columns-is-layout-4 wp-block-columns-is-layout-flex\">\n<div class=\"wp-block-column is-layout-flow wp-block-column-is-layout-flow\">\n<p>Au c\u0153ur d&rsquo;une routine beaut\u00e9 r\u00e9ussie, un nettoyant visage adapt\u00e9 agit comme un v\u00e9ritable bouclier protecteur. Sa mission premi\u00e8re : pr\u00e9server l&rsquo;\u00e9quilibre du film hydrolipidique tout en \u00e9liminant les <strong>particules de pollution<\/strong> et impuret\u00e9s qui s&rsquo;accumulent au fil des heures.<\/p>\n\n\n\n<p>L&rsquo;application quotidienne d&rsquo;une <strong>mousse nettoyante<\/strong> ou d&rsquo;un <strong>gel<\/strong> permet de d\u00e9sobstruer les pores en profondeur, pr\u00e9venant ainsi l&rsquo;apparition des <strong>points noirs<\/strong> et imperfections. Les formules enrichies, en huile de coco par exemple, apaisent et hydratent l&rsquo;\u00e9piderme, tandis que des huiles nutritives r\u00e9gule et hydrate la protection de la barri\u00e8re cutan\u00e9e.<\/p>\n\n\n\n<p>Lib\u00e9r\u00e9e des r\u00e9sidus de maquillage et cellules mortes, elle respire \u00e0 nouveau et se pr\u00e9pare \u00e0 recevoir les bienfaits des soins suivants.<\/p>\n<\/div>\n<\/div>\n\n\n\n<h2 class=\"wp-block-heading alignwide page-category__title\">Pourquoi choisir un nettoyant visage Rivoli ?<\/h2>\n\n\n\n<div class=\"wp-block-columns alignwide is-layout-flex wp-container-core-columns-is-layout-5 wp-block-columns-is-layout-flex\">\n<div class=\"wp-block-column is-layout-flow wp-block-column-is-layout-flow\">\n<h3 class=\"wp-block-heading alignwide\"><strong><strong><strong><strong>Une formulation suisse respectueuse de la peau<\/strong><\/strong><\/strong><\/strong><\/h3>\n\n\n\n<p><strong>Rivoli<\/strong> situ\u00e9e dans l&rsquo;Emmental b\u00e9n\u00e9ficie d&rsquo;un environnement naturel exceptionnel, propice au d\u00e9veloppement de formules cosm\u00e9tiques innovantes. Nos laboratoires certifi\u00e9s ISO-22716, ISO-9001 et ISO-14001 \u00e9laborent des produits de skin care selon des standards de qualit\u00e9 rigoureux.<\/p>\n\n\n\n<p>Les formules Rivoli int\u00e8grent uniquement des tensioactifs doux d\u00e9riv\u00e9s du sucre et de l&rsquo;huile de coco, pr\u00e9servant le microbiote cutan\u00e9 naturel. Cette approche respectueuse permet m\u00eame aux peaux sensibles de retrouver confort et \u00e9quilibre.<\/p>\n\n\n\n<p>Nos \u00e9quipes de chercheurs privil\u00e9gient des technologies avanc\u00e9es garantissant une parfaite affinit\u00e9 avec la peau. Cette expertise unique assure des formules hautement tol\u00e9r\u00e9es, test\u00e9es sous contr\u00f4le dermatologique.<\/p>\n\n\n\n<h3 class=\"wp-block-heading\"><strong><strong><strong>Des actifs naturels rigoureusement s\u00e9lectionn\u00e9s<\/strong><\/strong><\/strong><\/h3>\n\n\n\n<p>La puissance des actifs naturels repose sur leur synergie avec la peau. Les laboratoires Rivoli s\u00e9lectionnent des ingr\u00e9dients v\u00e9g\u00e9taux reconnus pour leurs propri\u00e9t\u00e9s apaisantes et hydratantes.<\/p>\n\n\n\n<p>Les formules excluent tout composant controvers\u00e9 au profit d&rsquo;alternatives naturelles valid\u00e9es par des tests d&rsquo;efficacit\u00e9. Cette rigueur dans la s\u00e9lection des actifs garantit des nettoyants \u00e0 la fois performants et respectueux de votre peau.<\/p>\n\n\n\n<h3 class=\"wp-block-heading\"><strong><strong><strong>Une efficacit\u00e9 prouv\u00e9e par des tests cliniques<\/strong><\/strong><\/strong><\/h3>\n\n\n\n<p>Les tests cliniques men\u00e9s par des laboratoires ind\u00e9pendants d\u00e9montrent l&rsquo;efficacit\u00e9 remarquable de nos nettoyants. Le <em>Gel Nettoyant<\/em> \u00e9limine jusqu&rsquo;\u00e0 97% des particules de pollution et du maquillage waterproof d\u00e8s la premi\u00e8re utilisation, tout en pr\u00e9servant le microbiote cutan\u00e9.<br>Ces donn\u00e9es scientifiques attestent la performance de nos formules, valid\u00e9es par un panel de volontaires sous contr\u00f4le dermatologique. Les r\u00e9sultats d\u00e9montrent une am\u00e9lioration visible de la qualit\u00e9 de peau avec une satisfaction client confirm\u00e9e.<\/p>\n<\/div>\n<\/div>\n\n\n\n<h2 class=\"wp-block-heading alignwide page-category__title\">Notre routine double nettoyage pour tous les types de peaux<\/h2>\n\n\n\n<div class=\"wp-block-columns alignwide is-layout-flex wp-container-core-columns-is-layout-6 wp-block-columns-is-layout-flex\">\n<div class=\"wp-block-column is-layout-flow wp-block-column-is-layout-flow\">\n<h3 class=\"wp-block-heading alignwide\"><strong><strong><strong>Le gel nettoyant d\u00e9maquillant : douceur et efficacit\u00e9<\/strong><\/strong><\/strong><\/h3>\n\n\n\n<p>Le <em><a href=\"https:\/\/rivoli.ch\/fr\/produits\/le-demaquillant-gel-nettoyant\/\" data-type=\"link\" data-id=\"https:\/\/rivoli.ch\/fr\/produits\/le-demaquillant-gel-nettoyant\/\">Gel Nettoyant D\u00e9maquillant<\/a><\/em>  RIVOLI transforme le rituel de nettoyage en un moment de soin complet. Sa texture fra\u00eeche et l\u00e9g\u00e8re se transforme au contact de l\u2019eau en une mousse d\u00e9licate, \u00e9liminant efficacement maquillage, impuret\u00e9s et exc\u00e8s de s\u00e9bum.<\/p>\n\n\n\n<p>Gr\u00e2ce \u00e0 l\u2019association d\u2019une <strong>huile de coco<\/strong> aux propri\u00e9t\u00e9s d\u00e9maquillantes et d\u2019un \u00e9mulsifiant d\u00e9riv\u00e9 du sucre, il nettoie la peau en douceur tout en respectant l\u2019\u00e9quilibre du film hydrolipidique. Les tensioactifs doux, d\u2019origine v\u00e9g\u00e9tale, permettent un nettoyage efficace sans agresser la barri\u00e8re cutan\u00e9e.<\/p>\n\n\n\n<p>Ce gel nettoyant favorise \u00e9galement la r\u00e9g\u00e9n\u00e9ration cutan\u00e9e gr\u00e2ce \u00e0 des <strong>huiles antioxydantes de noix de macadamia et de p\u00e9pins de grenade<\/strong>, qui aident \u00e0 combattre le stress oxydatif quotidien. Enrichi en actifs hydratants et nutritifs, il renforce la barri\u00e8re cutan\u00e9e tout en pr\u00e9servant l\u2019\u00e9quilibre du microbiote. Apr\u00e8s rin\u00e7age, la peau est nette, apais\u00e9e et visiblement plus lumineuse<\/p>\n<\/div>\n<\/div>\n\n\n\n<div class=\"wp-block-columns alignwide is-layout-flex wp-container-core-columns-is-layout-7 wp-block-columns-is-layout-flex\">\n<div class=\"wp-block-column is-layout-flow wp-block-column-is-layout-flow\">\n<h3 class=\"wp-block-heading alignwide\"><strong><strong><strong>La mousse nettoyante : fra\u00eecheur et puret\u00e9<\/strong><\/strong><\/strong><\/h3>\n\n\n\n<p>Red\u00e9couvrez le plaisir d&rsquo;une peau purifi\u00e9e gr\u00e2ce \u00e0 la texture a\u00e9rienne de notre <em><a href=\"https:\/\/rivoli.ch\/fr\/produits\/le-visage-mousse-nettoyante\/\">Mousse Nettoyante<\/a><\/em>. Gr\u00e2ce \u00e0 la poudre de riz, elle offre une exfoliation douce qui affine le grain de peau et redonne instantan\u00e9ment de l\u2019\u00e9clat.<\/p>\n\n\n\n<p>Enrichie en <strong>niacinamide<\/strong>, actif reconnu pour unifier le teint et renforcer la barri\u00e8re cutan\u00e9e, cette mousse nettoyante aide \u00e0 apaiser la peau tout en la prot\u00e9geant des agressions ext\u00e9rieures.<\/p>\n\n\n\n<p>La <em>Mousse Nettoyante RIVOLI<\/em> enveloppe la peau d\u2019un confort imm\u00e9diat gr\u00e2ce \u00e0 l\u2019<strong>allanto\u00efne<\/strong>, un actif apaisant reconnu pour ses propri\u00e9t\u00e9s r\u00e9paratrices. Cet ingr\u00e9dient phare favorise la r\u00e9g\u00e9n\u00e9ration cellulaire, calme les irritations et att\u00e9nue les sensations de tiraillement, laissant la peau douce, souple et parfaitement r\u00e9confort\u00e9e apr\u00e8s chaque utilisation.<\/p>\n<\/div>\n<\/div>\n\n\n\n<h2 class=\"wp-block-heading alignwide page-category__title\">Quel nettoyant visage choisir selon votre type de peau\u202f?<\/h2>\n\n\n\n<div class=\"wp-block-columns alignwide is-layout-flex wp-container-core-columns-is-layout-8 wp-block-columns-is-layout-flex\">\n<div class=\"wp-block-column is-layout-flow wp-block-column-is-layout-flow\">\n<p>Le choix d&rsquo;un nettoyant visage adapt\u00e9 est essentiel pour pr\u00e9server l&rsquo;\u00e9quilibre naturel de la peau. Les formules sp\u00e9cifiques r\u00e9pondent aux besoins particuliers de chaque type d&rsquo;\u00e9piderme, en associant des actifs cibl\u00e9s qui agissent en synergie.<\/p>\n<\/div>\n<\/div>\n\n\n\n<div class=\"wp-block-columns alignwide is-layout-flex wp-container-core-columns-is-layout-9 wp-block-columns-is-layout-flex\">\n<div class=\"wp-block-column is-layout-flow wp-block-column-is-layout-flow\">\n<h3 class=\"wp-block-heading alignwide\"><strong><strong><strong>Solutions pour peaux sensibles et r\u00e9actives<\/strong><\/strong><\/strong><\/h3>\n\n\n\n<p><strong>Pour les peaux sensibles<\/strong>, les nettoyants doivent int\u00e9grer des agents apaisants qui r\u00e9duisent les r\u00e9actions cutan\u00e9es. Les formules sans savon, enrichies en actifs calmants, \u00e9liminent en douceur les impuret\u00e9s tout en renfor\u00e7ant la <strong>barri\u00e8re cutan\u00e9e<\/strong>. Concernant les <strong>peaux s\u00e8ches<\/strong>, elles requi\u00e8rent des formules enrichies en lipides et actifs nourrissants.<\/p>\n\n\n\n<p>Le <em>Gel Nettoyant Rivoli<\/em> a \u00e9t\u00e9 sp\u00e9cialement formul\u00e9 pour r\u00e9pondre aux besoins des peaux sensibles et s\u00e8ches. Sa texture douce sans savon \u00e9limine les impuret\u00e9s sans agresser, tandis que sa richesse en huiles v\u00e9g\u00e9tales de macadamia et de coco, associ\u00e9e au squalane, nourrit intens\u00e9ment la peau et renforce sa barri\u00e8re protectrice. La glyc\u00e9rine assure une hydratation durable en retenant l\u2019eau dans l\u2019\u00e9piderme, pour un confort imm\u00e9diat et durable. Un soin nettoyant ultra-respectueux qui apaise, prot\u00e8ge et laisse la peau souple, douce et parfaitement \u00e9quilibr\u00e9e.<\/p>\n<\/div>\n<\/div>\n\n\n\n<div class=\"wp-block-columns alignwide is-layout-flex wp-container-core-columns-is-layout-10 wp-block-columns-is-layout-flex\">\n<div class=\"wp-block-column is-layout-flow wp-block-column-is-layout-flow\">\n<h3 class=\"wp-block-heading alignwide\"><strong><strong><strong>Soins pour peaux mixtes \u00e0 grasses<\/strong><\/strong><\/strong><\/h3>\n\n\n\n<p>La <em>Mousse Nettoyante Rivoli<\/em> est le geste fra\u00eecheur id\u00e9al pour les peaux mixtes \u00e0 grasses en qu\u00eate de puret\u00e9 et d\u2019\u00e9quilibre. Gr\u00e2ce \u00e0 sa formule enrichie en poudre de riz, extraits de th\u00e9 vert, saule blanc et pamplemousse, elle <strong>\u00e9limine efficacement l\u2019exc\u00e8s de s\u00e9bum<\/strong>, resserre les pores et aide \u00e0 pr\u00e9venir les imperfections, tout en respectant la sensibilit\u00e9 de la peau.<\/p>\n\n\n\n<p>L\u2019allanto\u00efne, la camomille et les prot\u00e9ines d\u2019avoine apaisent et hydratent, laissant la peau nette, douce et confortable, sans tiraillement. Une mousse fine et a\u00e9rienne pour un nettoyage cibl\u00e9, sensoriel et haute tol\u00e9rance.<\/p>\n<\/div>\n<\/div>\n\n\n\n<figure data-no-zoom=\"true\" class=\"wp-block-image alignfull size-large\"><a href=\"https:\/\/rivoli.ch\/wp-content\/uploads\/2025\/07\/Nettoyant-visage-RIVOLI-2.jpg\"><img loading=\"lazy\" decoding=\"async\" width=\"1024\" height=\"354\" src=\"https:\/\/rivoli.ch\/wp-content\/uploads\/2025\/07\/Nettoyant-visage-RIVOLI-2-1024x354.webp\" alt=\"nettoyant visage rivoli 2\" class=\"wp-image-3265\" srcset=\"https:\/\/rivoli.ch\/wp-content\/uploads\/2025\/07\/Nettoyant-visage-RIVOLI-2-1024x354.webp 1024w, https:\/\/rivoli.ch\/wp-content\/uploads\/2025\/07\/Nettoyant-visage-RIVOLI-2-300x104.webp 300w, https:\/\/rivoli.ch\/wp-content\/uploads\/2025\/07\/Nettoyant-visage-RIVOLI-2-768x266.webp 768w, https:\/\/rivoli.ch\/wp-content\/uploads\/2025\/07\/Nettoyant-visage-RIVOLI-2-18x6.webp 18w, https:\/\/rivoli.ch\/wp-content\/uploads\/2025\/07\/Nettoyant-visage-RIVOLI-2-600x208.webp 600w, https:\/\/rivoli.ch\/wp-content\/uploads\/2025\/07\/Nettoyant-visage-RIVOLI-2.jpg 1300w\" sizes=\"(max-width: 1024px) 100vw, 1024px\" \/><\/a><\/figure>\n\n\n\n<div class=\"wp-block-columns alignwide is-layout-flex wp-container-core-columns-is-layout-11 wp-block-columns-is-layout-flex\">\n<div class=\"wp-block-column is-content-justification-center is-layout-constrained wp-block-column-is-layout-constrained\">\n<h2 class=\"wp-block-heading\">Tout savoir sur les nettoyants visages<\/h2>\n\n\n<\/div>\n<\/div>\n","protected":false},"excerpt":{"rendered":"<p>Nettoyant visage Le nettoyage du visage repr\u00e9sente la premi\u00e8re \u00e9tape fondamentale d&rsquo;une routine beaut\u00e9 efficace. Votre peau fait face quotidiennement \u00e0 de nombreuses agressions : pollution, maquillage, exc\u00e8s de s\u00e9bum, cellules mortes et autres impuret\u00e9s qui s&rsquo;accumulent au fil de la journ\u00e9e. Un nettoyant adapt\u00e9 devient alors votre meilleur alli\u00e9 pour pr\u00e9server l&rsquo;\u00e9quilibre naturel de [&hellip;]<\/p>\n","protected":false},"author":11849,"featured_media":3264,"parent":0,"menu_order":0,"comment_status":"closed","ping_status":"closed","template":"","meta":{"_seopress_robots_primary_cat":"","_seopress_titles_title":"Nettoyants visage Rivoli pour une peau parfaitement purifi\u00e9e","_seopress_titles_desc":"Transformez votre rituel beaut\u00e9 avec notre double nettoyage visage. Gel d\u00e9maquillant et mousse nettoyante pour une peau nette et hydrat\u00e9e.","_seopress_robots_index":"","footnotes":""},"acf":[],"_links":{"self":[{"href":"https:\/\/rivoli.ch\/fr\/wp-json\/wp\/v2\/pages\/3259"}],"collection":[{"href":"https:\/\/rivoli.ch\/fr\/wp-json\/wp\/v2\/pages"}],"about":[{"href":"https:\/\/rivoli.ch\/fr\/wp-json\/wp\/v2\/types\/page"}],"author":[{"embeddable":true,"href":"https:\/\/rivoli.ch\/fr\/wp-json\/wp\/v2\/users\/11849"}],"replies":[{"embeddable":true,"href":"https:\/\/rivoli.ch\/fr\/wp-json\/wp\/v2\/comments?post=3259"}],"version-history":[{"count":5,"href":"https:\/\/rivoli.ch\/fr\/wp-json\/wp\/v2\/pages\/3259\/revisions"}],"predecessor-version":[{"id":3409,"href":"https:\/\/rivoli.ch\/fr\/wp-json\/wp\/v2\/pages\/3259\/revisions\/3409"}],"wp:featuredmedia":[{"embeddable":true,"href":"https:\/\/rivoli.ch\/fr\/wp-json\/wp\/v2\/media\/3264"}],"wp:attachment":[{"href":"https:\/\/rivoli.ch\/fr\/wp-json\/wp\/v2\/media?parent=3259"}],"curies":[{"name":"wp","href":"https:\/\/api.w.org\/{rel}","templated":true}]}}