{"id":217,"date":"2024-02-02T13:59:21","date_gmt":"2024-02-02T12:59:21","guid":{"rendered":"https:\/\/rivoli.dev.hayloft-it.ch\/?page_id=217"},"modified":"2024-09-06T15:56:50","modified_gmt":"2024-09-06T13:56:50","slug":"politique-de-confidentialite","status":"publish","type":"page","link":"https:\/\/rivoli.ch\/fr\/politique-de-confidentialite\/","title":{"rendered":"Politique de confidentialit\u00e9"},"content":{"rendered":"\n<h1 class=\"wp-block-heading has-large-font-size\">Politique de confidentialit\u00e9<\/h1>\n\n\n\n<p>Derni\u00e8re mise \u00e0 jour le 03.04.2023<\/p>\n\n\n<div class=\"accordion wp-block-hayloft-accordion\" data-turbo=\"false\">\n            <div class=\"accordion-item\">\n            <h2 class=\"accordion-header\" id=\"69d13da1e1517-heading\">\n                <button class=\"accordion-button\" type=\"button\" data-bs-toggle=\"collapse\" data-bs-target=\"#69d13da1e1517\" aria-expanded=\"true\" aria-controls=\"69d13da1e1517\">\n                    Qui Sommes-Nous ?                <\/button>\n            <\/h2>\n            <div id=\"69d13da1e1517\" class=\"accordion-collapse collapse show\" aria-labelledby=\"69d13da1e1517-heading\" data-bs-parent=\"#69d13da1e1517\">\n                <div class=\"accordion-body\">\n                    <p>Le site de vente en ligne www.rivoli.ch est g\u00e9r\u00e9 par la soci\u00e9t\u00e9 RIVOLI GEN\u00c8VE Vertrieb GmbH d\u00e9tentrice de la marque RIVOLI, Lustgartenstrasse 103, 79576 Weil am Rhein, Allemagne.<\/p>\n<p>Responsable du traitement de vos donn\u00e9es\u00a0personnelles<br \/>\nLe responsable du traitement des donn\u00e9es est l\u2019entit\u00e9 responsable du traitement de vos donn\u00e9es personnelles Si vous d\u00e9sirez formuler une objection \u00e0 la collecte de vos donn\u00e9es personnelles, nous vous remercions d\u2019envoyer un email \u00e0 l\u2019adresse\u00a0ci-dessous.<\/p>\n<p>RIVOLI GEN\u00c8VE Vertrieb GmbH<br \/>\nLustgartenstrasse 103<br \/>\n79576 Weil am Rhein<br \/>\nAllemagne<\/p>\n<p>Email : <a href=\"mailto:dataprotection@rivoli.ch\">dataprotection@rivoli.ch<\/a><\/p>\n                <\/div>\n            <\/div>\n        <\/div>\n            <div class=\"accordion-item\">\n            <h2 class=\"accordion-header\" id=\"69d13da1e151b-heading\">\n                <button class=\"accordion-button collapsed\" type=\"button\" data-bs-toggle=\"collapse\" data-bs-target=\"#69d13da1e151b\" aria-expanded=\"false\" aria-controls=\"69d13da1e151b\">\n                    Utilisation des donn\u00e9es personnelles collect\u00e9es                <\/button>\n            <\/h2>\n            <div id=\"69d13da1e151b\" class=\"accordion-collapse collapse\" aria-labelledby=\"69d13da1e151b-heading\" data-bs-parent=\"#69d13da1e151b\">\n                <div class=\"accordion-body\">\n                    <p>Une information personnelle est une information qui permet de vous identifier de mani\u00e8re directe ou indirecte (en croisant des\u00a0informations).<br \/>\nLors de vos visites sur notre site Web, vous \u00eates invit\u00e9(e) \u00e0 transmettre vos donn\u00e9es personnelles, au moyen de questionnaires, formulaires, et surtout, lors de la cr\u00e9ation de votre espace client(e). Les champs de renseignement comportant une * ast\u00e9risque, sont \u00e0 remplir obligatoirement, car ils sont indispensables pour le traitement de vos\u00a0commandes.<br \/>\nLes indications restantes nous servent \u00e0 mieux vous conna\u00eetre et sont facultatives. Vous ne devez pas remplir ces champs, si vous ne le souhaitez pas. Ces indications sont d\u00e9termin\u00e9es en vue du traitement de donn\u00e9es par RIVOLI et servent \u00e0 l\u2019enregistrement et au traitement de vos commandes, \u00e0 l\u2019administration de votre compte personnel, \u00e0 la r\u00e9alisation d\u2019\u00e9tudes de march\u00e9 ou marketing, \u00e0 l\u2019\u00e9laboration de statistiques, au contr\u00f4le de la qualit\u00e9 de nos services et \u00e0 la soumission d\u2019offres\u00a0commerciales.<\/p>\n                <\/div>\n            <\/div>\n        <\/div>\n            <div class=\"accordion-item\">\n            <h2 class=\"accordion-header\" id=\"69d13da1e151d-heading\">\n                <button class=\"accordion-button collapsed\" type=\"button\" data-bs-toggle=\"collapse\" data-bs-target=\"#69d13da1e151d\" aria-expanded=\"false\" aria-controls=\"69d13da1e151d\">\n                    Vos Droits                <\/button>\n            <\/h2>\n            <div id=\"69d13da1e151d\" class=\"accordion-collapse collapse\" aria-labelledby=\"69d13da1e151d-heading\" data-bs-parent=\"#69d13da1e151d\">\n                <div class=\"accordion-body\">\n                    <p>En tant qu\u2019utilisateur du site, voici les droits (gratuits) dont vous disposez concernant vos donn\u00e9es\u00a0personnelles.<br \/>\nDroit d\u2019information concernant le recueillement et l\u2019utilisation des donn\u00e9es\u00a0personnelles<br \/>\nDroit d\u2019acc\u00e8s aux donn\u00e9es personnelles d\u00e9tenus par notre\u00a0site<br \/>\nDroit de rectification de donn\u00e9es personnelles lorsque celles-ci sont\u00a0erron\u00e9es<br \/>\nDroit \u00e0 l\u2019oubli ou en d\u2019autres termes \u00e0 la suppression de donn\u00e9es\u00a0personnelles<br \/>\nDroit \u00e0 la limitation du traitement en vous opposant \u00e0 l\u2019utilisation de vos donn\u00e9es\u00a0personnelles<br \/>\nDroit d\u2019opposition au traitement de donn\u00e9es personnelles \u00e0 des fins de \u00ab profilage \u00bb, de prise de d\u00e9cisions automatis\u00e9es ou de\u00a0prospection<br \/>\nDroit de revenir \u00e0 tout moment sur le consentement pr\u00e9alable concernant le traitement d\u2019informations\u00a0personnelles<br \/>\nDroit \u00e0 la portabilit\u00e9 des donn\u00e9es ou autrement dit le droit d\u2019obtenir des donn\u00e9es personnelles dans un format informatique lisible et structur\u00e9 et de les transmettre \u00e0 un autre\u00a0organisme<br \/>\nDroit d\u2019introduire une r\u00e9clamation aupr\u00e8s d\u2019une autorit\u00e9 de contr\u00f4le comp\u00e9tente<\/p>\n<p>Dans certains cas et malgr\u00e9 votre demande de suppression, il se peut que nous devions conserver certaines des donn\u00e9es stock\u00e9es en raison des r\u00e9glementations applicables. Cependant, nous emp\u00eacherons tout traitement ult\u00e9rieur de vos\u00a0donn\u00e9es.<\/p>\n                <\/div>\n            <\/div>\n        <\/div>\n            <div class=\"accordion-item\">\n            <h2 class=\"accordion-header\" id=\"69d13da1e151f-heading\">\n                <button class=\"accordion-button collapsed\" type=\"button\" data-bs-toggle=\"collapse\" data-bs-target=\"#69d13da1e151f\" aria-expanded=\"false\" aria-controls=\"69d13da1e151f\">\n                    Donn\u00e9es que nous collectons lors de votre visite sur notre site internet                <\/button>\n            <\/h2>\n            <div id=\"69d13da1e151f\" class=\"accordion-collapse collapse\" aria-labelledby=\"69d13da1e151f-heading\" data-bs-parent=\"#69d13da1e151f\">\n                <div class=\"accordion-body\">\n                    <h3>Quels types de donn\u00e9es<\/h3>\n<p>Pr\u00e9nom*, nom*, nom de l\u2019entreprise (optionnel), pays*, adresse*, t\u00e9l\u00e9phone*, adresse de\u00a0messagerie*<br \/>\nEn aval d\u2019un achat sur notre site internet, nous conservons \u00e9galement les donn\u00e9es relatives \u00e0 la commande\u00a0:<br \/>\nProduits command\u00e9s, type de carte bancaire utilis\u00e9 (mastercard, visa, etc.), date et heure de la transaction, adresse\u00a0IP<\/p>\n<h3>Donn\u00e9es r\u00e9colt\u00e9es pour tout abonnement \u00e0 notre newsletter\u00a0:<\/h3>\n<p>Pr\u00e9nom*, nom*, email*,\u00a0pays*<br \/>\nEn vous abonnant \u00e0 la newsletter, vous acceptez de recevoir des informations sur notre marque ainsi que des offres\u00a0promotionnelles.<\/p>\n<h3>Donn\u00e9es R\u00e9colt\u00e9es lors du remplissage d\u2019un formulaire de contact :<\/h3>\n<p>Pr\u00e9nom*, nom*, email*,\u00a0pays*<\/p>\n<p>Ces donn\u00e9es sont utilis\u00e9es pour r\u00e9pondre au mieux \u00e0 vos demandes et adapter le\u00a0message.<\/p>\n                <\/div>\n            <\/div>\n        <\/div>\n            <div class=\"accordion-item\">\n            <h2 class=\"accordion-header\" id=\"69d13da1e1520-heading\">\n                <button class=\"accordion-button collapsed\" type=\"button\" data-bs-toggle=\"collapse\" data-bs-target=\"#69d13da1e1520\" aria-expanded=\"false\" aria-controls=\"69d13da1e1520\">\n                    Quand supprimons-nous vos donn\u00e9es                <\/button>\n            <\/h2>\n            <div id=\"69d13da1e1520\" class=\"accordion-collapse collapse\" aria-labelledby=\"69d13da1e1520-heading\" data-bs-parent=\"#69d13da1e1520\">\n                <div class=\"accordion-body\">\n                    <p>Nous gardons vos donn\u00e9es autant que n\u00e9cessaire que ce soit pour le traitement des commandes, pour des actions de marketing direct ou pour du retargeting (cf. le paragraphe sur Facebook Retargeting ci-dessous) et nous les supprimons si vous le souhaitez ou trois ans apr\u00e8s votre derni\u00e8re interaction avec notre site\u00a0internet.<\/p>\n<p>Dans certains cas et malgr\u00e9 votre demande de suppression de donn\u00e9es, il se peut que nous devions conserver certaines des donn\u00e9es stock\u00e9es en raison des r\u00e9glementations applicables. Cependant, nous emp\u00eacherons tout traitement ult\u00e9rieur de vos\u00a0donn\u00e9es.<\/p>\n                <\/div>\n            <\/div>\n        <\/div>\n            <div class=\"accordion-item\">\n            <h2 class=\"accordion-header\" id=\"69d13da1e1522-heading\">\n                <button class=\"accordion-button collapsed\" type=\"button\" data-bs-toggle=\"collapse\" data-bs-target=\"#69d13da1e1522\" aria-expanded=\"false\" aria-controls=\"69d13da1e1522\">\n                    Transmission de vos donn\u00e9es \u00e0 des tiers                <\/button>\n            <\/h2>\n            <div id=\"69d13da1e1522\" class=\"accordion-collapse collapse\" aria-labelledby=\"69d13da1e1522-heading\" data-bs-parent=\"#69d13da1e1522\">\n                <div class=\"accordion-body\">\n                    <p>Dans le cadre du bon fonctionnement de notre activit\u00e9, nous transmettons une portion limit\u00e9e de vos donn\u00e9es \u00e0 des prestataires de services tels que\u00a0:<\/p>\n<p>Des prestataires de services\u00a0postaux<br \/>\nDes prestataires de services informatiques charg\u00e9s du bon fonctionnement de notre site\u00a0internet<br \/>\nDes prestataires de services de paiement sur\u00a0internet<\/p>\n                <\/div>\n            <\/div>\n        <\/div>\n            <div class=\"accordion-item\">\n            <h2 class=\"accordion-header\" id=\"69d13da1e1523-heading\">\n                <button class=\"accordion-button collapsed\" type=\"button\" data-bs-toggle=\"collapse\" data-bs-target=\"#69d13da1e1523\" aria-expanded=\"false\" aria-controls=\"69d13da1e1523\">\n                    Transmission de vos donn\u00e9es \u00e0 des tiers &#8211; Facebook retargeting (mis \u00e0 jour le 17.02.2020)                <\/button>\n            <\/h2>\n            <div id=\"69d13da1e1523\" class=\"accordion-collapse collapse\" aria-labelledby=\"69d13da1e1523-heading\" data-bs-parent=\"#69d13da1e1523\">\n                <div class=\"accordion-body\">\n                    <p>Nous utilisons l\u2019outil de retargeting \u00ab\u00a0Custom Audiences Retargeting\u00a0\u00bb de Facebook Inc. (1601 S. California Ave., Palo Alto, CA 94304, USA;\u00a0\u00ab\u00a0Facebook\u00a0\u00bb).<\/p>\n<p>Lorsque vous passez une commande sur notre site internet, nous cryptons votre adresse email et l\u2019envoyons \u00e0 Facebook sous forme\u00a0crypt\u00e9e.<\/p>\n<p>Au travers de cette information crypt\u00e9e, Facebook peut vous proposer des recommendations de produits sous forme de publicit\u00e9s cibl\u00e9es. Pour vous opposer \u00e0 cette pratique de retargeting \u00ab\u00a0Custom Audiences Retargeting\u00a0\u00bb de Facebook, veuillez suivre le lien suivant :\u00a0<a href=\"https:\/\/www.facebook.com\/ads\/website_custom_audiences\/\" target=\"_blank\" rel=\"noopener\">https:\/\/www.facebook.com\/ads\/website_custom_audiences\/<\/a><\/p>\n                <\/div>\n            <\/div>\n        <\/div>\n            <div class=\"accordion-item\">\n            <h2 class=\"accordion-header\" id=\"69d13da1e1524-heading\">\n                <button class=\"accordion-button collapsed\" type=\"button\" data-bs-toggle=\"collapse\" data-bs-target=\"#69d13da1e1524\" aria-expanded=\"false\" aria-controls=\"69d13da1e1524\">\n                    Transmission de donn\u00e9es hors de l\u2019UE                <\/button>\n            <\/h2>\n            <div id=\"69d13da1e1524\" class=\"accordion-collapse collapse\" aria-labelledby=\"69d13da1e1524-heading\" data-bs-parent=\"#69d13da1e1524\">\n                <div class=\"accordion-body\">\n                    <p>RIVOLI GEN\u00c8VE Vertrieb GmbH \u00e9tant une soci\u00e9t\u00e9 Suisse, le transfert de donn\u00e9es vers la Suisse est donc naturel, certains prestataires sont d\u2019ailleurs bas\u00e9s en Suisse. La Suisse a un niveau de protection des donn\u00e9es ad\u00e9quat ou en d\u2019autres termes \u00e9quivalent \u00e0 celui impos\u00e9 par l\u2019Union Europ\u00e9enne.<br \/>\nProtection de vos donn\u00e9es<\/p>\n<p>Nous avons \u00e0 c\u0153ur de prot\u00e9ger les donn\u00e9es personnelles de nos utilisateurs et avons pris des mesures pour emp\u00eacher la perte ou la fuite de ces derni\u00e8res.<\/p>\n<p>L\u2019acc\u00e8s \u00e0 vos donn\u00e9es personnelles est limit\u00e9 aux employ\u00e9s et services tiers mentionn\u00e9s ci-dessus autoris\u00e9s.<\/p>\n<p>Notre site internet ainsi que la plateforme de paiement utilisent le protocole SSL (secure sockets layer) qui permet de s\u00e9curiser et encrypter vos donn\u00e9es entre l\u2019ordinateur et le serveur.<\/p>\n<p>Bien que ces pr\u00e9cautions soient prises, il existe des risques de perte, suppression et diffusion de donn\u00e9es naturellement associ\u00e9s \u00e0 la transmission de ces derni\u00e8res (donn\u00e9es) sur internet. L\u2019utilisateur accepte donc ces risques d\u00e8s lors qu\u2019il transmet des informations personnelles sur notre site et ne tiendra pas le site responsable de toute violation de s\u00e9curit\u00e9.<\/p>\n                <\/div>\n            <\/div>\n        <\/div>\n            <div class=\"accordion-item\">\n            <h2 class=\"accordion-header\" id=\"69d13da1e1526-heading\">\n                <button class=\"accordion-button collapsed\" type=\"button\" data-bs-toggle=\"collapse\" data-bs-target=\"#69d13da1e1526\" aria-expanded=\"false\" aria-controls=\"69d13da1e1526\">\n                    Utilisation de Cookies sur notre site                <\/button>\n            <\/h2>\n            <div id=\"69d13da1e1526\" class=\"accordion-collapse collapse\" aria-labelledby=\"69d13da1e1526-heading\" data-bs-parent=\"#69d13da1e1526\">\n                <div class=\"accordion-body\">\n                    <p><strong>Qu\u2019est-ce qu\u2019un cookie\u00a0?<\/strong><br \/>\nIl s\u2019agit de fichiers textes stock\u00e9s sur votre appareil. Certains sont supprimer \u00e0 la fermeture de votre navigateur et d\u2019autres sont gard\u00e9s pour permettre de reconna\u00eetre votre navigateur au cours d\u2019une visite\u00a0ult\u00e9rieure.<\/p>\n<p><strong>Les cookies que nous\u00a0utilisons<\/strong><br \/>\nDes cookies n\u00e9cessaires car sans eux certaines fonctionnalit\u00e9s ne peuvent \u00eatre garantie et la navigation devient impossible, on note par exemple la saisie de certains textes, l\u2019acc\u00e8s aux zones s\u00e9curis\u00e9es, l\u2019assurance que le syst\u00e8me de paiement par carte bancaire\u00a0fonctionne.<\/p>\n<p>Des cookies de fonctionnalit\u00e9 qui aident \u00e0 faire gagner du temps comme par exemple entrer les champs automatiquement lorsque vous souhaitez effectuer un achat. C\u2019est le cas lorsque vous remplissez nos formulaires, ces cookies sont valables un\u00a0an.<\/p>\n<p>Les cookies d\u2019analyse qui permettent de r\u00e9aliser des statistiques afin d\u2019\u00e9valuer par exemple le nombre de visiteurs sur le site internet. Les informations r\u00e9colt\u00e9es ne permettent pas de vous identifier de mani\u00e8re directe ou\u00a0indirecte.<\/p>\n<p>Les cookies marketing utilis\u00e9s \u00e0 des fins publicitaires et \u00e9manent la plupart du temps de sites tiers. Ils nous aident notamment \u00e0 publier de la publicit\u00e9 cibl\u00e9e en fonction des centres\u00a0d\u2019int\u00e9r\u00eats.<\/p>\n                <\/div>\n            <\/div>\n        <\/div>\n            <div class=\"accordion-item\">\n            <h2 class=\"accordion-header\" id=\"69d13da1e1527-heading\">\n                <button class=\"accordion-button collapsed\" type=\"button\" data-bs-toggle=\"collapse\" data-bs-target=\"#69d13da1e1527\" aria-expanded=\"false\" aria-controls=\"69d13da1e1527\">\n                    Comment accepter ou bloquer les cookies ?                <\/button>\n            <\/h2>\n            <div id=\"69d13da1e1527\" class=\"accordion-collapse collapse\" aria-labelledby=\"69d13da1e1527-heading\" data-bs-parent=\"#69d13da1e1527\">\n                <div class=\"accordion-body\">\n                    <p>Un bandeau appara\u00eet lors de la premi\u00e8re visite d\u2019un utilisateur sur notre site internet en vue de l\u2019informer sur l\u2019utilisation de cookies. En poursuivant la navigation sur notre site internet, l\u2019utilisateur accepte notre politique de\u00a0cookies.<br \/>\nIl peut n\u00e9anmoins param\u00e9trer son navigateur pour modifier ou bloquer l\u2019utilisation de cookies en suivant les liens ci-dessous\u00a0:<\/p>\n<p>Internet Explorer :\u00a0<a href=\"https:\/\/support.microsoft.com\/fr-fr\/help\/17442\/windows-internet-explorer-delete-manage-cookies\" target=\"_blank\" rel=\"noopener\">https:\/\/support.microsoft.com\/fr-fr\/help\/17442\/windows-internet-explorer-delete-manage-cookies<\/a><\/p>\n<p>Chrome :\u00a0<a href=\"https:\/\/support.google.com\/chrome\/answer\/95647?co=GENIE.%C2%A0Platform%3DDesktop&amp;hl=fr\" target=\"_blank\" rel=\"noopener\">https:\/\/support.google.com\/chrome\/answer\/95647?co=GENIE.\u00a0Platform%3DDesktop&amp;hl=fr<\/a><\/p>\n<p>Firefox :\u00a0<a href=\"https:\/\/support.mozilla.org\/fr\/kb\/autoriser-bloquer-cookies-preferences-sites\" target=\"_blank\" rel=\"noopener\">https:\/\/support.mozilla.org\/fr\/kb\/autoriser-bloquer-cookies-preferences-sites<\/a><\/p>\n<p>Safari (Mac) :\u00a0<a href=\"https:\/\/support.apple.com\/fr-fr\/guide\/safari\/sfri11471\/mac\" target=\"_blank\" rel=\"noopener\">https:\/\/support.apple.com\/fr-fr\/guide\/safari\/sfri11471\/mac<\/a><\/p>\n<p>Safari (iphone &amp; ipad) :\u00a0<a href=\"https:\/\/support.apple.com\/fr-fr\/HT201265\" target=\"_blank\" rel=\"noopener\">https:\/\/support.apple.com\/fr-fr\/HT201265<\/a><\/p>\n<p>Opera (version anglaise) :\u00a0<a href=\"https:\/\/help.opera.com\/en\/latest\/web-preferences\/\" target=\"_blank\" rel=\"noopener\">https:\/\/help.opera.com\/en\/latest\/web-preferences\/<\/a><\/p>\n<p><strong>Cookies de Tiers<br \/>\n<\/strong>Nous ne contr\u00f4lons pas les cookies qui \u00e9manent de tiers et ne pouvons ainsi pas garantir que le tiers respecte la loi applicable.<\/p>\n<p><strong>Google Adwords<br \/>\n<\/strong>Les cookies adwords : Il s\u2019agit d\u2019un service d\u2019analyse fourni par Google Inc. (1600 Amphitheatre Parkway, Mountain View, CA 94043, \u00c9tats-Unis,\u00a0Google).<br \/>\nCe sont des cookies analytiques qui expirent apr\u00e8s 30 jours anonymes qui permettent de suivre les indicateurs de conversion. Il recense par exemple le nombre de fois o\u00f9 une annonce adwords a re\u00e7u un clic ou encore le nombre de conversions g\u00e9n\u00e9r\u00e9es par une annonce\u00a0adwords.<\/p>\n<p><strong>Google Analytics<br \/>\n<\/strong>Il s\u2019agit d\u2019un service d\u2019analyse fourni par Google Inc. (1600 Amphitheatre Parkway, Mountain View, CA 94043, \u00c9tats-Unis,\u00a0Google).<br \/>\nLes cookies Google Analytics permettent d\u2019\u00e9valuer l\u2019activit\u00e9 et les performances des diff\u00e9rentes pages de notre site internet comme par exemple le temps moyen des utilisateurs pass\u00e9 sur une page sp\u00e9cifique ou encore conna\u00eetre la fr\u00e9quentation du site par zones g\u00e9ographiques ou pas donn\u00e9es d\u00e9mographiques, sans ne jamais pouvoir identifier un individu de mani\u00e8re directe ou indirecte. La dur\u00e9e maximale d\u2019un cookie Google analytics est de 3\u00a0ans.<\/p>\n<p><strong>Facebook<br \/>\n<\/strong>Nous utilisons l\u2019outil publicitaire de Facebook Inc. (1601 S. California Ave., Palo Alto, CA 94304, \u00c9tats-Unis, Facebook). Les cookies Facebook permettent d\u2019identifier les visiteurs de notre site ayant un compte facebook et de pouvoir leur proposer des publicit\u00e9s adapt\u00e9es. Les cookies ne permettront pas de vous identifier directement ou\u00a0indirectement.<\/p>\n                <\/div>\n            <\/div>\n        <\/div>\n            <div class=\"accordion-item\">\n            <h2 class=\"accordion-header\" id=\"69d13da1e152e-heading\">\n                <button class=\"accordion-button collapsed\" type=\"button\" data-bs-toggle=\"collapse\" data-bs-target=\"#69d13da1e152e\" aria-expanded=\"false\" aria-controls=\"69d13da1e152e\">\n                    Droit de modification                <\/button>\n            <\/h2>\n            <div id=\"69d13da1e152e\" class=\"accordion-collapse collapse\" aria-labelledby=\"69d13da1e152e-heading\" data-bs-parent=\"#69d13da1e152e\">\n                <div class=\"accordion-body\">\n                    <p>Toute modification apport\u00e9e \u00e0 l\u2019avenir \u00e0 la pr\u00e9sente politique de confidentialit\u00e9 sera publi\u00e9e sur le site et, le cas \u00e9ch\u00e9ant, signal\u00e9e aux utilisateurs par email. Les utilisateurs sont encourag\u00e9s \u00e0 consulter r\u00e9guli\u00e8rement cette politique de confidentialit\u00e9 afin de v\u00e9rifier si des mises \u00e0 jour ou des changements ont \u00e9t\u00e9\u00a0apport\u00e9s.<\/p>\n                <\/div>\n            <\/div>\n        <\/div>\n    <\/div>","protected":false},"excerpt":{"rendered":"<p>Politique de confidentialit\u00e9 Derni\u00e8re mise \u00e0 jour le 03.04.2023<\/p>\n","protected":false},"author":1,"featured_media":0,"parent":0,"menu_order":0,"comment_status":"closed","ping_status":"closed","template":"","meta":{"_seopress_robots_primary_cat":"","_seopress_titles_title":"","_seopress_titles_desc":"","_seopress_robots_index":"","footnotes":""},"acf":[],"_links":{"self":[{"href":"https:\/\/rivoli.ch\/fr\/wp-json\/wp\/v2\/pages\/217"}],"collection":[{"href":"https:\/\/rivoli.ch\/fr\/wp-json\/wp\/v2\/pages"}],"about":[{"href":"https:\/\/rivoli.ch\/fr\/wp-json\/wp\/v2\/types\/page"}],"author":[{"embeddable":true,"href":"https:\/\/rivoli.ch\/fr\/wp-json\/wp\/v2\/users\/1"}],"replies":[{"embeddable":true,"href":"https:\/\/rivoli.ch\/fr\/wp-json\/wp\/v2\/comments?post=217"}],"version-history":[{"count":14,"href":"https:\/\/rivoli.ch\/fr\/wp-json\/wp\/v2\/pages\/217\/revisions"}],"predecessor-version":[{"id":1963,"href":"https:\/\/rivoli.ch\/fr\/wp-json\/wp\/v2\/pages\/217\/revisions\/1963"}],"wp:attachment":[{"href":"https:\/\/rivoli.ch\/fr\/wp-json\/wp\/v2\/media?parent=217"}],"curies":[{"name":"wp","href":"https:\/\/api.w.org\/{rel}","templated":true}]}}