{"id":215,"date":"2024-02-02T13:58:58","date_gmt":"2024-02-02T12:58:58","guid":{"rendered":"https:\/\/rivoli.dev.hayloft-it.ch\/?page_id=215"},"modified":"2024-09-06T15:55:12","modified_gmt":"2024-09-06T13:55:12","slug":"mentions-legales","status":"publish","type":"page","link":"https:\/\/rivoli.ch\/fr\/mentions-legales\/","title":{"rendered":"Mentions l\u00e9gales"},"content":{"rendered":"\n<h1 class=\"wp-block-heading has-large-font-size\">Mentions l\u00e9gales<\/h1>\n\n\n\n<p>Information en vertu de l\u2019art. 5 de la loi allemande sur les t\u00e9l\u00e9m\u00e9dias (TMG)<\/p>\n\n\n\n<p>Responsable de l\u2019ensemble du contenu, y compris des descriptions de produits et des informations concernant les prix, ainsi que des \u00e9ventuelles violations de la protection des donn\u00e9es et des marques d\u00e9pos\u00e9es :<\/p>\n\n\n\n<p>RIVOLI GEN\u00c8VE Vertrieb GmbH<br>Lustgartenstrasse 103<br>79576 Weil am Rhein<br>Allemagne<br>T\u00e9l. : +49 (0) 7621-5605371<br>Directeur g\u00e9n\u00e9ral : Christian Mohn<br>Inscrit au : registre du commerce B du tribunal cantonal allemand de Fribourg-en-Brisgau \/ HRB 103759<br>Num\u00e9ro d\u2019identification fiscale : 47 242 67183<br>N\u00b0 d\u2019identification fiscale sur la valeur ajout\u00e9e : DE 304 134 253<br>E-mail :&nbsp;<a href=\"mailto:contact@rivoli.ch\">contact@rivoli.ch<\/a><br>Protection des donn\u00e9es :&nbsp;<a href=\"mailto:contact@rivoli.ch\">contact@rivoli.ch<\/a><br>Commissionn\u00e9 pour la protection des donn\u00e9es : Thomas Ritter<\/p>\n\n\n\n<p>Toutes les commandes que vous passez par l\u2019interm\u00e9diaire de cette boutique en ligne sont r\u00e9alis\u00e9es exclusivement par le partenaire suivant, qui travaille pour nous en tant que commissionnaire :<\/p>\n\n\n\n<p>ALLTIME Logistics GmbH<br>Lustgartenstrasse 103<br>79576 Weil am Rhein<br>Allemagne<br>E-mail :&nbsp;service@rivoli-shop.de<br>N\u00b0 d\u2019identification fiscale sur la valeur ajout\u00e9e : DE 290 857 142<br>Directeur g\u00e9n\u00e9ral : Dirk Fischer<br>Inscrit au : registre du commerce B du tribunal cantonal allemand de Fribourg-en-Brisgau \/ HRB 710270<\/p>\n\n\n\n<p>En envoyant la commande, vous acceptez \u00e9galement les conditions g\u00e9n\u00e9rales de ALLTIME Logistics GmbH en tant que partie int\u00e9grante du contrat d\u2019achat conclu et confirmez que vous connaissez votre droit de r\u00e9tractation en tant que consommateur. ALLTIME Logistics GmbH est l\u2019\u00e9metteur et l\u2019exp\u00e9diteur de la facture et, par cons\u00e9quent, votre partenaire contractuel. C\u2019est pourquoi vous \u00eates tenu de clarifier avec ALLTIME Logistics GmbH les probl\u00e8mes \u00e9ventuels li\u00e9s \u00e0 votre commande. Un paiement lib\u00e9ratoire de dettes n\u2019est possible qu\u2019envers ALLTIME Logistics GmbH.<\/p>\n\n\n\n<p><strong>Note:<\/strong>&nbsp;la Commission europ\u00e9enne met \u00e0 disposition une plateforme de r\u00e9solution de conflits en ligne (OS). Vous trouverez la plateforme \u00e0 l\u2019adresse suivante : http:\/\/ec.europa.eu\/consumers\/odr RIVOLI GEN\u00c8VE Vertrieb GmbH et ALLTIME Logistics GmbH n\u2019ont ni la volont\u00e9 ni l\u2019obligation de participer \u00e0 une proc\u00e9dure de r\u00e8glement de conflits devant un comit\u00e9 d\u2019arbitrage des consommateurs.<\/p>\n","protected":false},"excerpt":{"rendered":"<p>Mentions l\u00e9gales Information en vertu de l\u2019art. 5 de la loi allemande sur les t\u00e9l\u00e9m\u00e9dias (TMG) Responsable de l\u2019ensemble du contenu, y compris des descriptions de produits et des informations concernant les prix, ainsi que des \u00e9ventuelles violations de la protection des donn\u00e9es et des marques d\u00e9pos\u00e9es : RIVOLI GEN\u00c8VE Vertrieb GmbHLustgartenstrasse 10379576 Weil am [&hellip;]<\/p>\n","protected":false},"author":1,"featured_media":0,"parent":0,"menu_order":0,"comment_status":"closed","ping_status":"closed","template":"","meta":{"_seopress_robots_primary_cat":"","_seopress_titles_title":"","_seopress_titles_desc":"","_seopress_robots_index":"","footnotes":""},"acf":[],"_links":{"self":[{"href":"https:\/\/rivoli.ch\/fr\/wp-json\/wp\/v2\/pages\/215"}],"collection":[{"href":"https:\/\/rivoli.ch\/fr\/wp-json\/wp\/v2\/pages"}],"about":[{"href":"https:\/\/rivoli.ch\/fr\/wp-json\/wp\/v2\/types\/page"}],"author":[{"embeddable":true,"href":"https:\/\/rivoli.ch\/fr\/wp-json\/wp\/v2\/users\/1"}],"replies":[{"embeddable":true,"href":"https:\/\/rivoli.ch\/fr\/wp-json\/wp\/v2\/comments?post=215"}],"version-history":[{"count":6,"href":"https:\/\/rivoli.ch\/fr\/wp-json\/wp\/v2\/pages\/215\/revisions"}],"predecessor-version":[{"id":1961,"href":"https:\/\/rivoli.ch\/fr\/wp-json\/wp\/v2\/pages\/215\/revisions\/1961"}],"wp:attachment":[{"href":"https:\/\/rivoli.ch\/fr\/wp-json\/wp\/v2\/media?parent=215"}],"curies":[{"name":"wp","href":"https:\/\/api.w.org\/{rel}","templated":true}]}}